{"id":7009,"date":"2024-02-26T06:45:05","date_gmt":"2024-02-26T05:45:05","guid":{"rendered":"https:\/\/dolfin.poush-dev.be\/product\/70-sesam\/"},"modified":"2025-04-14T16:51:53","modified_gmt":"2025-04-14T14:51:53","slug":"70-sesam","status":"publish","type":"product","link":"https:\/\/www.dolfin.be\/nl\/product\/70-sesam\/","title":{"rendered":"Pure Sesam &#8211; 70g"},"content":{"rendered":"<p>De geroosterde sesamzaadjes met een aangename hazelnootsmaak nemen je smaakpapillen mee op reis en geven een originele en krokante toets aan de verfijnde zwarte chocolade. Een explosie aan smaken in je mond om gegarandeerd te genieten!<\/p>\n<p><em>&#8220;V\u00e9\u00e9\u00e9l te lekker! Toch naar mijn bescheiden mening &#8230;&#8221;<\/em> Vader van De Kat<\/p>\n<p>Ingredi\u00ebnten : Cacaopasta, suiker, sesam 6%, cacaoboter, emulgator: sojalecithine, natuurlijk vanillearoma. Ten minste 60% cacaobestanddelen. Kan schaalvruchten, melk, gluten en ei bevatten.<\/p>\n<p>&nbsp;<\/p>\n","protected":false},"excerpt":{"rendered":"<p>De geroosterde sesamzaadjes met een aangename hazelnootsmaak nemen je smaakpapillen mee op reis en geven een originele en krokante toets aan de verfijnde zwarte chocolade. Een explosie aan smaken in je mond om gegarandeerd te genieten!<\/p>\n<p><em>&#8220;V\u00e9\u00e9\u00e9l te lekker! Toch naar mijn bescheiden mening &#8230;&#8221;<\/em> Vader van De Kat<\/p>\n","protected":false},"featured_media":8121,"template":"","meta":{"_acf_changed":false,"_et_pb_use_builder":"","_et_pb_old_content":"","_et_gb_content_width":"","inline_featured_image":false},"product_brand":[],"product_cat":[371,506,304,368,501],"product_tag":[],"class_list":{"0":"post-7009","1":"product","2":"type-product","3":"status-publish","4":"has-post-thumbnail","6":"product_cat-de-kat-chocolade","7":"product_cat-grote-tabletten-70g","8":"product_cat-le-chat-collectie","9":"product_cat-chocoladetablet","10":"product_cat-tabletten-lechat","12":"first","13":"instock","14":"shipping-taxable","15":"purchasable","16":"product-type-simple"},"acf":[],"yoast_head":"<!-- This site is optimized with the Yoast SEO plugin v27.4 - https:\/\/yoast.com\/product\/yoast-seo-wordpress\/ -->\n<title>Dolfin | Pure Sesam - 70g - Made in Belgium<\/title>\n<meta name=\"description\" content=\"Melkchocolade met karamel of speculaas, pure chocolade met Gu\u00e9rande zout of geroosterde amandelen, 4 smaken om van te likken.\" \/>\n<meta name=\"robots\" content=\"index, follow, max-snippet:-1, max-image-preview:large, max-video-preview:-1\" \/>\n<link rel=\"canonical\" href=\"https:\/\/www.dolfin.be\/nl\/product\/70-sesam\/\" \/>\n<meta property=\"og:locale\" content=\"nl_NL\" \/>\n<meta property=\"og:type\" content=\"article\" \/>\n<meta property=\"og:title\" content=\"Dolfin | Pure Sesam - 70g - Made in Belgium\" \/>\n<meta property=\"og:description\" content=\"Melkchocolade met karamel of speculaas, pure chocolade met Gu\u00e9rande zout of geroosterde amandelen, 4 smaken om van te likken.\" \/>\n<meta property=\"og:url\" content=\"https:\/\/www.dolfin.be\/nl\/product\/70-sesam\/\" \/>\n<meta property=\"og:site_name\" content=\"Dolfin\" \/>\n<meta property=\"article:modified_time\" content=\"2025-04-14T14:51:53+00:00\" \/>\n<meta property=\"og:image\" content=\"https:\/\/www.dolfin.be\/wp-content\/uploads\/2024\/02\/noir_sesam_lechat_face-redim.jpg\" \/>\n\t<meta property=\"og:image:width\" content=\"1000\" \/>\n\t<meta property=\"og:image:height\" content=\"1250\" \/>\n\t<meta property=\"og:image:type\" content=\"image\/jpeg\" \/>\n<meta name=\"twitter:card\" content=\"summary_large_image\" \/>\n<meta name=\"twitter:label1\" content=\"Geschatte leestijd\" \/>\n\t<meta name=\"twitter:data1\" content=\"1 minuut\" \/>\n<script type=\"application\/ld+json\" class=\"yoast-schema-graph\">{\"@context\":\"https:\\\/\\\/schema.org\",\"@graph\":[{\"@type\":\"WebPage\",\"@id\":\"https:\\\/\\\/www.dolfin.be\\\/nl\\\/product\\\/70-sesam\\\/\",\"url\":\"https:\\\/\\\/www.dolfin.be\\\/nl\\\/product\\\/70-sesam\\\/\",\"name\":\"Dolfin | Pure Sesam - 70g - Made in Belgium\",\"isPartOf\":{\"@id\":\"https:\\\/\\\/www.dolfin.be\\\/nl\\\/#website\"},\"primaryImageOfPage\":{\"@id\":\"https:\\\/\\\/www.dolfin.be\\\/nl\\\/product\\\/70-sesam\\\/#primaryimage\"},\"image\":{\"@id\":\"https:\\\/\\\/www.dolfin.be\\\/nl\\\/product\\\/70-sesam\\\/#primaryimage\"},\"thumbnailUrl\":\"https:\\\/\\\/www.dolfin.be\\\/wp-content\\\/uploads\\\/2024\\\/02\\\/noir_sesam_lechat_face-redim.jpg\",\"datePublished\":\"2024-02-26T05:45:05+00:00\",\"dateModified\":\"2025-04-14T14:51:53+00:00\",\"description\":\"Melkchocolade met karamel of speculaas, pure chocolade met Gu\u00e9rande zout of geroosterde amandelen, 4 smaken om van te likken.\",\"breadcrumb\":{\"@id\":\"https:\\\/\\\/www.dolfin.be\\\/nl\\\/product\\\/70-sesam\\\/#breadcrumb\"},\"inLanguage\":\"nl-NL\",\"potentialAction\":[{\"@type\":\"ReadAction\",\"target\":[\"https:\\\/\\\/www.dolfin.be\\\/nl\\\/product\\\/70-sesam\\\/\"]}]},{\"@type\":\"ImageObject\",\"inLanguage\":\"nl-NL\",\"@id\":\"https:\\\/\\\/www.dolfin.be\\\/nl\\\/product\\\/70-sesam\\\/#primaryimage\",\"url\":\"https:\\\/\\\/www.dolfin.be\\\/wp-content\\\/uploads\\\/2024\\\/02\\\/noir_sesam_lechat_face-redim.jpg\",\"contentUrl\":\"https:\\\/\\\/www.dolfin.be\\\/wp-content\\\/uploads\\\/2024\\\/02\\\/noir_sesam_lechat_face-redim.jpg\",\"width\":1000,\"height\":1250,\"caption\":\"Chocolat noir s\u00e9same grill\u00e9 Le Chat\"},{\"@type\":\"BreadcrumbList\",\"@id\":\"https:\\\/\\\/www.dolfin.be\\\/nl\\\/product\\\/70-sesam\\\/#breadcrumb\",\"itemListElement\":[{\"@type\":\"ListItem\",\"position\":1,\"name\":\"Accueil\",\"item\":\"https:\\\/\\\/www.dolfin.be\\\/nl\\\/\"},{\"@type\":\"ListItem\",\"position\":2,\"name\":\"Onze producten\",\"item\":\"https:\\\/\\\/www.dolfin.be\\\/nl\\\/onze-producten\\\/\"},{\"@type\":\"ListItem\",\"position\":3,\"name\":\"Pure Sesam &#8211; 70g\"}]},{\"@type\":\"WebSite\",\"@id\":\"https:\\\/\\\/www.dolfin.be\\\/nl\\\/#website\",\"url\":\"https:\\\/\\\/www.dolfin.be\\\/nl\\\/\",\"name\":\"Dolfin\",\"description\":\"\",\"potentialAction\":[{\"@type\":\"SearchAction\",\"target\":{\"@type\":\"EntryPoint\",\"urlTemplate\":\"https:\\\/\\\/www.dolfin.be\\\/nl\\\/?s={search_term_string}\"},\"query-input\":{\"@type\":\"PropertyValueSpecification\",\"valueRequired\":true,\"valueName\":\"search_term_string\"}}],\"inLanguage\":\"nl-NL\"}]}<\/script>\n<!-- \/ Yoast SEO plugin. -->","yoast_head_json":{"title":"Dolfin | Pure Sesam - 70g - Made in Belgium","description":"Melkchocolade met karamel of speculaas, pure chocolade met Gu\u00e9rande zout of geroosterde amandelen, 4 smaken om van te likken.","robots":{"index":"index","follow":"follow","max-snippet":"max-snippet:-1","max-image-preview":"max-image-preview:large","max-video-preview":"max-video-preview:-1"},"canonical":"https:\/\/www.dolfin.be\/nl\/product\/70-sesam\/","og_locale":"nl_NL","og_type":"article","og_title":"Dolfin | Pure Sesam - 70g - Made in Belgium","og_description":"Melkchocolade met karamel of speculaas, pure chocolade met Gu\u00e9rande zout of geroosterde amandelen, 4 smaken om van te likken.","og_url":"https:\/\/www.dolfin.be\/nl\/product\/70-sesam\/","og_site_name":"Dolfin","article_modified_time":"2025-04-14T14:51:53+00:00","og_image":[{"width":1000,"height":1250,"url":"https:\/\/www.dolfin.be\/wp-content\/uploads\/2024\/02\/noir_sesam_lechat_face-redim.jpg","type":"image\/jpeg"}],"twitter_card":"summary_large_image","twitter_misc":{"Geschatte leestijd":"1 minuut"},"schema":{"@context":"https:\/\/schema.org","@graph":[{"@type":"WebPage","@id":"https:\/\/www.dolfin.be\/nl\/product\/70-sesam\/","url":"https:\/\/www.dolfin.be\/nl\/product\/70-sesam\/","name":"Dolfin | Pure Sesam - 70g - Made in Belgium","isPartOf":{"@id":"https:\/\/www.dolfin.be\/nl\/#website"},"primaryImageOfPage":{"@id":"https:\/\/www.dolfin.be\/nl\/product\/70-sesam\/#primaryimage"},"image":{"@id":"https:\/\/www.dolfin.be\/nl\/product\/70-sesam\/#primaryimage"},"thumbnailUrl":"https:\/\/www.dolfin.be\/wp-content\/uploads\/2024\/02\/noir_sesam_lechat_face-redim.jpg","datePublished":"2024-02-26T05:45:05+00:00","dateModified":"2025-04-14T14:51:53+00:00","description":"Melkchocolade met karamel of speculaas, pure chocolade met Gu\u00e9rande zout of geroosterde amandelen, 4 smaken om van te likken.","breadcrumb":{"@id":"https:\/\/www.dolfin.be\/nl\/product\/70-sesam\/#breadcrumb"},"inLanguage":"nl-NL","potentialAction":[{"@type":"ReadAction","target":["https:\/\/www.dolfin.be\/nl\/product\/70-sesam\/"]}]},{"@type":"ImageObject","inLanguage":"nl-NL","@id":"https:\/\/www.dolfin.be\/nl\/product\/70-sesam\/#primaryimage","url":"https:\/\/www.dolfin.be\/wp-content\/uploads\/2024\/02\/noir_sesam_lechat_face-redim.jpg","contentUrl":"https:\/\/www.dolfin.be\/wp-content\/uploads\/2024\/02\/noir_sesam_lechat_face-redim.jpg","width":1000,"height":1250,"caption":"Chocolat noir s\u00e9same grill\u00e9 Le Chat"},{"@type":"BreadcrumbList","@id":"https:\/\/www.dolfin.be\/nl\/product\/70-sesam\/#breadcrumb","itemListElement":[{"@type":"ListItem","position":1,"name":"Accueil","item":"https:\/\/www.dolfin.be\/nl\/"},{"@type":"ListItem","position":2,"name":"Onze producten","item":"https:\/\/www.dolfin.be\/nl\/onze-producten\/"},{"@type":"ListItem","position":3,"name":"Pure Sesam &#8211; 70g"}]},{"@type":"WebSite","@id":"https:\/\/www.dolfin.be\/nl\/#website","url":"https:\/\/www.dolfin.be\/nl\/","name":"Dolfin","description":"","potentialAction":[{"@type":"SearchAction","target":{"@type":"EntryPoint","urlTemplate":"https:\/\/www.dolfin.be\/nl\/?s={search_term_string}"},"query-input":{"@type":"PropertyValueSpecification","valueRequired":true,"valueName":"search_term_string"}}],"inLanguage":"nl-NL"}]}},"_links":{"self":[{"href":"https:\/\/www.dolfin.be\/nl\/wp-json\/wp\/v2\/product\/7009","targetHints":{"allow":["GET"]}}],"collection":[{"href":"https:\/\/www.dolfin.be\/nl\/wp-json\/wp\/v2\/product"}],"about":[{"href":"https:\/\/www.dolfin.be\/nl\/wp-json\/wp\/v2\/types\/product"}],"wp:featuredmedia":[{"embeddable":true,"href":"https:\/\/www.dolfin.be\/nl\/wp-json\/wp\/v2\/media\/8121"}],"wp:attachment":[{"href":"https:\/\/www.dolfin.be\/nl\/wp-json\/wp\/v2\/media?parent=7009"}],"wp:term":[{"taxonomy":"product_brand","embeddable":true,"href":"https:\/\/www.dolfin.be\/nl\/wp-json\/wp\/v2\/product_brand?post=7009"},{"taxonomy":"product_cat","embeddable":true,"href":"https:\/\/www.dolfin.be\/nl\/wp-json\/wp\/v2\/product_cat?post=7009"},{"taxonomy":"product_tag","embeddable":true,"href":"https:\/\/www.dolfin.be\/nl\/wp-json\/wp\/v2\/product_tag?post=7009"}],"curies":[{"name":"wp","href":"https:\/\/api.w.org\/{rel}","templated":true}]}}