{"id":7002,"date":"2022-04-04T13:07:25","date_gmt":"2022-04-04T11:07:25","guid":{"rendered":"https:\/\/dolfin.poush-dev.be\/product\/assortiment-van-5-gemengde-chocolade-tabletten\/"},"modified":"2024-07-02T14:19:46","modified_gmt":"2024-07-02T12:19:46","slug":"assortiment-van-5-gemengde-chocolade-tabletten","status":"publish","type":"product","link":"https:\/\/www.dolfin.be\/nl\/product\/assortiment-van-5-gemengde-chocolade-tabletten\/","title":{"rendered":"Assortiment van 5 gemengde chocolade tabletten"},"content":{"rendered":"<p>Laat u verleiden door ons gemengd assortiment, een perfect evenwicht van verschillende soorten melkchocolade, pure chocolade en witte chocolade. U vindt er al onze succesvolle smaken in terug: puur 88% cacao, puur &amp; gekonfijte sinaasappelen, melk &amp; gezouten boterkaramel, melk &amp; koffie en tot slot witte chocolade &amp; frambozen.<\/p>\n<p>Wanneer u uw bestelling afrondt, kunt u in het commentaarveld een boodschap schrijven om het etiket een persoonlijke toets te geven: gelukkige verjaardag, fijne feesten, ik hou van je, gefeliciteerd, &#8230; Elke gelegenheid is goed om de beste Belgische chocolade cadeau te doen!<\/p>\n<p>Laat al je dierbaren Dolfin ontdekken!<\/p>\n<p>Bevat 5 tabletten van 70g :<\/p>\n<ul>\n<li class=\"woocommerce-loop-product__title\">Witte chocolade met frambozen<\/li>\n<li class=\"woocommerce-loop-product__title\">Pure chocolade met 88% cacao<\/li>\n<li class=\"woocommerce-loop-product__title\">Melkchocolade met gezouten boter karamel<\/li>\n<li class=\"woocommerce-loop-product__title\">Pure chocolade met gekonfijte sinaasappels<\/li>\n<li class=\"woocommerce-loop-product__title\">Melkchocolade met koffie<\/li>\n<\/ul>\n<p>Deze producten bevatten <strong>melk<\/strong> en <strong>soja<\/strong>. Kan sporen van schaalvruchten, sesam, gluten en eieren bevatten.<\/p>\n","protected":false},"excerpt":{"rendered":"<p>Laat u verleiden door ons gemengd assortiment, een perfect evenwicht van verschillende soorten melkchocolade, pure chocolade en witte chocolade. U vindt er al onze succesvolle smaken in terug: puur 88% cacao, puur &amp; gekonfijte sinaasappelen, melk &amp; gezouten boterkaramel, melk &amp; koffie en tot slot witte chocolade &amp; frambozen.<\/p>\n<p>Wanneer u uw bestelling afrondt, kunt u in het commentaarveld een boodschap schrijven om het etiket een persoonlijke toets te geven: gelukkige verjaardag, fijne feesten, ik hou van je, gefeliciteerd, &#8230; Elke gelegenheid is goed om de beste Belgische chocolade cadeau te doen!<\/p>\n<p>Laat al je dierbaren Dolfin ontdekken!<\/p>\n","protected":false},"featured_media":4892,"template":"","meta":{"_acf_changed":false,"_et_pb_use_builder":"","_et_pb_old_content":"","_et_gb_content_width":"","inline_featured_image":false},"product_brand":[],"product_cat":[269,257,511,506,290],"product_tag":[],"class_list":{"0":"post-7002","1":"product","2":"type-product","3":"status-publish","4":"has-post-thumbnail","6":"product_cat-dozen-en-koffers-chocolade-vierkantjes-gift","7":"product_cat-dolfin-collectie","8":"product_cat-geschenksets","9":"product_cat-grote-tabletten-70g","10":"product_cat-geschenkdoosje","12":"first","13":"instock","14":"shipping-taxable","15":"purchasable","16":"product-type-simple"},"acf":[],"yoast_head":"<!-- This site is optimized with the Yoast SEO plugin v27.5 - https:\/\/yoast.com\/product\/yoast-seo-wordpress\/ -->\n<title>Dolfin | Assortiment van 5 gemengde chocolade tabletten<\/title>\n<meta name=\"description\" content=\"Un \u00e9quilibre parfait : noir 88% cacao, noir &amp; oranges confites, lait &amp; caramel au beurre sal\u00e9, lait &amp; caf\u00e9, chocolat blanc &amp; framboises.\" \/>\n<meta name=\"robots\" content=\"index, follow, max-snippet:-1, max-image-preview:large, max-video-preview:-1\" \/>\n<link rel=\"canonical\" href=\"https:\/\/www.dolfin.be\/nl\/product\/assortiment-van-5-gemengde-chocolade-tabletten\/\" \/>\n<meta property=\"og:locale\" content=\"nl_NL\" \/>\n<meta property=\"og:type\" content=\"article\" \/>\n<meta property=\"og:title\" content=\"Dolfin | Assortiment van 5 gemengde chocolade tabletten\" \/>\n<meta property=\"og:description\" content=\"Un \u00e9quilibre parfait : noir 88% cacao, noir &amp; oranges confites, lait &amp; caramel au beurre sal\u00e9, lait &amp; caf\u00e9, chocolat blanc &amp; framboises.\" \/>\n<meta property=\"og:url\" content=\"https:\/\/www.dolfin.be\/nl\/product\/assortiment-van-5-gemengde-chocolade-tabletten\/\" \/>\n<meta property=\"og:site_name\" content=\"Dolfin\" \/>\n<meta property=\"article:modified_time\" content=\"2024-07-02T12:19:46+00:00\" \/>\n<meta property=\"og:image\" content=\"https:\/\/www.dolfin.be\/wp-content\/uploads\/2024\/02\/20220328_dolfin_6-1.jpg\" \/>\n\t<meta property=\"og:image:width\" content=\"1001\" \/>\n\t<meta property=\"og:image:height\" content=\"797\" \/>\n\t<meta property=\"og:image:type\" content=\"image\/jpeg\" \/>\n<meta name=\"twitter:card\" content=\"summary_large_image\" \/>\n<meta name=\"twitter:label1\" content=\"Geschatte leestijd\" \/>\n\t<meta name=\"twitter:data1\" content=\"1 minuut\" \/>\n<script type=\"application\/ld+json\" class=\"yoast-schema-graph\">{\"@context\":\"https:\\\/\\\/schema.org\",\"@graph\":[{\"@type\":\"WebPage\",\"@id\":\"https:\\\/\\\/www.dolfin.be\\\/nl\\\/product\\\/assortiment-van-5-gemengde-chocolade-tabletten\\\/\",\"url\":\"https:\\\/\\\/www.dolfin.be\\\/nl\\\/product\\\/assortiment-van-5-gemengde-chocolade-tabletten\\\/\",\"name\":\"Dolfin | Assortiment van 5 gemengde chocolade tabletten\",\"isPartOf\":{\"@id\":\"https:\\\/\\\/www.dolfin.be\\\/nl\\\/#website\"},\"primaryImageOfPage\":{\"@id\":\"https:\\\/\\\/www.dolfin.be\\\/nl\\\/product\\\/assortiment-van-5-gemengde-chocolade-tabletten\\\/#primaryimage\"},\"image\":{\"@id\":\"https:\\\/\\\/www.dolfin.be\\\/nl\\\/product\\\/assortiment-van-5-gemengde-chocolade-tabletten\\\/#primaryimage\"},\"thumbnailUrl\":\"https:\\\/\\\/www.dolfin.be\\\/wp-content\\\/uploads\\\/2024\\\/02\\\/20220328_dolfin_6-1.jpg\",\"datePublished\":\"2022-04-04T11:07:25+00:00\",\"dateModified\":\"2024-07-02T12:19:46+00:00\",\"description\":\"Un \u00e9quilibre parfait : noir 88% cacao, noir & oranges confites, lait & caramel au beurre sal\u00e9, lait & caf\u00e9, chocolat blanc & framboises.\",\"breadcrumb\":{\"@id\":\"https:\\\/\\\/www.dolfin.be\\\/nl\\\/product\\\/assortiment-van-5-gemengde-chocolade-tabletten\\\/#breadcrumb\"},\"inLanguage\":\"nl-NL\",\"potentialAction\":[{\"@type\":\"ReadAction\",\"target\":[\"https:\\\/\\\/www.dolfin.be\\\/nl\\\/product\\\/assortiment-van-5-gemengde-chocolade-tabletten\\\/\"]}]},{\"@type\":\"ImageObject\",\"inLanguage\":\"nl-NL\",\"@id\":\"https:\\\/\\\/www.dolfin.be\\\/nl\\\/product\\\/assortiment-van-5-gemengde-chocolade-tabletten\\\/#primaryimage\",\"url\":\"https:\\\/\\\/www.dolfin.be\\\/wp-content\\\/uploads\\\/2024\\\/02\\\/20220328_dolfin_6-1.jpg\",\"contentUrl\":\"https:\\\/\\\/www.dolfin.be\\\/wp-content\\\/uploads\\\/2024\\\/02\\\/20220328_dolfin_6-1.jpg\",\"width\":1001,\"height\":797},{\"@type\":\"BreadcrumbList\",\"@id\":\"https:\\\/\\\/www.dolfin.be\\\/nl\\\/product\\\/assortiment-van-5-gemengde-chocolade-tabletten\\\/#breadcrumb\",\"itemListElement\":[{\"@type\":\"ListItem\",\"position\":1,\"name\":\"Accueil\",\"item\":\"https:\\\/\\\/www.dolfin.be\\\/nl\\\/\"},{\"@type\":\"ListItem\",\"position\":2,\"name\":\"Onze producten\",\"item\":\"https:\\\/\\\/www.dolfin.be\\\/nl\\\/onze-producten\\\/\"},{\"@type\":\"ListItem\",\"position\":3,\"name\":\"Assortiment van 5 gemengde chocolade tabletten\"}]},{\"@type\":\"WebSite\",\"@id\":\"https:\\\/\\\/www.dolfin.be\\\/nl\\\/#website\",\"url\":\"https:\\\/\\\/www.dolfin.be\\\/nl\\\/\",\"name\":\"Dolfin\",\"description\":\"\",\"potentialAction\":[{\"@type\":\"SearchAction\",\"target\":{\"@type\":\"EntryPoint\",\"urlTemplate\":\"https:\\\/\\\/www.dolfin.be\\\/nl\\\/?s={search_term_string}\"},\"query-input\":{\"@type\":\"PropertyValueSpecification\",\"valueRequired\":true,\"valueName\":\"search_term_string\"}}],\"inLanguage\":\"nl-NL\"}]}<\/script>\n<!-- \/ Yoast SEO plugin. -->","yoast_head_json":{"title":"Dolfin | Assortiment van 5 gemengde chocolade tabletten","description":"Un \u00e9quilibre parfait : noir 88% cacao, noir & oranges confites, lait & caramel au beurre sal\u00e9, lait & caf\u00e9, chocolat blanc & framboises.","robots":{"index":"index","follow":"follow","max-snippet":"max-snippet:-1","max-image-preview":"max-image-preview:large","max-video-preview":"max-video-preview:-1"},"canonical":"https:\/\/www.dolfin.be\/nl\/product\/assortiment-van-5-gemengde-chocolade-tabletten\/","og_locale":"nl_NL","og_type":"article","og_title":"Dolfin | Assortiment van 5 gemengde chocolade tabletten","og_description":"Un \u00e9quilibre parfait : noir 88% cacao, noir & oranges confites, lait & caramel au beurre sal\u00e9, lait & caf\u00e9, chocolat blanc & framboises.","og_url":"https:\/\/www.dolfin.be\/nl\/product\/assortiment-van-5-gemengde-chocolade-tabletten\/","og_site_name":"Dolfin","article_modified_time":"2024-07-02T12:19:46+00:00","og_image":[{"width":1001,"height":797,"url":"https:\/\/www.dolfin.be\/wp-content\/uploads\/2024\/02\/20220328_dolfin_6-1.jpg","type":"image\/jpeg"}],"twitter_card":"summary_large_image","twitter_misc":{"Geschatte leestijd":"1 minuut"},"schema":{"@context":"https:\/\/schema.org","@graph":[{"@type":"WebPage","@id":"https:\/\/www.dolfin.be\/nl\/product\/assortiment-van-5-gemengde-chocolade-tabletten\/","url":"https:\/\/www.dolfin.be\/nl\/product\/assortiment-van-5-gemengde-chocolade-tabletten\/","name":"Dolfin | Assortiment van 5 gemengde chocolade tabletten","isPartOf":{"@id":"https:\/\/www.dolfin.be\/nl\/#website"},"primaryImageOfPage":{"@id":"https:\/\/www.dolfin.be\/nl\/product\/assortiment-van-5-gemengde-chocolade-tabletten\/#primaryimage"},"image":{"@id":"https:\/\/www.dolfin.be\/nl\/product\/assortiment-van-5-gemengde-chocolade-tabletten\/#primaryimage"},"thumbnailUrl":"https:\/\/www.dolfin.be\/wp-content\/uploads\/2024\/02\/20220328_dolfin_6-1.jpg","datePublished":"2022-04-04T11:07:25+00:00","dateModified":"2024-07-02T12:19:46+00:00","description":"Un \u00e9quilibre parfait : noir 88% cacao, noir & oranges confites, lait & caramel au beurre sal\u00e9, lait & caf\u00e9, chocolat blanc & framboises.","breadcrumb":{"@id":"https:\/\/www.dolfin.be\/nl\/product\/assortiment-van-5-gemengde-chocolade-tabletten\/#breadcrumb"},"inLanguage":"nl-NL","potentialAction":[{"@type":"ReadAction","target":["https:\/\/www.dolfin.be\/nl\/product\/assortiment-van-5-gemengde-chocolade-tabletten\/"]}]},{"@type":"ImageObject","inLanguage":"nl-NL","@id":"https:\/\/www.dolfin.be\/nl\/product\/assortiment-van-5-gemengde-chocolade-tabletten\/#primaryimage","url":"https:\/\/www.dolfin.be\/wp-content\/uploads\/2024\/02\/20220328_dolfin_6-1.jpg","contentUrl":"https:\/\/www.dolfin.be\/wp-content\/uploads\/2024\/02\/20220328_dolfin_6-1.jpg","width":1001,"height":797},{"@type":"BreadcrumbList","@id":"https:\/\/www.dolfin.be\/nl\/product\/assortiment-van-5-gemengde-chocolade-tabletten\/#breadcrumb","itemListElement":[{"@type":"ListItem","position":1,"name":"Accueil","item":"https:\/\/www.dolfin.be\/nl\/"},{"@type":"ListItem","position":2,"name":"Onze producten","item":"https:\/\/www.dolfin.be\/nl\/onze-producten\/"},{"@type":"ListItem","position":3,"name":"Assortiment van 5 gemengde chocolade tabletten"}]},{"@type":"WebSite","@id":"https:\/\/www.dolfin.be\/nl\/#website","url":"https:\/\/www.dolfin.be\/nl\/","name":"Dolfin","description":"","potentialAction":[{"@type":"SearchAction","target":{"@type":"EntryPoint","urlTemplate":"https:\/\/www.dolfin.be\/nl\/?s={search_term_string}"},"query-input":{"@type":"PropertyValueSpecification","valueRequired":true,"valueName":"search_term_string"}}],"inLanguage":"nl-NL"}]}},"_links":{"self":[{"href":"https:\/\/www.dolfin.be\/nl\/wp-json\/wp\/v2\/product\/7002","targetHints":{"allow":["GET"]}}],"collection":[{"href":"https:\/\/www.dolfin.be\/nl\/wp-json\/wp\/v2\/product"}],"about":[{"href":"https:\/\/www.dolfin.be\/nl\/wp-json\/wp\/v2\/types\/product"}],"wp:featuredmedia":[{"embeddable":true,"href":"https:\/\/www.dolfin.be\/nl\/wp-json\/wp\/v2\/media\/4892"}],"wp:attachment":[{"href":"https:\/\/www.dolfin.be\/nl\/wp-json\/wp\/v2\/media?parent=7002"}],"wp:term":[{"taxonomy":"product_brand","embeddable":true,"href":"https:\/\/www.dolfin.be\/nl\/wp-json\/wp\/v2\/product_brand?post=7002"},{"taxonomy":"product_cat","embeddable":true,"href":"https:\/\/www.dolfin.be\/nl\/wp-json\/wp\/v2\/product_cat?post=7002"},{"taxonomy":"product_tag","embeddable":true,"href":"https:\/\/www.dolfin.be\/nl\/wp-json\/wp\/v2\/product_tag?post=7002"}],"curies":[{"name":"wp","href":"https:\/\/api.w.org\/{rel}","templated":true}]}}