{"id":7000,"date":"2022-04-04T12:28:58","date_gmt":"2022-04-04T10:28:58","guid":{"rendered":"https:\/\/dolfin.poush-dev.be\/product\/assortiment-van-5-melkchocolade-tabletten\/"},"modified":"2024-07-03T09:52:58","modified_gmt":"2024-07-03T07:52:58","slug":"assortiment-van-5-melkchocolade-tabletten","status":"publish","type":"product","link":"https:\/\/www.dolfin.be\/nl\/product\/assortiment-van-5-melkchocolade-tabletten\/","title":{"rendered":"Assortiment van 5 melkchocolade tabletten"},"content":{"rendered":"<p>Kun je iemand een beter cadeau aanbieden dan Dolfin chocolade? Ons assortiment van 5 tabletten melkchocolade zal zeker in de smaak vallen! Laat mensen kennismaken met onze zachte en romige melkchocolade in combinatie met de lekkerste ingredi\u00ebnten: karamel met gezouten boter, dulce de leche &amp; gepofte rijst, gekarameliseerde macadamianoten, knapperige brownie of versgemalen echte koffie.<\/p>\n<p>Om uw cadeautje een persoonlijke toets te geven, kunt u een boodschap toevoegen op het etiket. Die kunt u gewoon invoeren wanneer u uw winkelmandje bevestigt.<\/p>\n<p>D\u00e9 kans om liefhebbers van melkchocolade te plezieren!<\/p>\n<p>Bevat 5 tabletten van 70g :<\/p>\n<ul>\n<li>Gezouten boter karamel<\/li>\n<li class=\"woocommerce-loop-product__title\">Dulce de leche &amp; gepofte rijst<\/li>\n<li class=\"woocommerce-loop-product__title\">Gekarameliseerde macadamianoten<\/li>\n<li class=\"woocommerce-loop-product__title\">Knapperige brownie<\/li>\n<li class=\"woocommerce-loop-product__title\">Koffie<\/li>\n<\/ul>\n<p>Deze producten bevatten <strong>melk<\/strong>, <strong>soja<\/strong>, <strong>tarwe <\/strong>en\u00a0<strong>schaalvruchten<\/strong>. Kan sporen van andere schaalvruchten, gluten, sesam en eieren bevatten.<\/p>\n","protected":false},"excerpt":{"rendered":"<p>Kun je iemand een beter cadeau aanbieden dan Dolfin chocolade? Ons assortiment van 5 tabletten melkchocolade zal zeker in de smaak vallen! Laat mensen kennismaken met onze zachte en romige melkchocolade in combinatie met de lekkerste ingredi\u00ebnten: karamel met gezouten boter, dulce de leche &amp; gepofte rijst, gekarameliseerde macadamianoten, knapperige brownie of versgemalen echte koffie.<\/p>\n<p>Om uw cadeautje een persoonlijke toets te geven, kunt u een boodschap toevoegen op het etiket. Die kunt u gewoon invoeren wanneer u uw winkelmandje bevestigt.<\/p>\n<p>D\u00e9 kans om liefhebbers van melkchocolade te plezieren!<\/p>\n","protected":false},"featured_media":4866,"template":"","meta":{"_acf_changed":false,"_et_pb_use_builder":"","_et_pb_old_content":"","_et_gb_content_width":"","inline_featured_image":false},"product_brand":[],"product_cat":[269,257,511,506,290],"product_tag":[],"class_list":{"0":"post-7000","1":"product","2":"type-product","3":"status-publish","4":"has-post-thumbnail","6":"product_cat-dozen-en-koffers-chocolade-vierkantjes-gift","7":"product_cat-dolfin-collectie","8":"product_cat-geschenksets","9":"product_cat-grote-tabletten-70g","10":"product_cat-geschenkdoosje","12":"first","13":"instock","14":"shipping-taxable","15":"purchasable","16":"product-type-simple"},"acf":[],"yoast_head":"<!-- This site is optimized with the Yoast SEO plugin v27.5 - https:\/\/yoast.com\/product\/yoast-seo-wordpress\/ -->\n<title>Dolfin | Assortiment van 5 melkchocolade tabletten<\/title>\n<meta name=\"description\" content=\"Assortiment de chocolat : caramel au beurre sal\u00e9, dulce de leche &amp; du riz souffl\u00e9, noix de macadamia caram\u00e9lis\u00e9es, brownie ou caf\u00e9\" \/>\n<meta name=\"robots\" content=\"index, follow, max-snippet:-1, max-image-preview:large, max-video-preview:-1\" \/>\n<link rel=\"canonical\" href=\"https:\/\/www.dolfin.be\/nl\/product\/assortiment-van-5-melkchocolade-tabletten\/\" \/>\n<meta property=\"og:locale\" content=\"nl_NL\" \/>\n<meta property=\"og:type\" content=\"article\" \/>\n<meta property=\"og:title\" content=\"Dolfin | Assortiment van 5 melkchocolade tabletten\" \/>\n<meta property=\"og:description\" content=\"Assortiment de chocolat : caramel au beurre sal\u00e9, dulce de leche &amp; du riz souffl\u00e9, noix de macadamia caram\u00e9lis\u00e9es, brownie ou caf\u00e9\" \/>\n<meta property=\"og:url\" content=\"https:\/\/www.dolfin.be\/nl\/product\/assortiment-van-5-melkchocolade-tabletten\/\" \/>\n<meta property=\"og:site_name\" content=\"Dolfin\" \/>\n<meta property=\"article:modified_time\" content=\"2024-07-03T07:52:58+00:00\" \/>\n<meta property=\"og:image\" content=\"https:\/\/www.dolfin.be\/wp-content\/uploads\/2024\/02\/20220328_dolfin_5-1.jpg\" \/>\n\t<meta property=\"og:image:width\" content=\"1001\" \/>\n\t<meta property=\"og:image:height\" content=\"797\" \/>\n\t<meta property=\"og:image:type\" content=\"image\/jpeg\" \/>\n<meta name=\"twitter:card\" content=\"summary_large_image\" \/>\n<meta name=\"twitter:label1\" content=\"Geschatte leestijd\" \/>\n\t<meta name=\"twitter:data1\" content=\"1 minuut\" \/>\n<script type=\"application\/ld+json\" class=\"yoast-schema-graph\">{\"@context\":\"https:\\\/\\\/schema.org\",\"@graph\":[{\"@type\":\"WebPage\",\"@id\":\"https:\\\/\\\/www.dolfin.be\\\/nl\\\/product\\\/assortiment-van-5-melkchocolade-tabletten\\\/\",\"url\":\"https:\\\/\\\/www.dolfin.be\\\/nl\\\/product\\\/assortiment-van-5-melkchocolade-tabletten\\\/\",\"name\":\"Dolfin | Assortiment van 5 melkchocolade tabletten\",\"isPartOf\":{\"@id\":\"https:\\\/\\\/www.dolfin.be\\\/nl\\\/#website\"},\"primaryImageOfPage\":{\"@id\":\"https:\\\/\\\/www.dolfin.be\\\/nl\\\/product\\\/assortiment-van-5-melkchocolade-tabletten\\\/#primaryimage\"},\"image\":{\"@id\":\"https:\\\/\\\/www.dolfin.be\\\/nl\\\/product\\\/assortiment-van-5-melkchocolade-tabletten\\\/#primaryimage\"},\"thumbnailUrl\":\"https:\\\/\\\/www.dolfin.be\\\/wp-content\\\/uploads\\\/2024\\\/02\\\/20220328_dolfin_5-1.jpg\",\"datePublished\":\"2022-04-04T10:28:58+00:00\",\"dateModified\":\"2024-07-03T07:52:58+00:00\",\"description\":\"Assortiment de chocolat : caramel au beurre sal\u00e9, dulce de leche & du riz souffl\u00e9, noix de macadamia caram\u00e9lis\u00e9es, brownie ou caf\u00e9\",\"breadcrumb\":{\"@id\":\"https:\\\/\\\/www.dolfin.be\\\/nl\\\/product\\\/assortiment-van-5-melkchocolade-tabletten\\\/#breadcrumb\"},\"inLanguage\":\"nl-NL\",\"potentialAction\":[{\"@type\":\"ReadAction\",\"target\":[\"https:\\\/\\\/www.dolfin.be\\\/nl\\\/product\\\/assortiment-van-5-melkchocolade-tabletten\\\/\"]}]},{\"@type\":\"ImageObject\",\"inLanguage\":\"nl-NL\",\"@id\":\"https:\\\/\\\/www.dolfin.be\\\/nl\\\/product\\\/assortiment-van-5-melkchocolade-tabletten\\\/#primaryimage\",\"url\":\"https:\\\/\\\/www.dolfin.be\\\/wp-content\\\/uploads\\\/2024\\\/02\\\/20220328_dolfin_5-1.jpg\",\"contentUrl\":\"https:\\\/\\\/www.dolfin.be\\\/wp-content\\\/uploads\\\/2024\\\/02\\\/20220328_dolfin_5-1.jpg\",\"width\":1001,\"height\":797},{\"@type\":\"BreadcrumbList\",\"@id\":\"https:\\\/\\\/www.dolfin.be\\\/nl\\\/product\\\/assortiment-van-5-melkchocolade-tabletten\\\/#breadcrumb\",\"itemListElement\":[{\"@type\":\"ListItem\",\"position\":1,\"name\":\"Accueil\",\"item\":\"https:\\\/\\\/www.dolfin.be\\\/nl\\\/\"},{\"@type\":\"ListItem\",\"position\":2,\"name\":\"Onze producten\",\"item\":\"https:\\\/\\\/www.dolfin.be\\\/nl\\\/onze-producten\\\/\"},{\"@type\":\"ListItem\",\"position\":3,\"name\":\"Assortiment van 5 melkchocolade tabletten\"}]},{\"@type\":\"WebSite\",\"@id\":\"https:\\\/\\\/www.dolfin.be\\\/nl\\\/#website\",\"url\":\"https:\\\/\\\/www.dolfin.be\\\/nl\\\/\",\"name\":\"Dolfin\",\"description\":\"\",\"potentialAction\":[{\"@type\":\"SearchAction\",\"target\":{\"@type\":\"EntryPoint\",\"urlTemplate\":\"https:\\\/\\\/www.dolfin.be\\\/nl\\\/?s={search_term_string}\"},\"query-input\":{\"@type\":\"PropertyValueSpecification\",\"valueRequired\":true,\"valueName\":\"search_term_string\"}}],\"inLanguage\":\"nl-NL\"}]}<\/script>\n<!-- \/ Yoast SEO plugin. -->","yoast_head_json":{"title":"Dolfin | Assortiment van 5 melkchocolade tabletten","description":"Assortiment de chocolat : caramel au beurre sal\u00e9, dulce de leche & du riz souffl\u00e9, noix de macadamia caram\u00e9lis\u00e9es, brownie ou caf\u00e9","robots":{"index":"index","follow":"follow","max-snippet":"max-snippet:-1","max-image-preview":"max-image-preview:large","max-video-preview":"max-video-preview:-1"},"canonical":"https:\/\/www.dolfin.be\/nl\/product\/assortiment-van-5-melkchocolade-tabletten\/","og_locale":"nl_NL","og_type":"article","og_title":"Dolfin | Assortiment van 5 melkchocolade tabletten","og_description":"Assortiment de chocolat : caramel au beurre sal\u00e9, dulce de leche & du riz souffl\u00e9, noix de macadamia caram\u00e9lis\u00e9es, brownie ou caf\u00e9","og_url":"https:\/\/www.dolfin.be\/nl\/product\/assortiment-van-5-melkchocolade-tabletten\/","og_site_name":"Dolfin","article_modified_time":"2024-07-03T07:52:58+00:00","og_image":[{"width":1001,"height":797,"url":"https:\/\/www.dolfin.be\/wp-content\/uploads\/2024\/02\/20220328_dolfin_5-1.jpg","type":"image\/jpeg"}],"twitter_card":"summary_large_image","twitter_misc":{"Geschatte leestijd":"1 minuut"},"schema":{"@context":"https:\/\/schema.org","@graph":[{"@type":"WebPage","@id":"https:\/\/www.dolfin.be\/nl\/product\/assortiment-van-5-melkchocolade-tabletten\/","url":"https:\/\/www.dolfin.be\/nl\/product\/assortiment-van-5-melkchocolade-tabletten\/","name":"Dolfin | Assortiment van 5 melkchocolade tabletten","isPartOf":{"@id":"https:\/\/www.dolfin.be\/nl\/#website"},"primaryImageOfPage":{"@id":"https:\/\/www.dolfin.be\/nl\/product\/assortiment-van-5-melkchocolade-tabletten\/#primaryimage"},"image":{"@id":"https:\/\/www.dolfin.be\/nl\/product\/assortiment-van-5-melkchocolade-tabletten\/#primaryimage"},"thumbnailUrl":"https:\/\/www.dolfin.be\/wp-content\/uploads\/2024\/02\/20220328_dolfin_5-1.jpg","datePublished":"2022-04-04T10:28:58+00:00","dateModified":"2024-07-03T07:52:58+00:00","description":"Assortiment de chocolat : caramel au beurre sal\u00e9, dulce de leche & du riz souffl\u00e9, noix de macadamia caram\u00e9lis\u00e9es, brownie ou caf\u00e9","breadcrumb":{"@id":"https:\/\/www.dolfin.be\/nl\/product\/assortiment-van-5-melkchocolade-tabletten\/#breadcrumb"},"inLanguage":"nl-NL","potentialAction":[{"@type":"ReadAction","target":["https:\/\/www.dolfin.be\/nl\/product\/assortiment-van-5-melkchocolade-tabletten\/"]}]},{"@type":"ImageObject","inLanguage":"nl-NL","@id":"https:\/\/www.dolfin.be\/nl\/product\/assortiment-van-5-melkchocolade-tabletten\/#primaryimage","url":"https:\/\/www.dolfin.be\/wp-content\/uploads\/2024\/02\/20220328_dolfin_5-1.jpg","contentUrl":"https:\/\/www.dolfin.be\/wp-content\/uploads\/2024\/02\/20220328_dolfin_5-1.jpg","width":1001,"height":797},{"@type":"BreadcrumbList","@id":"https:\/\/www.dolfin.be\/nl\/product\/assortiment-van-5-melkchocolade-tabletten\/#breadcrumb","itemListElement":[{"@type":"ListItem","position":1,"name":"Accueil","item":"https:\/\/www.dolfin.be\/nl\/"},{"@type":"ListItem","position":2,"name":"Onze producten","item":"https:\/\/www.dolfin.be\/nl\/onze-producten\/"},{"@type":"ListItem","position":3,"name":"Assortiment van 5 melkchocolade tabletten"}]},{"@type":"WebSite","@id":"https:\/\/www.dolfin.be\/nl\/#website","url":"https:\/\/www.dolfin.be\/nl\/","name":"Dolfin","description":"","potentialAction":[{"@type":"SearchAction","target":{"@type":"EntryPoint","urlTemplate":"https:\/\/www.dolfin.be\/nl\/?s={search_term_string}"},"query-input":{"@type":"PropertyValueSpecification","valueRequired":true,"valueName":"search_term_string"}}],"inLanguage":"nl-NL"}]}},"_links":{"self":[{"href":"https:\/\/www.dolfin.be\/nl\/wp-json\/wp\/v2\/product\/7000","targetHints":{"allow":["GET"]}}],"collection":[{"href":"https:\/\/www.dolfin.be\/nl\/wp-json\/wp\/v2\/product"}],"about":[{"href":"https:\/\/www.dolfin.be\/nl\/wp-json\/wp\/v2\/types\/product"}],"wp:featuredmedia":[{"embeddable":true,"href":"https:\/\/www.dolfin.be\/nl\/wp-json\/wp\/v2\/media\/4866"}],"wp:attachment":[{"href":"https:\/\/www.dolfin.be\/nl\/wp-json\/wp\/v2\/media?parent=7000"}],"wp:term":[{"taxonomy":"product_brand","embeddable":true,"href":"https:\/\/www.dolfin.be\/nl\/wp-json\/wp\/v2\/product_brand?post=7000"},{"taxonomy":"product_cat","embeddable":true,"href":"https:\/\/www.dolfin.be\/nl\/wp-json\/wp\/v2\/product_cat?post=7000"},{"taxonomy":"product_tag","embeddable":true,"href":"https:\/\/www.dolfin.be\/nl\/wp-json\/wp\/v2\/product_tag?post=7000"}],"curies":[{"name":"wp","href":"https:\/\/api.w.org\/{rel}","templated":true}]}}