{"id":6999,"date":"2022-04-04T10:51:37","date_gmt":"2022-04-04T08:51:37","guid":{"rendered":"https:\/\/dolfin.poush-dev.be\/product\/assortiment-le-chat\/"},"modified":"2025-10-20T16:18:35","modified_gmt":"2025-10-20T14:18:35","slug":"assortiment-le-chat","status":"publish","type":"product","link":"https:\/\/www.dolfin.be\/nl\/product\/assortiment-le-chat\/","title":{"rendered":"Assortiment LE CHAT"},"content":{"rendered":"<p>Een prachtige geschenkdoos voor alle liefhebbers van chocolade en fans van de strips van De Kat!<\/p>\n<p>De Kat, het bekende Belgische figuurtje van Philippe Geluck, wordt h\u00e9t symbool van fijne Belgische chocolade. Ontdek zijn assortiment in onweerstaanbare smaken.<\/p>\n<p>Chocolade om duimen en vingers bij af te likken, uiteraard!<\/p>\n<div class=\"page\" title=\"Page 1\">\n<div class=\"layoutArea\">\n<div class=\"column\">\n<p>Het bevat :<\/p>\n<ul>\n<li>2 tabletten 70g : melk &amp; g<span style=\"font-size: 16px;\"><span style=\"font-size: 16px;\">ezouten boter karamel en puur\u00a0<span style=\"font-size: 16px;\">70% &amp; Guerande zout<\/span><\/span><\/span><\/li>\n<li>2 tabletten 30g : melk &amp; s<span style=\"font-size: 16px;\"><span style=\"font-size: 16px;\">peculaas en puur &amp; g<\/span><\/span><span style=\"font-size: 16px;\">eroosterde amandelen<\/span><\/li>\n<li>1 assortiment van 32 chocolade vierkantjes met pure chocolade<\/li>\n<li class=\"woocommerce-loop-product__title\">Karamels \u2013 Pure chocolade &amp; geroosterde pistachenoten<\/li>\n<li>1 assortiment van 10 mini-tabletten met melk chocolade<\/li>\n<\/ul>\n<p>Deze producten bevatten <strong>melk<\/strong>, <strong>soja <\/strong>en\u00a0<strong>tarwe<\/strong>. Kan sporen van schaalvruchten, sulfieten, gluten, sesam en eieren bevatten.<\/p>\n<\/div>\n<\/div>\n<\/div>\n","protected":false},"excerpt":{"rendered":"<p>Een prachtige geschenkdoos voor alle liefhebbers van chocolade en fans van de strips van De Kat!<\/p>\n<p>De Kat, het bekende Belgische figuurtje van Philippe Geluck, wordt h\u00e9t symbool van fijne Belgische chocolade. Ontdek zijn assortiment in onweerstaanbare smaken.<\/p>\n<p>Chocolade om duimen en vingers bij af te likken, uiteraard!<\/p>\n","protected":false},"featured_media":4856,"template":"","meta":{"_acf_changed":false,"_et_pb_use_builder":"","_et_pb_old_content":"","_et_gb_content_width":"","inline_featured_image":false},"product_brand":[],"product_cat":[499,371,511,290],"product_tag":[],"class_list":{"0":"post-6999","1":"product","2":"type-product","3":"status-publish","4":"has-post-thumbnail","6":"product_cat-assortimenten-lechat-nl","7":"product_cat-de-kat-chocolade","8":"product_cat-geschenksets","9":"product_cat-geschenkdoosje","11":"first","12":"instock","13":"shipping-taxable","14":"purchasable","15":"product-type-simple"},"acf":[],"yoast_head":"<!-- This site is optimized with the Yoast SEO plugin v27.4 - https:\/\/yoast.com\/product\/yoast-seo-wordpress\/ -->\n<title>Dolfin | Assortiment LE CHAT<\/title>\n<meta name=\"description\" content=\"Coffret \u00e0 offrir \u00e0 tous les fans de chocolat et de BD du Chat. Du chocolat \u00e0 s\u2019en l\u00e9cher les babines.\" \/>\n<meta name=\"robots\" content=\"index, follow, max-snippet:-1, max-image-preview:large, max-video-preview:-1\" \/>\n<link rel=\"canonical\" href=\"https:\/\/www.dolfin.be\/nl\/product\/assortiment-le-chat\/\" \/>\n<meta property=\"og:locale\" content=\"nl_NL\" \/>\n<meta property=\"og:type\" content=\"article\" \/>\n<meta property=\"og:title\" content=\"Dolfin | Assortiment LE CHAT\" \/>\n<meta property=\"og:description\" content=\"Coffret \u00e0 offrir \u00e0 tous les fans de chocolat et de BD du Chat. Du chocolat \u00e0 s\u2019en l\u00e9cher les babines.\" \/>\n<meta property=\"og:url\" content=\"https:\/\/www.dolfin.be\/nl\/product\/assortiment-le-chat\/\" \/>\n<meta property=\"og:site_name\" content=\"Dolfin\" \/>\n<meta property=\"article:modified_time\" content=\"2025-10-20T14:18:35+00:00\" \/>\n<meta property=\"og:image\" content=\"https:\/\/www.dolfin.be\/wp-content\/uploads\/2024\/02\/20220328_dolfin_7-2.jpg\" \/>\n\t<meta property=\"og:image:width\" content=\"1001\" \/>\n\t<meta property=\"og:image:height\" content=\"649\" \/>\n\t<meta property=\"og:image:type\" content=\"image\/jpeg\" \/>\n<meta name=\"twitter:card\" content=\"summary_large_image\" \/>\n<meta name=\"twitter:label1\" content=\"Geschatte leestijd\" \/>\n\t<meta name=\"twitter:data1\" content=\"1 minuut\" \/>\n<script type=\"application\/ld+json\" class=\"yoast-schema-graph\">{\"@context\":\"https:\\\/\\\/schema.org\",\"@graph\":[{\"@type\":\"WebPage\",\"@id\":\"https:\\\/\\\/www.dolfin.be\\\/nl\\\/product\\\/assortiment-le-chat\\\/\",\"url\":\"https:\\\/\\\/www.dolfin.be\\\/nl\\\/product\\\/assortiment-le-chat\\\/\",\"name\":\"Dolfin | Assortiment LE CHAT\",\"isPartOf\":{\"@id\":\"https:\\\/\\\/www.dolfin.be\\\/nl\\\/#website\"},\"primaryImageOfPage\":{\"@id\":\"https:\\\/\\\/www.dolfin.be\\\/nl\\\/product\\\/assortiment-le-chat\\\/#primaryimage\"},\"image\":{\"@id\":\"https:\\\/\\\/www.dolfin.be\\\/nl\\\/product\\\/assortiment-le-chat\\\/#primaryimage\"},\"thumbnailUrl\":\"https:\\\/\\\/www.dolfin.be\\\/wp-content\\\/uploads\\\/2024\\\/02\\\/20220328_dolfin_7-2.jpg\",\"datePublished\":\"2022-04-04T08:51:37+00:00\",\"dateModified\":\"2025-10-20T14:18:35+00:00\",\"description\":\"Coffret \u00e0 offrir \u00e0 tous les fans de chocolat et de BD du Chat. Du chocolat \u00e0 s\u2019en l\u00e9cher les babines.\",\"breadcrumb\":{\"@id\":\"https:\\\/\\\/www.dolfin.be\\\/nl\\\/product\\\/assortiment-le-chat\\\/#breadcrumb\"},\"inLanguage\":\"nl-NL\",\"potentialAction\":[{\"@type\":\"ReadAction\",\"target\":[\"https:\\\/\\\/www.dolfin.be\\\/nl\\\/product\\\/assortiment-le-chat\\\/\"]}]},{\"@type\":\"ImageObject\",\"inLanguage\":\"nl-NL\",\"@id\":\"https:\\\/\\\/www.dolfin.be\\\/nl\\\/product\\\/assortiment-le-chat\\\/#primaryimage\",\"url\":\"https:\\\/\\\/www.dolfin.be\\\/wp-content\\\/uploads\\\/2024\\\/02\\\/20220328_dolfin_7-2.jpg\",\"contentUrl\":\"https:\\\/\\\/www.dolfin.be\\\/wp-content\\\/uploads\\\/2024\\\/02\\\/20220328_dolfin_7-2.jpg\",\"width\":1001,\"height\":649},{\"@type\":\"BreadcrumbList\",\"@id\":\"https:\\\/\\\/www.dolfin.be\\\/nl\\\/product\\\/assortiment-le-chat\\\/#breadcrumb\",\"itemListElement\":[{\"@type\":\"ListItem\",\"position\":1,\"name\":\"Accueil\",\"item\":\"https:\\\/\\\/www.dolfin.be\\\/nl\\\/\"},{\"@type\":\"ListItem\",\"position\":2,\"name\":\"Onze producten\",\"item\":\"https:\\\/\\\/www.dolfin.be\\\/nl\\\/onze-producten\\\/\"},{\"@type\":\"ListItem\",\"position\":3,\"name\":\"Assortiment LE CHAT\"}]},{\"@type\":\"WebSite\",\"@id\":\"https:\\\/\\\/www.dolfin.be\\\/nl\\\/#website\",\"url\":\"https:\\\/\\\/www.dolfin.be\\\/nl\\\/\",\"name\":\"Dolfin\",\"description\":\"\",\"potentialAction\":[{\"@type\":\"SearchAction\",\"target\":{\"@type\":\"EntryPoint\",\"urlTemplate\":\"https:\\\/\\\/www.dolfin.be\\\/nl\\\/?s={search_term_string}\"},\"query-input\":{\"@type\":\"PropertyValueSpecification\",\"valueRequired\":true,\"valueName\":\"search_term_string\"}}],\"inLanguage\":\"nl-NL\"}]}<\/script>\n<!-- \/ Yoast SEO plugin. -->","yoast_head_json":{"title":"Dolfin | Assortiment LE CHAT","description":"Coffret \u00e0 offrir \u00e0 tous les fans de chocolat et de BD du Chat. Du chocolat \u00e0 s\u2019en l\u00e9cher les babines.","robots":{"index":"index","follow":"follow","max-snippet":"max-snippet:-1","max-image-preview":"max-image-preview:large","max-video-preview":"max-video-preview:-1"},"canonical":"https:\/\/www.dolfin.be\/nl\/product\/assortiment-le-chat\/","og_locale":"nl_NL","og_type":"article","og_title":"Dolfin | Assortiment LE CHAT","og_description":"Coffret \u00e0 offrir \u00e0 tous les fans de chocolat et de BD du Chat. Du chocolat \u00e0 s\u2019en l\u00e9cher les babines.","og_url":"https:\/\/www.dolfin.be\/nl\/product\/assortiment-le-chat\/","og_site_name":"Dolfin","article_modified_time":"2025-10-20T14:18:35+00:00","og_image":[{"width":1001,"height":649,"url":"https:\/\/www.dolfin.be\/wp-content\/uploads\/2024\/02\/20220328_dolfin_7-2.jpg","type":"image\/jpeg"}],"twitter_card":"summary_large_image","twitter_misc":{"Geschatte leestijd":"1 minuut"},"schema":{"@context":"https:\/\/schema.org","@graph":[{"@type":"WebPage","@id":"https:\/\/www.dolfin.be\/nl\/product\/assortiment-le-chat\/","url":"https:\/\/www.dolfin.be\/nl\/product\/assortiment-le-chat\/","name":"Dolfin | Assortiment LE CHAT","isPartOf":{"@id":"https:\/\/www.dolfin.be\/nl\/#website"},"primaryImageOfPage":{"@id":"https:\/\/www.dolfin.be\/nl\/product\/assortiment-le-chat\/#primaryimage"},"image":{"@id":"https:\/\/www.dolfin.be\/nl\/product\/assortiment-le-chat\/#primaryimage"},"thumbnailUrl":"https:\/\/www.dolfin.be\/wp-content\/uploads\/2024\/02\/20220328_dolfin_7-2.jpg","datePublished":"2022-04-04T08:51:37+00:00","dateModified":"2025-10-20T14:18:35+00:00","description":"Coffret \u00e0 offrir \u00e0 tous les fans de chocolat et de BD du Chat. Du chocolat \u00e0 s\u2019en l\u00e9cher les babines.","breadcrumb":{"@id":"https:\/\/www.dolfin.be\/nl\/product\/assortiment-le-chat\/#breadcrumb"},"inLanguage":"nl-NL","potentialAction":[{"@type":"ReadAction","target":["https:\/\/www.dolfin.be\/nl\/product\/assortiment-le-chat\/"]}]},{"@type":"ImageObject","inLanguage":"nl-NL","@id":"https:\/\/www.dolfin.be\/nl\/product\/assortiment-le-chat\/#primaryimage","url":"https:\/\/www.dolfin.be\/wp-content\/uploads\/2024\/02\/20220328_dolfin_7-2.jpg","contentUrl":"https:\/\/www.dolfin.be\/wp-content\/uploads\/2024\/02\/20220328_dolfin_7-2.jpg","width":1001,"height":649},{"@type":"BreadcrumbList","@id":"https:\/\/www.dolfin.be\/nl\/product\/assortiment-le-chat\/#breadcrumb","itemListElement":[{"@type":"ListItem","position":1,"name":"Accueil","item":"https:\/\/www.dolfin.be\/nl\/"},{"@type":"ListItem","position":2,"name":"Onze producten","item":"https:\/\/www.dolfin.be\/nl\/onze-producten\/"},{"@type":"ListItem","position":3,"name":"Assortiment LE CHAT"}]},{"@type":"WebSite","@id":"https:\/\/www.dolfin.be\/nl\/#website","url":"https:\/\/www.dolfin.be\/nl\/","name":"Dolfin","description":"","potentialAction":[{"@type":"SearchAction","target":{"@type":"EntryPoint","urlTemplate":"https:\/\/www.dolfin.be\/nl\/?s={search_term_string}"},"query-input":{"@type":"PropertyValueSpecification","valueRequired":true,"valueName":"search_term_string"}}],"inLanguage":"nl-NL"}]}},"_links":{"self":[{"href":"https:\/\/www.dolfin.be\/nl\/wp-json\/wp\/v2\/product\/6999","targetHints":{"allow":["GET"]}}],"collection":[{"href":"https:\/\/www.dolfin.be\/nl\/wp-json\/wp\/v2\/product"}],"about":[{"href":"https:\/\/www.dolfin.be\/nl\/wp-json\/wp\/v2\/types\/product"}],"wp:featuredmedia":[{"embeddable":true,"href":"https:\/\/www.dolfin.be\/nl\/wp-json\/wp\/v2\/media\/4856"}],"wp:attachment":[{"href":"https:\/\/www.dolfin.be\/nl\/wp-json\/wp\/v2\/media?parent=6999"}],"wp:term":[{"taxonomy":"product_brand","embeddable":true,"href":"https:\/\/www.dolfin.be\/nl\/wp-json\/wp\/v2\/product_brand?post=6999"},{"taxonomy":"product_cat","embeddable":true,"href":"https:\/\/www.dolfin.be\/nl\/wp-json\/wp\/v2\/product_cat?post=6999"},{"taxonomy":"product_tag","embeddable":true,"href":"https:\/\/www.dolfin.be\/nl\/wp-json\/wp\/v2\/product_tag?post=6999"}],"curies":[{"name":"wp","href":"https:\/\/api.w.org\/{rel}","templated":true}]}}