{"id":7887,"date":"2022-04-04T13:07:25","date_gmt":"2022-04-04T11:07:25","guid":{"rendered":"https:\/\/dolfin.poush-dev.be\/product\/assortment-of-five-mixed-bars\/"},"modified":"2024-07-02T14:20:20","modified_gmt":"2024-07-02T12:20:20","slug":"assortment-of-five-mixed-bars","status":"publish","type":"product","link":"https:\/\/www.dolfin.be\/en\/product\/assortment-of-five-mixed-bars\/","title":{"rendered":"Assortment of five mixed bars"},"content":{"rendered":"<p>Succumb to our mixed assortment, a perfect balance between different milk chocolates, dark chocolates and a white chocolate. It includes our most successful flavours: dark 88% cocoa, dark &amp; candied oranges, milk &amp; salted caramel, milk &amp; coffee and, finally, white chocolate &amp; raspberries.<\/p>\n<p>You can personalise the label with the text of your choice in the comments when you finalise your order: happy birthday, happy anniversary, I love you, congratulations, etc. Every occasion is good for giving the best Belgian chocolate!<\/p>\n<p>Now, all your nearest and dearest can discover Dolfin!<\/p>\n<p>Contains 5 x 70g bars:<\/p>\n<ul>\n<li class=\"woocommerce-loop-product__title\">White chocolate with raspberries<\/li>\n<li class=\"woocommerce-loop-product__title\">Dark chocolate with 88% cocoa<\/li>\n<li class=\"woocommerce-loop-product__title\">Milk chocolate with salted butter caramel<\/li>\n<li class=\"woocommerce-loop-product__title\">Dark chocolate with candied oranges<\/li>\n<li class=\"woocommerce-loop-product__title\">Milk chocolate with Coffee<\/li>\n<\/ul>\n<p>These products contain <strong>milk<\/strong> and <strong>soya<\/strong>. They may contain traces of tree nuts, sesame, wheat and eggs.<\/p>\n","protected":false},"excerpt":{"rendered":"<p>Succumb to our mixed assortment, a perfect balance between different milk chocolates, dark chocolates and a white chocolate. It includes our most successful flavours: dark 88% cocoa, dark &amp; candied oranges, milk &amp; salted caramel, milk &amp; coffee and, finally, white chocolate &amp; raspberries.<\/p>\n<p>You can personalise the label with the text of your choice in the comments when you finalise your order: happy birthday, happy anniversary, I love you, congratulations, etc. Every occasion is good for giving the best Belgian chocolate!<\/p>\n<p>Now, all your nearest and dearest can discover Dolfin!<\/p>\n<p>&nbsp;<\/p>\n","protected":false},"featured_media":4893,"template":"","meta":{"_acf_changed":false,"_et_pb_use_builder":"","_et_pb_old_content":"","_et_gb_content_width":"","inline_featured_image":false},"product_brand":[],"product_cat":[386,314,491,476,326],"product_tag":[],"class_list":{"0":"post-7887","1":"product","2":"type-product","3":"status-publish","4":"has-post-thumbnail","6":"product_cat-boxes-sets","7":"product_cat-dolfin-collection","8":"product_cat-gift-sets","9":"product_cat-large-bars-70g","10":"product_cat-gift-box","12":"first","13":"instock","14":"shipping-taxable","15":"purchasable","16":"product-type-simple"},"acf":[],"yoast_head":"<!-- This site is optimized with the Yoast SEO plugin v27.4 - https:\/\/yoast.com\/product\/yoast-seo-wordpress\/ -->\n<title>Dolfin | Assortment of five mixed bars<\/title>\n<meta name=\"description\" content=\"Un \u00e9quilibre parfait : noir 88% cacao, noir &amp; oranges confites, lait &amp; caramel au beurre sal\u00e9, lait &amp; caf\u00e9, chocolat blanc &amp; framboises.\" \/>\n<meta name=\"robots\" content=\"index, follow, max-snippet:-1, max-image-preview:large, max-video-preview:-1\" \/>\n<link rel=\"canonical\" href=\"https:\/\/www.dolfin.be\/en\/product\/assortment-of-five-mixed-bars\/\" \/>\n<meta property=\"og:locale\" content=\"en_US\" \/>\n<meta property=\"og:type\" content=\"article\" \/>\n<meta property=\"og:title\" content=\"Dolfin | Assortment of five mixed bars\" \/>\n<meta property=\"og:description\" content=\"Un \u00e9quilibre parfait : noir 88% cacao, noir &amp; oranges confites, lait &amp; caramel au beurre sal\u00e9, lait &amp; caf\u00e9, chocolat blanc &amp; framboises.\" \/>\n<meta property=\"og:url\" content=\"https:\/\/www.dolfin.be\/en\/product\/assortment-of-five-mixed-bars\/\" \/>\n<meta property=\"og:site_name\" content=\"Dolfin\" \/>\n<meta property=\"article:modified_time\" content=\"2024-07-02T12:20:20+00:00\" \/>\n<meta property=\"og:image\" content=\"https:\/\/www.dolfin.be\/wp-content\/uploads\/2024\/02\/20220328_dolfin_6-1.jpg\" \/>\n\t<meta property=\"og:image:width\" content=\"1001\" \/>\n\t<meta property=\"og:image:height\" content=\"797\" \/>\n\t<meta property=\"og:image:type\" content=\"image\/jpeg\" \/>\n<meta name=\"twitter:card\" content=\"summary_large_image\" \/>\n<meta name=\"twitter:label1\" content=\"Est. reading time\" \/>\n\t<meta name=\"twitter:data1\" content=\"1 minute\" \/>\n<script type=\"application\/ld+json\" class=\"yoast-schema-graph\">{\"@context\":\"https:\\\/\\\/schema.org\",\"@graph\":[{\"@type\":\"WebPage\",\"@id\":\"https:\\\/\\\/www.dolfin.be\\\/en\\\/product\\\/assortment-of-five-mixed-bars\\\/\",\"url\":\"https:\\\/\\\/www.dolfin.be\\\/en\\\/product\\\/assortment-of-five-mixed-bars\\\/\",\"name\":\"Dolfin | Assortment of five mixed bars\",\"isPartOf\":{\"@id\":\"https:\\\/\\\/www.dolfin.be\\\/en\\\/#website\"},\"primaryImageOfPage\":{\"@id\":\"https:\\\/\\\/www.dolfin.be\\\/en\\\/product\\\/assortment-of-five-mixed-bars\\\/#primaryimage\"},\"image\":{\"@id\":\"https:\\\/\\\/www.dolfin.be\\\/en\\\/product\\\/assortment-of-five-mixed-bars\\\/#primaryimage\"},\"thumbnailUrl\":\"https:\\\/\\\/www.dolfin.be\\\/wp-content\\\/uploads\\\/2024\\\/02\\\/20220328_dolfin_6-1.jpg\",\"datePublished\":\"2022-04-04T11:07:25+00:00\",\"dateModified\":\"2024-07-02T12:20:20+00:00\",\"description\":\"Un \u00e9quilibre parfait : noir 88% cacao, noir & oranges confites, lait & caramel au beurre sal\u00e9, lait & caf\u00e9, chocolat blanc & framboises.\",\"breadcrumb\":{\"@id\":\"https:\\\/\\\/www.dolfin.be\\\/en\\\/product\\\/assortment-of-five-mixed-bars\\\/#breadcrumb\"},\"inLanguage\":\"en-US\",\"potentialAction\":[{\"@type\":\"ReadAction\",\"target\":[\"https:\\\/\\\/www.dolfin.be\\\/en\\\/product\\\/assortment-of-five-mixed-bars\\\/\"]}]},{\"@type\":\"ImageObject\",\"inLanguage\":\"en-US\",\"@id\":\"https:\\\/\\\/www.dolfin.be\\\/en\\\/product\\\/assortment-of-five-mixed-bars\\\/#primaryimage\",\"url\":\"https:\\\/\\\/www.dolfin.be\\\/wp-content\\\/uploads\\\/2024\\\/02\\\/20220328_dolfin_6-1.jpg\",\"contentUrl\":\"https:\\\/\\\/www.dolfin.be\\\/wp-content\\\/uploads\\\/2024\\\/02\\\/20220328_dolfin_6-1.jpg\",\"width\":1001,\"height\":797},{\"@type\":\"BreadcrumbList\",\"@id\":\"https:\\\/\\\/www.dolfin.be\\\/en\\\/product\\\/assortment-of-five-mixed-bars\\\/#breadcrumb\",\"itemListElement\":[{\"@type\":\"ListItem\",\"position\":1,\"name\":\"Accueil\",\"item\":\"https:\\\/\\\/www.dolfin.be\\\/en\\\/\"},{\"@type\":\"ListItem\",\"position\":2,\"name\":\"Our products\",\"item\":\"https:\\\/\\\/www.dolfin.be\\\/en\\\/our-products\\\/\"},{\"@type\":\"ListItem\",\"position\":3,\"name\":\"Assortment of five mixed bars\"}]},{\"@type\":\"WebSite\",\"@id\":\"https:\\\/\\\/www.dolfin.be\\\/en\\\/#website\",\"url\":\"https:\\\/\\\/www.dolfin.be\\\/en\\\/\",\"name\":\"Dolfin\",\"description\":\"\",\"potentialAction\":[{\"@type\":\"SearchAction\",\"target\":{\"@type\":\"EntryPoint\",\"urlTemplate\":\"https:\\\/\\\/www.dolfin.be\\\/en\\\/?s={search_term_string}\"},\"query-input\":{\"@type\":\"PropertyValueSpecification\",\"valueRequired\":true,\"valueName\":\"search_term_string\"}}],\"inLanguage\":\"en-US\"}]}<\/script>\n<!-- \/ Yoast SEO plugin. -->","yoast_head_json":{"title":"Dolfin | Assortment of five mixed bars","description":"Un \u00e9quilibre parfait : noir 88% cacao, noir & oranges confites, lait & caramel au beurre sal\u00e9, lait & caf\u00e9, chocolat blanc & framboises.","robots":{"index":"index","follow":"follow","max-snippet":"max-snippet:-1","max-image-preview":"max-image-preview:large","max-video-preview":"max-video-preview:-1"},"canonical":"https:\/\/www.dolfin.be\/en\/product\/assortment-of-five-mixed-bars\/","og_locale":"en_US","og_type":"article","og_title":"Dolfin | Assortment of five mixed bars","og_description":"Un \u00e9quilibre parfait : noir 88% cacao, noir & oranges confites, lait & caramel au beurre sal\u00e9, lait & caf\u00e9, chocolat blanc & framboises.","og_url":"https:\/\/www.dolfin.be\/en\/product\/assortment-of-five-mixed-bars\/","og_site_name":"Dolfin","article_modified_time":"2024-07-02T12:20:20+00:00","og_image":[{"width":1001,"height":797,"url":"https:\/\/www.dolfin.be\/wp-content\/uploads\/2024\/02\/20220328_dolfin_6-1.jpg","type":"image\/jpeg"}],"twitter_card":"summary_large_image","twitter_misc":{"Est. reading time":"1 minute"},"schema":{"@context":"https:\/\/schema.org","@graph":[{"@type":"WebPage","@id":"https:\/\/www.dolfin.be\/en\/product\/assortment-of-five-mixed-bars\/","url":"https:\/\/www.dolfin.be\/en\/product\/assortment-of-five-mixed-bars\/","name":"Dolfin | Assortment of five mixed bars","isPartOf":{"@id":"https:\/\/www.dolfin.be\/en\/#website"},"primaryImageOfPage":{"@id":"https:\/\/www.dolfin.be\/en\/product\/assortment-of-five-mixed-bars\/#primaryimage"},"image":{"@id":"https:\/\/www.dolfin.be\/en\/product\/assortment-of-five-mixed-bars\/#primaryimage"},"thumbnailUrl":"https:\/\/www.dolfin.be\/wp-content\/uploads\/2024\/02\/20220328_dolfin_6-1.jpg","datePublished":"2022-04-04T11:07:25+00:00","dateModified":"2024-07-02T12:20:20+00:00","description":"Un \u00e9quilibre parfait : noir 88% cacao, noir & oranges confites, lait & caramel au beurre sal\u00e9, lait & caf\u00e9, chocolat blanc & framboises.","breadcrumb":{"@id":"https:\/\/www.dolfin.be\/en\/product\/assortment-of-five-mixed-bars\/#breadcrumb"},"inLanguage":"en-US","potentialAction":[{"@type":"ReadAction","target":["https:\/\/www.dolfin.be\/en\/product\/assortment-of-five-mixed-bars\/"]}]},{"@type":"ImageObject","inLanguage":"en-US","@id":"https:\/\/www.dolfin.be\/en\/product\/assortment-of-five-mixed-bars\/#primaryimage","url":"https:\/\/www.dolfin.be\/wp-content\/uploads\/2024\/02\/20220328_dolfin_6-1.jpg","contentUrl":"https:\/\/www.dolfin.be\/wp-content\/uploads\/2024\/02\/20220328_dolfin_6-1.jpg","width":1001,"height":797},{"@type":"BreadcrumbList","@id":"https:\/\/www.dolfin.be\/en\/product\/assortment-of-five-mixed-bars\/#breadcrumb","itemListElement":[{"@type":"ListItem","position":1,"name":"Accueil","item":"https:\/\/www.dolfin.be\/en\/"},{"@type":"ListItem","position":2,"name":"Our products","item":"https:\/\/www.dolfin.be\/en\/our-products\/"},{"@type":"ListItem","position":3,"name":"Assortment of five mixed bars"}]},{"@type":"WebSite","@id":"https:\/\/www.dolfin.be\/en\/#website","url":"https:\/\/www.dolfin.be\/en\/","name":"Dolfin","description":"","potentialAction":[{"@type":"SearchAction","target":{"@type":"EntryPoint","urlTemplate":"https:\/\/www.dolfin.be\/en\/?s={search_term_string}"},"query-input":{"@type":"PropertyValueSpecification","valueRequired":true,"valueName":"search_term_string"}}],"inLanguage":"en-US"}]}},"_links":{"self":[{"href":"https:\/\/www.dolfin.be\/en\/wp-json\/wp\/v2\/product\/7887","targetHints":{"allow":["GET"]}}],"collection":[{"href":"https:\/\/www.dolfin.be\/en\/wp-json\/wp\/v2\/product"}],"about":[{"href":"https:\/\/www.dolfin.be\/en\/wp-json\/wp\/v2\/types\/product"}],"wp:featuredmedia":[{"embeddable":true,"href":"https:\/\/www.dolfin.be\/en\/wp-json\/wp\/v2\/media\/4893"}],"wp:attachment":[{"href":"https:\/\/www.dolfin.be\/en\/wp-json\/wp\/v2\/media?parent=7887"}],"wp:term":[{"taxonomy":"product_brand","embeddable":true,"href":"https:\/\/www.dolfin.be\/en\/wp-json\/wp\/v2\/product_brand?post=7887"},{"taxonomy":"product_cat","embeddable":true,"href":"https:\/\/www.dolfin.be\/en\/wp-json\/wp\/v2\/product_cat?post=7887"},{"taxonomy":"product_tag","embeddable":true,"href":"https:\/\/www.dolfin.be\/en\/wp-json\/wp\/v2\/product_tag?post=7887"}],"curies":[{"name":"wp","href":"https:\/\/api.w.org\/{rel}","templated":true}]}}