{"id":7886,"date":"2022-04-04T12:50:46","date_gmt":"2022-04-04T10:50:46","guid":{"rendered":"https:\/\/dolfin.poush-dev.be\/product\/assortment-of-five-dark-chocolate-bars\/"},"modified":"2024-07-02T15:31:27","modified_gmt":"2024-07-02T13:31:27","slug":"assortment-of-five-dark-chocolate-bars","status":"publish","type":"product","link":"https:\/\/www.dolfin.be\/en\/product\/assortment-of-five-dark-chocolate-bars\/","title":{"rendered":"Assortment of five dark chocolate bars"},"content":{"rendered":"<p>Attention all dark chocolate lovers! Find all our best sellers in this attractive, delicate assortment of bars. Discover our must-have flavours, such as 88% cocoa, 70% cocoa &amp; Gu\u00e9rande salt, candied oranges, pink pepper and roasted sesame.<\/p>\n<p>Make this gift even more unique by personalising the label with the text of your choice. To do this, go to the comments when finalising your order.<\/p>\n<p>A life without chocolate is a life without the essentials!<\/p>\n<p>Contains \u00a05 x 70g bars :<\/p>\n<ul>\n<li class=\"woocommerce-loop-product__title\">88% cocoa<\/li>\n<li class=\"woocommerce-loop-product__title\">70% cocoa &amp; Guerande salt<\/li>\n<li class=\"woocommerce-loop-product__title\">Candied oranges<\/li>\n<li class=\"woocommerce-loop-product__title\">Pink Peppercorns<\/li>\n<li class=\"woocommerce-loop-product__title\">Roasted sesame<\/li>\n<\/ul>\n<p>These products contain <strong>soya<\/strong> and <strong>sesame<\/strong>. They may contain traces of tree nuts, wheat, eggs and milk.<\/p>\n","protected":false},"excerpt":{"rendered":"<p>Attention all dark chocolate lovers! Find all our best sellers in this attractive, delicate assortment of bars. Discover our must-have flavours, such as 88% cocoa, 70% cocoa &amp; Gu\u00e9rande salt, candied oranges, pink pepper and roasted sesame.<\/p>\n<p>Make this gift even more unique by personalising the label with the text of your choice. To do this, go to the comments when finalising your order.<\/p>\n<p>A life without chocolate is a life without the essentials!<\/p>\n","protected":false},"featured_media":4880,"template":"","meta":{"_acf_changed":false,"_et_pb_use_builder":"","_et_pb_old_content":"","_et_gb_content_width":"","inline_featured_image":false},"product_brand":[],"product_cat":[386,314,491,476,326],"product_tag":[],"class_list":{"0":"post-7886","1":"product","2":"type-product","3":"status-publish","4":"has-post-thumbnail","6":"product_cat-boxes-sets","7":"product_cat-dolfin-collection","8":"product_cat-gift-sets","9":"product_cat-large-bars-70g","10":"product_cat-gift-box","12":"first","13":"instock","14":"shipping-taxable","15":"purchasable","16":"product-type-simple"},"acf":[],"yoast_head":"<!-- This site is optimized with the Yoast SEO plugin v27.4 - https:\/\/yoast.com\/product\/yoast-seo-wordpress\/ -->\n<title>Dolfin | Assortment of five dark chocolate bars<\/title>\n<meta name=\"description\" content=\"Ensemble de nos best sellers ; 88% cacao, 70% cacao &amp; sel de Gu\u00e9rande, oranges confites, poivre rose et s\u00e9same grill\u00e9.\" \/>\n<meta name=\"robots\" content=\"index, follow, max-snippet:-1, max-image-preview:large, max-video-preview:-1\" \/>\n<link rel=\"canonical\" href=\"https:\/\/www.dolfin.be\/en\/product\/assortment-of-five-dark-chocolate-bars\/\" \/>\n<meta property=\"og:locale\" content=\"en_US\" \/>\n<meta property=\"og:type\" content=\"article\" \/>\n<meta property=\"og:title\" content=\"Dolfin | Assortment of five dark chocolate bars\" \/>\n<meta property=\"og:description\" content=\"Ensemble de nos best sellers ; 88% cacao, 70% cacao &amp; sel de Gu\u00e9rande, oranges confites, poivre rose et s\u00e9same grill\u00e9.\" \/>\n<meta property=\"og:url\" content=\"https:\/\/www.dolfin.be\/en\/product\/assortment-of-five-dark-chocolate-bars\/\" \/>\n<meta property=\"og:site_name\" content=\"Dolfin\" \/>\n<meta property=\"article:modified_time\" content=\"2024-07-02T13:31:27+00:00\" \/>\n<meta property=\"og:image\" content=\"https:\/\/www.dolfin.be\/wp-content\/uploads\/2024\/02\/20220328_dolfin_4-1.jpg\" \/>\n\t<meta property=\"og:image:width\" content=\"1001\" \/>\n\t<meta property=\"og:image:height\" content=\"797\" \/>\n\t<meta property=\"og:image:type\" content=\"image\/jpeg\" \/>\n<meta name=\"twitter:card\" content=\"summary_large_image\" \/>\n<meta name=\"twitter:label1\" content=\"Est. reading time\" \/>\n\t<meta name=\"twitter:data1\" content=\"1 minute\" \/>\n<script type=\"application\/ld+json\" class=\"yoast-schema-graph\">{\"@context\":\"https:\\\/\\\/schema.org\",\"@graph\":[{\"@type\":\"WebPage\",\"@id\":\"https:\\\/\\\/www.dolfin.be\\\/en\\\/product\\\/assortment-of-five-dark-chocolate-bars\\\/\",\"url\":\"https:\\\/\\\/www.dolfin.be\\\/en\\\/product\\\/assortment-of-five-dark-chocolate-bars\\\/\",\"name\":\"Dolfin | Assortment of five dark chocolate bars\",\"isPartOf\":{\"@id\":\"https:\\\/\\\/www.dolfin.be\\\/en\\\/#website\"},\"primaryImageOfPage\":{\"@id\":\"https:\\\/\\\/www.dolfin.be\\\/en\\\/product\\\/assortment-of-five-dark-chocolate-bars\\\/#primaryimage\"},\"image\":{\"@id\":\"https:\\\/\\\/www.dolfin.be\\\/en\\\/product\\\/assortment-of-five-dark-chocolate-bars\\\/#primaryimage\"},\"thumbnailUrl\":\"https:\\\/\\\/www.dolfin.be\\\/wp-content\\\/uploads\\\/2024\\\/02\\\/20220328_dolfin_4-1.jpg\",\"datePublished\":\"2022-04-04T10:50:46+00:00\",\"dateModified\":\"2024-07-02T13:31:27+00:00\",\"description\":\"Ensemble de nos best sellers ; 88% cacao, 70% cacao & sel de Gu\u00e9rande, oranges confites, poivre rose et s\u00e9same grill\u00e9.\",\"breadcrumb\":{\"@id\":\"https:\\\/\\\/www.dolfin.be\\\/en\\\/product\\\/assortment-of-five-dark-chocolate-bars\\\/#breadcrumb\"},\"inLanguage\":\"en-US\",\"potentialAction\":[{\"@type\":\"ReadAction\",\"target\":[\"https:\\\/\\\/www.dolfin.be\\\/en\\\/product\\\/assortment-of-five-dark-chocolate-bars\\\/\"]}]},{\"@type\":\"ImageObject\",\"inLanguage\":\"en-US\",\"@id\":\"https:\\\/\\\/www.dolfin.be\\\/en\\\/product\\\/assortment-of-five-dark-chocolate-bars\\\/#primaryimage\",\"url\":\"https:\\\/\\\/www.dolfin.be\\\/wp-content\\\/uploads\\\/2024\\\/02\\\/20220328_dolfin_4-1.jpg\",\"contentUrl\":\"https:\\\/\\\/www.dolfin.be\\\/wp-content\\\/uploads\\\/2024\\\/02\\\/20220328_dolfin_4-1.jpg\",\"width\":1001,\"height\":797},{\"@type\":\"BreadcrumbList\",\"@id\":\"https:\\\/\\\/www.dolfin.be\\\/en\\\/product\\\/assortment-of-five-dark-chocolate-bars\\\/#breadcrumb\",\"itemListElement\":[{\"@type\":\"ListItem\",\"position\":1,\"name\":\"Accueil\",\"item\":\"https:\\\/\\\/www.dolfin.be\\\/en\\\/\"},{\"@type\":\"ListItem\",\"position\":2,\"name\":\"Our products\",\"item\":\"https:\\\/\\\/www.dolfin.be\\\/en\\\/our-products\\\/\"},{\"@type\":\"ListItem\",\"position\":3,\"name\":\"Assortment of five dark chocolate bars\"}]},{\"@type\":\"WebSite\",\"@id\":\"https:\\\/\\\/www.dolfin.be\\\/en\\\/#website\",\"url\":\"https:\\\/\\\/www.dolfin.be\\\/en\\\/\",\"name\":\"Dolfin\",\"description\":\"\",\"potentialAction\":[{\"@type\":\"SearchAction\",\"target\":{\"@type\":\"EntryPoint\",\"urlTemplate\":\"https:\\\/\\\/www.dolfin.be\\\/en\\\/?s={search_term_string}\"},\"query-input\":{\"@type\":\"PropertyValueSpecification\",\"valueRequired\":true,\"valueName\":\"search_term_string\"}}],\"inLanguage\":\"en-US\"}]}<\/script>\n<!-- \/ Yoast SEO plugin. -->","yoast_head_json":{"title":"Dolfin | Assortment of five dark chocolate bars","description":"Ensemble de nos best sellers ; 88% cacao, 70% cacao & sel de Gu\u00e9rande, oranges confites, poivre rose et s\u00e9same grill\u00e9.","robots":{"index":"index","follow":"follow","max-snippet":"max-snippet:-1","max-image-preview":"max-image-preview:large","max-video-preview":"max-video-preview:-1"},"canonical":"https:\/\/www.dolfin.be\/en\/product\/assortment-of-five-dark-chocolate-bars\/","og_locale":"en_US","og_type":"article","og_title":"Dolfin | Assortment of five dark chocolate bars","og_description":"Ensemble de nos best sellers ; 88% cacao, 70% cacao & sel de Gu\u00e9rande, oranges confites, poivre rose et s\u00e9same grill\u00e9.","og_url":"https:\/\/www.dolfin.be\/en\/product\/assortment-of-five-dark-chocolate-bars\/","og_site_name":"Dolfin","article_modified_time":"2024-07-02T13:31:27+00:00","og_image":[{"width":1001,"height":797,"url":"https:\/\/www.dolfin.be\/wp-content\/uploads\/2024\/02\/20220328_dolfin_4-1.jpg","type":"image\/jpeg"}],"twitter_card":"summary_large_image","twitter_misc":{"Est. reading time":"1 minute"},"schema":{"@context":"https:\/\/schema.org","@graph":[{"@type":"WebPage","@id":"https:\/\/www.dolfin.be\/en\/product\/assortment-of-five-dark-chocolate-bars\/","url":"https:\/\/www.dolfin.be\/en\/product\/assortment-of-five-dark-chocolate-bars\/","name":"Dolfin | Assortment of five dark chocolate bars","isPartOf":{"@id":"https:\/\/www.dolfin.be\/en\/#website"},"primaryImageOfPage":{"@id":"https:\/\/www.dolfin.be\/en\/product\/assortment-of-five-dark-chocolate-bars\/#primaryimage"},"image":{"@id":"https:\/\/www.dolfin.be\/en\/product\/assortment-of-five-dark-chocolate-bars\/#primaryimage"},"thumbnailUrl":"https:\/\/www.dolfin.be\/wp-content\/uploads\/2024\/02\/20220328_dolfin_4-1.jpg","datePublished":"2022-04-04T10:50:46+00:00","dateModified":"2024-07-02T13:31:27+00:00","description":"Ensemble de nos best sellers ; 88% cacao, 70% cacao & sel de Gu\u00e9rande, oranges confites, poivre rose et s\u00e9same grill\u00e9.","breadcrumb":{"@id":"https:\/\/www.dolfin.be\/en\/product\/assortment-of-five-dark-chocolate-bars\/#breadcrumb"},"inLanguage":"en-US","potentialAction":[{"@type":"ReadAction","target":["https:\/\/www.dolfin.be\/en\/product\/assortment-of-five-dark-chocolate-bars\/"]}]},{"@type":"ImageObject","inLanguage":"en-US","@id":"https:\/\/www.dolfin.be\/en\/product\/assortment-of-five-dark-chocolate-bars\/#primaryimage","url":"https:\/\/www.dolfin.be\/wp-content\/uploads\/2024\/02\/20220328_dolfin_4-1.jpg","contentUrl":"https:\/\/www.dolfin.be\/wp-content\/uploads\/2024\/02\/20220328_dolfin_4-1.jpg","width":1001,"height":797},{"@type":"BreadcrumbList","@id":"https:\/\/www.dolfin.be\/en\/product\/assortment-of-five-dark-chocolate-bars\/#breadcrumb","itemListElement":[{"@type":"ListItem","position":1,"name":"Accueil","item":"https:\/\/www.dolfin.be\/en\/"},{"@type":"ListItem","position":2,"name":"Our products","item":"https:\/\/www.dolfin.be\/en\/our-products\/"},{"@type":"ListItem","position":3,"name":"Assortment of five dark chocolate bars"}]},{"@type":"WebSite","@id":"https:\/\/www.dolfin.be\/en\/#website","url":"https:\/\/www.dolfin.be\/en\/","name":"Dolfin","description":"","potentialAction":[{"@type":"SearchAction","target":{"@type":"EntryPoint","urlTemplate":"https:\/\/www.dolfin.be\/en\/?s={search_term_string}"},"query-input":{"@type":"PropertyValueSpecification","valueRequired":true,"valueName":"search_term_string"}}],"inLanguage":"en-US"}]}},"_links":{"self":[{"href":"https:\/\/www.dolfin.be\/en\/wp-json\/wp\/v2\/product\/7886","targetHints":{"allow":["GET"]}}],"collection":[{"href":"https:\/\/www.dolfin.be\/en\/wp-json\/wp\/v2\/product"}],"about":[{"href":"https:\/\/www.dolfin.be\/en\/wp-json\/wp\/v2\/types\/product"}],"wp:featuredmedia":[{"embeddable":true,"href":"https:\/\/www.dolfin.be\/en\/wp-json\/wp\/v2\/media\/4880"}],"wp:attachment":[{"href":"https:\/\/www.dolfin.be\/en\/wp-json\/wp\/v2\/media?parent=7886"}],"wp:term":[{"taxonomy":"product_brand","embeddable":true,"href":"https:\/\/www.dolfin.be\/en\/wp-json\/wp\/v2\/product_brand?post=7886"},{"taxonomy":"product_cat","embeddable":true,"href":"https:\/\/www.dolfin.be\/en\/wp-json\/wp\/v2\/product_cat?post=7886"},{"taxonomy":"product_tag","embeddable":true,"href":"https:\/\/www.dolfin.be\/en\/wp-json\/wp\/v2\/product_tag?post=7886"}],"curies":[{"name":"wp","href":"https:\/\/api.w.org\/{rel}","templated":true}]}}