{"id":7884,"date":"2022-04-04T10:51:37","date_gmt":"2022-04-04T08:51:37","guid":{"rendered":"https:\/\/dolfin.poush-dev.be\/product\/le-chat-assortment\/"},"modified":"2025-10-20T16:18:35","modified_gmt":"2025-10-20T14:18:35","slug":"le-chat-assortment","status":"publish","type":"product","link":"https:\/\/www.dolfin.be\/en\/product\/le-chat-assortment\/","title":{"rendered":"LE CHAT assortment"},"content":{"rendered":"<p>A beautiful box for all fans of chocolate and Le Chat comics!<\/p>\n<p>An emblematic Belgian figure created by Philippe Geluck, Le Chat has successfully joined forces with the best Belgian chocolate to offer you products with irresistible flavours.<\/p>\n<p>You&#8217;ll definitely be licking your lips&#8230;<\/p>\n<p>It contains :<\/p>\n<ul>\n<li>2 bars 70g : milk &amp; s<span style=\"font-size: 16px;\"><span style=\"font-size: 16px;\">alted butter caramel and dark \u00a0<span style=\"font-size: 16px;\">70% &amp; Guerande salt<\/span><\/span><\/span><\/li>\n<li>2 bars 30g : milk &amp; s<span style=\"font-size: 16px;\"><span style=\"font-size: 16px;\">peculoos and dark &amp; r<\/span><\/span><span style=\"font-size: 16px;\">oasted almonds<\/span><\/li>\n<li>32 assorted chocolate squares with dark chocolate<\/li>\n<li class=\"woocommerce-loop-product__title\">Caramels \u2013 dark chocolate &amp; roasted pistachios<\/li>\n<li class=\"woocommerce-loop-product__title\">Assortment of 10 mini milk chocolate bars<\/li>\n<\/ul>\n<p>These products contain <strong>milk<\/strong>, <strong>soya<\/strong>\u00a0and\u00a0<strong>wheat<\/strong>.\u00a0They may contain traces of tree nuts, sulphites, sesame and eggs.<\/p>\n<p>&nbsp;<\/p>\n","protected":false},"excerpt":{"rendered":"<p>A beautiful box for all fans of chocolate and Le Chat comics!<\/p>\n<p>An emblematic Belgian figure created by Philippe Geluck, Le Chat has successfully joined forces with the best Belgian chocolate to offer you products with irresistible flavours.<\/p>\n<p>You&#8217;ll definitely be licking your lips&#8230;<\/p>\n","protected":false},"featured_media":4857,"template":"","meta":{"_acf_changed":false,"_et_pb_use_builder":"","_et_pb_old_content":"","_et_gb_content_width":"","inline_featured_image":false},"product_brand":[],"product_cat":[484,491,361,326],"product_tag":[],"class_list":{"0":"post-7884","1":"product","2":"type-product","3":"status-publish","4":"has-post-thumbnail","6":"product_cat-assortments-en","7":"product_cat-gift-sets","8":"product_cat-le-chat-chocolate","9":"product_cat-gift-box","11":"first","12":"instock","13":"shipping-taxable","14":"purchasable","15":"product-type-simple"},"acf":[],"yoast_head":"<!-- This site is optimized with the Yoast SEO plugin v27.4 - https:\/\/yoast.com\/product\/yoast-seo-wordpress\/ -->\n<title>Dolfin | LE CHAT assortment<\/title>\n<meta name=\"description\" content=\"Coffret \u00e0 offrir \u00e0 tous les fans de chocolat et de BD du Chat. Du chocolat \u00e0 s\u2019en l\u00e9cher les babines.\" \/>\n<meta name=\"robots\" content=\"index, follow, max-snippet:-1, max-image-preview:large, max-video-preview:-1\" \/>\n<link rel=\"canonical\" href=\"https:\/\/www.dolfin.be\/en\/product\/le-chat-assortment\/\" \/>\n<meta property=\"og:locale\" content=\"en_US\" \/>\n<meta property=\"og:type\" content=\"article\" \/>\n<meta property=\"og:title\" content=\"Dolfin | LE CHAT assortment\" \/>\n<meta property=\"og:description\" content=\"Coffret \u00e0 offrir \u00e0 tous les fans de chocolat et de BD du Chat. Du chocolat \u00e0 s\u2019en l\u00e9cher les babines.\" \/>\n<meta property=\"og:url\" content=\"https:\/\/www.dolfin.be\/en\/product\/le-chat-assortment\/\" \/>\n<meta property=\"og:site_name\" content=\"Dolfin\" \/>\n<meta property=\"article:modified_time\" content=\"2025-10-20T14:18:35+00:00\" \/>\n<meta property=\"og:image\" content=\"https:\/\/www.dolfin.be\/wp-content\/uploads\/2024\/02\/20220328_dolfin_7-2.jpg\" \/>\n\t<meta property=\"og:image:width\" content=\"1001\" \/>\n\t<meta property=\"og:image:height\" content=\"649\" \/>\n\t<meta property=\"og:image:type\" content=\"image\/jpeg\" \/>\n<meta name=\"twitter:card\" content=\"summary_large_image\" \/>\n<meta name=\"twitter:label1\" content=\"Est. reading time\" \/>\n\t<meta name=\"twitter:data1\" content=\"1 minute\" \/>\n<script type=\"application\/ld+json\" class=\"yoast-schema-graph\">{\"@context\":\"https:\\\/\\\/schema.org\",\"@graph\":[{\"@type\":\"WebPage\",\"@id\":\"https:\\\/\\\/www.dolfin.be\\\/en\\\/product\\\/le-chat-assortment\\\/\",\"url\":\"https:\\\/\\\/www.dolfin.be\\\/en\\\/product\\\/le-chat-assortment\\\/\",\"name\":\"Dolfin | LE CHAT assortment\",\"isPartOf\":{\"@id\":\"https:\\\/\\\/www.dolfin.be\\\/en\\\/#website\"},\"primaryImageOfPage\":{\"@id\":\"https:\\\/\\\/www.dolfin.be\\\/en\\\/product\\\/le-chat-assortment\\\/#primaryimage\"},\"image\":{\"@id\":\"https:\\\/\\\/www.dolfin.be\\\/en\\\/product\\\/le-chat-assortment\\\/#primaryimage\"},\"thumbnailUrl\":\"https:\\\/\\\/www.dolfin.be\\\/wp-content\\\/uploads\\\/2024\\\/02\\\/20220328_dolfin_7-2.jpg\",\"datePublished\":\"2022-04-04T08:51:37+00:00\",\"dateModified\":\"2025-10-20T14:18:35+00:00\",\"description\":\"Coffret \u00e0 offrir \u00e0 tous les fans de chocolat et de BD du Chat. Du chocolat \u00e0 s\u2019en l\u00e9cher les babines.\",\"breadcrumb\":{\"@id\":\"https:\\\/\\\/www.dolfin.be\\\/en\\\/product\\\/le-chat-assortment\\\/#breadcrumb\"},\"inLanguage\":\"en-US\",\"potentialAction\":[{\"@type\":\"ReadAction\",\"target\":[\"https:\\\/\\\/www.dolfin.be\\\/en\\\/product\\\/le-chat-assortment\\\/\"]}]},{\"@type\":\"ImageObject\",\"inLanguage\":\"en-US\",\"@id\":\"https:\\\/\\\/www.dolfin.be\\\/en\\\/product\\\/le-chat-assortment\\\/#primaryimage\",\"url\":\"https:\\\/\\\/www.dolfin.be\\\/wp-content\\\/uploads\\\/2024\\\/02\\\/20220328_dolfin_7-2.jpg\",\"contentUrl\":\"https:\\\/\\\/www.dolfin.be\\\/wp-content\\\/uploads\\\/2024\\\/02\\\/20220328_dolfin_7-2.jpg\",\"width\":1001,\"height\":649},{\"@type\":\"BreadcrumbList\",\"@id\":\"https:\\\/\\\/www.dolfin.be\\\/en\\\/product\\\/le-chat-assortment\\\/#breadcrumb\",\"itemListElement\":[{\"@type\":\"ListItem\",\"position\":1,\"name\":\"Accueil\",\"item\":\"https:\\\/\\\/www.dolfin.be\\\/en\\\/\"},{\"@type\":\"ListItem\",\"position\":2,\"name\":\"Our products\",\"item\":\"https:\\\/\\\/www.dolfin.be\\\/en\\\/our-products\\\/\"},{\"@type\":\"ListItem\",\"position\":3,\"name\":\"LE CHAT assortment\"}]},{\"@type\":\"WebSite\",\"@id\":\"https:\\\/\\\/www.dolfin.be\\\/en\\\/#website\",\"url\":\"https:\\\/\\\/www.dolfin.be\\\/en\\\/\",\"name\":\"Dolfin\",\"description\":\"\",\"potentialAction\":[{\"@type\":\"SearchAction\",\"target\":{\"@type\":\"EntryPoint\",\"urlTemplate\":\"https:\\\/\\\/www.dolfin.be\\\/en\\\/?s={search_term_string}\"},\"query-input\":{\"@type\":\"PropertyValueSpecification\",\"valueRequired\":true,\"valueName\":\"search_term_string\"}}],\"inLanguage\":\"en-US\"}]}<\/script>\n<!-- \/ Yoast SEO plugin. -->","yoast_head_json":{"title":"Dolfin | LE CHAT assortment","description":"Coffret \u00e0 offrir \u00e0 tous les fans de chocolat et de BD du Chat. Du chocolat \u00e0 s\u2019en l\u00e9cher les babines.","robots":{"index":"index","follow":"follow","max-snippet":"max-snippet:-1","max-image-preview":"max-image-preview:large","max-video-preview":"max-video-preview:-1"},"canonical":"https:\/\/www.dolfin.be\/en\/product\/le-chat-assortment\/","og_locale":"en_US","og_type":"article","og_title":"Dolfin | LE CHAT assortment","og_description":"Coffret \u00e0 offrir \u00e0 tous les fans de chocolat et de BD du Chat. Du chocolat \u00e0 s\u2019en l\u00e9cher les babines.","og_url":"https:\/\/www.dolfin.be\/en\/product\/le-chat-assortment\/","og_site_name":"Dolfin","article_modified_time":"2025-10-20T14:18:35+00:00","og_image":[{"width":1001,"height":649,"url":"https:\/\/www.dolfin.be\/wp-content\/uploads\/2024\/02\/20220328_dolfin_7-2.jpg","type":"image\/jpeg"}],"twitter_card":"summary_large_image","twitter_misc":{"Est. reading time":"1 minute"},"schema":{"@context":"https:\/\/schema.org","@graph":[{"@type":"WebPage","@id":"https:\/\/www.dolfin.be\/en\/product\/le-chat-assortment\/","url":"https:\/\/www.dolfin.be\/en\/product\/le-chat-assortment\/","name":"Dolfin | LE CHAT assortment","isPartOf":{"@id":"https:\/\/www.dolfin.be\/en\/#website"},"primaryImageOfPage":{"@id":"https:\/\/www.dolfin.be\/en\/product\/le-chat-assortment\/#primaryimage"},"image":{"@id":"https:\/\/www.dolfin.be\/en\/product\/le-chat-assortment\/#primaryimage"},"thumbnailUrl":"https:\/\/www.dolfin.be\/wp-content\/uploads\/2024\/02\/20220328_dolfin_7-2.jpg","datePublished":"2022-04-04T08:51:37+00:00","dateModified":"2025-10-20T14:18:35+00:00","description":"Coffret \u00e0 offrir \u00e0 tous les fans de chocolat et de BD du Chat. Du chocolat \u00e0 s\u2019en l\u00e9cher les babines.","breadcrumb":{"@id":"https:\/\/www.dolfin.be\/en\/product\/le-chat-assortment\/#breadcrumb"},"inLanguage":"en-US","potentialAction":[{"@type":"ReadAction","target":["https:\/\/www.dolfin.be\/en\/product\/le-chat-assortment\/"]}]},{"@type":"ImageObject","inLanguage":"en-US","@id":"https:\/\/www.dolfin.be\/en\/product\/le-chat-assortment\/#primaryimage","url":"https:\/\/www.dolfin.be\/wp-content\/uploads\/2024\/02\/20220328_dolfin_7-2.jpg","contentUrl":"https:\/\/www.dolfin.be\/wp-content\/uploads\/2024\/02\/20220328_dolfin_7-2.jpg","width":1001,"height":649},{"@type":"BreadcrumbList","@id":"https:\/\/www.dolfin.be\/en\/product\/le-chat-assortment\/#breadcrumb","itemListElement":[{"@type":"ListItem","position":1,"name":"Accueil","item":"https:\/\/www.dolfin.be\/en\/"},{"@type":"ListItem","position":2,"name":"Our products","item":"https:\/\/www.dolfin.be\/en\/our-products\/"},{"@type":"ListItem","position":3,"name":"LE CHAT assortment"}]},{"@type":"WebSite","@id":"https:\/\/www.dolfin.be\/en\/#website","url":"https:\/\/www.dolfin.be\/en\/","name":"Dolfin","description":"","potentialAction":[{"@type":"SearchAction","target":{"@type":"EntryPoint","urlTemplate":"https:\/\/www.dolfin.be\/en\/?s={search_term_string}"},"query-input":{"@type":"PropertyValueSpecification","valueRequired":true,"valueName":"search_term_string"}}],"inLanguage":"en-US"}]}},"_links":{"self":[{"href":"https:\/\/www.dolfin.be\/en\/wp-json\/wp\/v2\/product\/7884","targetHints":{"allow":["GET"]}}],"collection":[{"href":"https:\/\/www.dolfin.be\/en\/wp-json\/wp\/v2\/product"}],"about":[{"href":"https:\/\/www.dolfin.be\/en\/wp-json\/wp\/v2\/types\/product"}],"wp:featuredmedia":[{"embeddable":true,"href":"https:\/\/www.dolfin.be\/en\/wp-json\/wp\/v2\/media\/4857"}],"wp:attachment":[{"href":"https:\/\/www.dolfin.be\/en\/wp-json\/wp\/v2\/media?parent=7884"}],"wp:term":[{"taxonomy":"product_brand","embeddable":true,"href":"https:\/\/www.dolfin.be\/en\/wp-json\/wp\/v2\/product_brand?post=7884"},{"taxonomy":"product_cat","embeddable":true,"href":"https:\/\/www.dolfin.be\/en\/wp-json\/wp\/v2\/product_cat?post=7884"},{"taxonomy":"product_tag","embeddable":true,"href":"https:\/\/www.dolfin.be\/en\/wp-json\/wp\/v2\/product_tag?post=7884"}],"curies":[{"name":"wp","href":"https:\/\/api.w.org\/{rel}","templated":true}]}}