{"id":31772,"date":"2026-02-10T11:26:48","date_gmt":"2026-02-10T10:26:48","guid":{"rendered":"https:\/\/www.dolfin.be\/product\/oranges-summer-vintage-collection\/"},"modified":"2026-02-10T12:18:27","modified_gmt":"2026-02-10T11:18:27","slug":"oranges-vintage-summer-collection","status":"publish","type":"product","link":"https:\/\/www.dolfin.be\/en\/product\/oranges-vintage-summer-collection\/","title":{"rendered":"Oranges &#8211; Vintage Summer Collection"},"content":{"rendered":"<p>Along a winding road by the sea, the intensity of dark chocolate meets the fresh, zesty notes of orange. A vibrant, sunlit balance inspired by Mediterranean landscapes and summer escapes.<\/p>\n<p><strong>Ingr\u00e9dients<\/strong> : Pa\u0302te de cacao, sucre, orange confite 3,6% (orange, sucre, sirop de glucose), beurre de cacao, \u00e9mulsifiant : l\u00e9cithine de soja, ar\u00f4mes naturels de vanille et d&#8217;orange. Cacao : 60% minimum. Peut contenir des fruits \u00e0 coque, des oeufs, du lait, du gluten et du s\u00e9same.<\/p>\n","protected":false},"excerpt":{"rendered":"<p>Dark Chocolate &#8211; Oranges<\/p>\n<p>Along a winding road by the sea, the intensity of dark chocolate meets the fresh, zesty notes of orange. A vibrant, sunlit balance inspired by Mediterranean landscapes and summer escapes.<\/p>\n","protected":false},"featured_media":31761,"template":"","meta":{"_acf_changed":false,"_et_pb_use_builder":"","_et_pb_old_content":"","_et_gb_content_width":"","inline_featured_image":false},"product_brand":[],"product_cat":[595],"product_tag":[],"class_list":{"0":"post-31772","1":"product","2":"type-product","3":"status-publish","4":"has-post-thumbnail","6":"product_cat-vintage-collection-en","8":"first","9":"instock","10":"shipping-taxable","11":"purchasable","12":"product-type-simple"},"acf":[],"yoast_head":"<!-- This site is optimized with the Yoast SEO plugin v27.5 - https:\/\/yoast.com\/product\/yoast-seo-wordpress\/ -->\n<title>Oranges - Vintage Summer Collection | Dolfin<\/title>\n<meta name=\"description\" content=\"Along a winding road by the sea, the intensity of dark chocolate meets the fresh, zesty notes of orange. A vibrant, sunlit balance inspired by Mediterranean landscapes and summer escapes.\" \/>\n<meta name=\"robots\" content=\"index, follow, max-snippet:-1, max-image-preview:large, max-video-preview:-1\" \/>\n<link rel=\"canonical\" href=\"https:\/\/www.dolfin.be\/en\/product\/oranges-vintage-summer-collection\/\" \/>\n<meta property=\"og:locale\" content=\"en_US\" \/>\n<meta property=\"og:type\" content=\"article\" \/>\n<meta property=\"og:title\" content=\"Oranges - Vintage Summer Collection | Dolfin\" \/>\n<meta property=\"og:description\" content=\"Along a winding road by the sea, the intensity of dark chocolate meets the fresh, zesty notes of orange. A vibrant, sunlit balance inspired by Mediterranean landscapes and summer escapes.\" \/>\n<meta property=\"og:url\" content=\"https:\/\/www.dolfin.be\/en\/product\/oranges-vintage-summer-collection\/\" \/>\n<meta property=\"og:site_name\" content=\"Dolfin\" \/>\n<meta property=\"article:modified_time\" content=\"2026-02-10T11:18:27+00:00\" \/>\n<meta property=\"og:image\" content=\"https:\/\/www.dolfin.be\/wp-content\/uploads\/2026\/02\/Tablette-Summer-Vintage-Dark-oranges_front_lr.jpg\" \/>\n\t<meta property=\"og:image:width\" content=\"1200\" \/>\n\t<meta property=\"og:image:height\" content=\"1200\" \/>\n\t<meta property=\"og:image:type\" content=\"image\/jpeg\" \/>\n<meta name=\"twitter:card\" content=\"summary_large_image\" \/>\n<meta name=\"twitter:label1\" content=\"Est. reading time\" \/>\n\t<meta name=\"twitter:data1\" content=\"1 minute\" \/>\n<script type=\"application\/ld+json\" class=\"yoast-schema-graph\">{\"@context\":\"https:\\\/\\\/schema.org\",\"@graph\":[{\"@type\":\"WebPage\",\"@id\":\"https:\\\/\\\/www.dolfin.be\\\/en\\\/product\\\/oranges-vintage-summer-collection\\\/\",\"url\":\"https:\\\/\\\/www.dolfin.be\\\/en\\\/product\\\/oranges-vintage-summer-collection\\\/\",\"name\":\"Oranges - Vintage Summer Collection | Dolfin\",\"isPartOf\":{\"@id\":\"https:\\\/\\\/www.dolfin.be\\\/en\\\/#website\"},\"primaryImageOfPage\":{\"@id\":\"https:\\\/\\\/www.dolfin.be\\\/en\\\/product\\\/oranges-vintage-summer-collection\\\/#primaryimage\"},\"image\":{\"@id\":\"https:\\\/\\\/www.dolfin.be\\\/en\\\/product\\\/oranges-vintage-summer-collection\\\/#primaryimage\"},\"thumbnailUrl\":\"https:\\\/\\\/www.dolfin.be\\\/wp-content\\\/uploads\\\/2026\\\/02\\\/Tablette-Summer-Vintage-Dark-oranges_front_lr.jpg\",\"datePublished\":\"2026-02-10T10:26:48+00:00\",\"dateModified\":\"2026-02-10T11:18:27+00:00\",\"description\":\"Along a winding road by the sea, the intensity of dark chocolate meets the fresh, zesty notes of orange. A vibrant, sunlit balance inspired by Mediterranean landscapes and summer escapes.\",\"breadcrumb\":{\"@id\":\"https:\\\/\\\/www.dolfin.be\\\/en\\\/product\\\/oranges-vintage-summer-collection\\\/#breadcrumb\"},\"inLanguage\":\"en-US\",\"potentialAction\":[{\"@type\":\"ReadAction\",\"target\":[\"https:\\\/\\\/www.dolfin.be\\\/en\\\/product\\\/oranges-vintage-summer-collection\\\/\"]}]},{\"@type\":\"ImageObject\",\"inLanguage\":\"en-US\",\"@id\":\"https:\\\/\\\/www.dolfin.be\\\/en\\\/product\\\/oranges-vintage-summer-collection\\\/#primaryimage\",\"url\":\"https:\\\/\\\/www.dolfin.be\\\/wp-content\\\/uploads\\\/2026\\\/02\\\/Tablette-Summer-Vintage-Dark-oranges_front_lr.jpg\",\"contentUrl\":\"https:\\\/\\\/www.dolfin.be\\\/wp-content\\\/uploads\\\/2026\\\/02\\\/Tablette-Summer-Vintage-Dark-oranges_front_lr.jpg\",\"width\":1200,\"height\":1200},{\"@type\":\"BreadcrumbList\",\"@id\":\"https:\\\/\\\/www.dolfin.be\\\/en\\\/product\\\/oranges-vintage-summer-collection\\\/#breadcrumb\",\"itemListElement\":[{\"@type\":\"ListItem\",\"position\":1,\"name\":\"Accueil\",\"item\":\"https:\\\/\\\/www.dolfin.be\\\/en\\\/\"},{\"@type\":\"ListItem\",\"position\":2,\"name\":\"Our products\",\"item\":\"https:\\\/\\\/www.dolfin.be\\\/en\\\/our-products\\\/\"},{\"@type\":\"ListItem\",\"position\":3,\"name\":\"Oranges &#8211; Vintage Summer Collection\"}]},{\"@type\":\"WebSite\",\"@id\":\"https:\\\/\\\/www.dolfin.be\\\/en\\\/#website\",\"url\":\"https:\\\/\\\/www.dolfin.be\\\/en\\\/\",\"name\":\"Dolfin\",\"description\":\"\",\"potentialAction\":[{\"@type\":\"SearchAction\",\"target\":{\"@type\":\"EntryPoint\",\"urlTemplate\":\"https:\\\/\\\/www.dolfin.be\\\/en\\\/?s={search_term_string}\"},\"query-input\":{\"@type\":\"PropertyValueSpecification\",\"valueRequired\":true,\"valueName\":\"search_term_string\"}}],\"inLanguage\":\"en-US\"}]}<\/script>\n<!-- \/ Yoast SEO plugin. -->","yoast_head_json":{"title":"Oranges - Vintage Summer Collection | Dolfin","description":"Along a winding road by the sea, the intensity of dark chocolate meets the fresh, zesty notes of orange. A vibrant, sunlit balance inspired by Mediterranean landscapes and summer escapes.","robots":{"index":"index","follow":"follow","max-snippet":"max-snippet:-1","max-image-preview":"max-image-preview:large","max-video-preview":"max-video-preview:-1"},"canonical":"https:\/\/www.dolfin.be\/en\/product\/oranges-vintage-summer-collection\/","og_locale":"en_US","og_type":"article","og_title":"Oranges - Vintage Summer Collection | Dolfin","og_description":"Along a winding road by the sea, the intensity of dark chocolate meets the fresh, zesty notes of orange. A vibrant, sunlit balance inspired by Mediterranean landscapes and summer escapes.","og_url":"https:\/\/www.dolfin.be\/en\/product\/oranges-vintage-summer-collection\/","og_site_name":"Dolfin","article_modified_time":"2026-02-10T11:18:27+00:00","og_image":[{"width":1200,"height":1200,"url":"https:\/\/www.dolfin.be\/wp-content\/uploads\/2026\/02\/Tablette-Summer-Vintage-Dark-oranges_front_lr.jpg","type":"image\/jpeg"}],"twitter_card":"summary_large_image","twitter_misc":{"Est. reading time":"1 minute"},"schema":{"@context":"https:\/\/schema.org","@graph":[{"@type":"WebPage","@id":"https:\/\/www.dolfin.be\/en\/product\/oranges-vintage-summer-collection\/","url":"https:\/\/www.dolfin.be\/en\/product\/oranges-vintage-summer-collection\/","name":"Oranges - Vintage Summer Collection | Dolfin","isPartOf":{"@id":"https:\/\/www.dolfin.be\/en\/#website"},"primaryImageOfPage":{"@id":"https:\/\/www.dolfin.be\/en\/product\/oranges-vintage-summer-collection\/#primaryimage"},"image":{"@id":"https:\/\/www.dolfin.be\/en\/product\/oranges-vintage-summer-collection\/#primaryimage"},"thumbnailUrl":"https:\/\/www.dolfin.be\/wp-content\/uploads\/2026\/02\/Tablette-Summer-Vintage-Dark-oranges_front_lr.jpg","datePublished":"2026-02-10T10:26:48+00:00","dateModified":"2026-02-10T11:18:27+00:00","description":"Along a winding road by the sea, the intensity of dark chocolate meets the fresh, zesty notes of orange. A vibrant, sunlit balance inspired by Mediterranean landscapes and summer escapes.","breadcrumb":{"@id":"https:\/\/www.dolfin.be\/en\/product\/oranges-vintage-summer-collection\/#breadcrumb"},"inLanguage":"en-US","potentialAction":[{"@type":"ReadAction","target":["https:\/\/www.dolfin.be\/en\/product\/oranges-vintage-summer-collection\/"]}]},{"@type":"ImageObject","inLanguage":"en-US","@id":"https:\/\/www.dolfin.be\/en\/product\/oranges-vintage-summer-collection\/#primaryimage","url":"https:\/\/www.dolfin.be\/wp-content\/uploads\/2026\/02\/Tablette-Summer-Vintage-Dark-oranges_front_lr.jpg","contentUrl":"https:\/\/www.dolfin.be\/wp-content\/uploads\/2026\/02\/Tablette-Summer-Vintage-Dark-oranges_front_lr.jpg","width":1200,"height":1200},{"@type":"BreadcrumbList","@id":"https:\/\/www.dolfin.be\/en\/product\/oranges-vintage-summer-collection\/#breadcrumb","itemListElement":[{"@type":"ListItem","position":1,"name":"Accueil","item":"https:\/\/www.dolfin.be\/en\/"},{"@type":"ListItem","position":2,"name":"Our products","item":"https:\/\/www.dolfin.be\/en\/our-products\/"},{"@type":"ListItem","position":3,"name":"Oranges &#8211; Vintage Summer Collection"}]},{"@type":"WebSite","@id":"https:\/\/www.dolfin.be\/en\/#website","url":"https:\/\/www.dolfin.be\/en\/","name":"Dolfin","description":"","potentialAction":[{"@type":"SearchAction","target":{"@type":"EntryPoint","urlTemplate":"https:\/\/www.dolfin.be\/en\/?s={search_term_string}"},"query-input":{"@type":"PropertyValueSpecification","valueRequired":true,"valueName":"search_term_string"}}],"inLanguage":"en-US"}]}},"_links":{"self":[{"href":"https:\/\/www.dolfin.be\/en\/wp-json\/wp\/v2\/product\/31772","targetHints":{"allow":["GET"]}}],"collection":[{"href":"https:\/\/www.dolfin.be\/en\/wp-json\/wp\/v2\/product"}],"about":[{"href":"https:\/\/www.dolfin.be\/en\/wp-json\/wp\/v2\/types\/product"}],"wp:featuredmedia":[{"embeddable":true,"href":"https:\/\/www.dolfin.be\/en\/wp-json\/wp\/v2\/media\/31761"}],"wp:attachment":[{"href":"https:\/\/www.dolfin.be\/en\/wp-json\/wp\/v2\/media?parent=31772"}],"wp:term":[{"taxonomy":"product_brand","embeddable":true,"href":"https:\/\/www.dolfin.be\/en\/wp-json\/wp\/v2\/product_brand?post=31772"},{"taxonomy":"product_cat","embeddable":true,"href":"https:\/\/www.dolfin.be\/en\/wp-json\/wp\/v2\/product_cat?post=31772"},{"taxonomy":"product_tag","embeddable":true,"href":"https:\/\/www.dolfin.be\/en\/wp-json\/wp\/v2\/product_tag?post=31772"}],"curies":[{"name":"wp","href":"https:\/\/api.w.org\/{rel}","templated":true}]}}