{"id":26307,"date":"2025-09-02T14:38:33","date_gmt":"2025-09-02T12:38:33","guid":{"rendered":"https:\/\/www.dolfin.be\/product\/calendrier-de-lavent-couronne-de-noel\/"},"modified":"2026-01-15T09:48:32","modified_gmt":"2026-01-15T08:48:32","slug":"advent-calendar-christmas-wreath","status":"publish","type":"product","link":"https:\/\/www.dolfin.be\/en\/product\/advent-calendar-christmas-wreath\/","title":{"rendered":"Advent Calendar \u2013 Christmas Wreath"},"content":{"rendered":"<p>A Christmas wreath in shades of red, pink and green, presented as a true visual invitation to step into the enchanting world of Christmas.<\/p>\n<p>Dark 70% cocoa &#8211; Dark with salted almonds &#8211; Dark with orange &#8211; Milk 37% cocoa &#8211; Milk with caramel &#8211; Milk with speculoos<\/p>\n<p><strong>Ingredients<\/strong> : Cocoa paste, sugar, cocoa butter, whole <strong>milk<\/strong> powder, salted <strong>almonds<\/strong> 4% (<strong>almonds<\/strong>, <strong>soy<\/strong>, wheat, salt), caramel 4% (sugar, glucose syrup, whole <strong>milk<\/strong> powder, fresh cream (<strong>milk<\/strong>), salted butter (<strong>milk<\/strong>), Guerande salt, emulsifier: rapeseed lecithin), speculoos 3% (<strong>wheat<\/strong> flour, beet sugar, vegetable fats (coconut, sunflower), beet syrup, whole <strong>eggs<\/strong>, Ceylon cinnamon, spices, sodium carbonate (baking powder)), orange powder 1%, emulsifier: <strong>soy<\/strong> lecithin, natural flavourings, Guerande salt, natural vanilla flavouring, natural orange flavouring. Cocoa solids : 37%, 60% and 70% minimum. Milk solids : 17.5% minimum. May contain other tree nuts and sesame.<\/p>\n","protected":false},"excerpt":{"rendered":"<p>Chez Dolfin, nous croyons que chaque jour de l\u2019Avent est une occasion de se r\u00e9galer, de partager la joie et de savourer la douceur de la saison. C\u2019est pourquoi nous sommes fiers de vous pr\u00e9senter notre calendrier de l\u2019Avent, habill\u00e9 de tons de rouges, roses et verts, et con\u00e7u comme une v\u00e9ritable invitation visuelle \u00e0 plonger dans l\u2019univers enchant\u00e9 de No\u00ebl.<\/p>\n","protected":false},"featured_media":26300,"template":"","meta":{"_acf_changed":false,"_et_pb_use_builder":"","_et_pb_old_content":"","_et_gb_content_width":"","inline_featured_image":false},"product_brand":[],"product_cat":[386,488,326,350],"product_tag":[],"class_list":{"0":"post-26307","1":"product","2":"type-product","3":"status-publish","4":"has-post-thumbnail","6":"product_cat-boxes-sets","7":"product_cat-chocolate-squares-en-2","8":"product_cat-gift-box","9":"product_cat-winter-chocolate","11":"first","12":"outofstock","13":"shipping-taxable","14":"purchasable","15":"product-type-simple"},"acf":[],"yoast_head":"<!-- This site is optimized with the Yoast SEO plugin v27.3 - https:\/\/yoast.com\/product\/yoast-seo-wordpress\/ -->\n<title>Advent Calendar \u2013 Christmas Wreath | Dolfin<\/title>\n<meta name=\"description\" content=\"A Christmas wreath in shades of red, pink and green, presented as a true visual invitation to step into the enchanting world of Christmas.\" \/>\n<meta name=\"robots\" content=\"index, follow, max-snippet:-1, max-image-preview:large, max-video-preview:-1\" \/>\n<link rel=\"canonical\" href=\"https:\/\/www.dolfin.be\/en\/product\/advent-calendar-christmas-wreath\/\" \/>\n<meta property=\"og:locale\" content=\"en_US\" \/>\n<meta property=\"og:type\" content=\"article\" \/>\n<meta property=\"og:title\" content=\"Advent Calendar \u2013 Christmas Wreath | Dolfin\" \/>\n<meta property=\"og:description\" content=\"A Christmas wreath in shades of red, pink and green, presented as a true visual invitation to step into the enchanting world of Christmas.\" \/>\n<meta property=\"og:url\" content=\"https:\/\/www.dolfin.be\/en\/product\/advent-calendar-christmas-wreath\/\" \/>\n<meta property=\"og:site_name\" content=\"Dolfin\" \/>\n<meta property=\"article:modified_time\" content=\"2026-01-15T08:48:32+00:00\" \/>\n<meta property=\"og:image\" content=\"https:\/\/www.dolfin.be\/wp-content\/uploads\/2025\/09\/IMG_2211-2.jpg\" \/>\n\t<meta property=\"og:image:width\" content=\"960\" \/>\n\t<meta property=\"og:image:height\" content=\"1200\" \/>\n\t<meta property=\"og:image:type\" content=\"image\/jpeg\" \/>\n<meta name=\"twitter:card\" content=\"summary_large_image\" \/>\n<meta name=\"twitter:label1\" content=\"Est. reading time\" \/>\n\t<meta name=\"twitter:data1\" content=\"1 minute\" \/>\n<script type=\"application\/ld+json\" class=\"yoast-schema-graph\">{\"@context\":\"https:\\\/\\\/schema.org\",\"@graph\":[{\"@type\":\"WebPage\",\"@id\":\"https:\\\/\\\/www.dolfin.be\\\/en\\\/product\\\/advent-calendar-christmas-wreath\\\/\",\"url\":\"https:\\\/\\\/www.dolfin.be\\\/en\\\/product\\\/advent-calendar-christmas-wreath\\\/\",\"name\":\"Advent Calendar \u2013 Christmas Wreath | Dolfin\",\"isPartOf\":{\"@id\":\"https:\\\/\\\/www.dolfin.be\\\/en\\\/#website\"},\"primaryImageOfPage\":{\"@id\":\"https:\\\/\\\/www.dolfin.be\\\/en\\\/product\\\/advent-calendar-christmas-wreath\\\/#primaryimage\"},\"image\":{\"@id\":\"https:\\\/\\\/www.dolfin.be\\\/en\\\/product\\\/advent-calendar-christmas-wreath\\\/#primaryimage\"},\"thumbnailUrl\":\"https:\\\/\\\/www.dolfin.be\\\/wp-content\\\/uploads\\\/2025\\\/09\\\/IMG_2211-2.jpg\",\"datePublished\":\"2025-09-02T12:38:33+00:00\",\"dateModified\":\"2026-01-15T08:48:32+00:00\",\"description\":\"A Christmas wreath in shades of red, pink and green, presented as a true visual invitation to step into the enchanting world of Christmas.\",\"breadcrumb\":{\"@id\":\"https:\\\/\\\/www.dolfin.be\\\/en\\\/product\\\/advent-calendar-christmas-wreath\\\/#breadcrumb\"},\"inLanguage\":\"en-US\",\"potentialAction\":[{\"@type\":\"ReadAction\",\"target\":[\"https:\\\/\\\/www.dolfin.be\\\/en\\\/product\\\/advent-calendar-christmas-wreath\\\/\"]}]},{\"@type\":\"ImageObject\",\"inLanguage\":\"en-US\",\"@id\":\"https:\\\/\\\/www.dolfin.be\\\/en\\\/product\\\/advent-calendar-christmas-wreath\\\/#primaryimage\",\"url\":\"https:\\\/\\\/www.dolfin.be\\\/wp-content\\\/uploads\\\/2025\\\/09\\\/IMG_2211-2.jpg\",\"contentUrl\":\"https:\\\/\\\/www.dolfin.be\\\/wp-content\\\/uploads\\\/2025\\\/09\\\/IMG_2211-2.jpg\",\"width\":960,\"height\":1200},{\"@type\":\"BreadcrumbList\",\"@id\":\"https:\\\/\\\/www.dolfin.be\\\/en\\\/product\\\/advent-calendar-christmas-wreath\\\/#breadcrumb\",\"itemListElement\":[{\"@type\":\"ListItem\",\"position\":1,\"name\":\"Accueil\",\"item\":\"https:\\\/\\\/www.dolfin.be\\\/en\\\/\"},{\"@type\":\"ListItem\",\"position\":2,\"name\":\"Our products\",\"item\":\"https:\\\/\\\/www.dolfin.be\\\/en\\\/our-products\\\/\"},{\"@type\":\"ListItem\",\"position\":3,\"name\":\"Advent Calendar \u2013 Christmas Wreath\"}]},{\"@type\":\"WebSite\",\"@id\":\"https:\\\/\\\/www.dolfin.be\\\/en\\\/#website\",\"url\":\"https:\\\/\\\/www.dolfin.be\\\/en\\\/\",\"name\":\"Dolfin\",\"description\":\"\",\"potentialAction\":[{\"@type\":\"SearchAction\",\"target\":{\"@type\":\"EntryPoint\",\"urlTemplate\":\"https:\\\/\\\/www.dolfin.be\\\/en\\\/?s={search_term_string}\"},\"query-input\":{\"@type\":\"PropertyValueSpecification\",\"valueRequired\":true,\"valueName\":\"search_term_string\"}}],\"inLanguage\":\"en-US\"}]}<\/script>\n<!-- \/ Yoast SEO plugin. -->","yoast_head_json":{"title":"Advent Calendar \u2013 Christmas Wreath | Dolfin","description":"A Christmas wreath in shades of red, pink and green, presented as a true visual invitation to step into the enchanting world of Christmas.","robots":{"index":"index","follow":"follow","max-snippet":"max-snippet:-1","max-image-preview":"max-image-preview:large","max-video-preview":"max-video-preview:-1"},"canonical":"https:\/\/www.dolfin.be\/en\/product\/advent-calendar-christmas-wreath\/","og_locale":"en_US","og_type":"article","og_title":"Advent Calendar \u2013 Christmas Wreath | Dolfin","og_description":"A Christmas wreath in shades of red, pink and green, presented as a true visual invitation to step into the enchanting world of Christmas.","og_url":"https:\/\/www.dolfin.be\/en\/product\/advent-calendar-christmas-wreath\/","og_site_name":"Dolfin","article_modified_time":"2026-01-15T08:48:32+00:00","og_image":[{"width":960,"height":1200,"url":"https:\/\/www.dolfin.be\/wp-content\/uploads\/2025\/09\/IMG_2211-2.jpg","type":"image\/jpeg"}],"twitter_card":"summary_large_image","twitter_misc":{"Est. reading time":"1 minute"},"schema":{"@context":"https:\/\/schema.org","@graph":[{"@type":"WebPage","@id":"https:\/\/www.dolfin.be\/en\/product\/advent-calendar-christmas-wreath\/","url":"https:\/\/www.dolfin.be\/en\/product\/advent-calendar-christmas-wreath\/","name":"Advent Calendar \u2013 Christmas Wreath | Dolfin","isPartOf":{"@id":"https:\/\/www.dolfin.be\/en\/#website"},"primaryImageOfPage":{"@id":"https:\/\/www.dolfin.be\/en\/product\/advent-calendar-christmas-wreath\/#primaryimage"},"image":{"@id":"https:\/\/www.dolfin.be\/en\/product\/advent-calendar-christmas-wreath\/#primaryimage"},"thumbnailUrl":"https:\/\/www.dolfin.be\/wp-content\/uploads\/2025\/09\/IMG_2211-2.jpg","datePublished":"2025-09-02T12:38:33+00:00","dateModified":"2026-01-15T08:48:32+00:00","description":"A Christmas wreath in shades of red, pink and green, presented as a true visual invitation to step into the enchanting world of Christmas.","breadcrumb":{"@id":"https:\/\/www.dolfin.be\/en\/product\/advent-calendar-christmas-wreath\/#breadcrumb"},"inLanguage":"en-US","potentialAction":[{"@type":"ReadAction","target":["https:\/\/www.dolfin.be\/en\/product\/advent-calendar-christmas-wreath\/"]}]},{"@type":"ImageObject","inLanguage":"en-US","@id":"https:\/\/www.dolfin.be\/en\/product\/advent-calendar-christmas-wreath\/#primaryimage","url":"https:\/\/www.dolfin.be\/wp-content\/uploads\/2025\/09\/IMG_2211-2.jpg","contentUrl":"https:\/\/www.dolfin.be\/wp-content\/uploads\/2025\/09\/IMG_2211-2.jpg","width":960,"height":1200},{"@type":"BreadcrumbList","@id":"https:\/\/www.dolfin.be\/en\/product\/advent-calendar-christmas-wreath\/#breadcrumb","itemListElement":[{"@type":"ListItem","position":1,"name":"Accueil","item":"https:\/\/www.dolfin.be\/en\/"},{"@type":"ListItem","position":2,"name":"Our products","item":"https:\/\/www.dolfin.be\/en\/our-products\/"},{"@type":"ListItem","position":3,"name":"Advent Calendar \u2013 Christmas Wreath"}]},{"@type":"WebSite","@id":"https:\/\/www.dolfin.be\/en\/#website","url":"https:\/\/www.dolfin.be\/en\/","name":"Dolfin","description":"","potentialAction":[{"@type":"SearchAction","target":{"@type":"EntryPoint","urlTemplate":"https:\/\/www.dolfin.be\/en\/?s={search_term_string}"},"query-input":{"@type":"PropertyValueSpecification","valueRequired":true,"valueName":"search_term_string"}}],"inLanguage":"en-US"}]}},"_links":{"self":[{"href":"https:\/\/www.dolfin.be\/en\/wp-json\/wp\/v2\/product\/26307","targetHints":{"allow":["GET"]}}],"collection":[{"href":"https:\/\/www.dolfin.be\/en\/wp-json\/wp\/v2\/product"}],"about":[{"href":"https:\/\/www.dolfin.be\/en\/wp-json\/wp\/v2\/types\/product"}],"wp:featuredmedia":[{"embeddable":true,"href":"https:\/\/www.dolfin.be\/en\/wp-json\/wp\/v2\/media\/26300"}],"wp:attachment":[{"href":"https:\/\/www.dolfin.be\/en\/wp-json\/wp\/v2\/media?parent=26307"}],"wp:term":[{"taxonomy":"product_brand","embeddable":true,"href":"https:\/\/www.dolfin.be\/en\/wp-json\/wp\/v2\/product_brand?post=26307"},{"taxonomy":"product_cat","embeddable":true,"href":"https:\/\/www.dolfin.be\/en\/wp-json\/wp\/v2\/product_cat?post=26307"},{"taxonomy":"product_tag","embeddable":true,"href":"https:\/\/www.dolfin.be\/en\/wp-json\/wp\/v2\/product_tag?post=26307"}],"curies":[{"name":"wp","href":"https:\/\/api.w.org\/{rel}","templated":true}]}}