{"id":6152,"date":"2024-03-26T14:20:19","date_gmt":"2024-03-26T13:20:19","guid":{"rendered":"https:\/\/dolfin.poush-dev.be\/?post_type=product&#038;p=6152"},"modified":"2025-10-31T11:39:44","modified_gmt":"2025-10-31T10:39:44","slug":"ursprung-70g-vollmilch-venezuela","status":"publish","type":"product","link":"https:\/\/www.dolfin.be\/de\/produkt\/ursprung-70g-vollmilch-venezuela\/","title":{"rendered":"Herkunfts-Kollektion &#8211; Vollmilch 43 % Venezuela"},"content":{"rendered":"<p><strong>Zutaten <\/strong>: Zucker, Kakaobutter, Kakaomasse aus Venezuela, Voll<strong>milch<\/strong>pulver, nat\u00fcrliches Vanillearoma. Kakao : 43% mindestens. Kann N\u00fcsse, Soja, Gluten, Eiern und Sesam enthalten.<\/p>\n","protected":false},"excerpt":{"rendered":"<p>Das \u201eLand der tausend Gesichter\u201c, von majest\u00e4tischen Bergketten bis hin zu tropischen W\u00e4ldern und einer \u00fcppigen Tierwelt, ist das ganze Jahr \u00fcber warm und bietet daher ideale Bedingungen f\u00fcr den Anbau von Kakao. Diese au\u00dfergew\u00f6hnlich zarte Vollmilchschokolade mit 43 % Kakaoanteil entsteht durch die Kombination reichhaltiger, warmer Aromen von Karamell, Haselnuss und gekochter Milch und entf\u00fchrt Sie in das Herz des Amazonas.<\/p>\n","protected":false},"featured_media":13016,"template":"","meta":{"_acf_changed":false,"_et_pb_use_builder":"","_et_pb_old_content":"","_et_gb_content_width":"","inline_featured_image":false},"product_brand":[],"product_cat":[421,533,535,392,420],"product_tag":[],"class_list":{"0":"post-6152","1":"product","2":"type-product","3":"status-publish","4":"has-post-thumbnail","6":"product_cat-dolfin-kollektion","7":"product_cat-grosse-tafeln-70g","8":"product_cat-herkunfts-kollektion","9":"product_cat-schokoladentafeln","10":"product_cat-vollmilchschokolade","12":"first","13":"instock","14":"shipping-taxable","15":"purchasable","16":"product-type-simple"},"acf":[],"yoast_head":"<!-- This site is optimized with the Yoast SEO plugin v27.3 - https:\/\/yoast.com\/product\/yoast-seo-wordpress\/ -->\n<title>Herkunfts-Kollektion - Vollmilch 43 % Venezuela | Dolfin<\/title>\n<meta name=\"description\" content=\"Diese au\u00dfergew\u00f6hnlich zarte Vollmilchschokolade mit 43 % Kakaoanteil entsteht durch die Kombination reichhaltiger, warmer Aromen von Karamell, Haselnuss und gekochter Milch und entf\u00fchrt Sie in das Herz des Amazonas.\" \/>\n<meta name=\"robots\" content=\"index, follow, max-snippet:-1, max-image-preview:large, max-video-preview:-1\" \/>\n<link rel=\"canonical\" href=\"https:\/\/www.dolfin.be\/de\/produkt\/ursprung-70g-vollmilch-venezuela\/\" \/>\n<meta property=\"og:locale\" content=\"de_DE\" \/>\n<meta property=\"og:type\" content=\"article\" \/>\n<meta property=\"og:title\" content=\"Herkunfts-Kollektion - Vollmilch 43 % Venezuela | Dolfin\" \/>\n<meta property=\"og:description\" content=\"Diese au\u00dfergew\u00f6hnlich zarte Vollmilchschokolade mit 43 % Kakaoanteil entsteht durch die Kombination reichhaltiger, warmer Aromen von Karamell, Haselnuss und gekochter Milch und entf\u00fchrt Sie in das Herz des Amazonas.\" \/>\n<meta property=\"og:url\" content=\"https:\/\/www.dolfin.be\/de\/produkt\/ursprung-70g-vollmilch-venezuela\/\" \/>\n<meta property=\"og:site_name\" content=\"Dolfin\" \/>\n<meta property=\"article:modified_time\" content=\"2025-10-31T10:39:44+00:00\" \/>\n<meta property=\"og:image\" content=\"https:\/\/www.dolfin.be\/wp-content\/uploads\/2024\/03\/Origine-Venezuela-face.jpg\" \/>\n\t<meta property=\"og:image:width\" content=\"713\" \/>\n\t<meta property=\"og:image:height\" content=\"1200\" \/>\n\t<meta property=\"og:image:type\" content=\"image\/jpeg\" \/>\n<meta name=\"twitter:card\" content=\"summary_large_image\" \/>\n<meta name=\"twitter:label1\" content=\"Gesch\u00e4tzte Lesezeit\" \/>\n\t<meta name=\"twitter:data1\" content=\"1\u00a0Minute\" \/>\n<script type=\"application\/ld+json\" class=\"yoast-schema-graph\">{\"@context\":\"https:\\\/\\\/schema.org\",\"@graph\":[{\"@type\":\"WebPage\",\"@id\":\"https:\\\/\\\/www.dolfin.be\\\/de\\\/produkt\\\/ursprung-70g-vollmilch-venezuela\\\/\",\"url\":\"https:\\\/\\\/www.dolfin.be\\\/de\\\/produkt\\\/ursprung-70g-vollmilch-venezuela\\\/\",\"name\":\"Herkunfts-Kollektion - Vollmilch 43 % Venezuela | Dolfin\",\"isPartOf\":{\"@id\":\"https:\\\/\\\/www.dolfin.be\\\/de\\\/#website\"},\"primaryImageOfPage\":{\"@id\":\"https:\\\/\\\/www.dolfin.be\\\/de\\\/produkt\\\/ursprung-70g-vollmilch-venezuela\\\/#primaryimage\"},\"image\":{\"@id\":\"https:\\\/\\\/www.dolfin.be\\\/de\\\/produkt\\\/ursprung-70g-vollmilch-venezuela\\\/#primaryimage\"},\"thumbnailUrl\":\"https:\\\/\\\/www.dolfin.be\\\/wp-content\\\/uploads\\\/2024\\\/03\\\/Origine-Venezuela-face.jpg\",\"datePublished\":\"2024-03-26T13:20:19+00:00\",\"dateModified\":\"2025-10-31T10:39:44+00:00\",\"description\":\"Diese au\u00dfergew\u00f6hnlich zarte Vollmilchschokolade mit 43 % Kakaoanteil entsteht durch die Kombination reichhaltiger, warmer Aromen von Karamell, Haselnuss und gekochter Milch und entf\u00fchrt Sie in das Herz des Amazonas.\",\"breadcrumb\":{\"@id\":\"https:\\\/\\\/www.dolfin.be\\\/de\\\/produkt\\\/ursprung-70g-vollmilch-venezuela\\\/#breadcrumb\"},\"inLanguage\":\"de\",\"potentialAction\":[{\"@type\":\"ReadAction\",\"target\":[\"https:\\\/\\\/www.dolfin.be\\\/de\\\/produkt\\\/ursprung-70g-vollmilch-venezuela\\\/\"]}]},{\"@type\":\"ImageObject\",\"inLanguage\":\"de\",\"@id\":\"https:\\\/\\\/www.dolfin.be\\\/de\\\/produkt\\\/ursprung-70g-vollmilch-venezuela\\\/#primaryimage\",\"url\":\"https:\\\/\\\/www.dolfin.be\\\/wp-content\\\/uploads\\\/2024\\\/03\\\/Origine-Venezuela-face.jpg\",\"contentUrl\":\"https:\\\/\\\/www.dolfin.be\\\/wp-content\\\/uploads\\\/2024\\\/03\\\/Origine-Venezuela-face.jpg\",\"width\":713,\"height\":1200},{\"@type\":\"BreadcrumbList\",\"@id\":\"https:\\\/\\\/www.dolfin.be\\\/de\\\/produkt\\\/ursprung-70g-vollmilch-venezuela\\\/#breadcrumb\",\"itemListElement\":[{\"@type\":\"ListItem\",\"position\":1,\"name\":\"Accueil\",\"item\":\"https:\\\/\\\/www.dolfin.be\\\/de\\\/\"},{\"@type\":\"ListItem\",\"position\":2,\"name\":\"Unsere Produkte\",\"item\":\"https:\\\/\\\/www.dolfin.be\\\/de\\\/unsere-produkte\\\/\"},{\"@type\":\"ListItem\",\"position\":3,\"name\":\"Herkunfts-Kollektion &#8211; Vollmilch 43 % Venezuela\"}]},{\"@type\":\"WebSite\",\"@id\":\"https:\\\/\\\/www.dolfin.be\\\/de\\\/#website\",\"url\":\"https:\\\/\\\/www.dolfin.be\\\/de\\\/\",\"name\":\"Dolfin\",\"description\":\"\",\"potentialAction\":[{\"@type\":\"SearchAction\",\"target\":{\"@type\":\"EntryPoint\",\"urlTemplate\":\"https:\\\/\\\/www.dolfin.be\\\/de\\\/?s={search_term_string}\"},\"query-input\":{\"@type\":\"PropertyValueSpecification\",\"valueRequired\":true,\"valueName\":\"search_term_string\"}}],\"inLanguage\":\"de\"}]}<\/script>\n<!-- \/ Yoast SEO plugin. -->","yoast_head_json":{"title":"Herkunfts-Kollektion - Vollmilch 43 % Venezuela | Dolfin","description":"Diese au\u00dfergew\u00f6hnlich zarte Vollmilchschokolade mit 43 % Kakaoanteil entsteht durch die Kombination reichhaltiger, warmer Aromen von Karamell, Haselnuss und gekochter Milch und entf\u00fchrt Sie in das Herz des Amazonas.","robots":{"index":"index","follow":"follow","max-snippet":"max-snippet:-1","max-image-preview":"max-image-preview:large","max-video-preview":"max-video-preview:-1"},"canonical":"https:\/\/www.dolfin.be\/de\/produkt\/ursprung-70g-vollmilch-venezuela\/","og_locale":"de_DE","og_type":"article","og_title":"Herkunfts-Kollektion - Vollmilch 43 % Venezuela | Dolfin","og_description":"Diese au\u00dfergew\u00f6hnlich zarte Vollmilchschokolade mit 43 % Kakaoanteil entsteht durch die Kombination reichhaltiger, warmer Aromen von Karamell, Haselnuss und gekochter Milch und entf\u00fchrt Sie in das Herz des Amazonas.","og_url":"https:\/\/www.dolfin.be\/de\/produkt\/ursprung-70g-vollmilch-venezuela\/","og_site_name":"Dolfin","article_modified_time":"2025-10-31T10:39:44+00:00","og_image":[{"width":713,"height":1200,"url":"https:\/\/www.dolfin.be\/wp-content\/uploads\/2024\/03\/Origine-Venezuela-face.jpg","type":"image\/jpeg"}],"twitter_card":"summary_large_image","twitter_misc":{"Gesch\u00e4tzte Lesezeit":"1\u00a0Minute"},"schema":{"@context":"https:\/\/schema.org","@graph":[{"@type":"WebPage","@id":"https:\/\/www.dolfin.be\/de\/produkt\/ursprung-70g-vollmilch-venezuela\/","url":"https:\/\/www.dolfin.be\/de\/produkt\/ursprung-70g-vollmilch-venezuela\/","name":"Herkunfts-Kollektion - Vollmilch 43 % Venezuela | Dolfin","isPartOf":{"@id":"https:\/\/www.dolfin.be\/de\/#website"},"primaryImageOfPage":{"@id":"https:\/\/www.dolfin.be\/de\/produkt\/ursprung-70g-vollmilch-venezuela\/#primaryimage"},"image":{"@id":"https:\/\/www.dolfin.be\/de\/produkt\/ursprung-70g-vollmilch-venezuela\/#primaryimage"},"thumbnailUrl":"https:\/\/www.dolfin.be\/wp-content\/uploads\/2024\/03\/Origine-Venezuela-face.jpg","datePublished":"2024-03-26T13:20:19+00:00","dateModified":"2025-10-31T10:39:44+00:00","description":"Diese au\u00dfergew\u00f6hnlich zarte Vollmilchschokolade mit 43 % Kakaoanteil entsteht durch die Kombination reichhaltiger, warmer Aromen von Karamell, Haselnuss und gekochter Milch und entf\u00fchrt Sie in das Herz des Amazonas.","breadcrumb":{"@id":"https:\/\/www.dolfin.be\/de\/produkt\/ursprung-70g-vollmilch-venezuela\/#breadcrumb"},"inLanguage":"de","potentialAction":[{"@type":"ReadAction","target":["https:\/\/www.dolfin.be\/de\/produkt\/ursprung-70g-vollmilch-venezuela\/"]}]},{"@type":"ImageObject","inLanguage":"de","@id":"https:\/\/www.dolfin.be\/de\/produkt\/ursprung-70g-vollmilch-venezuela\/#primaryimage","url":"https:\/\/www.dolfin.be\/wp-content\/uploads\/2024\/03\/Origine-Venezuela-face.jpg","contentUrl":"https:\/\/www.dolfin.be\/wp-content\/uploads\/2024\/03\/Origine-Venezuela-face.jpg","width":713,"height":1200},{"@type":"BreadcrumbList","@id":"https:\/\/www.dolfin.be\/de\/produkt\/ursprung-70g-vollmilch-venezuela\/#breadcrumb","itemListElement":[{"@type":"ListItem","position":1,"name":"Accueil","item":"https:\/\/www.dolfin.be\/de\/"},{"@type":"ListItem","position":2,"name":"Unsere Produkte","item":"https:\/\/www.dolfin.be\/de\/unsere-produkte\/"},{"@type":"ListItem","position":3,"name":"Herkunfts-Kollektion &#8211; Vollmilch 43 % Venezuela"}]},{"@type":"WebSite","@id":"https:\/\/www.dolfin.be\/de\/#website","url":"https:\/\/www.dolfin.be\/de\/","name":"Dolfin","description":"","potentialAction":[{"@type":"SearchAction","target":{"@type":"EntryPoint","urlTemplate":"https:\/\/www.dolfin.be\/de\/?s={search_term_string}"},"query-input":{"@type":"PropertyValueSpecification","valueRequired":true,"valueName":"search_term_string"}}],"inLanguage":"de"}]}},"_links":{"self":[{"href":"https:\/\/www.dolfin.be\/de\/wp-json\/wp\/v2\/product\/6152","targetHints":{"allow":["GET"]}}],"collection":[{"href":"https:\/\/www.dolfin.be\/de\/wp-json\/wp\/v2\/product"}],"about":[{"href":"https:\/\/www.dolfin.be\/de\/wp-json\/wp\/v2\/types\/product"}],"wp:featuredmedia":[{"embeddable":true,"href":"https:\/\/www.dolfin.be\/de\/wp-json\/wp\/v2\/media\/13016"}],"wp:attachment":[{"href":"https:\/\/www.dolfin.be\/de\/wp-json\/wp\/v2\/media?parent=6152"}],"wp:term":[{"taxonomy":"product_brand","embeddable":true,"href":"https:\/\/www.dolfin.be\/de\/wp-json\/wp\/v2\/product_brand?post=6152"},{"taxonomy":"product_cat","embeddable":true,"href":"https:\/\/www.dolfin.be\/de\/wp-json\/wp\/v2\/product_cat?post=6152"},{"taxonomy":"product_tag","embeddable":true,"href":"https:\/\/www.dolfin.be\/de\/wp-json\/wp\/v2\/product_tag?post=6152"}],"curies":[{"name":"wp","href":"https:\/\/api.w.org\/{rel}","templated":true}]}}