{"id":6151,"date":"2024-03-26T14:20:14","date_gmt":"2024-03-26T13:20:14","guid":{"rendered":"https:\/\/dolfin.poush-dev.be\/?post_type=product&#038;p=6151"},"modified":"2025-04-14T16:47:46","modified_gmt":"2025-04-14T14:47:46","slug":"bulk-minitafeln-5g-biscuit","status":"publish","type":"product","link":"https:\/\/www.dolfin.be\/de\/produkt\/bulk-minitafeln-5g-biscuit\/","title":{"rendered":"Lose Minitafeln &#8220;Biskuits&#8221;"},"content":{"rendered":"<p>Willkommen in der Gourmet-Welt unseres neuen Schokoladensortiments mit Biskuits, einer neuen Palette einzigartiger Geschmacksrichtungen, die die perfekte Verschmelzung von traditioneller Schokolade mit einer Vielzahl knuspriger Biskuits in den Mittelpunkt stellt und Ihnen damit ein Vergn\u00fcgen bereitet, das Sie zur\u00fcck in Ihre Kindheit versetzt &#8230;. 4 Geschm\u00e4cker: Vollmilchschokolade mit Spekulatius, Vollmilchschokolade mit Brownie, Vollmilchschokolade mit Butterkeksen, Zartbitterschokolade mit M\u00fcrbeteigbiskuit.<\/p>\n","protected":false},"excerpt":{"rendered":"<p>Willkommen in der Gourmet-Welt unseres neuen Schokoladensortiments mit Biskuits, einer neuen Palette einzigartiger Geschmacksrichtungen, die die perfekte Verschmelzung von traditioneller Schokolade mit einer Vielzahl knuspriger Biskuits in den Mittelpunkt stellt und Ihnen damit ein Vergn\u00fcgen bereitet, das Sie zur\u00fcck in Ihre Kindheit versetzt &#8230;. 4 Geschm\u00e4cker: Vollmilchschokolade mit Spekulatius, Vollmilchschokolade mit Brownie, Vollmilchschokolade mit Butterkeksen, Zartbitterschokolade mit M\u00fcrbeteigbiskuit.<\/p>\n","protected":false},"featured_media":5044,"template":"","meta":{"_acf_changed":false,"_et_pb_use_builder":"","_et_pb_old_content":"","_et_gb_content_width":"","inline_featured_image":false},"product_brand":[],"product_cat":[532,398],"product_tag":[],"class_list":{"0":"post-6151","1":"product","2":"type-product","3":"status-publish","4":"has-post-thumbnail","6":"product_cat-5g-bulk-dolfin-de","7":"product_cat-unsere-schokoladenquadrate","9":"first","10":"instock","11":"shipping-taxable","12":"purchasable","13":"product-type-simple"},"acf":[],"yoast_head":"<!-- This site is optimized with the Yoast SEO plugin v27.4 - https:\/\/yoast.com\/product\/yoast-seo-wordpress\/ -->\n<title>Lose Minitafeln &quot;Biskuits&quot; | Dolfin<\/title>\n<meta name=\"robots\" content=\"index, follow, max-snippet:-1, max-image-preview:large, max-video-preview:-1\" \/>\n<link rel=\"canonical\" href=\"https:\/\/www.dolfin.be\/de\/produkt\/bulk-minitafeln-5g-biscuit\/\" \/>\n<meta property=\"og:locale\" content=\"de_DE\" \/>\n<meta property=\"og:type\" content=\"article\" \/>\n<meta property=\"og:title\" content=\"Lose Minitafeln &quot;Biskuits&quot; | Dolfin\" \/>\n<meta property=\"og:description\" content=\"Willkommen in der Gourmet-Welt unseres neuen Schokoladensortiments mit Biskuits, einer neuen Palette einzigartiger Geschmacksrichtungen, die die perfekte Verschmelzung von traditioneller Schokolade mit einer Vielzahl knuspriger Biskuits in den Mittelpunkt stellt und Ihnen damit ein Vergn\u00fcgen bereitet, das Sie zur\u00fcck in Ihre Kindheit versetzt .... 4 Geschm\u00e4cker: Vollmilchschokolade mit Spekulatius, Vollmilchschokolade mit Brownie, Vollmilchschokolade mit Butterkeksen, Zartbitterschokolade mit M\u00fcrbeteigbiskuit.\" \/>\n<meta property=\"og:url\" content=\"https:\/\/www.dolfin.be\/de\/produkt\/bulk-minitafeln-5g-biscuit\/\" \/>\n<meta property=\"og:site_name\" content=\"Dolfin\" \/>\n<meta property=\"article:modified_time\" content=\"2025-04-14T14:47:46+00:00\" \/>\n<meta property=\"og:image\" content=\"https:\/\/www.dolfin.be\/wp-content\/uploads\/2024\/02\/boite-biscuit-vrac-ouverte-1.jpg\" \/>\n\t<meta property=\"og:image:width\" content=\"1000\" \/>\n\t<meta property=\"og:image:height\" content=\"1250\" \/>\n\t<meta property=\"og:image:type\" content=\"image\/jpeg\" \/>\n<meta name=\"twitter:card\" content=\"summary_large_image\" \/>\n<meta name=\"twitter:label1\" content=\"Gesch\u00e4tzte Lesezeit\" \/>\n\t<meta name=\"twitter:data1\" content=\"1\u00a0Minute\" \/>\n<script type=\"application\/ld+json\" class=\"yoast-schema-graph\">{\"@context\":\"https:\\\/\\\/schema.org\",\"@graph\":[{\"@type\":\"WebPage\",\"@id\":\"https:\\\/\\\/www.dolfin.be\\\/de\\\/produkt\\\/bulk-minitafeln-5g-biscuit\\\/\",\"url\":\"https:\\\/\\\/www.dolfin.be\\\/de\\\/produkt\\\/bulk-minitafeln-5g-biscuit\\\/\",\"name\":\"Lose Minitafeln \\\"Biskuits\\\" | Dolfin\",\"isPartOf\":{\"@id\":\"https:\\\/\\\/www.dolfin.be\\\/de\\\/#website\"},\"primaryImageOfPage\":{\"@id\":\"https:\\\/\\\/www.dolfin.be\\\/de\\\/produkt\\\/bulk-minitafeln-5g-biscuit\\\/#primaryimage\"},\"image\":{\"@id\":\"https:\\\/\\\/www.dolfin.be\\\/de\\\/produkt\\\/bulk-minitafeln-5g-biscuit\\\/#primaryimage\"},\"thumbnailUrl\":\"https:\\\/\\\/www.dolfin.be\\\/wp-content\\\/uploads\\\/2024\\\/02\\\/boite-biscuit-vrac-ouverte-1.jpg\",\"datePublished\":\"2024-03-26T13:20:14+00:00\",\"dateModified\":\"2025-04-14T14:47:46+00:00\",\"breadcrumb\":{\"@id\":\"https:\\\/\\\/www.dolfin.be\\\/de\\\/produkt\\\/bulk-minitafeln-5g-biscuit\\\/#breadcrumb\"},\"inLanguage\":\"de\",\"potentialAction\":[{\"@type\":\"ReadAction\",\"target\":[\"https:\\\/\\\/www.dolfin.be\\\/de\\\/produkt\\\/bulk-minitafeln-5g-biscuit\\\/\"]}]},{\"@type\":\"ImageObject\",\"inLanguage\":\"de\",\"@id\":\"https:\\\/\\\/www.dolfin.be\\\/de\\\/produkt\\\/bulk-minitafeln-5g-biscuit\\\/#primaryimage\",\"url\":\"https:\\\/\\\/www.dolfin.be\\\/wp-content\\\/uploads\\\/2024\\\/02\\\/boite-biscuit-vrac-ouverte-1.jpg\",\"contentUrl\":\"https:\\\/\\\/www.dolfin.be\\\/wp-content\\\/uploads\\\/2024\\\/02\\\/boite-biscuit-vrac-ouverte-1.jpg\",\"width\":1000,\"height\":1250},{\"@type\":\"BreadcrumbList\",\"@id\":\"https:\\\/\\\/www.dolfin.be\\\/de\\\/produkt\\\/bulk-minitafeln-5g-biscuit\\\/#breadcrumb\",\"itemListElement\":[{\"@type\":\"ListItem\",\"position\":1,\"name\":\"Accueil\",\"item\":\"https:\\\/\\\/www.dolfin.be\\\/de\\\/\"},{\"@type\":\"ListItem\",\"position\":2,\"name\":\"Unsere Produkte\",\"item\":\"https:\\\/\\\/www.dolfin.be\\\/de\\\/unsere-produkte\\\/\"},{\"@type\":\"ListItem\",\"position\":3,\"name\":\"Lose Minitafeln &#8220;Biskuits&#8221;\"}]},{\"@type\":\"WebSite\",\"@id\":\"https:\\\/\\\/www.dolfin.be\\\/de\\\/#website\",\"url\":\"https:\\\/\\\/www.dolfin.be\\\/de\\\/\",\"name\":\"Dolfin\",\"description\":\"\",\"potentialAction\":[{\"@type\":\"SearchAction\",\"target\":{\"@type\":\"EntryPoint\",\"urlTemplate\":\"https:\\\/\\\/www.dolfin.be\\\/de\\\/?s={search_term_string}\"},\"query-input\":{\"@type\":\"PropertyValueSpecification\",\"valueRequired\":true,\"valueName\":\"search_term_string\"}}],\"inLanguage\":\"de\"}]}<\/script>\n<!-- \/ Yoast SEO plugin. -->","yoast_head_json":{"title":"Lose Minitafeln \"Biskuits\" | Dolfin","robots":{"index":"index","follow":"follow","max-snippet":"max-snippet:-1","max-image-preview":"max-image-preview:large","max-video-preview":"max-video-preview:-1"},"canonical":"https:\/\/www.dolfin.be\/de\/produkt\/bulk-minitafeln-5g-biscuit\/","og_locale":"de_DE","og_type":"article","og_title":"Lose Minitafeln \"Biskuits\" | Dolfin","og_description":"Willkommen in der Gourmet-Welt unseres neuen Schokoladensortiments mit Biskuits, einer neuen Palette einzigartiger Geschmacksrichtungen, die die perfekte Verschmelzung von traditioneller Schokolade mit einer Vielzahl knuspriger Biskuits in den Mittelpunkt stellt und Ihnen damit ein Vergn\u00fcgen bereitet, das Sie zur\u00fcck in Ihre Kindheit versetzt .... 4 Geschm\u00e4cker: Vollmilchschokolade mit Spekulatius, Vollmilchschokolade mit Brownie, Vollmilchschokolade mit Butterkeksen, Zartbitterschokolade mit M\u00fcrbeteigbiskuit.","og_url":"https:\/\/www.dolfin.be\/de\/produkt\/bulk-minitafeln-5g-biscuit\/","og_site_name":"Dolfin","article_modified_time":"2025-04-14T14:47:46+00:00","og_image":[{"width":1000,"height":1250,"url":"https:\/\/www.dolfin.be\/wp-content\/uploads\/2024\/02\/boite-biscuit-vrac-ouverte-1.jpg","type":"image\/jpeg"}],"twitter_card":"summary_large_image","twitter_misc":{"Gesch\u00e4tzte Lesezeit":"1\u00a0Minute"},"schema":{"@context":"https:\/\/schema.org","@graph":[{"@type":"WebPage","@id":"https:\/\/www.dolfin.be\/de\/produkt\/bulk-minitafeln-5g-biscuit\/","url":"https:\/\/www.dolfin.be\/de\/produkt\/bulk-minitafeln-5g-biscuit\/","name":"Lose Minitafeln \"Biskuits\" | Dolfin","isPartOf":{"@id":"https:\/\/www.dolfin.be\/de\/#website"},"primaryImageOfPage":{"@id":"https:\/\/www.dolfin.be\/de\/produkt\/bulk-minitafeln-5g-biscuit\/#primaryimage"},"image":{"@id":"https:\/\/www.dolfin.be\/de\/produkt\/bulk-minitafeln-5g-biscuit\/#primaryimage"},"thumbnailUrl":"https:\/\/www.dolfin.be\/wp-content\/uploads\/2024\/02\/boite-biscuit-vrac-ouverte-1.jpg","datePublished":"2024-03-26T13:20:14+00:00","dateModified":"2025-04-14T14:47:46+00:00","breadcrumb":{"@id":"https:\/\/www.dolfin.be\/de\/produkt\/bulk-minitafeln-5g-biscuit\/#breadcrumb"},"inLanguage":"de","potentialAction":[{"@type":"ReadAction","target":["https:\/\/www.dolfin.be\/de\/produkt\/bulk-minitafeln-5g-biscuit\/"]}]},{"@type":"ImageObject","inLanguage":"de","@id":"https:\/\/www.dolfin.be\/de\/produkt\/bulk-minitafeln-5g-biscuit\/#primaryimage","url":"https:\/\/www.dolfin.be\/wp-content\/uploads\/2024\/02\/boite-biscuit-vrac-ouverte-1.jpg","contentUrl":"https:\/\/www.dolfin.be\/wp-content\/uploads\/2024\/02\/boite-biscuit-vrac-ouverte-1.jpg","width":1000,"height":1250},{"@type":"BreadcrumbList","@id":"https:\/\/www.dolfin.be\/de\/produkt\/bulk-minitafeln-5g-biscuit\/#breadcrumb","itemListElement":[{"@type":"ListItem","position":1,"name":"Accueil","item":"https:\/\/www.dolfin.be\/de\/"},{"@type":"ListItem","position":2,"name":"Unsere Produkte","item":"https:\/\/www.dolfin.be\/de\/unsere-produkte\/"},{"@type":"ListItem","position":3,"name":"Lose Minitafeln &#8220;Biskuits&#8221;"}]},{"@type":"WebSite","@id":"https:\/\/www.dolfin.be\/de\/#website","url":"https:\/\/www.dolfin.be\/de\/","name":"Dolfin","description":"","potentialAction":[{"@type":"SearchAction","target":{"@type":"EntryPoint","urlTemplate":"https:\/\/www.dolfin.be\/de\/?s={search_term_string}"},"query-input":{"@type":"PropertyValueSpecification","valueRequired":true,"valueName":"search_term_string"}}],"inLanguage":"de"}]}},"_links":{"self":[{"href":"https:\/\/www.dolfin.be\/de\/wp-json\/wp\/v2\/product\/6151","targetHints":{"allow":["GET"]}}],"collection":[{"href":"https:\/\/www.dolfin.be\/de\/wp-json\/wp\/v2\/product"}],"about":[{"href":"https:\/\/www.dolfin.be\/de\/wp-json\/wp\/v2\/types\/product"}],"wp:featuredmedia":[{"embeddable":true,"href":"https:\/\/www.dolfin.be\/de\/wp-json\/wp\/v2\/media\/5044"}],"wp:attachment":[{"href":"https:\/\/www.dolfin.be\/de\/wp-json\/wp\/v2\/media?parent=6151"}],"wp:term":[{"taxonomy":"product_brand","embeddable":true,"href":"https:\/\/www.dolfin.be\/de\/wp-json\/wp\/v2\/product_brand?post=6151"},{"taxonomy":"product_cat","embeddable":true,"href":"https:\/\/www.dolfin.be\/de\/wp-json\/wp\/v2\/product_cat?post=6151"},{"taxonomy":"product_tag","embeddable":true,"href":"https:\/\/www.dolfin.be\/de\/wp-json\/wp\/v2\/product_tag?post=6151"}],"curies":[{"name":"wp","href":"https:\/\/api.w.org\/{rel}","templated":true}]}}