{"id":6149,"date":"2024-03-26T14:20:16","date_gmt":"2024-03-26T13:20:16","guid":{"rendered":"https:\/\/dolfin.poush-dev.be\/?post_type=product&#038;p=6149"},"modified":"2025-10-31T12:00:36","modified_gmt":"2025-10-31T11:00:36","slug":"weisse-schokolade-zitrone-und-spritzgeback","status":"publish","type":"product","link":"https:\/\/www.dolfin.be\/de\/produkt\/weisse-schokolade-zitrone-und-spritzgeback\/","title":{"rendered":"Wei\u00dfe Schokolade &#8211; Zitrone und Spritzgeb\u00e4ck"},"content":{"rendered":"<p><strong>Zutaten <\/strong>: Zucker, Voll<strong>milch<\/strong>pulver, Kakaobutter, Spritzgeb\u00e4ck 3% (<strong>Weizen<\/strong>mehl, Zucker, Butter (<strong>Milch<\/strong>), Salz), Zitronenpulver 2%, Emulgator: <strong>Soja<\/strong>lecithin, Zitronen\u00f6l, nat\u00fcrliches Vanillearoma. Kakao: 31% mindestens. Kann N\u00fcsse, Sesam und Eiern enthalten.<\/p>\n","protected":false},"excerpt":{"rendered":"<p>Wir freuen uns, Ihnen unsere neueste Kreation vorstellen zu k\u00f6nnen: die Tafel aus wei\u00dfer Schokolade mit M\u00fcrbeteigbiskuit und Zitrone, ein ebenso k\u00fchnes wie k\u00f6stliches Erlebnis f\u00fcr die Sinne. Stellen Sie sich die S\u00fc\u00dfe wei\u00dfer Schokolade vor, die sich mit der knusprigen Textur eines fein zerbr\u00f6ckelten Biskuits verm\u00e4hlt, w\u00e4hrend die prickelnden Noten frischer Zitronen die Sinne wecken. Diese einzigartige Kreation ist von der ber\u00fchmten Tarte au Citron inspiriert und nimmt Sie sofort mit in die zauberhafte Welt der erlesenen Desserts.<\/p>\n","protected":false},"featured_media":13112,"template":"","meta":{"_acf_changed":false,"_et_pb_use_builder":"","_et_pb_old_content":"","_et_gb_content_width":"","inline_featured_image":false},"product_brand":[],"product_cat":[421,533,392],"product_tag":[],"class_list":{"0":"post-6149","1":"product","2":"type-product","3":"status-publish","4":"has-post-thumbnail","6":"product_cat-dolfin-kollektion","7":"product_cat-grosse-tafeln-70g","8":"product_cat-schokoladentafeln","10":"first","11":"instock","12":"shipping-taxable","13":"purchasable","14":"product-type-simple"},"acf":[],"yoast_head":"<!-- This site is optimized with the Yoast SEO plugin v27.4 - https:\/\/yoast.com\/product\/yoast-seo-wordpress\/ -->\n<title>Wei\u00dfe Schokolade - Zitrone und Spritzgeb\u00e4ck | Dolfin<\/title>\n<meta name=\"description\" content=\"Diese einzigartige Kreation ist von der ber\u00fchmten Tarte au Citron inspiriert und nimmt Sie sofort mit in die zauberhafte Welt der erlesenen Desserts.\" \/>\n<meta name=\"robots\" content=\"index, follow, max-snippet:-1, max-image-preview:large, max-video-preview:-1\" \/>\n<link rel=\"canonical\" href=\"https:\/\/www.dolfin.be\/de\/produkt\/weisse-schokolade-zitrone-und-spritzgeback\/\" \/>\n<meta property=\"og:locale\" content=\"de_DE\" \/>\n<meta property=\"og:type\" content=\"article\" \/>\n<meta property=\"og:title\" content=\"Wei\u00dfe Schokolade - Zitrone und Spritzgeb\u00e4ck | Dolfin\" \/>\n<meta property=\"og:description\" content=\"Diese einzigartige Kreation ist von der ber\u00fchmten Tarte au Citron inspiriert und nimmt Sie sofort mit in die zauberhafte Welt der erlesenen Desserts.\" \/>\n<meta property=\"og:url\" content=\"https:\/\/www.dolfin.be\/de\/produkt\/weisse-schokolade-zitrone-und-spritzgeback\/\" \/>\n<meta property=\"og:site_name\" content=\"Dolfin\" \/>\n<meta property=\"article:modified_time\" content=\"2025-10-31T11:00:36+00:00\" \/>\n<meta property=\"og:image\" content=\"https:\/\/www.dolfin.be\/wp-content\/uploads\/2024\/03\/citron-sable-face-1.jpg\" \/>\n\t<meta property=\"og:image:width\" content=\"713\" \/>\n\t<meta property=\"og:image:height\" content=\"1200\" \/>\n\t<meta property=\"og:image:type\" content=\"image\/jpeg\" \/>\n<meta name=\"twitter:card\" content=\"summary_large_image\" \/>\n<meta name=\"twitter:label1\" content=\"Gesch\u00e4tzte Lesezeit\" \/>\n\t<meta name=\"twitter:data1\" content=\"1\u00a0Minute\" \/>\n<script type=\"application\/ld+json\" class=\"yoast-schema-graph\">{\"@context\":\"https:\\\/\\\/schema.org\",\"@graph\":[{\"@type\":\"WebPage\",\"@id\":\"https:\\\/\\\/www.dolfin.be\\\/de\\\/produkt\\\/weisse-schokolade-zitrone-und-spritzgeback\\\/\",\"url\":\"https:\\\/\\\/www.dolfin.be\\\/de\\\/produkt\\\/weisse-schokolade-zitrone-und-spritzgeback\\\/\",\"name\":\"Wei\u00dfe Schokolade - Zitrone und Spritzgeb\u00e4ck | Dolfin\",\"isPartOf\":{\"@id\":\"https:\\\/\\\/www.dolfin.be\\\/de\\\/#website\"},\"primaryImageOfPage\":{\"@id\":\"https:\\\/\\\/www.dolfin.be\\\/de\\\/produkt\\\/weisse-schokolade-zitrone-und-spritzgeback\\\/#primaryimage\"},\"image\":{\"@id\":\"https:\\\/\\\/www.dolfin.be\\\/de\\\/produkt\\\/weisse-schokolade-zitrone-und-spritzgeback\\\/#primaryimage\"},\"thumbnailUrl\":\"https:\\\/\\\/www.dolfin.be\\\/wp-content\\\/uploads\\\/2024\\\/03\\\/citron-sable-face-1.jpg\",\"datePublished\":\"2024-03-26T13:20:16+00:00\",\"dateModified\":\"2025-10-31T11:00:36+00:00\",\"description\":\"Diese einzigartige Kreation ist von der ber\u00fchmten Tarte au Citron inspiriert und nimmt Sie sofort mit in die zauberhafte Welt der erlesenen Desserts.\",\"breadcrumb\":{\"@id\":\"https:\\\/\\\/www.dolfin.be\\\/de\\\/produkt\\\/weisse-schokolade-zitrone-und-spritzgeback\\\/#breadcrumb\"},\"inLanguage\":\"de\",\"potentialAction\":[{\"@type\":\"ReadAction\",\"target\":[\"https:\\\/\\\/www.dolfin.be\\\/de\\\/produkt\\\/weisse-schokolade-zitrone-und-spritzgeback\\\/\"]}]},{\"@type\":\"ImageObject\",\"inLanguage\":\"de\",\"@id\":\"https:\\\/\\\/www.dolfin.be\\\/de\\\/produkt\\\/weisse-schokolade-zitrone-und-spritzgeback\\\/#primaryimage\",\"url\":\"https:\\\/\\\/www.dolfin.be\\\/wp-content\\\/uploads\\\/2024\\\/03\\\/citron-sable-face-1.jpg\",\"contentUrl\":\"https:\\\/\\\/www.dolfin.be\\\/wp-content\\\/uploads\\\/2024\\\/03\\\/citron-sable-face-1.jpg\",\"width\":713,\"height\":1200},{\"@type\":\"BreadcrumbList\",\"@id\":\"https:\\\/\\\/www.dolfin.be\\\/de\\\/produkt\\\/weisse-schokolade-zitrone-und-spritzgeback\\\/#breadcrumb\",\"itemListElement\":[{\"@type\":\"ListItem\",\"position\":1,\"name\":\"Accueil\",\"item\":\"https:\\\/\\\/www.dolfin.be\\\/de\\\/\"},{\"@type\":\"ListItem\",\"position\":2,\"name\":\"Unsere Produkte\",\"item\":\"https:\\\/\\\/www.dolfin.be\\\/de\\\/unsere-produkte\\\/\"},{\"@type\":\"ListItem\",\"position\":3,\"name\":\"Wei\u00dfe Schokolade &#8211; Zitrone und Spritzgeb\u00e4ck\"}]},{\"@type\":\"WebSite\",\"@id\":\"https:\\\/\\\/www.dolfin.be\\\/de\\\/#website\",\"url\":\"https:\\\/\\\/www.dolfin.be\\\/de\\\/\",\"name\":\"Dolfin\",\"description\":\"\",\"potentialAction\":[{\"@type\":\"SearchAction\",\"target\":{\"@type\":\"EntryPoint\",\"urlTemplate\":\"https:\\\/\\\/www.dolfin.be\\\/de\\\/?s={search_term_string}\"},\"query-input\":{\"@type\":\"PropertyValueSpecification\",\"valueRequired\":true,\"valueName\":\"search_term_string\"}}],\"inLanguage\":\"de\"}]}<\/script>\n<!-- \/ Yoast SEO plugin. -->","yoast_head_json":{"title":"Wei\u00dfe Schokolade - Zitrone und Spritzgeb\u00e4ck | Dolfin","description":"Diese einzigartige Kreation ist von der ber\u00fchmten Tarte au Citron inspiriert und nimmt Sie sofort mit in die zauberhafte Welt der erlesenen Desserts.","robots":{"index":"index","follow":"follow","max-snippet":"max-snippet:-1","max-image-preview":"max-image-preview:large","max-video-preview":"max-video-preview:-1"},"canonical":"https:\/\/www.dolfin.be\/de\/produkt\/weisse-schokolade-zitrone-und-spritzgeback\/","og_locale":"de_DE","og_type":"article","og_title":"Wei\u00dfe Schokolade - Zitrone und Spritzgeb\u00e4ck | Dolfin","og_description":"Diese einzigartige Kreation ist von der ber\u00fchmten Tarte au Citron inspiriert und nimmt Sie sofort mit in die zauberhafte Welt der erlesenen Desserts.","og_url":"https:\/\/www.dolfin.be\/de\/produkt\/weisse-schokolade-zitrone-und-spritzgeback\/","og_site_name":"Dolfin","article_modified_time":"2025-10-31T11:00:36+00:00","og_image":[{"width":713,"height":1200,"url":"https:\/\/www.dolfin.be\/wp-content\/uploads\/2024\/03\/citron-sable-face-1.jpg","type":"image\/jpeg"}],"twitter_card":"summary_large_image","twitter_misc":{"Gesch\u00e4tzte Lesezeit":"1\u00a0Minute"},"schema":{"@context":"https:\/\/schema.org","@graph":[{"@type":"WebPage","@id":"https:\/\/www.dolfin.be\/de\/produkt\/weisse-schokolade-zitrone-und-spritzgeback\/","url":"https:\/\/www.dolfin.be\/de\/produkt\/weisse-schokolade-zitrone-und-spritzgeback\/","name":"Wei\u00dfe Schokolade - Zitrone und Spritzgeb\u00e4ck | Dolfin","isPartOf":{"@id":"https:\/\/www.dolfin.be\/de\/#website"},"primaryImageOfPage":{"@id":"https:\/\/www.dolfin.be\/de\/produkt\/weisse-schokolade-zitrone-und-spritzgeback\/#primaryimage"},"image":{"@id":"https:\/\/www.dolfin.be\/de\/produkt\/weisse-schokolade-zitrone-und-spritzgeback\/#primaryimage"},"thumbnailUrl":"https:\/\/www.dolfin.be\/wp-content\/uploads\/2024\/03\/citron-sable-face-1.jpg","datePublished":"2024-03-26T13:20:16+00:00","dateModified":"2025-10-31T11:00:36+00:00","description":"Diese einzigartige Kreation ist von der ber\u00fchmten Tarte au Citron inspiriert und nimmt Sie sofort mit in die zauberhafte Welt der erlesenen Desserts.","breadcrumb":{"@id":"https:\/\/www.dolfin.be\/de\/produkt\/weisse-schokolade-zitrone-und-spritzgeback\/#breadcrumb"},"inLanguage":"de","potentialAction":[{"@type":"ReadAction","target":["https:\/\/www.dolfin.be\/de\/produkt\/weisse-schokolade-zitrone-und-spritzgeback\/"]}]},{"@type":"ImageObject","inLanguage":"de","@id":"https:\/\/www.dolfin.be\/de\/produkt\/weisse-schokolade-zitrone-und-spritzgeback\/#primaryimage","url":"https:\/\/www.dolfin.be\/wp-content\/uploads\/2024\/03\/citron-sable-face-1.jpg","contentUrl":"https:\/\/www.dolfin.be\/wp-content\/uploads\/2024\/03\/citron-sable-face-1.jpg","width":713,"height":1200},{"@type":"BreadcrumbList","@id":"https:\/\/www.dolfin.be\/de\/produkt\/weisse-schokolade-zitrone-und-spritzgeback\/#breadcrumb","itemListElement":[{"@type":"ListItem","position":1,"name":"Accueil","item":"https:\/\/www.dolfin.be\/de\/"},{"@type":"ListItem","position":2,"name":"Unsere Produkte","item":"https:\/\/www.dolfin.be\/de\/unsere-produkte\/"},{"@type":"ListItem","position":3,"name":"Wei\u00dfe Schokolade &#8211; Zitrone und Spritzgeb\u00e4ck"}]},{"@type":"WebSite","@id":"https:\/\/www.dolfin.be\/de\/#website","url":"https:\/\/www.dolfin.be\/de\/","name":"Dolfin","description":"","potentialAction":[{"@type":"SearchAction","target":{"@type":"EntryPoint","urlTemplate":"https:\/\/www.dolfin.be\/de\/?s={search_term_string}"},"query-input":{"@type":"PropertyValueSpecification","valueRequired":true,"valueName":"search_term_string"}}],"inLanguage":"de"}]}},"_links":{"self":[{"href":"https:\/\/www.dolfin.be\/de\/wp-json\/wp\/v2\/product\/6149","targetHints":{"allow":["GET"]}}],"collection":[{"href":"https:\/\/www.dolfin.be\/de\/wp-json\/wp\/v2\/product"}],"about":[{"href":"https:\/\/www.dolfin.be\/de\/wp-json\/wp\/v2\/types\/product"}],"wp:featuredmedia":[{"embeddable":true,"href":"https:\/\/www.dolfin.be\/de\/wp-json\/wp\/v2\/media\/13112"}],"wp:attachment":[{"href":"https:\/\/www.dolfin.be\/de\/wp-json\/wp\/v2\/media?parent=6149"}],"wp:term":[{"taxonomy":"product_brand","embeddable":true,"href":"https:\/\/www.dolfin.be\/de\/wp-json\/wp\/v2\/product_brand?post=6149"},{"taxonomy":"product_cat","embeddable":true,"href":"https:\/\/www.dolfin.be\/de\/wp-json\/wp\/v2\/product_cat?post=6149"},{"taxonomy":"product_tag","embeddable":true,"href":"https:\/\/www.dolfin.be\/de\/wp-json\/wp\/v2\/product_tag?post=6149"}],"curies":[{"name":"wp","href":"https:\/\/api.w.org\/{rel}","templated":true}]}}