{"id":6146,"date":"2024-03-26T14:20:17","date_gmt":"2024-03-26T13:20:17","guid":{"rendered":"https:\/\/dolfin.poush-dev.be\/?post_type=product&#038;p=6146"},"modified":"2025-09-02T13:00:39","modified_gmt":"2025-09-02T11:00:39","slug":"beutel-45g-vollmichschokolade-rote-fruchte","status":"publish","type":"product","link":"https:\/\/www.dolfin.be\/de\/produkt\/beutel-45g-vollmichschokolade-rote-fruchte\/","title":{"rendered":"Beutel 45g &#8211; Vollmilchschokolade &#038; Rote Fr\u00fcchte"},"content":{"rendered":"<p>Die roten Fruchtsplitter verleihen dem k\u00f6stlichen, mit Vollmilchschokolade \u00fcberzogenen Karamell einen frischen, leicht s\u00e4uerlichen Touch und erreichen so ein perfektes Gleichgewicht, das die Geschmacksknospen zum Klingen bringt. Zum Mitnehmen und Genie\u00dfen: Der einfacher Verschluss garantiert jederzeit Frische und k\u00f6stlichen Geschmack. Lassen Sie sich von der Eleganz und Qualit\u00e4t der belgischen Tradition verf\u00fchren, wann immer Sie wollen.<\/p>\n<p><strong>Zutaten<\/strong> : Zucker, Butter (<strong>Milch<\/strong>), rote Fr\u00fcchte 8% (Erdbeere, Himbeere, schwarze Johannisbeere, rote Johannisbeere), Kakaomasse, Kakaobutter, Voll<strong>milch<\/strong>pulver, Glukosesirup, Salz, Emulgator: Sojalecithin, nat\u00fcrliches Vanillearoma. Der Schokoladen\u00fcberzug enth\u00e4lt mindestens 37% Kakao. Kann N\u00fcsse, Gluten, Sesam und Sulfite enthalten.<\/p>\n","protected":false},"excerpt":{"rendered":"<p>Die roten Fruchtsplitter verleihen dem k\u00f6stlichen, mit Vollmilchschokolade \u00fcberzogenen Karamell einen frischen, leicht s\u00e4uerlichen Touch und erreichen so ein perfektes Gleichgewicht, das die Geschmacksknospen zum Klingen bringt. Zum Mitnehmen und Genie\u00dfen: Der einfacher Verschluss garantiert jederzeit Frische und k\u00f6stlichen Geschmack. Lassen Sie sich von der Eleganz und Qualit\u00e4t der belgischen Tradition verf\u00fchren, wann immer Sie wollen.<\/p>\n","protected":false},"featured_media":5003,"template":"","meta":{"_acf_changed":false,"_et_pb_use_builder":"","_et_pb_old_content":"","_et_gb_content_width":"","inline_featured_image":false},"product_brand":[],"product_cat":[401,393],"product_tag":[],"class_list":{"0":"post-6146","1":"product","2":"type-product","3":"status-publish","4":"has-post-thumbnail","6":"product_cat-dolfin-karamellen","7":"product_cat-karamellbutter-salz-schokolade","9":"first","10":"instock","11":"shipping-taxable","12":"purchasable","13":"product-type-simple"},"acf":[],"yoast_head":"<!-- This site is optimized with the Yoast SEO plugin v27.4 - https:\/\/yoast.com\/product\/yoast-seo-wordpress\/ -->\n<title>Beutel 45g - Vollmilchschokolade &amp; Rote Fr\u00fcchte | Dolfin<\/title>\n<meta name=\"robots\" content=\"index, follow, max-snippet:-1, max-image-preview:large, max-video-preview:-1\" \/>\n<link rel=\"canonical\" href=\"https:\/\/www.dolfin.be\/de\/produkt\/beutel-45g-vollmichschokolade-rote-fruchte\/\" \/>\n<meta property=\"og:locale\" content=\"de_DE\" \/>\n<meta property=\"og:type\" content=\"article\" \/>\n<meta property=\"og:title\" content=\"Beutel 45g - Vollmilchschokolade &amp; Rote Fr\u00fcchte | Dolfin\" \/>\n<meta property=\"og:description\" content=\"Die roten Fruchtsplitter verleihen dem k\u00f6stlichen, mit Vollmilchschokolade \u00fcberzogenen Karamell einen frischen, leicht s\u00e4uerlichen Touch und erreichen so ein perfektes Gleichgewicht, das die Geschmacksknospen zum Klingen bringt. Zum Mitnehmen und Genie\u00dfen: Der einfacher Verschluss garantiert jederzeit Frische und k\u00f6stlichen Geschmack. Lassen Sie sich von der Eleganz und Qualit\u00e4t der belgischen Tradition verf\u00fchren, wann immer Sie wollen.\" \/>\n<meta property=\"og:url\" content=\"https:\/\/www.dolfin.be\/de\/produkt\/beutel-45g-vollmichschokolade-rote-fruchte\/\" \/>\n<meta property=\"og:site_name\" content=\"Dolfin\" \/>\n<meta property=\"article:modified_time\" content=\"2025-09-02T11:00:39+00:00\" \/>\n<meta property=\"og:image\" content=\"https:\/\/www.dolfin.be\/wp-content\/uploads\/2024\/02\/fruitsrougesface.jpg\" \/>\n\t<meta property=\"og:image:width\" content=\"1000\" \/>\n\t<meta property=\"og:image:height\" content=\"1250\" \/>\n\t<meta property=\"og:image:type\" content=\"image\/jpeg\" \/>\n<meta name=\"twitter:card\" content=\"summary_large_image\" \/>\n<meta name=\"twitter:label1\" content=\"Gesch\u00e4tzte Lesezeit\" \/>\n\t<meta name=\"twitter:data1\" content=\"1\u00a0Minute\" \/>\n<script type=\"application\/ld+json\" class=\"yoast-schema-graph\">{\"@context\":\"https:\\\/\\\/schema.org\",\"@graph\":[{\"@type\":\"WebPage\",\"@id\":\"https:\\\/\\\/www.dolfin.be\\\/de\\\/produkt\\\/beutel-45g-vollmichschokolade-rote-fruchte\\\/\",\"url\":\"https:\\\/\\\/www.dolfin.be\\\/de\\\/produkt\\\/beutel-45g-vollmichschokolade-rote-fruchte\\\/\",\"name\":\"Beutel 45g - Vollmilchschokolade & Rote Fr\u00fcchte | Dolfin\",\"isPartOf\":{\"@id\":\"https:\\\/\\\/www.dolfin.be\\\/de\\\/#website\"},\"primaryImageOfPage\":{\"@id\":\"https:\\\/\\\/www.dolfin.be\\\/de\\\/produkt\\\/beutel-45g-vollmichschokolade-rote-fruchte\\\/#primaryimage\"},\"image\":{\"@id\":\"https:\\\/\\\/www.dolfin.be\\\/de\\\/produkt\\\/beutel-45g-vollmichschokolade-rote-fruchte\\\/#primaryimage\"},\"thumbnailUrl\":\"https:\\\/\\\/www.dolfin.be\\\/wp-content\\\/uploads\\\/2024\\\/02\\\/fruitsrougesface.jpg\",\"datePublished\":\"2024-03-26T13:20:17+00:00\",\"dateModified\":\"2025-09-02T11:00:39+00:00\",\"breadcrumb\":{\"@id\":\"https:\\\/\\\/www.dolfin.be\\\/de\\\/produkt\\\/beutel-45g-vollmichschokolade-rote-fruchte\\\/#breadcrumb\"},\"inLanguage\":\"de\",\"potentialAction\":[{\"@type\":\"ReadAction\",\"target\":[\"https:\\\/\\\/www.dolfin.be\\\/de\\\/produkt\\\/beutel-45g-vollmichschokolade-rote-fruchte\\\/\"]}]},{\"@type\":\"ImageObject\",\"inLanguage\":\"de\",\"@id\":\"https:\\\/\\\/www.dolfin.be\\\/de\\\/produkt\\\/beutel-45g-vollmichschokolade-rote-fruchte\\\/#primaryimage\",\"url\":\"https:\\\/\\\/www.dolfin.be\\\/wp-content\\\/uploads\\\/2024\\\/02\\\/fruitsrougesface.jpg\",\"contentUrl\":\"https:\\\/\\\/www.dolfin.be\\\/wp-content\\\/uploads\\\/2024\\\/02\\\/fruitsrougesface.jpg\",\"width\":1000,\"height\":1250},{\"@type\":\"BreadcrumbList\",\"@id\":\"https:\\\/\\\/www.dolfin.be\\\/de\\\/produkt\\\/beutel-45g-vollmichschokolade-rote-fruchte\\\/#breadcrumb\",\"itemListElement\":[{\"@type\":\"ListItem\",\"position\":1,\"name\":\"Accueil\",\"item\":\"https:\\\/\\\/www.dolfin.be\\\/de\\\/\"},{\"@type\":\"ListItem\",\"position\":2,\"name\":\"Unsere Produkte\",\"item\":\"https:\\\/\\\/www.dolfin.be\\\/de\\\/unsere-produkte\\\/\"},{\"@type\":\"ListItem\",\"position\":3,\"name\":\"Beutel 45g &#8211; Vollmilchschokolade &#038; Rote Fr\u00fcchte\"}]},{\"@type\":\"WebSite\",\"@id\":\"https:\\\/\\\/www.dolfin.be\\\/de\\\/#website\",\"url\":\"https:\\\/\\\/www.dolfin.be\\\/de\\\/\",\"name\":\"Dolfin\",\"description\":\"\",\"potentialAction\":[{\"@type\":\"SearchAction\",\"target\":{\"@type\":\"EntryPoint\",\"urlTemplate\":\"https:\\\/\\\/www.dolfin.be\\\/de\\\/?s={search_term_string}\"},\"query-input\":{\"@type\":\"PropertyValueSpecification\",\"valueRequired\":true,\"valueName\":\"search_term_string\"}}],\"inLanguage\":\"de\"}]}<\/script>\n<!-- \/ Yoast SEO plugin. -->","yoast_head_json":{"title":"Beutel 45g - Vollmilchschokolade & Rote Fr\u00fcchte | Dolfin","robots":{"index":"index","follow":"follow","max-snippet":"max-snippet:-1","max-image-preview":"max-image-preview:large","max-video-preview":"max-video-preview:-1"},"canonical":"https:\/\/www.dolfin.be\/de\/produkt\/beutel-45g-vollmichschokolade-rote-fruchte\/","og_locale":"de_DE","og_type":"article","og_title":"Beutel 45g - Vollmilchschokolade & Rote Fr\u00fcchte | Dolfin","og_description":"Die roten Fruchtsplitter verleihen dem k\u00f6stlichen, mit Vollmilchschokolade \u00fcberzogenen Karamell einen frischen, leicht s\u00e4uerlichen Touch und erreichen so ein perfektes Gleichgewicht, das die Geschmacksknospen zum Klingen bringt. Zum Mitnehmen und Genie\u00dfen: Der einfacher Verschluss garantiert jederzeit Frische und k\u00f6stlichen Geschmack. Lassen Sie sich von der Eleganz und Qualit\u00e4t der belgischen Tradition verf\u00fchren, wann immer Sie wollen.","og_url":"https:\/\/www.dolfin.be\/de\/produkt\/beutel-45g-vollmichschokolade-rote-fruchte\/","og_site_name":"Dolfin","article_modified_time":"2025-09-02T11:00:39+00:00","og_image":[{"width":1000,"height":1250,"url":"https:\/\/www.dolfin.be\/wp-content\/uploads\/2024\/02\/fruitsrougesface.jpg","type":"image\/jpeg"}],"twitter_card":"summary_large_image","twitter_misc":{"Gesch\u00e4tzte Lesezeit":"1\u00a0Minute"},"schema":{"@context":"https:\/\/schema.org","@graph":[{"@type":"WebPage","@id":"https:\/\/www.dolfin.be\/de\/produkt\/beutel-45g-vollmichschokolade-rote-fruchte\/","url":"https:\/\/www.dolfin.be\/de\/produkt\/beutel-45g-vollmichschokolade-rote-fruchte\/","name":"Beutel 45g - Vollmilchschokolade & Rote Fr\u00fcchte | Dolfin","isPartOf":{"@id":"https:\/\/www.dolfin.be\/de\/#website"},"primaryImageOfPage":{"@id":"https:\/\/www.dolfin.be\/de\/produkt\/beutel-45g-vollmichschokolade-rote-fruchte\/#primaryimage"},"image":{"@id":"https:\/\/www.dolfin.be\/de\/produkt\/beutel-45g-vollmichschokolade-rote-fruchte\/#primaryimage"},"thumbnailUrl":"https:\/\/www.dolfin.be\/wp-content\/uploads\/2024\/02\/fruitsrougesface.jpg","datePublished":"2024-03-26T13:20:17+00:00","dateModified":"2025-09-02T11:00:39+00:00","breadcrumb":{"@id":"https:\/\/www.dolfin.be\/de\/produkt\/beutel-45g-vollmichschokolade-rote-fruchte\/#breadcrumb"},"inLanguage":"de","potentialAction":[{"@type":"ReadAction","target":["https:\/\/www.dolfin.be\/de\/produkt\/beutel-45g-vollmichschokolade-rote-fruchte\/"]}]},{"@type":"ImageObject","inLanguage":"de","@id":"https:\/\/www.dolfin.be\/de\/produkt\/beutel-45g-vollmichschokolade-rote-fruchte\/#primaryimage","url":"https:\/\/www.dolfin.be\/wp-content\/uploads\/2024\/02\/fruitsrougesface.jpg","contentUrl":"https:\/\/www.dolfin.be\/wp-content\/uploads\/2024\/02\/fruitsrougesface.jpg","width":1000,"height":1250},{"@type":"BreadcrumbList","@id":"https:\/\/www.dolfin.be\/de\/produkt\/beutel-45g-vollmichschokolade-rote-fruchte\/#breadcrumb","itemListElement":[{"@type":"ListItem","position":1,"name":"Accueil","item":"https:\/\/www.dolfin.be\/de\/"},{"@type":"ListItem","position":2,"name":"Unsere Produkte","item":"https:\/\/www.dolfin.be\/de\/unsere-produkte\/"},{"@type":"ListItem","position":3,"name":"Beutel 45g &#8211; Vollmilchschokolade &#038; Rote Fr\u00fcchte"}]},{"@type":"WebSite","@id":"https:\/\/www.dolfin.be\/de\/#website","url":"https:\/\/www.dolfin.be\/de\/","name":"Dolfin","description":"","potentialAction":[{"@type":"SearchAction","target":{"@type":"EntryPoint","urlTemplate":"https:\/\/www.dolfin.be\/de\/?s={search_term_string}"},"query-input":{"@type":"PropertyValueSpecification","valueRequired":true,"valueName":"search_term_string"}}],"inLanguage":"de"}]}},"_links":{"self":[{"href":"https:\/\/www.dolfin.be\/de\/wp-json\/wp\/v2\/product\/6146","targetHints":{"allow":["GET"]}}],"collection":[{"href":"https:\/\/www.dolfin.be\/de\/wp-json\/wp\/v2\/product"}],"about":[{"href":"https:\/\/www.dolfin.be\/de\/wp-json\/wp\/v2\/types\/product"}],"wp:featuredmedia":[{"embeddable":true,"href":"https:\/\/www.dolfin.be\/de\/wp-json\/wp\/v2\/media\/5003"}],"wp:attachment":[{"href":"https:\/\/www.dolfin.be\/de\/wp-json\/wp\/v2\/media?parent=6146"}],"wp:term":[{"taxonomy":"product_brand","embeddable":true,"href":"https:\/\/www.dolfin.be\/de\/wp-json\/wp\/v2\/product_brand?post=6146"},{"taxonomy":"product_cat","embeddable":true,"href":"https:\/\/www.dolfin.be\/de\/wp-json\/wp\/v2\/product_cat?post=6146"},{"taxonomy":"product_tag","embeddable":true,"href":"https:\/\/www.dolfin.be\/de\/wp-json\/wp\/v2\/product_tag?post=6146"}],"curies":[{"name":"wp","href":"https:\/\/api.w.org\/{rel}","templated":true}]}}