{"id":6137,"date":"2024-03-26T14:20:14","date_gmt":"2024-03-26T13:20:14","guid":{"rendered":"https:\/\/dolfin.poush-dev.be\/product\/9-schokoladen-minitafeln-weihnachten-blumen\/"},"modified":"2025-04-14T16:40:32","modified_gmt":"2025-04-14T14:40:32","slug":"9-schokoladen-minitafeln-weihnachten-blumen","status":"publish","type":"product","link":"https:\/\/www.dolfin.be\/de\/produkt\/9-schokoladen-minitafeln-weihnachten-blumen\/","title":{"rendered":"9 Schokoladen-MiniTafeln &#8220;Winter &#8211; Weihnachten Blumen&#8221;"},"content":{"rendered":"<p>Die kleine Schachtel mit 9 \u201eWinterblumen\u201c-Pralinen f\u00e4ngt die Essenz dieser magischen Jahreszeit mit zarten Motiven ein, die von Blumen inspiriert sind, die der K\u00e4lte trotzen, um in ihrer ganzen Pracht zur Geltung zu kommen.<\/p>\n<p>Jede Schachtel enth\u00e4lt eine exquisite Auswahl an 9 Schokoladenquadraten, in denen sich die tiefe Intensit\u00e4t dunkler Schokolade mit der zartschmelzenden S\u00fc\u00dfe von Vollmilchschokolade vereint.<\/p>\n<p>Ob f\u00fcr Sie selbst oder als Geschenk f\u00fcr einen besonderen Menschen, unsere kleine Schachtel mit Winterblumen ist viel mehr als nur eine einfache Pralinenschachtel. Sie ist eine Einladung zum Entschleunigen, sie l\u00e4sst Sie den Augenblick genie\u00dfen und die fl\u00fcchtige Sch\u00f6nheit des Winters feiern.<\/p>\n<p>6 Geschmacksrichtungen: Vollmilch 37% Kakao, Vollmilch Krokant, Vollmilch Kaffee, Zartbitter 70% Kakao, Zartbitter Orange und Zartbitter Krokant.<\/p>\n<p>Zutaten: Zucker, Kakaomasse, Kakaobutter, Voll<strong>milch<\/strong>pulver, Nougatine 4% (Zucker, <strong>Haseln\u00fcsse<\/strong>), Emulgator: <strong>Soja<\/strong>lecithin, Kaffee 2%, Orangenpulver 1%, nat\u00fcrliche Aromen. Kakao : 37%, 60% und 70% mindestens. Kann andere N\u00fcsse, Gluten, Eiern und Sesam enthalten.<\/p>\n","protected":false},"excerpt":{"rendered":"<p>Die kleine Schachtel mit 9 \u201eWinterblumen\u201c-Pralinen f\u00e4ngt die Essenz dieser magischen Jahreszeit mit zarten Motiven ein, die von Blumen inspiriert sind, die der K\u00e4lte trotzen, um in ihrer ganzen Pracht zur Geltung zu kommen.<\/p>\n<p>Jede Schachtel enth\u00e4lt eine exquisite Auswahl an 9 Schokoladenquadraten, in denen sich die tiefe Intensit\u00e4t dunkler Schokolade mit der zartschmelzenden S\u00fc\u00dfe von Vollmilchschokolade vereint.<\/p>\n<p>Ob f\u00fcr Sie selbst oder als Geschenk f\u00fcr einen besonderen Menschen, unsere kleine Schachtel mit Winterblumen ist viel mehr als nur eine einfache Pralinenschachtel. Sie ist eine Einladung zum Entschleunigen, sie l\u00e4sst Sie den Augenblick genie\u00dfen und die fl\u00fcchtige Sch\u00f6nheit des Winters feiern.<\/p>\n<p>6 Geschmacksrichtungen: Vollmilch 37% Kakao, Vollmilch Krokant, Vollmilch Kaffee, Zartbitter 70% Kakao, Zartbitter Orange und Zartbitter Krokant.<\/p>\n","protected":false},"featured_media":4983,"template":"","meta":{"_acf_changed":false,"_et_pb_use_builder":"","_et_pb_old_content":"","_et_gb_content_width":"","inline_featured_image":false},"product_brand":[],"product_cat":[409,518,403,411],"product_tag":[],"class_list":{"0":"post-6137","1":"product","2":"type-product","3":"status-publish","4":"has-post-thumbnail","6":"product_cat-geschenkbox","7":"product_cat-schokoladenquadrate-geschenk","8":"product_cat-boxen-und-etuis","9":"product_cat-winterschokolade","11":"first","12":"instock","13":"shipping-taxable","14":"purchasable","15":"product-type-simple"},"acf":[],"yoast_head":"<!-- This site is optimized with the Yoast SEO plugin v27.3 - https:\/\/yoast.com\/product\/yoast-seo-wordpress\/ -->\n<title>Dolfin | 9 Schokoladen-MiniTafeln &quot;Winter - Weihnachten Blumen&quot; - Zartbitter und Vollmilchschokolade<\/title>\n<meta name=\"description\" content=\"Die kleine Schachtel mit 9 \u201eWinterblumen\u201c-Pralinen f\u00e4ngt die Essenz dieser magischen Jahreszeit\" \/>\n<meta name=\"robots\" content=\"index, follow, max-snippet:-1, max-image-preview:large, max-video-preview:-1\" \/>\n<link rel=\"canonical\" href=\"https:\/\/www.dolfin.be\/de\/produkt\/9-schokoladen-minitafeln-weihnachten-blumen\/\" \/>\n<meta property=\"og:locale\" content=\"de_DE\" \/>\n<meta property=\"og:type\" content=\"article\" \/>\n<meta property=\"og:title\" content=\"Dolfin | 9 Schokoladen-MiniTafeln &quot;Winter - Weihnachten Blumen&quot; - Zartbitter und Vollmilchschokolade\" \/>\n<meta property=\"og:description\" content=\"Die kleine Schachtel mit 9 \u201eWinterblumen\u201c-Pralinen f\u00e4ngt die Essenz dieser magischen Jahreszeit\" \/>\n<meta property=\"og:url\" content=\"https:\/\/www.dolfin.be\/de\/produkt\/9-schokoladen-minitafeln-weihnachten-blumen\/\" \/>\n<meta property=\"og:site_name\" content=\"Dolfin\" \/>\n<meta property=\"article:modified_time\" content=\"2025-04-14T14:40:32+00:00\" \/>\n<meta property=\"og:image\" content=\"https:\/\/www.dolfin.be\/wp-content\/uploads\/2024\/02\/9-winter-flower-face-e1728570675248.jpg\" \/>\n\t<meta property=\"og:image:width\" content=\"1000\" \/>\n\t<meta property=\"og:image:height\" content=\"1249\" \/>\n\t<meta property=\"og:image:type\" content=\"image\/jpeg\" \/>\n<meta name=\"twitter:card\" content=\"summary_large_image\" \/>\n<meta name=\"twitter:label1\" content=\"Gesch\u00e4tzte Lesezeit\" \/>\n\t<meta name=\"twitter:data1\" content=\"2\u00a0Minuten\" \/>\n<script type=\"application\/ld+json\" class=\"yoast-schema-graph\">{\"@context\":\"https:\\\/\\\/schema.org\",\"@graph\":[{\"@type\":\"WebPage\",\"@id\":\"https:\\\/\\\/www.dolfin.be\\\/de\\\/produkt\\\/9-schokoladen-minitafeln-weihnachten-blumen\\\/\",\"url\":\"https:\\\/\\\/www.dolfin.be\\\/de\\\/produkt\\\/9-schokoladen-minitafeln-weihnachten-blumen\\\/\",\"name\":\"Dolfin | 9 Schokoladen-MiniTafeln \\\"Winter - Weihnachten Blumen\\\" - Zartbitter und Vollmilchschokolade\",\"isPartOf\":{\"@id\":\"https:\\\/\\\/www.dolfin.be\\\/de\\\/#website\"},\"primaryImageOfPage\":{\"@id\":\"https:\\\/\\\/www.dolfin.be\\\/de\\\/produkt\\\/9-schokoladen-minitafeln-weihnachten-blumen\\\/#primaryimage\"},\"image\":{\"@id\":\"https:\\\/\\\/www.dolfin.be\\\/de\\\/produkt\\\/9-schokoladen-minitafeln-weihnachten-blumen\\\/#primaryimage\"},\"thumbnailUrl\":\"https:\\\/\\\/www.dolfin.be\\\/wp-content\\\/uploads\\\/2024\\\/02\\\/9-winter-flower-face-e1728570675248.jpg\",\"datePublished\":\"2024-03-26T13:20:14+00:00\",\"dateModified\":\"2025-04-14T14:40:32+00:00\",\"description\":\"Die kleine Schachtel mit 9 \u201eWinterblumen\u201c-Pralinen f\u00e4ngt die Essenz dieser magischen Jahreszeit\",\"breadcrumb\":{\"@id\":\"https:\\\/\\\/www.dolfin.be\\\/de\\\/produkt\\\/9-schokoladen-minitafeln-weihnachten-blumen\\\/#breadcrumb\"},\"inLanguage\":\"de\",\"potentialAction\":[{\"@type\":\"ReadAction\",\"target\":[\"https:\\\/\\\/www.dolfin.be\\\/de\\\/produkt\\\/9-schokoladen-minitafeln-weihnachten-blumen\\\/\"]}]},{\"@type\":\"ImageObject\",\"inLanguage\":\"de\",\"@id\":\"https:\\\/\\\/www.dolfin.be\\\/de\\\/produkt\\\/9-schokoladen-minitafeln-weihnachten-blumen\\\/#primaryimage\",\"url\":\"https:\\\/\\\/www.dolfin.be\\\/wp-content\\\/uploads\\\/2024\\\/02\\\/9-winter-flower-face-e1728570675248.jpg\",\"contentUrl\":\"https:\\\/\\\/www.dolfin.be\\\/wp-content\\\/uploads\\\/2024\\\/02\\\/9-winter-flower-face-e1728570675248.jpg\",\"width\":1000,\"height\":1249},{\"@type\":\"BreadcrumbList\",\"@id\":\"https:\\\/\\\/www.dolfin.be\\\/de\\\/produkt\\\/9-schokoladen-minitafeln-weihnachten-blumen\\\/#breadcrumb\",\"itemListElement\":[{\"@type\":\"ListItem\",\"position\":1,\"name\":\"Accueil\",\"item\":\"https:\\\/\\\/www.dolfin.be\\\/de\\\/\"},{\"@type\":\"ListItem\",\"position\":2,\"name\":\"Unsere Produkte\",\"item\":\"https:\\\/\\\/www.dolfin.be\\\/de\\\/unsere-produkte\\\/\"},{\"@type\":\"ListItem\",\"position\":3,\"name\":\"9 Schokoladen-MiniTafeln &#8220;Winter &#8211; Weihnachten Blumen&#8221;\"}]},{\"@type\":\"WebSite\",\"@id\":\"https:\\\/\\\/www.dolfin.be\\\/de\\\/#website\",\"url\":\"https:\\\/\\\/www.dolfin.be\\\/de\\\/\",\"name\":\"Dolfin\",\"description\":\"\",\"potentialAction\":[{\"@type\":\"SearchAction\",\"target\":{\"@type\":\"EntryPoint\",\"urlTemplate\":\"https:\\\/\\\/www.dolfin.be\\\/de\\\/?s={search_term_string}\"},\"query-input\":{\"@type\":\"PropertyValueSpecification\",\"valueRequired\":true,\"valueName\":\"search_term_string\"}}],\"inLanguage\":\"de\"}]}<\/script>\n<!-- \/ Yoast SEO plugin. -->","yoast_head_json":{"title":"Dolfin | 9 Schokoladen-MiniTafeln \"Winter - Weihnachten Blumen\" - Zartbitter und Vollmilchschokolade","description":"Die kleine Schachtel mit 9 \u201eWinterblumen\u201c-Pralinen f\u00e4ngt die Essenz dieser magischen Jahreszeit","robots":{"index":"index","follow":"follow","max-snippet":"max-snippet:-1","max-image-preview":"max-image-preview:large","max-video-preview":"max-video-preview:-1"},"canonical":"https:\/\/www.dolfin.be\/de\/produkt\/9-schokoladen-minitafeln-weihnachten-blumen\/","og_locale":"de_DE","og_type":"article","og_title":"Dolfin | 9 Schokoladen-MiniTafeln \"Winter - Weihnachten Blumen\" - Zartbitter und Vollmilchschokolade","og_description":"Die kleine Schachtel mit 9 \u201eWinterblumen\u201c-Pralinen f\u00e4ngt die Essenz dieser magischen Jahreszeit","og_url":"https:\/\/www.dolfin.be\/de\/produkt\/9-schokoladen-minitafeln-weihnachten-blumen\/","og_site_name":"Dolfin","article_modified_time":"2025-04-14T14:40:32+00:00","og_image":[{"width":1000,"height":1249,"url":"https:\/\/www.dolfin.be\/wp-content\/uploads\/2024\/02\/9-winter-flower-face-e1728570675248.jpg","type":"image\/jpeg"}],"twitter_card":"summary_large_image","twitter_misc":{"Gesch\u00e4tzte Lesezeit":"2\u00a0Minuten"},"schema":{"@context":"https:\/\/schema.org","@graph":[{"@type":"WebPage","@id":"https:\/\/www.dolfin.be\/de\/produkt\/9-schokoladen-minitafeln-weihnachten-blumen\/","url":"https:\/\/www.dolfin.be\/de\/produkt\/9-schokoladen-minitafeln-weihnachten-blumen\/","name":"Dolfin | 9 Schokoladen-MiniTafeln \"Winter - Weihnachten Blumen\" - Zartbitter und Vollmilchschokolade","isPartOf":{"@id":"https:\/\/www.dolfin.be\/de\/#website"},"primaryImageOfPage":{"@id":"https:\/\/www.dolfin.be\/de\/produkt\/9-schokoladen-minitafeln-weihnachten-blumen\/#primaryimage"},"image":{"@id":"https:\/\/www.dolfin.be\/de\/produkt\/9-schokoladen-minitafeln-weihnachten-blumen\/#primaryimage"},"thumbnailUrl":"https:\/\/www.dolfin.be\/wp-content\/uploads\/2024\/02\/9-winter-flower-face-e1728570675248.jpg","datePublished":"2024-03-26T13:20:14+00:00","dateModified":"2025-04-14T14:40:32+00:00","description":"Die kleine Schachtel mit 9 \u201eWinterblumen\u201c-Pralinen f\u00e4ngt die Essenz dieser magischen Jahreszeit","breadcrumb":{"@id":"https:\/\/www.dolfin.be\/de\/produkt\/9-schokoladen-minitafeln-weihnachten-blumen\/#breadcrumb"},"inLanguage":"de","potentialAction":[{"@type":"ReadAction","target":["https:\/\/www.dolfin.be\/de\/produkt\/9-schokoladen-minitafeln-weihnachten-blumen\/"]}]},{"@type":"ImageObject","inLanguage":"de","@id":"https:\/\/www.dolfin.be\/de\/produkt\/9-schokoladen-minitafeln-weihnachten-blumen\/#primaryimage","url":"https:\/\/www.dolfin.be\/wp-content\/uploads\/2024\/02\/9-winter-flower-face-e1728570675248.jpg","contentUrl":"https:\/\/www.dolfin.be\/wp-content\/uploads\/2024\/02\/9-winter-flower-face-e1728570675248.jpg","width":1000,"height":1249},{"@type":"BreadcrumbList","@id":"https:\/\/www.dolfin.be\/de\/produkt\/9-schokoladen-minitafeln-weihnachten-blumen\/#breadcrumb","itemListElement":[{"@type":"ListItem","position":1,"name":"Accueil","item":"https:\/\/www.dolfin.be\/de\/"},{"@type":"ListItem","position":2,"name":"Unsere Produkte","item":"https:\/\/www.dolfin.be\/de\/unsere-produkte\/"},{"@type":"ListItem","position":3,"name":"9 Schokoladen-MiniTafeln &#8220;Winter &#8211; Weihnachten Blumen&#8221;"}]},{"@type":"WebSite","@id":"https:\/\/www.dolfin.be\/de\/#website","url":"https:\/\/www.dolfin.be\/de\/","name":"Dolfin","description":"","potentialAction":[{"@type":"SearchAction","target":{"@type":"EntryPoint","urlTemplate":"https:\/\/www.dolfin.be\/de\/?s={search_term_string}"},"query-input":{"@type":"PropertyValueSpecification","valueRequired":true,"valueName":"search_term_string"}}],"inLanguage":"de"}]}},"_links":{"self":[{"href":"https:\/\/www.dolfin.be\/de\/wp-json\/wp\/v2\/product\/6137","targetHints":{"allow":["GET"]}}],"collection":[{"href":"https:\/\/www.dolfin.be\/de\/wp-json\/wp\/v2\/product"}],"about":[{"href":"https:\/\/www.dolfin.be\/de\/wp-json\/wp\/v2\/types\/product"}],"wp:featuredmedia":[{"embeddable":true,"href":"https:\/\/www.dolfin.be\/de\/wp-json\/wp\/v2\/media\/4983"}],"wp:attachment":[{"href":"https:\/\/www.dolfin.be\/de\/wp-json\/wp\/v2\/media?parent=6137"}],"wp:term":[{"taxonomy":"product_brand","embeddable":true,"href":"https:\/\/www.dolfin.be\/de\/wp-json\/wp\/v2\/product_brand?post=6137"},{"taxonomy":"product_cat","embeddable":true,"href":"https:\/\/www.dolfin.be\/de\/wp-json\/wp\/v2\/product_cat?post=6137"},{"taxonomy":"product_tag","embeddable":true,"href":"https:\/\/www.dolfin.be\/de\/wp-json\/wp\/v2\/product_tag?post=6137"}],"curies":[{"name":"wp","href":"https:\/\/api.w.org\/{rel}","templated":true}]}}