{"id":6111,"date":"2024-02-26T06:45:07","date_gmt":"2024-02-26T05:45:07","guid":{"rendered":"https:\/\/dolfin.poush-dev.be\/product\/vollmilchschokolade-brownie-70g\/"},"modified":"2025-04-14T16:48:57","modified_gmt":"2025-04-14T14:48:57","slug":"vollmilchschokolade-brownie-70g","status":"publish","type":"product","link":"https:\/\/www.dolfin.be\/de\/produkt\/vollmilchschokolade-brownie-70g\/","title":{"rendered":"Vollmilchschokolade Brownie &#8211; 70g"},"content":{"rendered":"<p>In der Familie der schrecklich leckeren Rezepte gibt es einen kleinen Neuzugang: Um K\u00f6stliches noch k\u00f6stlicher zu machen bietet Ihnen Le Chat dieses Mal seine leckere Vollmilchschokolade mit Brownies an. Hier verbindet sich die S\u00fc\u00dfe der zartschmelzenden Vollmilchschokolade mit dem intensiven Aroma knuspriger Browniest\u00fcckchen.<\/p>\n<p>Schokoladenfans werden begeistert sein!<\/p>\n<p><em>\u201eDas kann ich best\u00e4tigen!\u201c<\/em>\u00a0Philippe Geluck<\/p>\n<p>Zutaten : Zucker, Kakaomasse, Kakaobutter, Vollmilchpulver, Brownie 4% (Weizenmehl, Zucker, Butter (Milch), Kakaopulver, salz), Knusperreis 2% (Reismehl), Emulgator: Sojalecithin, nat\u00fcrliches Vanillearoma. Kakao : 37% mindestens. Kann N\u00fcsse, Ei und Sesam enthalten.<\/p>\n<p>&nbsp;<\/p>\n","protected":false},"excerpt":{"rendered":"<p>In der Familie der schrecklich leckeren Rezepte gibt es einen kleinen Neuzugang: Um K\u00f6stliches noch k\u00f6stlicher zu machen bietet Ihnen Le Chat dieses Mal seine leckere Vollmilchschokolade mit Brownies an. Hier verbindet sich die S\u00fc\u00dfe der zartschmelzenden Vollmilchschokolade mit dem intensiven Aroma knuspriger Browniest\u00fcckchen.<\/p>\n<p>Schokoladenfans werden begeistert sein!<\/p>\n<p><em>\u201eDas kann ich best\u00e4tigen!\u201c<\/em>\u00a0Philippe Geluck<\/p>\n","protected":false},"featured_media":8131,"template":"","meta":{"_acf_changed":false,"_et_pb_use_builder":"","_et_pb_old_content":"","_et_gb_content_width":"","inline_featured_image":false},"product_brand":[],"product_cat":[397,533,418,524,392],"product_tag":[],"class_list":{"0":"post-6111","1":"product","2":"type-product","3":"status-publish","4":"has-post-thumbnail","6":"product_cat-die-kollektion-le-chat-von-philippe-geluck","7":"product_cat-grosse-tafeln-70g","8":"product_cat-le-chat-de","9":"product_cat-tafeln","10":"product_cat-schokoladentafeln","12":"first","13":"instock","14":"featured","15":"shipping-taxable","16":"purchasable","17":"product-type-simple"},"acf":[],"yoast_head":"<!-- This site is optimized with the Yoast SEO plugin v27.4 - https:\/\/yoast.com\/product\/yoast-seo-wordpress\/ -->\n<title>Dolfin | Vollmilchschokolade Brownie - 70g - Made in Belgium<\/title>\n<meta name=\"description\" content=\"Vollmilchschokolade mit Karamell oder Spekulatius, Zartbitterschokolade mit Gu\u00e9rande-Salz oder ger\u00f6steten Mandeln, 4 Geschmacksrichtungen zum Lecken der Lippen.\" \/>\n<meta name=\"robots\" content=\"index, follow, max-snippet:-1, max-image-preview:large, max-video-preview:-1\" \/>\n<link rel=\"canonical\" href=\"https:\/\/www.dolfin.be\/de\/produkt\/vollmilchschokolade-brownie-70g\/\" \/>\n<meta property=\"og:locale\" content=\"de_DE\" \/>\n<meta property=\"og:type\" content=\"article\" \/>\n<meta property=\"og:title\" content=\"Dolfin | Vollmilchschokolade Brownie - 70g - Made in Belgium\" \/>\n<meta property=\"og:description\" content=\"Vollmilchschokolade mit Karamell oder Spekulatius, Zartbitterschokolade mit Gu\u00e9rande-Salz oder ger\u00f6steten Mandeln, 4 Geschmacksrichtungen zum Lecken der Lippen.\" \/>\n<meta property=\"og:url\" content=\"https:\/\/www.dolfin.be\/de\/produkt\/vollmilchschokolade-brownie-70g\/\" \/>\n<meta property=\"og:site_name\" content=\"Dolfin\" \/>\n<meta property=\"article:modified_time\" content=\"2025-04-14T14:48:57+00:00\" \/>\n<meta property=\"og:image\" content=\"https:\/\/www.dolfin.be\/wp-content\/uploads\/2024\/02\/lait_brownie_lechat_face-redim.jpg\" \/>\n\t<meta property=\"og:image:width\" content=\"1000\" \/>\n\t<meta property=\"og:image:height\" content=\"1250\" \/>\n\t<meta property=\"og:image:type\" content=\"image\/jpeg\" \/>\n<meta name=\"twitter:card\" content=\"summary_large_image\" \/>\n<meta name=\"twitter:label1\" content=\"Gesch\u00e4tzte Lesezeit\" \/>\n\t<meta name=\"twitter:data1\" content=\"1\u00a0Minute\" \/>\n<script type=\"application\/ld+json\" class=\"yoast-schema-graph\">{\"@context\":\"https:\\\/\\\/schema.org\",\"@graph\":[{\"@type\":\"WebPage\",\"@id\":\"https:\\\/\\\/www.dolfin.be\\\/de\\\/produkt\\\/vollmilchschokolade-brownie-70g\\\/\",\"url\":\"https:\\\/\\\/www.dolfin.be\\\/de\\\/produkt\\\/vollmilchschokolade-brownie-70g\\\/\",\"name\":\"Dolfin | Vollmilchschokolade Brownie - 70g - Made in Belgium\",\"isPartOf\":{\"@id\":\"https:\\\/\\\/www.dolfin.be\\\/de\\\/#website\"},\"primaryImageOfPage\":{\"@id\":\"https:\\\/\\\/www.dolfin.be\\\/de\\\/produkt\\\/vollmilchschokolade-brownie-70g\\\/#primaryimage\"},\"image\":{\"@id\":\"https:\\\/\\\/www.dolfin.be\\\/de\\\/produkt\\\/vollmilchschokolade-brownie-70g\\\/#primaryimage\"},\"thumbnailUrl\":\"https:\\\/\\\/www.dolfin.be\\\/wp-content\\\/uploads\\\/2024\\\/02\\\/lait_brownie_lechat_face-redim.jpg\",\"datePublished\":\"2024-02-26T05:45:07+00:00\",\"dateModified\":\"2025-04-14T14:48:57+00:00\",\"description\":\"Vollmilchschokolade mit Karamell oder Spekulatius, Zartbitterschokolade mit Gu\u00e9rande-Salz oder ger\u00f6steten Mandeln, 4 Geschmacksrichtungen zum Lecken der Lippen.\",\"breadcrumb\":{\"@id\":\"https:\\\/\\\/www.dolfin.be\\\/de\\\/produkt\\\/vollmilchschokolade-brownie-70g\\\/#breadcrumb\"},\"inLanguage\":\"de\",\"potentialAction\":[{\"@type\":\"ReadAction\",\"target\":[\"https:\\\/\\\/www.dolfin.be\\\/de\\\/produkt\\\/vollmilchschokolade-brownie-70g\\\/\"]}]},{\"@type\":\"ImageObject\",\"inLanguage\":\"de\",\"@id\":\"https:\\\/\\\/www.dolfin.be\\\/de\\\/produkt\\\/vollmilchschokolade-brownie-70g\\\/#primaryimage\",\"url\":\"https:\\\/\\\/www.dolfin.be\\\/wp-content\\\/uploads\\\/2024\\\/02\\\/lait_brownie_lechat_face-redim.jpg\",\"contentUrl\":\"https:\\\/\\\/www.dolfin.be\\\/wp-content\\\/uploads\\\/2024\\\/02\\\/lait_brownie_lechat_face-redim.jpg\",\"width\":1000,\"height\":1250,\"caption\":\"Chocolat au lait brownie Le Chat\"},{\"@type\":\"BreadcrumbList\",\"@id\":\"https:\\\/\\\/www.dolfin.be\\\/de\\\/produkt\\\/vollmilchschokolade-brownie-70g\\\/#breadcrumb\",\"itemListElement\":[{\"@type\":\"ListItem\",\"position\":1,\"name\":\"Accueil\",\"item\":\"https:\\\/\\\/www.dolfin.be\\\/de\\\/\"},{\"@type\":\"ListItem\",\"position\":2,\"name\":\"Unsere Produkte\",\"item\":\"https:\\\/\\\/www.dolfin.be\\\/de\\\/unsere-produkte\\\/\"},{\"@type\":\"ListItem\",\"position\":3,\"name\":\"Vollmilchschokolade Brownie &#8211; 70g\"}]},{\"@type\":\"WebSite\",\"@id\":\"https:\\\/\\\/www.dolfin.be\\\/de\\\/#website\",\"url\":\"https:\\\/\\\/www.dolfin.be\\\/de\\\/\",\"name\":\"Dolfin\",\"description\":\"\",\"potentialAction\":[{\"@type\":\"SearchAction\",\"target\":{\"@type\":\"EntryPoint\",\"urlTemplate\":\"https:\\\/\\\/www.dolfin.be\\\/de\\\/?s={search_term_string}\"},\"query-input\":{\"@type\":\"PropertyValueSpecification\",\"valueRequired\":true,\"valueName\":\"search_term_string\"}}],\"inLanguage\":\"de\"}]}<\/script>\n<!-- \/ Yoast SEO plugin. -->","yoast_head_json":{"title":"Dolfin | Vollmilchschokolade Brownie - 70g - Made in Belgium","description":"Vollmilchschokolade mit Karamell oder Spekulatius, Zartbitterschokolade mit Gu\u00e9rande-Salz oder ger\u00f6steten Mandeln, 4 Geschmacksrichtungen zum Lecken der Lippen.","robots":{"index":"index","follow":"follow","max-snippet":"max-snippet:-1","max-image-preview":"max-image-preview:large","max-video-preview":"max-video-preview:-1"},"canonical":"https:\/\/www.dolfin.be\/de\/produkt\/vollmilchschokolade-brownie-70g\/","og_locale":"de_DE","og_type":"article","og_title":"Dolfin | Vollmilchschokolade Brownie - 70g - Made in Belgium","og_description":"Vollmilchschokolade mit Karamell oder Spekulatius, Zartbitterschokolade mit Gu\u00e9rande-Salz oder ger\u00f6steten Mandeln, 4 Geschmacksrichtungen zum Lecken der Lippen.","og_url":"https:\/\/www.dolfin.be\/de\/produkt\/vollmilchschokolade-brownie-70g\/","og_site_name":"Dolfin","article_modified_time":"2025-04-14T14:48:57+00:00","og_image":[{"width":1000,"height":1250,"url":"https:\/\/www.dolfin.be\/wp-content\/uploads\/2024\/02\/lait_brownie_lechat_face-redim.jpg","type":"image\/jpeg"}],"twitter_card":"summary_large_image","twitter_misc":{"Gesch\u00e4tzte Lesezeit":"1\u00a0Minute"},"schema":{"@context":"https:\/\/schema.org","@graph":[{"@type":"WebPage","@id":"https:\/\/www.dolfin.be\/de\/produkt\/vollmilchschokolade-brownie-70g\/","url":"https:\/\/www.dolfin.be\/de\/produkt\/vollmilchschokolade-brownie-70g\/","name":"Dolfin | Vollmilchschokolade Brownie - 70g - Made in Belgium","isPartOf":{"@id":"https:\/\/www.dolfin.be\/de\/#website"},"primaryImageOfPage":{"@id":"https:\/\/www.dolfin.be\/de\/produkt\/vollmilchschokolade-brownie-70g\/#primaryimage"},"image":{"@id":"https:\/\/www.dolfin.be\/de\/produkt\/vollmilchschokolade-brownie-70g\/#primaryimage"},"thumbnailUrl":"https:\/\/www.dolfin.be\/wp-content\/uploads\/2024\/02\/lait_brownie_lechat_face-redim.jpg","datePublished":"2024-02-26T05:45:07+00:00","dateModified":"2025-04-14T14:48:57+00:00","description":"Vollmilchschokolade mit Karamell oder Spekulatius, Zartbitterschokolade mit Gu\u00e9rande-Salz oder ger\u00f6steten Mandeln, 4 Geschmacksrichtungen zum Lecken der Lippen.","breadcrumb":{"@id":"https:\/\/www.dolfin.be\/de\/produkt\/vollmilchschokolade-brownie-70g\/#breadcrumb"},"inLanguage":"de","potentialAction":[{"@type":"ReadAction","target":["https:\/\/www.dolfin.be\/de\/produkt\/vollmilchschokolade-brownie-70g\/"]}]},{"@type":"ImageObject","inLanguage":"de","@id":"https:\/\/www.dolfin.be\/de\/produkt\/vollmilchschokolade-brownie-70g\/#primaryimage","url":"https:\/\/www.dolfin.be\/wp-content\/uploads\/2024\/02\/lait_brownie_lechat_face-redim.jpg","contentUrl":"https:\/\/www.dolfin.be\/wp-content\/uploads\/2024\/02\/lait_brownie_lechat_face-redim.jpg","width":1000,"height":1250,"caption":"Chocolat au lait brownie Le Chat"},{"@type":"BreadcrumbList","@id":"https:\/\/www.dolfin.be\/de\/produkt\/vollmilchschokolade-brownie-70g\/#breadcrumb","itemListElement":[{"@type":"ListItem","position":1,"name":"Accueil","item":"https:\/\/www.dolfin.be\/de\/"},{"@type":"ListItem","position":2,"name":"Unsere Produkte","item":"https:\/\/www.dolfin.be\/de\/unsere-produkte\/"},{"@type":"ListItem","position":3,"name":"Vollmilchschokolade Brownie &#8211; 70g"}]},{"@type":"WebSite","@id":"https:\/\/www.dolfin.be\/de\/#website","url":"https:\/\/www.dolfin.be\/de\/","name":"Dolfin","description":"","potentialAction":[{"@type":"SearchAction","target":{"@type":"EntryPoint","urlTemplate":"https:\/\/www.dolfin.be\/de\/?s={search_term_string}"},"query-input":{"@type":"PropertyValueSpecification","valueRequired":true,"valueName":"search_term_string"}}],"inLanguage":"de"}]}},"_links":{"self":[{"href":"https:\/\/www.dolfin.be\/de\/wp-json\/wp\/v2\/product\/6111","targetHints":{"allow":["GET"]}}],"collection":[{"href":"https:\/\/www.dolfin.be\/de\/wp-json\/wp\/v2\/product"}],"about":[{"href":"https:\/\/www.dolfin.be\/de\/wp-json\/wp\/v2\/types\/product"}],"wp:featuredmedia":[{"embeddable":true,"href":"https:\/\/www.dolfin.be\/de\/wp-json\/wp\/v2\/media\/8131"}],"wp:attachment":[{"href":"https:\/\/www.dolfin.be\/de\/wp-json\/wp\/v2\/media?parent=6111"}],"wp:term":[{"taxonomy":"product_brand","embeddable":true,"href":"https:\/\/www.dolfin.be\/de\/wp-json\/wp\/v2\/product_brand?post=6111"},{"taxonomy":"product_cat","embeddable":true,"href":"https:\/\/www.dolfin.be\/de\/wp-json\/wp\/v2\/product_cat?post=6111"},{"taxonomy":"product_tag","embeddable":true,"href":"https:\/\/www.dolfin.be\/de\/wp-json\/wp\/v2\/product_tag?post=6111"}],"curies":[{"name":"wp","href":"https:\/\/api.w.org\/{rel}","templated":true}]}}