{"id":6104,"date":"2022-04-04T12:50:46","date_gmt":"2022-04-04T10:50:46","guid":{"rendered":"https:\/\/dolfin.poush-dev.be\/product\/sortiment-von-5-zartbitterschokolade-tafeln\/"},"modified":"2024-07-02T15:32:00","modified_gmt":"2024-07-02T13:32:00","slug":"sortiment-von-5-zartbitterschokolade-tafeln","status":"publish","type":"product","link":"https:\/\/www.dolfin.be\/de\/produkt\/sortiment-von-5-zartbitterschokolade-tafeln\/","title":{"rendered":"Sortiment von 5 Zartbitterschokolade Tafeln"},"content":{"rendered":"<p>An alle Liebhaber von Zartbitterschokolade! Alle unsere Bestseller finden Sie in diesem h\u00fcbschen, k\u00f6stlichen Tafelsortiment. Unsere Geschmacksrichtungen wie 88 % Kakao, 70 % Kakao &amp; Sel de Gu\u00e9rande, kandierte Orangen, rosa Pfeffer und ger\u00f6steter Sesam sind ein absolutes Muss.<\/p>\n<p>Machen Sie dieses Geschenk noch einzigartiger, indem Sie das Etikett mit dem Text Ihrer Wahl personalisieren. Gehen Sie dazu beim Abschluss Ihrer Bestellung in die Kommentare.<\/p>\n<p>Ein Leben ohne Schokolade ist denkbar aber sinnlos!<\/p>\n<p>Enth\u00e4lt 5 Tabletten \u00e0 70 g :<\/p>\n<ul>\n<li class=\"woocommerce-loop-product__title\">88% Kakao<\/li>\n<li class=\"woocommerce-loop-product__title\">70% Kakao &amp; Guerande-Salz<\/li>\n<li class=\"woocommerce-loop-product__title\">Kandierte Orangen<\/li>\n<li class=\"woocommerce-loop-product__title\">Rosa Pfeffer<\/li>\n<li class=\"woocommerce-loop-product__title\">Ger\u00f6stetem Sesam<\/li>\n<\/ul>\n<p>Diese Produkte enthalten <strong>Soja<\/strong> und <strong>Sesam<\/strong>. Kann Spuren von N\u00fcssen, Gluten, Eiern und Milch enthalten.<\/p>\n","protected":false},"excerpt":{"rendered":"<p>An alle Liebhaber von Zartbitterschokolade! Alle unsere Bestseller finden Sie in diesem h\u00fcbschen, k\u00f6stlichen Tafelsortiment. Unsere Geschmacksrichtungen wie 88 % Kakao, 70 % Kakao &amp; Sel de Gu\u00e9rande, kandierte Orangen, rosa Pfeffer und ger\u00f6steter Sesam sind ein absolutes Muss.<\/p>\n<p>Machen Sie dieses Geschenk noch einzigartiger, indem Sie das Etikett mit dem Text Ihrer Wahl personalisieren. Gehen Sie dazu beim Abschluss Ihrer Bestellung in die Kommentare.<\/p>\n<p>Ein Leben ohne Schokolade ist denkbar aber sinnlos!<\/p>\n","protected":false},"featured_media":4881,"template":"","meta":{"_acf_changed":false,"_et_pb_use_builder":"","_et_pb_old_content":"","_et_gb_content_width":"","inline_featured_image":false},"product_brand":[],"product_cat":[421,525,409,533,403],"product_tag":[],"class_list":{"0":"post-6104","1":"product","2":"type-product","3":"status-publish","4":"has-post-thumbnail","6":"product_cat-dolfin-kollektion","7":"product_cat-geschenk-sortimente","8":"product_cat-geschenkbox","9":"product_cat-grosse-tafeln-70g","10":"product_cat-boxen-und-etuis","12":"first","13":"instock","14":"shipping-taxable","15":"purchasable","16":"product-type-simple"},"acf":[],"yoast_head":"<!-- This site is optimized with the Yoast SEO plugin v27.4 - https:\/\/yoast.com\/product\/yoast-seo-wordpress\/ -->\n<title>Dolfin | Sortiment von 5 Zartbitterschokolade Tafeln<\/title>\n<meta name=\"description\" content=\"Ensemble de nos best sellers ; 88% cacao, 70% cacao &amp; sel de Gu\u00e9rande, oranges confites, poivre rose et s\u00e9same grill\u00e9.\" \/>\n<meta name=\"robots\" content=\"index, follow, max-snippet:-1, max-image-preview:large, max-video-preview:-1\" \/>\n<link rel=\"canonical\" href=\"https:\/\/www.dolfin.be\/de\/produkt\/sortiment-von-5-zartbitterschokolade-tafeln\/\" \/>\n<meta property=\"og:locale\" content=\"de_DE\" \/>\n<meta property=\"og:type\" content=\"article\" \/>\n<meta property=\"og:title\" content=\"Dolfin | Sortiment von 5 Zartbitterschokolade Tafeln\" \/>\n<meta property=\"og:description\" content=\"Ensemble de nos best sellers ; 88% cacao, 70% cacao &amp; sel de Gu\u00e9rande, oranges confites, poivre rose et s\u00e9same grill\u00e9.\" \/>\n<meta property=\"og:url\" content=\"https:\/\/www.dolfin.be\/de\/produkt\/sortiment-von-5-zartbitterschokolade-tafeln\/\" \/>\n<meta property=\"og:site_name\" content=\"Dolfin\" \/>\n<meta property=\"article:modified_time\" content=\"2024-07-02T13:32:00+00:00\" \/>\n<meta property=\"og:image\" content=\"https:\/\/www.dolfin.be\/wp-content\/uploads\/2024\/02\/20220328_dolfin_4-1.jpg\" \/>\n\t<meta property=\"og:image:width\" content=\"1001\" \/>\n\t<meta property=\"og:image:height\" content=\"797\" \/>\n\t<meta property=\"og:image:type\" content=\"image\/jpeg\" \/>\n<meta name=\"twitter:card\" content=\"summary_large_image\" \/>\n<meta name=\"twitter:label1\" content=\"Gesch\u00e4tzte Lesezeit\" \/>\n\t<meta name=\"twitter:data1\" content=\"1\u00a0Minute\" \/>\n<script type=\"application\/ld+json\" class=\"yoast-schema-graph\">{\"@context\":\"https:\\\/\\\/schema.org\",\"@graph\":[{\"@type\":\"WebPage\",\"@id\":\"https:\\\/\\\/www.dolfin.be\\\/de\\\/produkt\\\/sortiment-von-5-zartbitterschokolade-tafeln\\\/\",\"url\":\"https:\\\/\\\/www.dolfin.be\\\/de\\\/produkt\\\/sortiment-von-5-zartbitterschokolade-tafeln\\\/\",\"name\":\"Dolfin | Sortiment von 5 Zartbitterschokolade Tafeln\",\"isPartOf\":{\"@id\":\"https:\\\/\\\/www.dolfin.be\\\/de\\\/#website\"},\"primaryImageOfPage\":{\"@id\":\"https:\\\/\\\/www.dolfin.be\\\/de\\\/produkt\\\/sortiment-von-5-zartbitterschokolade-tafeln\\\/#primaryimage\"},\"image\":{\"@id\":\"https:\\\/\\\/www.dolfin.be\\\/de\\\/produkt\\\/sortiment-von-5-zartbitterschokolade-tafeln\\\/#primaryimage\"},\"thumbnailUrl\":\"https:\\\/\\\/www.dolfin.be\\\/wp-content\\\/uploads\\\/2024\\\/02\\\/20220328_dolfin_4-1.jpg\",\"datePublished\":\"2022-04-04T10:50:46+00:00\",\"dateModified\":\"2024-07-02T13:32:00+00:00\",\"description\":\"Ensemble de nos best sellers ; 88% cacao, 70% cacao & sel de Gu\u00e9rande, oranges confites, poivre rose et s\u00e9same grill\u00e9.\",\"breadcrumb\":{\"@id\":\"https:\\\/\\\/www.dolfin.be\\\/de\\\/produkt\\\/sortiment-von-5-zartbitterschokolade-tafeln\\\/#breadcrumb\"},\"inLanguage\":\"de\",\"potentialAction\":[{\"@type\":\"ReadAction\",\"target\":[\"https:\\\/\\\/www.dolfin.be\\\/de\\\/produkt\\\/sortiment-von-5-zartbitterschokolade-tafeln\\\/\"]}]},{\"@type\":\"ImageObject\",\"inLanguage\":\"de\",\"@id\":\"https:\\\/\\\/www.dolfin.be\\\/de\\\/produkt\\\/sortiment-von-5-zartbitterschokolade-tafeln\\\/#primaryimage\",\"url\":\"https:\\\/\\\/www.dolfin.be\\\/wp-content\\\/uploads\\\/2024\\\/02\\\/20220328_dolfin_4-1.jpg\",\"contentUrl\":\"https:\\\/\\\/www.dolfin.be\\\/wp-content\\\/uploads\\\/2024\\\/02\\\/20220328_dolfin_4-1.jpg\",\"width\":1001,\"height\":797},{\"@type\":\"BreadcrumbList\",\"@id\":\"https:\\\/\\\/www.dolfin.be\\\/de\\\/produkt\\\/sortiment-von-5-zartbitterschokolade-tafeln\\\/#breadcrumb\",\"itemListElement\":[{\"@type\":\"ListItem\",\"position\":1,\"name\":\"Accueil\",\"item\":\"https:\\\/\\\/www.dolfin.be\\\/de\\\/\"},{\"@type\":\"ListItem\",\"position\":2,\"name\":\"Unsere Produkte\",\"item\":\"https:\\\/\\\/www.dolfin.be\\\/de\\\/unsere-produkte\\\/\"},{\"@type\":\"ListItem\",\"position\":3,\"name\":\"Sortiment von 5 Zartbitterschokolade Tafeln\"}]},{\"@type\":\"WebSite\",\"@id\":\"https:\\\/\\\/www.dolfin.be\\\/de\\\/#website\",\"url\":\"https:\\\/\\\/www.dolfin.be\\\/de\\\/\",\"name\":\"Dolfin\",\"description\":\"\",\"potentialAction\":[{\"@type\":\"SearchAction\",\"target\":{\"@type\":\"EntryPoint\",\"urlTemplate\":\"https:\\\/\\\/www.dolfin.be\\\/de\\\/?s={search_term_string}\"},\"query-input\":{\"@type\":\"PropertyValueSpecification\",\"valueRequired\":true,\"valueName\":\"search_term_string\"}}],\"inLanguage\":\"de\"}]}<\/script>\n<!-- \/ Yoast SEO plugin. -->","yoast_head_json":{"title":"Dolfin | Sortiment von 5 Zartbitterschokolade Tafeln","description":"Ensemble de nos best sellers ; 88% cacao, 70% cacao & sel de Gu\u00e9rande, oranges confites, poivre rose et s\u00e9same grill\u00e9.","robots":{"index":"index","follow":"follow","max-snippet":"max-snippet:-1","max-image-preview":"max-image-preview:large","max-video-preview":"max-video-preview:-1"},"canonical":"https:\/\/www.dolfin.be\/de\/produkt\/sortiment-von-5-zartbitterschokolade-tafeln\/","og_locale":"de_DE","og_type":"article","og_title":"Dolfin | Sortiment von 5 Zartbitterschokolade Tafeln","og_description":"Ensemble de nos best sellers ; 88% cacao, 70% cacao & sel de Gu\u00e9rande, oranges confites, poivre rose et s\u00e9same grill\u00e9.","og_url":"https:\/\/www.dolfin.be\/de\/produkt\/sortiment-von-5-zartbitterschokolade-tafeln\/","og_site_name":"Dolfin","article_modified_time":"2024-07-02T13:32:00+00:00","og_image":[{"width":1001,"height":797,"url":"https:\/\/www.dolfin.be\/wp-content\/uploads\/2024\/02\/20220328_dolfin_4-1.jpg","type":"image\/jpeg"}],"twitter_card":"summary_large_image","twitter_misc":{"Gesch\u00e4tzte Lesezeit":"1\u00a0Minute"},"schema":{"@context":"https:\/\/schema.org","@graph":[{"@type":"WebPage","@id":"https:\/\/www.dolfin.be\/de\/produkt\/sortiment-von-5-zartbitterschokolade-tafeln\/","url":"https:\/\/www.dolfin.be\/de\/produkt\/sortiment-von-5-zartbitterschokolade-tafeln\/","name":"Dolfin | Sortiment von 5 Zartbitterschokolade Tafeln","isPartOf":{"@id":"https:\/\/www.dolfin.be\/de\/#website"},"primaryImageOfPage":{"@id":"https:\/\/www.dolfin.be\/de\/produkt\/sortiment-von-5-zartbitterschokolade-tafeln\/#primaryimage"},"image":{"@id":"https:\/\/www.dolfin.be\/de\/produkt\/sortiment-von-5-zartbitterschokolade-tafeln\/#primaryimage"},"thumbnailUrl":"https:\/\/www.dolfin.be\/wp-content\/uploads\/2024\/02\/20220328_dolfin_4-1.jpg","datePublished":"2022-04-04T10:50:46+00:00","dateModified":"2024-07-02T13:32:00+00:00","description":"Ensemble de nos best sellers ; 88% cacao, 70% cacao & sel de Gu\u00e9rande, oranges confites, poivre rose et s\u00e9same grill\u00e9.","breadcrumb":{"@id":"https:\/\/www.dolfin.be\/de\/produkt\/sortiment-von-5-zartbitterschokolade-tafeln\/#breadcrumb"},"inLanguage":"de","potentialAction":[{"@type":"ReadAction","target":["https:\/\/www.dolfin.be\/de\/produkt\/sortiment-von-5-zartbitterschokolade-tafeln\/"]}]},{"@type":"ImageObject","inLanguage":"de","@id":"https:\/\/www.dolfin.be\/de\/produkt\/sortiment-von-5-zartbitterschokolade-tafeln\/#primaryimage","url":"https:\/\/www.dolfin.be\/wp-content\/uploads\/2024\/02\/20220328_dolfin_4-1.jpg","contentUrl":"https:\/\/www.dolfin.be\/wp-content\/uploads\/2024\/02\/20220328_dolfin_4-1.jpg","width":1001,"height":797},{"@type":"BreadcrumbList","@id":"https:\/\/www.dolfin.be\/de\/produkt\/sortiment-von-5-zartbitterschokolade-tafeln\/#breadcrumb","itemListElement":[{"@type":"ListItem","position":1,"name":"Accueil","item":"https:\/\/www.dolfin.be\/de\/"},{"@type":"ListItem","position":2,"name":"Unsere Produkte","item":"https:\/\/www.dolfin.be\/de\/unsere-produkte\/"},{"@type":"ListItem","position":3,"name":"Sortiment von 5 Zartbitterschokolade Tafeln"}]},{"@type":"WebSite","@id":"https:\/\/www.dolfin.be\/de\/#website","url":"https:\/\/www.dolfin.be\/de\/","name":"Dolfin","description":"","potentialAction":[{"@type":"SearchAction","target":{"@type":"EntryPoint","urlTemplate":"https:\/\/www.dolfin.be\/de\/?s={search_term_string}"},"query-input":{"@type":"PropertyValueSpecification","valueRequired":true,"valueName":"search_term_string"}}],"inLanguage":"de"}]}},"_links":{"self":[{"href":"https:\/\/www.dolfin.be\/de\/wp-json\/wp\/v2\/product\/6104","targetHints":{"allow":["GET"]}}],"collection":[{"href":"https:\/\/www.dolfin.be\/de\/wp-json\/wp\/v2\/product"}],"about":[{"href":"https:\/\/www.dolfin.be\/de\/wp-json\/wp\/v2\/types\/product"}],"wp:featuredmedia":[{"embeddable":true,"href":"https:\/\/www.dolfin.be\/de\/wp-json\/wp\/v2\/media\/4881"}],"wp:attachment":[{"href":"https:\/\/www.dolfin.be\/de\/wp-json\/wp\/v2\/media?parent=6104"}],"wp:term":[{"taxonomy":"product_brand","embeddable":true,"href":"https:\/\/www.dolfin.be\/de\/wp-json\/wp\/v2\/product_brand?post=6104"},{"taxonomy":"product_cat","embeddable":true,"href":"https:\/\/www.dolfin.be\/de\/wp-json\/wp\/v2\/product_cat?post=6104"},{"taxonomy":"product_tag","embeddable":true,"href":"https:\/\/www.dolfin.be\/de\/wp-json\/wp\/v2\/product_tag?post=6104"}],"curies":[{"name":"wp","href":"https:\/\/api.w.org\/{rel}","templated":true}]}}