{"id":6102,"date":"2022-04-04T10:51:37","date_gmt":"2022-04-04T08:51:37","guid":{"rendered":"https:\/\/dolfin.poush-dev.be\/product\/sortiment-le-chat\/"},"modified":"2025-10-20T16:18:34","modified_gmt":"2025-10-20T14:18:34","slug":"sortiment-le-chat","status":"publish","type":"product","link":"https:\/\/www.dolfin.be\/de\/produkt\/sortiment-le-chat\/","title":{"rendered":"Sortiment LE CHAT"},"content":{"rendered":"<p>Ein wunderbares Geschenkset f\u00fcr alle Schokoladen- und Katzencomic-Fans!<\/p>\n<p>Le Chat, die legend\u00e4re belgische Comicfigur aus der Feder von Philippe Geluck, und belgische Schokolade in unwiderstehlichen Geschmacksrichtungen &#8211; eine unschlagbare Kombination.<\/p>\n<p>Schokolade, nach der man sich die Lippen leckt &#8230; man kann nicht anders<\/p>\n<p>Er enth\u00e4lt :<\/p>\n<ul>\n<li>2 Tabletten 70g : Vollmilch &amp; g<span style=\"font-size: 16px;\"><span style=\"font-size: 16px;\">esalzenes Butterkaramell und Zartbitter &amp;\u00a0<span style=\"font-size: 16px;\">70% &amp; Guerande-Salz<\/span><\/span><\/span><\/li>\n<li>2 Tabletten 30g : Vollmilch &amp; Spekulatius und Zartbitter &amp; g<span style=\"font-size: 16px;\">er\u00f6steten Mandeln<\/span><\/li>\n<li>32 ausgew\u00e4hlte Schokolade-Quadrate mit Zartbitterschokolade<\/li>\n<li>Karamellen \u2013 Zartbitterschokolade &amp; ger\u00f6stete Pistazien<\/li>\n<li>Sortiment von 10 kleinen Tafeln Vollmilchschokolade<\/li>\n<\/ul>\n<p>Diese Produkte enthalten <strong>Milch<\/strong>, <strong>Soja<\/strong> und <strong>Weizen<\/strong>. Kann Spuren von N\u00fcssen, Sulfiten, Gluten, Sesam und Eiern enthalten.<\/p>\n","protected":false},"excerpt":{"rendered":"<p>Ein wunderbares Geschenkset f\u00fcr alle Schokoladen- und Katzencomic-Fans!<\/p>\n<p>Le Chat, die legend\u00e4re belgische Comicfigur aus der Feder von Philippe Geluck, und belgische Schokolade in unwiderstehlichen Geschmacksrichtungen &#8211; eine unschlagbare Kombination.<\/p>\n<p>Schokolade, nach der man sich die Lippen leckt &#8230; man kann nicht anders<\/p>\n","protected":false},"featured_media":4858,"template":"","meta":{"_acf_changed":false,"_et_pb_use_builder":"","_et_pb_old_content":"","_et_gb_content_width":"","inline_featured_image":false},"product_brand":[],"product_cat":[397,525,409,522],"product_tag":[],"class_list":{"0":"post-6102","1":"product","2":"type-product","3":"status-publish","4":"has-post-thumbnail","6":"product_cat-die-kollektion-le-chat-von-philippe-geluck","7":"product_cat-geschenk-sortimente","8":"product_cat-geschenkbox","9":"product_cat-sortimente-de","11":"first","12":"instock","13":"shipping-taxable","14":"purchasable","15":"product-type-simple"},"acf":[],"yoast_head":"<!-- This site is optimized with the Yoast SEO plugin v27.4 - https:\/\/yoast.com\/product\/yoast-seo-wordpress\/ -->\n<title>Dolfin | Sortiment LE CHAT<\/title>\n<meta name=\"description\" content=\"Coffret \u00e0 offrir \u00e0 tous les fans de chocolat et de BD du Chat. Du chocolat \u00e0 s\u2019en l\u00e9cher les babines.\" \/>\n<meta name=\"robots\" content=\"index, follow, max-snippet:-1, max-image-preview:large, max-video-preview:-1\" \/>\n<link rel=\"canonical\" href=\"https:\/\/www.dolfin.be\/de\/produkt\/sortiment-le-chat\/\" \/>\n<meta property=\"og:locale\" content=\"de_DE\" \/>\n<meta property=\"og:type\" content=\"article\" \/>\n<meta property=\"og:title\" content=\"Dolfin | Sortiment LE CHAT\" \/>\n<meta property=\"og:description\" content=\"Coffret \u00e0 offrir \u00e0 tous les fans de chocolat et de BD du Chat. Du chocolat \u00e0 s\u2019en l\u00e9cher les babines.\" \/>\n<meta property=\"og:url\" content=\"https:\/\/www.dolfin.be\/de\/produkt\/sortiment-le-chat\/\" \/>\n<meta property=\"og:site_name\" content=\"Dolfin\" \/>\n<meta property=\"article:modified_time\" content=\"2025-10-20T14:18:34+00:00\" \/>\n<meta property=\"og:image\" content=\"https:\/\/www.dolfin.be\/wp-content\/uploads\/2024\/02\/20220328_dolfin_7-2.jpg\" \/>\n\t<meta property=\"og:image:width\" content=\"1001\" \/>\n\t<meta property=\"og:image:height\" content=\"649\" \/>\n\t<meta property=\"og:image:type\" content=\"image\/jpeg\" \/>\n<meta name=\"twitter:card\" content=\"summary_large_image\" \/>\n<meta name=\"twitter:label1\" content=\"Gesch\u00e4tzte Lesezeit\" \/>\n\t<meta name=\"twitter:data1\" content=\"1\u00a0Minute\" \/>\n<script type=\"application\/ld+json\" class=\"yoast-schema-graph\">{\"@context\":\"https:\\\/\\\/schema.org\",\"@graph\":[{\"@type\":\"WebPage\",\"@id\":\"https:\\\/\\\/www.dolfin.be\\\/de\\\/produkt\\\/sortiment-le-chat\\\/\",\"url\":\"https:\\\/\\\/www.dolfin.be\\\/de\\\/produkt\\\/sortiment-le-chat\\\/\",\"name\":\"Dolfin | Sortiment LE CHAT\",\"isPartOf\":{\"@id\":\"https:\\\/\\\/www.dolfin.be\\\/de\\\/#website\"},\"primaryImageOfPage\":{\"@id\":\"https:\\\/\\\/www.dolfin.be\\\/de\\\/produkt\\\/sortiment-le-chat\\\/#primaryimage\"},\"image\":{\"@id\":\"https:\\\/\\\/www.dolfin.be\\\/de\\\/produkt\\\/sortiment-le-chat\\\/#primaryimage\"},\"thumbnailUrl\":\"https:\\\/\\\/www.dolfin.be\\\/wp-content\\\/uploads\\\/2024\\\/02\\\/20220328_dolfin_7-2.jpg\",\"datePublished\":\"2022-04-04T08:51:37+00:00\",\"dateModified\":\"2025-10-20T14:18:34+00:00\",\"description\":\"Coffret \u00e0 offrir \u00e0 tous les fans de chocolat et de BD du Chat. Du chocolat \u00e0 s\u2019en l\u00e9cher les babines.\",\"breadcrumb\":{\"@id\":\"https:\\\/\\\/www.dolfin.be\\\/de\\\/produkt\\\/sortiment-le-chat\\\/#breadcrumb\"},\"inLanguage\":\"de\",\"potentialAction\":[{\"@type\":\"ReadAction\",\"target\":[\"https:\\\/\\\/www.dolfin.be\\\/de\\\/produkt\\\/sortiment-le-chat\\\/\"]}]},{\"@type\":\"ImageObject\",\"inLanguage\":\"de\",\"@id\":\"https:\\\/\\\/www.dolfin.be\\\/de\\\/produkt\\\/sortiment-le-chat\\\/#primaryimage\",\"url\":\"https:\\\/\\\/www.dolfin.be\\\/wp-content\\\/uploads\\\/2024\\\/02\\\/20220328_dolfin_7-2.jpg\",\"contentUrl\":\"https:\\\/\\\/www.dolfin.be\\\/wp-content\\\/uploads\\\/2024\\\/02\\\/20220328_dolfin_7-2.jpg\",\"width\":1001,\"height\":649},{\"@type\":\"BreadcrumbList\",\"@id\":\"https:\\\/\\\/www.dolfin.be\\\/de\\\/produkt\\\/sortiment-le-chat\\\/#breadcrumb\",\"itemListElement\":[{\"@type\":\"ListItem\",\"position\":1,\"name\":\"Accueil\",\"item\":\"https:\\\/\\\/www.dolfin.be\\\/de\\\/\"},{\"@type\":\"ListItem\",\"position\":2,\"name\":\"Unsere Produkte\",\"item\":\"https:\\\/\\\/www.dolfin.be\\\/de\\\/unsere-produkte\\\/\"},{\"@type\":\"ListItem\",\"position\":3,\"name\":\"Sortiment LE CHAT\"}]},{\"@type\":\"WebSite\",\"@id\":\"https:\\\/\\\/www.dolfin.be\\\/de\\\/#website\",\"url\":\"https:\\\/\\\/www.dolfin.be\\\/de\\\/\",\"name\":\"Dolfin\",\"description\":\"\",\"potentialAction\":[{\"@type\":\"SearchAction\",\"target\":{\"@type\":\"EntryPoint\",\"urlTemplate\":\"https:\\\/\\\/www.dolfin.be\\\/de\\\/?s={search_term_string}\"},\"query-input\":{\"@type\":\"PropertyValueSpecification\",\"valueRequired\":true,\"valueName\":\"search_term_string\"}}],\"inLanguage\":\"de\"}]}<\/script>\n<!-- \/ Yoast SEO plugin. -->","yoast_head_json":{"title":"Dolfin | Sortiment LE CHAT","description":"Coffret \u00e0 offrir \u00e0 tous les fans de chocolat et de BD du Chat. Du chocolat \u00e0 s\u2019en l\u00e9cher les babines.","robots":{"index":"index","follow":"follow","max-snippet":"max-snippet:-1","max-image-preview":"max-image-preview:large","max-video-preview":"max-video-preview:-1"},"canonical":"https:\/\/www.dolfin.be\/de\/produkt\/sortiment-le-chat\/","og_locale":"de_DE","og_type":"article","og_title":"Dolfin | Sortiment LE CHAT","og_description":"Coffret \u00e0 offrir \u00e0 tous les fans de chocolat et de BD du Chat. Du chocolat \u00e0 s\u2019en l\u00e9cher les babines.","og_url":"https:\/\/www.dolfin.be\/de\/produkt\/sortiment-le-chat\/","og_site_name":"Dolfin","article_modified_time":"2025-10-20T14:18:34+00:00","og_image":[{"width":1001,"height":649,"url":"https:\/\/www.dolfin.be\/wp-content\/uploads\/2024\/02\/20220328_dolfin_7-2.jpg","type":"image\/jpeg"}],"twitter_card":"summary_large_image","twitter_misc":{"Gesch\u00e4tzte Lesezeit":"1\u00a0Minute"},"schema":{"@context":"https:\/\/schema.org","@graph":[{"@type":"WebPage","@id":"https:\/\/www.dolfin.be\/de\/produkt\/sortiment-le-chat\/","url":"https:\/\/www.dolfin.be\/de\/produkt\/sortiment-le-chat\/","name":"Dolfin | Sortiment LE CHAT","isPartOf":{"@id":"https:\/\/www.dolfin.be\/de\/#website"},"primaryImageOfPage":{"@id":"https:\/\/www.dolfin.be\/de\/produkt\/sortiment-le-chat\/#primaryimage"},"image":{"@id":"https:\/\/www.dolfin.be\/de\/produkt\/sortiment-le-chat\/#primaryimage"},"thumbnailUrl":"https:\/\/www.dolfin.be\/wp-content\/uploads\/2024\/02\/20220328_dolfin_7-2.jpg","datePublished":"2022-04-04T08:51:37+00:00","dateModified":"2025-10-20T14:18:34+00:00","description":"Coffret \u00e0 offrir \u00e0 tous les fans de chocolat et de BD du Chat. Du chocolat \u00e0 s\u2019en l\u00e9cher les babines.","breadcrumb":{"@id":"https:\/\/www.dolfin.be\/de\/produkt\/sortiment-le-chat\/#breadcrumb"},"inLanguage":"de","potentialAction":[{"@type":"ReadAction","target":["https:\/\/www.dolfin.be\/de\/produkt\/sortiment-le-chat\/"]}]},{"@type":"ImageObject","inLanguage":"de","@id":"https:\/\/www.dolfin.be\/de\/produkt\/sortiment-le-chat\/#primaryimage","url":"https:\/\/www.dolfin.be\/wp-content\/uploads\/2024\/02\/20220328_dolfin_7-2.jpg","contentUrl":"https:\/\/www.dolfin.be\/wp-content\/uploads\/2024\/02\/20220328_dolfin_7-2.jpg","width":1001,"height":649},{"@type":"BreadcrumbList","@id":"https:\/\/www.dolfin.be\/de\/produkt\/sortiment-le-chat\/#breadcrumb","itemListElement":[{"@type":"ListItem","position":1,"name":"Accueil","item":"https:\/\/www.dolfin.be\/de\/"},{"@type":"ListItem","position":2,"name":"Unsere Produkte","item":"https:\/\/www.dolfin.be\/de\/unsere-produkte\/"},{"@type":"ListItem","position":3,"name":"Sortiment LE CHAT"}]},{"@type":"WebSite","@id":"https:\/\/www.dolfin.be\/de\/#website","url":"https:\/\/www.dolfin.be\/de\/","name":"Dolfin","description":"","potentialAction":[{"@type":"SearchAction","target":{"@type":"EntryPoint","urlTemplate":"https:\/\/www.dolfin.be\/de\/?s={search_term_string}"},"query-input":{"@type":"PropertyValueSpecification","valueRequired":true,"valueName":"search_term_string"}}],"inLanguage":"de"}]}},"_links":{"self":[{"href":"https:\/\/www.dolfin.be\/de\/wp-json\/wp\/v2\/product\/6102","targetHints":{"allow":["GET"]}}],"collection":[{"href":"https:\/\/www.dolfin.be\/de\/wp-json\/wp\/v2\/product"}],"about":[{"href":"https:\/\/www.dolfin.be\/de\/wp-json\/wp\/v2\/types\/product"}],"wp:featuredmedia":[{"embeddable":true,"href":"https:\/\/www.dolfin.be\/de\/wp-json\/wp\/v2\/media\/4858"}],"wp:attachment":[{"href":"https:\/\/www.dolfin.be\/de\/wp-json\/wp\/v2\/media?parent=6102"}],"wp:term":[{"taxonomy":"product_brand","embeddable":true,"href":"https:\/\/www.dolfin.be\/de\/wp-json\/wp\/v2\/product_brand?post=6102"},{"taxonomy":"product_cat","embeddable":true,"href":"https:\/\/www.dolfin.be\/de\/wp-json\/wp\/v2\/product_cat?post=6102"},{"taxonomy":"product_tag","embeddable":true,"href":"https:\/\/www.dolfin.be\/de\/wp-json\/wp\/v2\/product_tag?post=6102"}],"curies":[{"name":"wp","href":"https:\/\/api.w.org\/{rel}","templated":true}]}}