{"id":6092,"date":"2022-01-06T15:30:08","date_gmt":"2022-01-06T14:30:08","guid":{"rendered":"https:\/\/dolfin.poush-dev.be\/product\/24-schokoladen-minitafeln-love-new-design\/"},"modified":"2025-06-02T12:06:05","modified_gmt":"2025-06-02T10:06:05","slug":"24-schokoladen-minitafeln-love-new-design","status":"publish","type":"product","link":"https:\/\/www.dolfin.be\/de\/produkt\/24-schokoladen-minitafeln-love-new-design\/","title":{"rendered":"24 Schokoladen-Minitafeln &#8220;Love&#8221; &#8211; New design"},"content":{"rendered":"<p>Schokolade, Herzen, Farben, &#8230; Gibt es eine sch\u00f6nere Zusammenstellung als diese 24 Schokoladen-Carr\u00e9s zum Probieren, Genie\u00dfen und Knabbern?<\/p>\n<p>Eine Komposition aus 6 bezaubernden Geschmacksrichtungen f\u00fcr eine perfekte Liebeserkl\u00e4rung oder einfach f\u00fcr einen gemeinsamen, k\u00f6stlichen Moment: Vollmilch 37% Kakao, Vollmilch Krokant, Vollmilch Kaffee, Zartbitter 70% Kakao, Zartbitter Orange und Zartbitter Krokant. Denn die besten Geschenke sind die, die man mit Liebe schenkt&#8230;<\/p>\n<p><strong>Zutaten<\/strong>: Zucker, Kakaomasse, Kakaobutter, Voll<strong>milch<\/strong>pulver,Nougatine 4% (Zucker, <strong>Haseln\u00fcsse<\/strong>), Kaffee 2%, Orangenpulver 1%, Emulgator: <strong>Soja<\/strong>lecithin, nat\u00fcrliche Aromen. Kakao : 37%, 60% und 70% mindestens. Kann Spuren von anderen N\u00fcssen, Gluten, Eiern und Sesam enthalten.<\/p>\n","protected":false},"excerpt":{"rendered":"<p>Schokolade, Herzen, Farben, &#8230; Gibt es eine sch\u00f6nere Zusammenstellung als diese 24 Schokoladen-Carr\u00e9s zum Probieren, Genie\u00dfen und Knabbern?<\/p>\n<p>Eine Komposition aus 6 bezaubernden Geschmacksrichtungen f\u00fcr eine perfekte Liebeserkl\u00e4rung oder einfach f\u00fcr einen gemeinsamen, k\u00f6stlichen Moment: Vollmilch 37% Kakao, Vollmilch Krokant, Vollmilch Kaffee, Zartbitter 70% Kakao, Zartbitter Orange und Zartbitter Krokant. Denn die besten Geschenke sind die, die man mit Liebe schenkt&#8230;<\/p>\n","protected":false},"featured_media":4797,"template":"","meta":{"_acf_changed":false,"_et_pb_use_builder":"","_et_pb_old_content":"","_et_gb_content_width":"","inline_featured_image":false},"product_brand":[],"product_cat":[528,409,413,518,403,519],"product_tag":[],"class_list":{"0":"post-6092","1":"product","2":"type-product","3":"status-publish","4":"has-post-thumbnail","6":"product_cat-dose-24","7":"product_cat-geschenkbox","8":"product_cat-schokolade-liebe-themensortimente","9":"product_cat-schokoladenquadrate-geschenk","10":"product_cat-boxen-und-etuis","11":"product_cat-themensortimente","13":"first","14":"instock","15":"purchasable","16":"product-type-simple"},"acf":[],"yoast_head":"<!-- This site is optimized with the Yoast SEO plugin v27.4 - https:\/\/yoast.com\/product\/yoast-seo-wordpress\/ -->\n<title>Dolfin | 24 Schokoladen-Minitafeln &quot;Love&quot; - New design - Zartbitter und Vollmilchschokolade<\/title>\n<meta name=\"description\" content=\"Schokolade, Herzen, Farben, ... Gibt es eine sch\u00f6nere Zusammenstellung als diese 24 Schokoladen-Carr\u00e9s zum Probieren, Genie\u00dfen und Knabbern?\" \/>\n<meta name=\"robots\" content=\"index, follow, max-snippet:-1, max-image-preview:large, max-video-preview:-1\" \/>\n<link rel=\"canonical\" href=\"https:\/\/www.dolfin.be\/de\/produkt\/24-schokoladen-minitafeln-love-new-design\/\" \/>\n<meta property=\"og:locale\" content=\"de_DE\" \/>\n<meta property=\"og:type\" content=\"article\" \/>\n<meta property=\"og:title\" content=\"Dolfin | 24 Schokoladen-Minitafeln &quot;Love&quot; - New design - Zartbitter und Vollmilchschokolade\" \/>\n<meta property=\"og:description\" content=\"Schokolade, Herzen, Farben, ... Gibt es eine sch\u00f6nere Zusammenstellung als diese 24 Schokoladen-Carr\u00e9s zum Probieren, Genie\u00dfen und Knabbern?\" \/>\n<meta property=\"og:url\" content=\"https:\/\/www.dolfin.be\/de\/produkt\/24-schokoladen-minitafeln-love-new-design\/\" \/>\n<meta property=\"og:site_name\" content=\"Dolfin\" \/>\n<meta property=\"article:modified_time\" content=\"2025-06-02T10:06:05+00:00\" \/>\n<meta property=\"og:image\" content=\"https:\/\/www.dolfin.be\/wp-content\/uploads\/2024\/02\/DO2552_face.jpg\" \/>\n\t<meta property=\"og:image:width\" content=\"1001\" \/>\n\t<meta property=\"og:image:height\" content=\"1252\" \/>\n\t<meta property=\"og:image:type\" content=\"image\/jpeg\" \/>\n<meta name=\"twitter:card\" content=\"summary_large_image\" \/>\n<meta name=\"twitter:label1\" content=\"Gesch\u00e4tzte Lesezeit\" \/>\n\t<meta name=\"twitter:data1\" content=\"1\u00a0Minute\" \/>\n<script type=\"application\/ld+json\" class=\"yoast-schema-graph\">{\"@context\":\"https:\\\/\\\/schema.org\",\"@graph\":[{\"@type\":\"WebPage\",\"@id\":\"https:\\\/\\\/www.dolfin.be\\\/de\\\/produkt\\\/24-schokoladen-minitafeln-love-new-design\\\/\",\"url\":\"https:\\\/\\\/www.dolfin.be\\\/de\\\/produkt\\\/24-schokoladen-minitafeln-love-new-design\\\/\",\"name\":\"Dolfin | 24 Schokoladen-Minitafeln \\\"Love\\\" - New design - Zartbitter und Vollmilchschokolade\",\"isPartOf\":{\"@id\":\"https:\\\/\\\/www.dolfin.be\\\/de\\\/#website\"},\"primaryImageOfPage\":{\"@id\":\"https:\\\/\\\/www.dolfin.be\\\/de\\\/produkt\\\/24-schokoladen-minitafeln-love-new-design\\\/#primaryimage\"},\"image\":{\"@id\":\"https:\\\/\\\/www.dolfin.be\\\/de\\\/produkt\\\/24-schokoladen-minitafeln-love-new-design\\\/#primaryimage\"},\"thumbnailUrl\":\"https:\\\/\\\/www.dolfin.be\\\/wp-content\\\/uploads\\\/2024\\\/02\\\/DO2552_face.jpg\",\"datePublished\":\"2022-01-06T14:30:08+00:00\",\"dateModified\":\"2025-06-02T10:06:05+00:00\",\"description\":\"Schokolade, Herzen, Farben, ... Gibt es eine sch\u00f6nere Zusammenstellung als diese 24 Schokoladen-Carr\u00e9s zum Probieren, Genie\u00dfen und Knabbern?\",\"breadcrumb\":{\"@id\":\"https:\\\/\\\/www.dolfin.be\\\/de\\\/produkt\\\/24-schokoladen-minitafeln-love-new-design\\\/#breadcrumb\"},\"inLanguage\":\"de\",\"potentialAction\":[{\"@type\":\"ReadAction\",\"target\":[\"https:\\\/\\\/www.dolfin.be\\\/de\\\/produkt\\\/24-schokoladen-minitafeln-love-new-design\\\/\"]}]},{\"@type\":\"ImageObject\",\"inLanguage\":\"de\",\"@id\":\"https:\\\/\\\/www.dolfin.be\\\/de\\\/produkt\\\/24-schokoladen-minitafeln-love-new-design\\\/#primaryimage\",\"url\":\"https:\\\/\\\/www.dolfin.be\\\/wp-content\\\/uploads\\\/2024\\\/02\\\/DO2552_face.jpg\",\"contentUrl\":\"https:\\\/\\\/www.dolfin.be\\\/wp-content\\\/uploads\\\/2024\\\/02\\\/DO2552_face.jpg\",\"width\":1001,\"height\":1252},{\"@type\":\"BreadcrumbList\",\"@id\":\"https:\\\/\\\/www.dolfin.be\\\/de\\\/produkt\\\/24-schokoladen-minitafeln-love-new-design\\\/#breadcrumb\",\"itemListElement\":[{\"@type\":\"ListItem\",\"position\":1,\"name\":\"Accueil\",\"item\":\"https:\\\/\\\/www.dolfin.be\\\/de\\\/\"},{\"@type\":\"ListItem\",\"position\":2,\"name\":\"Unsere Produkte\",\"item\":\"https:\\\/\\\/www.dolfin.be\\\/de\\\/unsere-produkte\\\/\"},{\"@type\":\"ListItem\",\"position\":3,\"name\":\"24 Schokoladen-Minitafeln &#8220;Love&#8221; &#8211; New design\"}]},{\"@type\":\"WebSite\",\"@id\":\"https:\\\/\\\/www.dolfin.be\\\/de\\\/#website\",\"url\":\"https:\\\/\\\/www.dolfin.be\\\/de\\\/\",\"name\":\"Dolfin\",\"description\":\"\",\"potentialAction\":[{\"@type\":\"SearchAction\",\"target\":{\"@type\":\"EntryPoint\",\"urlTemplate\":\"https:\\\/\\\/www.dolfin.be\\\/de\\\/?s={search_term_string}\"},\"query-input\":{\"@type\":\"PropertyValueSpecification\",\"valueRequired\":true,\"valueName\":\"search_term_string\"}}],\"inLanguage\":\"de\"}]}<\/script>\n<!-- \/ Yoast SEO plugin. -->","yoast_head_json":{"title":"Dolfin | 24 Schokoladen-Minitafeln \"Love\" - New design - Zartbitter und Vollmilchschokolade","description":"Schokolade, Herzen, Farben, ... Gibt es eine sch\u00f6nere Zusammenstellung als diese 24 Schokoladen-Carr\u00e9s zum Probieren, Genie\u00dfen und Knabbern?","robots":{"index":"index","follow":"follow","max-snippet":"max-snippet:-1","max-image-preview":"max-image-preview:large","max-video-preview":"max-video-preview:-1"},"canonical":"https:\/\/www.dolfin.be\/de\/produkt\/24-schokoladen-minitafeln-love-new-design\/","og_locale":"de_DE","og_type":"article","og_title":"Dolfin | 24 Schokoladen-Minitafeln \"Love\" - New design - Zartbitter und Vollmilchschokolade","og_description":"Schokolade, Herzen, Farben, ... Gibt es eine sch\u00f6nere Zusammenstellung als diese 24 Schokoladen-Carr\u00e9s zum Probieren, Genie\u00dfen und Knabbern?","og_url":"https:\/\/www.dolfin.be\/de\/produkt\/24-schokoladen-minitafeln-love-new-design\/","og_site_name":"Dolfin","article_modified_time":"2025-06-02T10:06:05+00:00","og_image":[{"width":1001,"height":1252,"url":"https:\/\/www.dolfin.be\/wp-content\/uploads\/2024\/02\/DO2552_face.jpg","type":"image\/jpeg"}],"twitter_card":"summary_large_image","twitter_misc":{"Gesch\u00e4tzte Lesezeit":"1\u00a0Minute"},"schema":{"@context":"https:\/\/schema.org","@graph":[{"@type":"WebPage","@id":"https:\/\/www.dolfin.be\/de\/produkt\/24-schokoladen-minitafeln-love-new-design\/","url":"https:\/\/www.dolfin.be\/de\/produkt\/24-schokoladen-minitafeln-love-new-design\/","name":"Dolfin | 24 Schokoladen-Minitafeln \"Love\" - New design - Zartbitter und Vollmilchschokolade","isPartOf":{"@id":"https:\/\/www.dolfin.be\/de\/#website"},"primaryImageOfPage":{"@id":"https:\/\/www.dolfin.be\/de\/produkt\/24-schokoladen-minitafeln-love-new-design\/#primaryimage"},"image":{"@id":"https:\/\/www.dolfin.be\/de\/produkt\/24-schokoladen-minitafeln-love-new-design\/#primaryimage"},"thumbnailUrl":"https:\/\/www.dolfin.be\/wp-content\/uploads\/2024\/02\/DO2552_face.jpg","datePublished":"2022-01-06T14:30:08+00:00","dateModified":"2025-06-02T10:06:05+00:00","description":"Schokolade, Herzen, Farben, ... Gibt es eine sch\u00f6nere Zusammenstellung als diese 24 Schokoladen-Carr\u00e9s zum Probieren, Genie\u00dfen und Knabbern?","breadcrumb":{"@id":"https:\/\/www.dolfin.be\/de\/produkt\/24-schokoladen-minitafeln-love-new-design\/#breadcrumb"},"inLanguage":"de","potentialAction":[{"@type":"ReadAction","target":["https:\/\/www.dolfin.be\/de\/produkt\/24-schokoladen-minitafeln-love-new-design\/"]}]},{"@type":"ImageObject","inLanguage":"de","@id":"https:\/\/www.dolfin.be\/de\/produkt\/24-schokoladen-minitafeln-love-new-design\/#primaryimage","url":"https:\/\/www.dolfin.be\/wp-content\/uploads\/2024\/02\/DO2552_face.jpg","contentUrl":"https:\/\/www.dolfin.be\/wp-content\/uploads\/2024\/02\/DO2552_face.jpg","width":1001,"height":1252},{"@type":"BreadcrumbList","@id":"https:\/\/www.dolfin.be\/de\/produkt\/24-schokoladen-minitafeln-love-new-design\/#breadcrumb","itemListElement":[{"@type":"ListItem","position":1,"name":"Accueil","item":"https:\/\/www.dolfin.be\/de\/"},{"@type":"ListItem","position":2,"name":"Unsere Produkte","item":"https:\/\/www.dolfin.be\/de\/unsere-produkte\/"},{"@type":"ListItem","position":3,"name":"24 Schokoladen-Minitafeln &#8220;Love&#8221; &#8211; New design"}]},{"@type":"WebSite","@id":"https:\/\/www.dolfin.be\/de\/#website","url":"https:\/\/www.dolfin.be\/de\/","name":"Dolfin","description":"","potentialAction":[{"@type":"SearchAction","target":{"@type":"EntryPoint","urlTemplate":"https:\/\/www.dolfin.be\/de\/?s={search_term_string}"},"query-input":{"@type":"PropertyValueSpecification","valueRequired":true,"valueName":"search_term_string"}}],"inLanguage":"de"}]}},"_links":{"self":[{"href":"https:\/\/www.dolfin.be\/de\/wp-json\/wp\/v2\/product\/6092","targetHints":{"allow":["GET"]}}],"collection":[{"href":"https:\/\/www.dolfin.be\/de\/wp-json\/wp\/v2\/product"}],"about":[{"href":"https:\/\/www.dolfin.be\/de\/wp-json\/wp\/v2\/types\/product"}],"wp:featuredmedia":[{"embeddable":true,"href":"https:\/\/www.dolfin.be\/de\/wp-json\/wp\/v2\/media\/4797"}],"wp:attachment":[{"href":"https:\/\/www.dolfin.be\/de\/wp-json\/wp\/v2\/media?parent=6092"}],"wp:term":[{"taxonomy":"product_brand","embeddable":true,"href":"https:\/\/www.dolfin.be\/de\/wp-json\/wp\/v2\/product_brand?post=6092"},{"taxonomy":"product_cat","embeddable":true,"href":"https:\/\/www.dolfin.be\/de\/wp-json\/wp\/v2\/product_cat?post=6092"},{"taxonomy":"product_tag","embeddable":true,"href":"https:\/\/www.dolfin.be\/de\/wp-json\/wp\/v2\/product_tag?post=6092"}],"curies":[{"name":"wp","href":"https:\/\/api.w.org\/{rel}","templated":true}]}}