{"id":6090,"date":"2021-12-30T14:25:45","date_gmt":"2021-12-30T13:25:45","guid":{"rendered":"https:\/\/dolfin.poush-dev.be\/product\/lose-minitafeln-love-new\/"},"modified":"2025-06-02T12:09:18","modified_gmt":"2025-06-02T10:09:18","slug":"lose-minitafeln-love-new","status":"publish","type":"product","link":"https:\/\/www.dolfin.be\/de\/produkt\/lose-minitafeln-love-new\/","title":{"rendered":"Lose Minitafeln &#8220;Love&#8221; &#8211; New design"},"content":{"rendered":"<p>Schokolade, Herzen, Farben, &#8230; Gibt es eine sch\u00f6nere Zusammenstellung als diese Schokoladen-Quadraten zum Probieren, Genie\u00dfen und Knabbern?<\/p>\n<p>Eine Komposition aus 6 bezaubernden Geschmacksrichtungen f\u00fcr eine perfekte Liebeserkl\u00e4rung oder einfach f\u00fcr einen gemeinsamen, k\u00f6stlichen Moment: Vollmilch 37% Kakao, Vollmilch Nougatine, Vollmilch Kaffee, Zartbitter 70% Kakao, Zartbitter Orange und Zartbitter Nougatine. Denn die besten Geschenke sind die, die man mit Liebe schenkt&#8230;<\/p>\n<p><strong>Zutaten <\/strong>: Kakaomasse, Zucker, Kakaobutter, Voll<strong>milch<\/strong>pulver, Nougatine 4% (Zucker, <strong>Haseln\u00fcsse<\/strong>), Kaffee 2%, Orangenpulver 1%, Emulgator : <strong>Soja<\/strong>lecithin, nat\u00fcrliche Aromen. Kakao : 37%, 60% und 70% mindestens. Kann Spuren von anderen N\u00fcssen, Gluten, Eiern und Sesam enthalten.<\/p>\n","protected":false},"excerpt":{"rendered":"<p>Schokolade, Herzen, Farben, &#8230; Gibt es eine sch\u00f6nere Zusammenstellung als diese Schokoladen-Quadraten zum Probieren, Genie\u00dfen und Knabbern?<\/p>\n<p>Eine Komposition aus 6 bezaubernden Geschmacksrichtungen f\u00fcr eine perfekte Liebeserkl\u00e4rung oder einfach f\u00fcr einen gemeinsamen, k\u00f6stlichen Moment: Vollmilch 37% Kakao, Vollmilch Nougatine, Vollmilch Kaffee, Zartbitter 70% Kakao, Zartbitter Orange und Zartbitter Nougatine. Denn die besten Geschenke sind die, die man mit Liebe schenkt&#8230;<\/p>\n","protected":false},"featured_media":4777,"template":"","meta":{"_acf_changed":false,"_et_pb_use_builder":"","_et_pb_old_content":"","_et_gb_content_width":"","inline_featured_image":false},"product_brand":[],"product_cat":[520,427,398],"product_tag":[],"class_list":{"0":"post-6090","1":"product","2":"type-product","3":"status-publish","4":"has-post-thumbnail","6":"product_cat-sortimente","7":"product_cat-themen-schokolade-minitafeln-unsere-schokoladenquadrate","8":"product_cat-unsere-schokoladenquadrate","10":"first","11":"instock","12":"purchasable","13":"product-type-simple"},"acf":[],"yoast_head":"<!-- This site is optimized with the Yoast SEO plugin v27.4 - https:\/\/yoast.com\/product\/yoast-seo-wordpress\/ -->\n<title>Dolfin | Lose Minitafeln &quot;Love&quot; - New design - Made in Belgium<\/title>\n<meta name=\"description\" content=\"Schokolade, Herzen, Farben, ... Gibt es eine sch\u00f6nere Zusammenstellung als diese Schokoladen-Quadraten zum Probieren, Genie\u00dfen und Knabbern?\" \/>\n<meta name=\"robots\" content=\"index, follow, max-snippet:-1, max-image-preview:large, max-video-preview:-1\" \/>\n<link rel=\"canonical\" href=\"https:\/\/www.dolfin.be\/de\/produkt\/lose-minitafeln-love-new\/\" \/>\n<meta property=\"og:locale\" content=\"de_DE\" \/>\n<meta property=\"og:type\" content=\"article\" \/>\n<meta property=\"og:title\" content=\"Dolfin | Lose Minitafeln &quot;Love&quot; - New design - Made in Belgium\" \/>\n<meta property=\"og:description\" content=\"Schokolade, Herzen, Farben, ... Gibt es eine sch\u00f6nere Zusammenstellung als diese Schokoladen-Quadraten zum Probieren, Genie\u00dfen und Knabbern?\" \/>\n<meta property=\"og:url\" content=\"https:\/\/www.dolfin.be\/de\/produkt\/lose-minitafeln-love-new\/\" \/>\n<meta property=\"og:site_name\" content=\"Dolfin\" \/>\n<meta property=\"article:modified_time\" content=\"2025-06-02T10:09:18+00:00\" \/>\n<meta property=\"og:image\" content=\"https:\/\/www.dolfin.be\/wp-content\/uploads\/2024\/02\/DO2554_3-4-1.jpg\" \/>\n\t<meta property=\"og:image:width\" content=\"1001\" \/>\n\t<meta property=\"og:image:height\" content=\"955\" \/>\n\t<meta property=\"og:image:type\" content=\"image\/jpeg\" \/>\n<meta name=\"twitter:card\" content=\"summary_large_image\" \/>\n<meta name=\"twitter:label1\" content=\"Gesch\u00e4tzte Lesezeit\" \/>\n\t<meta name=\"twitter:data1\" content=\"1\u00a0Minute\" \/>\n<script type=\"application\/ld+json\" class=\"yoast-schema-graph\">{\"@context\":\"https:\\\/\\\/schema.org\",\"@graph\":[{\"@type\":\"WebPage\",\"@id\":\"https:\\\/\\\/www.dolfin.be\\\/de\\\/produkt\\\/lose-minitafeln-love-new\\\/\",\"url\":\"https:\\\/\\\/www.dolfin.be\\\/de\\\/produkt\\\/lose-minitafeln-love-new\\\/\",\"name\":\"Dolfin | Lose Minitafeln \\\"Love\\\" - New design - Made in Belgium\",\"isPartOf\":{\"@id\":\"https:\\\/\\\/www.dolfin.be\\\/de\\\/#website\"},\"primaryImageOfPage\":{\"@id\":\"https:\\\/\\\/www.dolfin.be\\\/de\\\/produkt\\\/lose-minitafeln-love-new\\\/#primaryimage\"},\"image\":{\"@id\":\"https:\\\/\\\/www.dolfin.be\\\/de\\\/produkt\\\/lose-minitafeln-love-new\\\/#primaryimage\"},\"thumbnailUrl\":\"https:\\\/\\\/www.dolfin.be\\\/wp-content\\\/uploads\\\/2024\\\/02\\\/DO2554_3-4-1.jpg\",\"datePublished\":\"2021-12-30T13:25:45+00:00\",\"dateModified\":\"2025-06-02T10:09:18+00:00\",\"description\":\"Schokolade, Herzen, Farben, ... Gibt es eine sch\u00f6nere Zusammenstellung als diese Schokoladen-Quadraten zum Probieren, Genie\u00dfen und Knabbern?\",\"breadcrumb\":{\"@id\":\"https:\\\/\\\/www.dolfin.be\\\/de\\\/produkt\\\/lose-minitafeln-love-new\\\/#breadcrumb\"},\"inLanguage\":\"de\",\"potentialAction\":[{\"@type\":\"ReadAction\",\"target\":[\"https:\\\/\\\/www.dolfin.be\\\/de\\\/produkt\\\/lose-minitafeln-love-new\\\/\"]}]},{\"@type\":\"ImageObject\",\"inLanguage\":\"de\",\"@id\":\"https:\\\/\\\/www.dolfin.be\\\/de\\\/produkt\\\/lose-minitafeln-love-new\\\/#primaryimage\",\"url\":\"https:\\\/\\\/www.dolfin.be\\\/wp-content\\\/uploads\\\/2024\\\/02\\\/DO2554_3-4-1.jpg\",\"contentUrl\":\"https:\\\/\\\/www.dolfin.be\\\/wp-content\\\/uploads\\\/2024\\\/02\\\/DO2554_3-4-1.jpg\",\"width\":1001,\"height\":955},{\"@type\":\"BreadcrumbList\",\"@id\":\"https:\\\/\\\/www.dolfin.be\\\/de\\\/produkt\\\/lose-minitafeln-love-new\\\/#breadcrumb\",\"itemListElement\":[{\"@type\":\"ListItem\",\"position\":1,\"name\":\"Accueil\",\"item\":\"https:\\\/\\\/www.dolfin.be\\\/de\\\/\"},{\"@type\":\"ListItem\",\"position\":2,\"name\":\"Unsere Produkte\",\"item\":\"https:\\\/\\\/www.dolfin.be\\\/de\\\/unsere-produkte\\\/\"},{\"@type\":\"ListItem\",\"position\":3,\"name\":\"Lose Minitafeln &#8220;Love&#8221; &#8211; New design\"}]},{\"@type\":\"WebSite\",\"@id\":\"https:\\\/\\\/www.dolfin.be\\\/de\\\/#website\",\"url\":\"https:\\\/\\\/www.dolfin.be\\\/de\\\/\",\"name\":\"Dolfin\",\"description\":\"\",\"potentialAction\":[{\"@type\":\"SearchAction\",\"target\":{\"@type\":\"EntryPoint\",\"urlTemplate\":\"https:\\\/\\\/www.dolfin.be\\\/de\\\/?s={search_term_string}\"},\"query-input\":{\"@type\":\"PropertyValueSpecification\",\"valueRequired\":true,\"valueName\":\"search_term_string\"}}],\"inLanguage\":\"de\"}]}<\/script>\n<!-- \/ Yoast SEO plugin. -->","yoast_head_json":{"title":"Dolfin | Lose Minitafeln \"Love\" - New design - Made in Belgium","description":"Schokolade, Herzen, Farben, ... Gibt es eine sch\u00f6nere Zusammenstellung als diese Schokoladen-Quadraten zum Probieren, Genie\u00dfen und Knabbern?","robots":{"index":"index","follow":"follow","max-snippet":"max-snippet:-1","max-image-preview":"max-image-preview:large","max-video-preview":"max-video-preview:-1"},"canonical":"https:\/\/www.dolfin.be\/de\/produkt\/lose-minitafeln-love-new\/","og_locale":"de_DE","og_type":"article","og_title":"Dolfin | Lose Minitafeln \"Love\" - New design - Made in Belgium","og_description":"Schokolade, Herzen, Farben, ... Gibt es eine sch\u00f6nere Zusammenstellung als diese Schokoladen-Quadraten zum Probieren, Genie\u00dfen und Knabbern?","og_url":"https:\/\/www.dolfin.be\/de\/produkt\/lose-minitafeln-love-new\/","og_site_name":"Dolfin","article_modified_time":"2025-06-02T10:09:18+00:00","og_image":[{"width":1001,"height":955,"url":"https:\/\/www.dolfin.be\/wp-content\/uploads\/2024\/02\/DO2554_3-4-1.jpg","type":"image\/jpeg"}],"twitter_card":"summary_large_image","twitter_misc":{"Gesch\u00e4tzte Lesezeit":"1\u00a0Minute"},"schema":{"@context":"https:\/\/schema.org","@graph":[{"@type":"WebPage","@id":"https:\/\/www.dolfin.be\/de\/produkt\/lose-minitafeln-love-new\/","url":"https:\/\/www.dolfin.be\/de\/produkt\/lose-minitafeln-love-new\/","name":"Dolfin | Lose Minitafeln \"Love\" - New design - Made in Belgium","isPartOf":{"@id":"https:\/\/www.dolfin.be\/de\/#website"},"primaryImageOfPage":{"@id":"https:\/\/www.dolfin.be\/de\/produkt\/lose-minitafeln-love-new\/#primaryimage"},"image":{"@id":"https:\/\/www.dolfin.be\/de\/produkt\/lose-minitafeln-love-new\/#primaryimage"},"thumbnailUrl":"https:\/\/www.dolfin.be\/wp-content\/uploads\/2024\/02\/DO2554_3-4-1.jpg","datePublished":"2021-12-30T13:25:45+00:00","dateModified":"2025-06-02T10:09:18+00:00","description":"Schokolade, Herzen, Farben, ... Gibt es eine sch\u00f6nere Zusammenstellung als diese Schokoladen-Quadraten zum Probieren, Genie\u00dfen und Knabbern?","breadcrumb":{"@id":"https:\/\/www.dolfin.be\/de\/produkt\/lose-minitafeln-love-new\/#breadcrumb"},"inLanguage":"de","potentialAction":[{"@type":"ReadAction","target":["https:\/\/www.dolfin.be\/de\/produkt\/lose-minitafeln-love-new\/"]}]},{"@type":"ImageObject","inLanguage":"de","@id":"https:\/\/www.dolfin.be\/de\/produkt\/lose-minitafeln-love-new\/#primaryimage","url":"https:\/\/www.dolfin.be\/wp-content\/uploads\/2024\/02\/DO2554_3-4-1.jpg","contentUrl":"https:\/\/www.dolfin.be\/wp-content\/uploads\/2024\/02\/DO2554_3-4-1.jpg","width":1001,"height":955},{"@type":"BreadcrumbList","@id":"https:\/\/www.dolfin.be\/de\/produkt\/lose-minitafeln-love-new\/#breadcrumb","itemListElement":[{"@type":"ListItem","position":1,"name":"Accueil","item":"https:\/\/www.dolfin.be\/de\/"},{"@type":"ListItem","position":2,"name":"Unsere Produkte","item":"https:\/\/www.dolfin.be\/de\/unsere-produkte\/"},{"@type":"ListItem","position":3,"name":"Lose Minitafeln &#8220;Love&#8221; &#8211; New design"}]},{"@type":"WebSite","@id":"https:\/\/www.dolfin.be\/de\/#website","url":"https:\/\/www.dolfin.be\/de\/","name":"Dolfin","description":"","potentialAction":[{"@type":"SearchAction","target":{"@type":"EntryPoint","urlTemplate":"https:\/\/www.dolfin.be\/de\/?s={search_term_string}"},"query-input":{"@type":"PropertyValueSpecification","valueRequired":true,"valueName":"search_term_string"}}],"inLanguage":"de"}]}},"_links":{"self":[{"href":"https:\/\/www.dolfin.be\/de\/wp-json\/wp\/v2\/product\/6090","targetHints":{"allow":["GET"]}}],"collection":[{"href":"https:\/\/www.dolfin.be\/de\/wp-json\/wp\/v2\/product"}],"about":[{"href":"https:\/\/www.dolfin.be\/de\/wp-json\/wp\/v2\/types\/product"}],"wp:featuredmedia":[{"embeddable":true,"href":"https:\/\/www.dolfin.be\/de\/wp-json\/wp\/v2\/media\/4777"}],"wp:attachment":[{"href":"https:\/\/www.dolfin.be\/de\/wp-json\/wp\/v2\/media?parent=6090"}],"wp:term":[{"taxonomy":"product_brand","embeddable":true,"href":"https:\/\/www.dolfin.be\/de\/wp-json\/wp\/v2\/product_brand?post=6090"},{"taxonomy":"product_cat","embeddable":true,"href":"https:\/\/www.dolfin.be\/de\/wp-json\/wp\/v2\/product_cat?post=6090"},{"taxonomy":"product_tag","embeddable":true,"href":"https:\/\/www.dolfin.be\/de\/wp-json\/wp\/v2\/product_tag?post=6090"}],"curies":[{"name":"wp","href":"https:\/\/api.w.org\/{rel}","templated":true}]}}