{"id":6087,"date":"2024-03-26T14:20:31","date_gmt":"2024-03-26T13:20:31","guid":{"rendered":"https:\/\/dolfin.poush-dev.be\/product\/zitrone-ingwer\/"},"modified":"2025-10-22T12:07:34","modified_gmt":"2025-10-22T10:07:34","slug":"zitrone-ingwer","status":"publish","type":"product","link":"https:\/\/www.dolfin.be\/de\/produkt\/zitrone-ingwer\/","title":{"rendered":"Zitrone &#038; Ingwer"},"content":{"rendered":"<p>Die Zitrone mit ihrer sch\u00f6nen gelben Farbe und ihrem w\u00fcrzigen Geschmack wird mit zarten, feurigen Ingwerst\u00fcckchen kombiniert, um der Bitterschokolade ein einzigartiges Bouquet an Aromen und Charakter zu verleihen. Ein explosiver, vitaminreicher Cocktail!<\/p>\n<p><strong>Zutaten <\/strong>: Kakaomasse, Zucker, Kakaobutter, Zitrone 2%, Ingwer 0,5%, Emulgator: <strong>Soja<\/strong>lecithin, nat\u00fcrliches Vanillearoma. Kakao : 60% mindestens. Kann N\u00fcsse, Eiern, Milch, Gluten und Sesam enthalten.<\/p>\n","protected":false},"excerpt":{"rendered":"<p>Die Zitrone mit ihrer sch\u00f6nen gelben Farbe und ihrem w\u00fcrzigen Geschmack wird mit zarten, feurigen Ingwerst\u00fcckchen kombiniert, um der Bitterschokolade ein einzigartiges Bouquet an Aromen und Charakter zu verleihen. Ein explosiver, vitaminreicher Cocktail!<\/p>\n","protected":false},"featured_media":4749,"template":"","meta":{"_acf_changed":false,"_et_pb_use_builder":"","_et_pb_old_content":"","_et_gb_content_width":"","inline_featured_image":false},"product_brand":[],"product_cat":[402,421,533],"product_tag":[],"class_list":{"0":"post-6087","1":"product","2":"type-product","3":"status-publish","4":"has-post-thumbnail","6":"product_cat-aktion-orange","7":"product_cat-dolfin-kollektion","8":"product_cat-grosse-tafeln-70g","10":"first","11":"instock","12":"shipping-taxable","13":"purchasable","14":"product-type-simple"},"acf":[],"yoast_head":"<!-- This site is optimized with the Yoast SEO plugin v27.4 - https:\/\/yoast.com\/product\/yoast-seo-wordpress\/ -->\n<title>Dolfin | Zartbitterschokolade mit Zitrone &amp; Ingwer - Made in Belgium<\/title>\n<meta name=\"description\" content=\"Mit ihrer h\u00fcbschen gelben Farbe und ihrem spritzigen Geschmack vermischt sich Zitrone mit zarten kleinen St\u00fcckchen feurigen Ingwers.\" \/>\n<meta name=\"robots\" content=\"index, follow, max-snippet:-1, max-image-preview:large, max-video-preview:-1\" \/>\n<link rel=\"canonical\" href=\"https:\/\/www.dolfin.be\/de\/produkt\/zitrone-ingwer\/\" \/>\n<meta property=\"og:locale\" content=\"de_DE\" \/>\n<meta property=\"og:type\" content=\"article\" \/>\n<meta property=\"og:title\" content=\"Dolfin | Zartbitterschokolade mit Zitrone &amp; Ingwer - Made in Belgium\" \/>\n<meta property=\"og:description\" content=\"Mit ihrer h\u00fcbschen gelben Farbe und ihrem spritzigen Geschmack vermischt sich Zitrone mit zarten kleinen St\u00fcckchen feurigen Ingwers.\" \/>\n<meta property=\"og:url\" content=\"https:\/\/www.dolfin.be\/de\/produkt\/zitrone-ingwer\/\" \/>\n<meta property=\"og:site_name\" content=\"Dolfin\" \/>\n<meta property=\"article:modified_time\" content=\"2025-10-22T10:07:34+00:00\" \/>\n<meta property=\"og:image\" content=\"https:\/\/www.dolfin.be\/wp-content\/uploads\/2024\/02\/DO3002_EU_Face.jpg\" \/>\n\t<meta property=\"og:image:width\" content=\"1001\" \/>\n\t<meta property=\"og:image:height\" content=\"1686\" \/>\n\t<meta property=\"og:image:type\" content=\"image\/jpeg\" \/>\n<meta name=\"twitter:card\" content=\"summary_large_image\" \/>\n<meta name=\"twitter:label1\" content=\"Gesch\u00e4tzte Lesezeit\" \/>\n\t<meta name=\"twitter:data1\" content=\"1\u00a0Minute\" \/>\n<script type=\"application\/ld+json\" class=\"yoast-schema-graph\">{\"@context\":\"https:\\\/\\\/schema.org\",\"@graph\":[{\"@type\":\"WebPage\",\"@id\":\"https:\\\/\\\/www.dolfin.be\\\/de\\\/produkt\\\/zitrone-ingwer\\\/\",\"url\":\"https:\\\/\\\/www.dolfin.be\\\/de\\\/produkt\\\/zitrone-ingwer\\\/\",\"name\":\"Dolfin | Zartbitterschokolade mit Zitrone & Ingwer - Made in Belgium\",\"isPartOf\":{\"@id\":\"https:\\\/\\\/www.dolfin.be\\\/de\\\/#website\"},\"primaryImageOfPage\":{\"@id\":\"https:\\\/\\\/www.dolfin.be\\\/de\\\/produkt\\\/zitrone-ingwer\\\/#primaryimage\"},\"image\":{\"@id\":\"https:\\\/\\\/www.dolfin.be\\\/de\\\/produkt\\\/zitrone-ingwer\\\/#primaryimage\"},\"thumbnailUrl\":\"https:\\\/\\\/www.dolfin.be\\\/wp-content\\\/uploads\\\/2024\\\/02\\\/DO3002_EU_Face.jpg\",\"datePublished\":\"2024-03-26T13:20:31+00:00\",\"dateModified\":\"2025-10-22T10:07:34+00:00\",\"description\":\"Mit ihrer h\u00fcbschen gelben Farbe und ihrem spritzigen Geschmack vermischt sich Zitrone mit zarten kleinen St\u00fcckchen feurigen Ingwers.\",\"breadcrumb\":{\"@id\":\"https:\\\/\\\/www.dolfin.be\\\/de\\\/produkt\\\/zitrone-ingwer\\\/#breadcrumb\"},\"inLanguage\":\"de\",\"potentialAction\":[{\"@type\":\"ReadAction\",\"target\":[\"https:\\\/\\\/www.dolfin.be\\\/de\\\/produkt\\\/zitrone-ingwer\\\/\"]}]},{\"@type\":\"ImageObject\",\"inLanguage\":\"de\",\"@id\":\"https:\\\/\\\/www.dolfin.be\\\/de\\\/produkt\\\/zitrone-ingwer\\\/#primaryimage\",\"url\":\"https:\\\/\\\/www.dolfin.be\\\/wp-content\\\/uploads\\\/2024\\\/02\\\/DO3002_EU_Face.jpg\",\"contentUrl\":\"https:\\\/\\\/www.dolfin.be\\\/wp-content\\\/uploads\\\/2024\\\/02\\\/DO3002_EU_Face.jpg\",\"width\":1001,\"height\":1686},{\"@type\":\"BreadcrumbList\",\"@id\":\"https:\\\/\\\/www.dolfin.be\\\/de\\\/produkt\\\/zitrone-ingwer\\\/#breadcrumb\",\"itemListElement\":[{\"@type\":\"ListItem\",\"position\":1,\"name\":\"Accueil\",\"item\":\"https:\\\/\\\/www.dolfin.be\\\/de\\\/\"},{\"@type\":\"ListItem\",\"position\":2,\"name\":\"Unsere Produkte\",\"item\":\"https:\\\/\\\/www.dolfin.be\\\/de\\\/unsere-produkte\\\/\"},{\"@type\":\"ListItem\",\"position\":3,\"name\":\"Zitrone &#038; Ingwer\"}]},{\"@type\":\"WebSite\",\"@id\":\"https:\\\/\\\/www.dolfin.be\\\/de\\\/#website\",\"url\":\"https:\\\/\\\/www.dolfin.be\\\/de\\\/\",\"name\":\"Dolfin\",\"description\":\"\",\"potentialAction\":[{\"@type\":\"SearchAction\",\"target\":{\"@type\":\"EntryPoint\",\"urlTemplate\":\"https:\\\/\\\/www.dolfin.be\\\/de\\\/?s={search_term_string}\"},\"query-input\":{\"@type\":\"PropertyValueSpecification\",\"valueRequired\":true,\"valueName\":\"search_term_string\"}}],\"inLanguage\":\"de\"}]}<\/script>\n<!-- \/ Yoast SEO plugin. -->","yoast_head_json":{"title":"Dolfin | Zartbitterschokolade mit Zitrone & Ingwer - Made in Belgium","description":"Mit ihrer h\u00fcbschen gelben Farbe und ihrem spritzigen Geschmack vermischt sich Zitrone mit zarten kleinen St\u00fcckchen feurigen Ingwers.","robots":{"index":"index","follow":"follow","max-snippet":"max-snippet:-1","max-image-preview":"max-image-preview:large","max-video-preview":"max-video-preview:-1"},"canonical":"https:\/\/www.dolfin.be\/de\/produkt\/zitrone-ingwer\/","og_locale":"de_DE","og_type":"article","og_title":"Dolfin | Zartbitterschokolade mit Zitrone & Ingwer - Made in Belgium","og_description":"Mit ihrer h\u00fcbschen gelben Farbe und ihrem spritzigen Geschmack vermischt sich Zitrone mit zarten kleinen St\u00fcckchen feurigen Ingwers.","og_url":"https:\/\/www.dolfin.be\/de\/produkt\/zitrone-ingwer\/","og_site_name":"Dolfin","article_modified_time":"2025-10-22T10:07:34+00:00","og_image":[{"width":1001,"height":1686,"url":"https:\/\/www.dolfin.be\/wp-content\/uploads\/2024\/02\/DO3002_EU_Face.jpg","type":"image\/jpeg"}],"twitter_card":"summary_large_image","twitter_misc":{"Gesch\u00e4tzte Lesezeit":"1\u00a0Minute"},"schema":{"@context":"https:\/\/schema.org","@graph":[{"@type":"WebPage","@id":"https:\/\/www.dolfin.be\/de\/produkt\/zitrone-ingwer\/","url":"https:\/\/www.dolfin.be\/de\/produkt\/zitrone-ingwer\/","name":"Dolfin | Zartbitterschokolade mit Zitrone & Ingwer - Made in Belgium","isPartOf":{"@id":"https:\/\/www.dolfin.be\/de\/#website"},"primaryImageOfPage":{"@id":"https:\/\/www.dolfin.be\/de\/produkt\/zitrone-ingwer\/#primaryimage"},"image":{"@id":"https:\/\/www.dolfin.be\/de\/produkt\/zitrone-ingwer\/#primaryimage"},"thumbnailUrl":"https:\/\/www.dolfin.be\/wp-content\/uploads\/2024\/02\/DO3002_EU_Face.jpg","datePublished":"2024-03-26T13:20:31+00:00","dateModified":"2025-10-22T10:07:34+00:00","description":"Mit ihrer h\u00fcbschen gelben Farbe und ihrem spritzigen Geschmack vermischt sich Zitrone mit zarten kleinen St\u00fcckchen feurigen Ingwers.","breadcrumb":{"@id":"https:\/\/www.dolfin.be\/de\/produkt\/zitrone-ingwer\/#breadcrumb"},"inLanguage":"de","potentialAction":[{"@type":"ReadAction","target":["https:\/\/www.dolfin.be\/de\/produkt\/zitrone-ingwer\/"]}]},{"@type":"ImageObject","inLanguage":"de","@id":"https:\/\/www.dolfin.be\/de\/produkt\/zitrone-ingwer\/#primaryimage","url":"https:\/\/www.dolfin.be\/wp-content\/uploads\/2024\/02\/DO3002_EU_Face.jpg","contentUrl":"https:\/\/www.dolfin.be\/wp-content\/uploads\/2024\/02\/DO3002_EU_Face.jpg","width":1001,"height":1686},{"@type":"BreadcrumbList","@id":"https:\/\/www.dolfin.be\/de\/produkt\/zitrone-ingwer\/#breadcrumb","itemListElement":[{"@type":"ListItem","position":1,"name":"Accueil","item":"https:\/\/www.dolfin.be\/de\/"},{"@type":"ListItem","position":2,"name":"Unsere Produkte","item":"https:\/\/www.dolfin.be\/de\/unsere-produkte\/"},{"@type":"ListItem","position":3,"name":"Zitrone &#038; Ingwer"}]},{"@type":"WebSite","@id":"https:\/\/www.dolfin.be\/de\/#website","url":"https:\/\/www.dolfin.be\/de\/","name":"Dolfin","description":"","potentialAction":[{"@type":"SearchAction","target":{"@type":"EntryPoint","urlTemplate":"https:\/\/www.dolfin.be\/de\/?s={search_term_string}"},"query-input":{"@type":"PropertyValueSpecification","valueRequired":true,"valueName":"search_term_string"}}],"inLanguage":"de"}]}},"_links":{"self":[{"href":"https:\/\/www.dolfin.be\/de\/wp-json\/wp\/v2\/product\/6087","targetHints":{"allow":["GET"]}}],"collection":[{"href":"https:\/\/www.dolfin.be\/de\/wp-json\/wp\/v2\/product"}],"about":[{"href":"https:\/\/www.dolfin.be\/de\/wp-json\/wp\/v2\/types\/product"}],"wp:featuredmedia":[{"embeddable":true,"href":"https:\/\/www.dolfin.be\/de\/wp-json\/wp\/v2\/media\/4749"}],"wp:attachment":[{"href":"https:\/\/www.dolfin.be\/de\/wp-json\/wp\/v2\/media?parent=6087"}],"wp:term":[{"taxonomy":"product_brand","embeddable":true,"href":"https:\/\/www.dolfin.be\/de\/wp-json\/wp\/v2\/product_brand?post=6087"},{"taxonomy":"product_cat","embeddable":true,"href":"https:\/\/www.dolfin.be\/de\/wp-json\/wp\/v2\/product_cat?post=6087"},{"taxonomy":"product_tag","embeddable":true,"href":"https:\/\/www.dolfin.be\/de\/wp-json\/wp\/v2\/product_tag?post=6087"}],"curies":[{"name":"wp","href":"https:\/\/api.w.org\/{rel}","templated":true}]}}