{"id":5964,"date":"2021-09-22T07:00:27","date_gmt":"2021-09-22T05:00:27","guid":{"rendered":"https:\/\/dolfin.poush-dev.be\/product\/le-chat-adventskalender\/"},"modified":"2025-09-02T15:20:07","modified_gmt":"2025-09-02T13:20:07","slug":"le-chat-adventskalender","status":"publish","type":"product","link":"https:\/\/www.dolfin.be\/de\/produkt\/le-chat-adventskalender\/","title":{"rendered":"Le Chat &#8211; Adventskalender"},"content":{"rendered":"<p>Der Le Chat-Adventskalender von Philippe Geluck: 24 Tage k\u00f6stlicher Freuden!<\/p>\n<p>Bereiten Sie sich vor auf einen k\u00f6stlichen und humorvollen Dezember mit dem neuen Adventskalender von Le Chat, in dem Humor und K\u00f6stlichkeiten verschmelzen und Sie mitnehmen auf eine unvergessliche Reise bis Weihnachten.<\/p>\n<p>Ein ideales Geschenk f\u00fcr alle, die Humor und Schokolade lieben. Ob als Geschenk f\u00fcr einen lieben Freund oder um Ihren eigenen Dezembermorgen aufzuhellen, der Le Chat-Kalender ist der perfekte Begleiter, um den Zauber des Weihnachtsfests mit einem L\u00e4cheln auf den Lippen zu feiern.<\/p>\n<p>6 unwiderstehliche Geschmacksrichtungen: Zartbitterschokolade 70 % Kakao \u2013 Zartbitterschokolade mit gesalzenen Mandeln \u2013 Zartbitterschokolade mit Orange \u2013 Vollmilchschokolade 37 % Kakao \u2013 Vollmilchschokolade mit Karamell \u2013 Vollmilchschokolade mit Spekulatius.<\/p>\n<p>Zutaten : Kakaopaste, Zucker, Kakaobutter, Voll<strong>milch<\/strong>pulver, gesalzene <strong>Mandeln<\/strong> 4% (<strong>Mandeln<\/strong>, <strong>Soja<\/strong>, <strong>Weizen<\/strong>, Salz), Karamell 4% (Zucker, Glukosesirup, Voll<strong>milch<\/strong>pulver, Sahne (<strong>Milch<\/strong>), gesalzene Butter (<strong>Milch<\/strong>), Gu\u00e9rande-Salz, Emulgator: Raps-Lecithin), Spekulatius 3%(<strong>Weizen<\/strong>mehl, R\u00fcbenzucker, pflanzliche Fette (Kokosnuss, Sonnenblume), R\u00fcbensirup, Voll<strong>ei<\/strong>, Ceylon-Zimt, Gew\u00fcrze, Natriumcarbonat (Backpulver)), Orangenpulver 1%, Emulgator: <strong>Soja<\/strong>lecithin, nat\u00fcrliche Aromen, Gu\u00e9rande-Salz. Kakao : 37%, 60% und 70% mindestens. Kann andere N\u00fcsse und Sesam enthalten.<\/p>\n","protected":false},"excerpt":{"rendered":"<p>Der Le Chat-Adventskalender von Philippe Geluck: 24 Tage k\u00f6stlicher Freuden!<\/p>\n<p>Bereiten Sie sich vor auf einen k\u00f6stlichen und humorvollen Dezember mit dem neuen Adventskalender von Le Chat, in dem Humor und K\u00f6stlichkeiten verschmelzen und Sie mitnehmen auf eine unvergessliche Reise bis Weihnachten.<\/p>\n<p>Ein ideales Geschenk f\u00fcr alle, die Humor und Schokolade lieben. Ob als Geschenk f\u00fcr einen lieben Freund oder um Ihren eigenen Dezembermorgen aufzuhellen, der Le Chat-Kalender ist der perfekte Begleiter, um den Zauber des Weihnachtsfests mit einem L\u00e4cheln auf den Lippen zu feiern.<\/p>\n<p>6 unwiderstehliche Geschmacksrichtungen: Zartbitterschokolade 70 % Kakao \u2013 Zartbitterschokolade mit gesalzenen Mandeln \u2013 Zartbitterschokolade mit Orange \u2013 Vollmilchschokolade 37 % Kakao \u2013 Vollmilchschokolade mit Karamell \u2013 Vollmilchschokolade mit Spekulatius.<\/p>\n","protected":false},"featured_media":4705,"template":"","meta":{"_acf_changed":false,"_et_pb_use_builder":"","_et_pb_old_content":"","_et_gb_content_width":"","inline_featured_image":false},"product_brand":[],"product_cat":[397,409,518,522,411],"product_tag":[],"class_list":{"0":"post-5964","1":"product","2":"type-product","3":"status-publish","4":"has-post-thumbnail","6":"product_cat-die-kollektion-le-chat-von-philippe-geluck","7":"product_cat-geschenkbox","8":"product_cat-schokoladenquadrate-geschenk","9":"product_cat-sortimente-de","10":"product_cat-winterschokolade","12":"first","13":"outofstock","14":"shipping-taxable","15":"purchasable","16":"product-type-simple"},"acf":[],"yoast_head":"<!-- This site is optimized with the Yoast SEO plugin v27.4 - https:\/\/yoast.com\/product\/yoast-seo-wordpress\/ -->\n<title>Dolfin | Le Chat - Adventskalender - Made in Belgium<\/title>\n<meta name=\"description\" content=\"Der Le Chat-Adventskalender von Philippe Geluck: 24 Tage k\u00f6stlicher Freuden!\" \/>\n<meta name=\"robots\" content=\"index, follow, max-snippet:-1, max-image-preview:large, max-video-preview:-1\" \/>\n<link rel=\"canonical\" href=\"https:\/\/www.dolfin.be\/de\/produkt\/le-chat-adventskalender\/\" \/>\n<meta property=\"og:locale\" content=\"de_DE\" \/>\n<meta property=\"og:type\" content=\"article\" \/>\n<meta property=\"og:title\" content=\"Dolfin | Le Chat - Adventskalender - Made in Belgium\" \/>\n<meta property=\"og:description\" content=\"Der Le Chat-Adventskalender von Philippe Geluck: 24 Tage k\u00f6stlicher Freuden!\" \/>\n<meta property=\"og:url\" content=\"https:\/\/www.dolfin.be\/de\/produkt\/le-chat-adventskalender\/\" \/>\n<meta property=\"og:site_name\" content=\"Dolfin\" \/>\n<meta property=\"article:modified_time\" content=\"2025-09-02T13:20:07+00:00\" \/>\n<meta property=\"og:image\" content=\"https:\/\/www.dolfin.be\/wp-content\/uploads\/2024\/02\/DO2561_Chat_Face.jpg\" \/>\n\t<meta property=\"og:image:width\" content=\"1001\" \/>\n\t<meta property=\"og:image:height\" content=\"1389\" \/>\n\t<meta property=\"og:image:type\" content=\"image\/jpeg\" \/>\n<meta name=\"twitter:card\" content=\"summary_large_image\" \/>\n<meta name=\"twitter:label1\" content=\"Gesch\u00e4tzte Lesezeit\" \/>\n\t<meta name=\"twitter:data1\" content=\"2\u00a0Minuten\" \/>\n<script type=\"application\/ld+json\" class=\"yoast-schema-graph\">{\"@context\":\"https:\\\/\\\/schema.org\",\"@graph\":[{\"@type\":\"WebPage\",\"@id\":\"https:\\\/\\\/www.dolfin.be\\\/de\\\/produkt\\\/le-chat-adventskalender\\\/\",\"url\":\"https:\\\/\\\/www.dolfin.be\\\/de\\\/produkt\\\/le-chat-adventskalender\\\/\",\"name\":\"Dolfin | Le Chat - Adventskalender - Made in Belgium\",\"isPartOf\":{\"@id\":\"https:\\\/\\\/www.dolfin.be\\\/de\\\/#website\"},\"primaryImageOfPage\":{\"@id\":\"https:\\\/\\\/www.dolfin.be\\\/de\\\/produkt\\\/le-chat-adventskalender\\\/#primaryimage\"},\"image\":{\"@id\":\"https:\\\/\\\/www.dolfin.be\\\/de\\\/produkt\\\/le-chat-adventskalender\\\/#primaryimage\"},\"thumbnailUrl\":\"https:\\\/\\\/www.dolfin.be\\\/wp-content\\\/uploads\\\/2024\\\/02\\\/DO2561_Chat_Face.jpg\",\"datePublished\":\"2021-09-22T05:00:27+00:00\",\"dateModified\":\"2025-09-02T13:20:07+00:00\",\"description\":\"Der Le Chat-Adventskalender von Philippe Geluck: 24 Tage k\u00f6stlicher Freuden!\",\"breadcrumb\":{\"@id\":\"https:\\\/\\\/www.dolfin.be\\\/de\\\/produkt\\\/le-chat-adventskalender\\\/#breadcrumb\"},\"inLanguage\":\"de\",\"potentialAction\":[{\"@type\":\"ReadAction\",\"target\":[\"https:\\\/\\\/www.dolfin.be\\\/de\\\/produkt\\\/le-chat-adventskalender\\\/\"]}]},{\"@type\":\"ImageObject\",\"inLanguage\":\"de\",\"@id\":\"https:\\\/\\\/www.dolfin.be\\\/de\\\/produkt\\\/le-chat-adventskalender\\\/#primaryimage\",\"url\":\"https:\\\/\\\/www.dolfin.be\\\/wp-content\\\/uploads\\\/2024\\\/02\\\/DO2561_Chat_Face.jpg\",\"contentUrl\":\"https:\\\/\\\/www.dolfin.be\\\/wp-content\\\/uploads\\\/2024\\\/02\\\/DO2561_Chat_Face.jpg\",\"width\":1001,\"height\":1389},{\"@type\":\"BreadcrumbList\",\"@id\":\"https:\\\/\\\/www.dolfin.be\\\/de\\\/produkt\\\/le-chat-adventskalender\\\/#breadcrumb\",\"itemListElement\":[{\"@type\":\"ListItem\",\"position\":1,\"name\":\"Accueil\",\"item\":\"https:\\\/\\\/www.dolfin.be\\\/de\\\/\"},{\"@type\":\"ListItem\",\"position\":2,\"name\":\"Unsere Produkte\",\"item\":\"https:\\\/\\\/www.dolfin.be\\\/de\\\/unsere-produkte\\\/\"},{\"@type\":\"ListItem\",\"position\":3,\"name\":\"Le Chat &#8211; Adventskalender\"}]},{\"@type\":\"WebSite\",\"@id\":\"https:\\\/\\\/www.dolfin.be\\\/de\\\/#website\",\"url\":\"https:\\\/\\\/www.dolfin.be\\\/de\\\/\",\"name\":\"Dolfin\",\"description\":\"\",\"potentialAction\":[{\"@type\":\"SearchAction\",\"target\":{\"@type\":\"EntryPoint\",\"urlTemplate\":\"https:\\\/\\\/www.dolfin.be\\\/de\\\/?s={search_term_string}\"},\"query-input\":{\"@type\":\"PropertyValueSpecification\",\"valueRequired\":true,\"valueName\":\"search_term_string\"}}],\"inLanguage\":\"de\"}]}<\/script>\n<!-- \/ Yoast SEO plugin. -->","yoast_head_json":{"title":"Dolfin | Le Chat - Adventskalender - Made in Belgium","description":"Der Le Chat-Adventskalender von Philippe Geluck: 24 Tage k\u00f6stlicher Freuden!","robots":{"index":"index","follow":"follow","max-snippet":"max-snippet:-1","max-image-preview":"max-image-preview:large","max-video-preview":"max-video-preview:-1"},"canonical":"https:\/\/www.dolfin.be\/de\/produkt\/le-chat-adventskalender\/","og_locale":"de_DE","og_type":"article","og_title":"Dolfin | Le Chat - Adventskalender - Made in Belgium","og_description":"Der Le Chat-Adventskalender von Philippe Geluck: 24 Tage k\u00f6stlicher Freuden!","og_url":"https:\/\/www.dolfin.be\/de\/produkt\/le-chat-adventskalender\/","og_site_name":"Dolfin","article_modified_time":"2025-09-02T13:20:07+00:00","og_image":[{"width":1001,"height":1389,"url":"https:\/\/www.dolfin.be\/wp-content\/uploads\/2024\/02\/DO2561_Chat_Face.jpg","type":"image\/jpeg"}],"twitter_card":"summary_large_image","twitter_misc":{"Gesch\u00e4tzte Lesezeit":"2\u00a0Minuten"},"schema":{"@context":"https:\/\/schema.org","@graph":[{"@type":"WebPage","@id":"https:\/\/www.dolfin.be\/de\/produkt\/le-chat-adventskalender\/","url":"https:\/\/www.dolfin.be\/de\/produkt\/le-chat-adventskalender\/","name":"Dolfin | Le Chat - Adventskalender - Made in Belgium","isPartOf":{"@id":"https:\/\/www.dolfin.be\/de\/#website"},"primaryImageOfPage":{"@id":"https:\/\/www.dolfin.be\/de\/produkt\/le-chat-adventskalender\/#primaryimage"},"image":{"@id":"https:\/\/www.dolfin.be\/de\/produkt\/le-chat-adventskalender\/#primaryimage"},"thumbnailUrl":"https:\/\/www.dolfin.be\/wp-content\/uploads\/2024\/02\/DO2561_Chat_Face.jpg","datePublished":"2021-09-22T05:00:27+00:00","dateModified":"2025-09-02T13:20:07+00:00","description":"Der Le Chat-Adventskalender von Philippe Geluck: 24 Tage k\u00f6stlicher Freuden!","breadcrumb":{"@id":"https:\/\/www.dolfin.be\/de\/produkt\/le-chat-adventskalender\/#breadcrumb"},"inLanguage":"de","potentialAction":[{"@type":"ReadAction","target":["https:\/\/www.dolfin.be\/de\/produkt\/le-chat-adventskalender\/"]}]},{"@type":"ImageObject","inLanguage":"de","@id":"https:\/\/www.dolfin.be\/de\/produkt\/le-chat-adventskalender\/#primaryimage","url":"https:\/\/www.dolfin.be\/wp-content\/uploads\/2024\/02\/DO2561_Chat_Face.jpg","contentUrl":"https:\/\/www.dolfin.be\/wp-content\/uploads\/2024\/02\/DO2561_Chat_Face.jpg","width":1001,"height":1389},{"@type":"BreadcrumbList","@id":"https:\/\/www.dolfin.be\/de\/produkt\/le-chat-adventskalender\/#breadcrumb","itemListElement":[{"@type":"ListItem","position":1,"name":"Accueil","item":"https:\/\/www.dolfin.be\/de\/"},{"@type":"ListItem","position":2,"name":"Unsere Produkte","item":"https:\/\/www.dolfin.be\/de\/unsere-produkte\/"},{"@type":"ListItem","position":3,"name":"Le Chat &#8211; Adventskalender"}]},{"@type":"WebSite","@id":"https:\/\/www.dolfin.be\/de\/#website","url":"https:\/\/www.dolfin.be\/de\/","name":"Dolfin","description":"","potentialAction":[{"@type":"SearchAction","target":{"@type":"EntryPoint","urlTemplate":"https:\/\/www.dolfin.be\/de\/?s={search_term_string}"},"query-input":{"@type":"PropertyValueSpecification","valueRequired":true,"valueName":"search_term_string"}}],"inLanguage":"de"}]}},"_links":{"self":[{"href":"https:\/\/www.dolfin.be\/de\/wp-json\/wp\/v2\/product\/5964","targetHints":{"allow":["GET"]}}],"collection":[{"href":"https:\/\/www.dolfin.be\/de\/wp-json\/wp\/v2\/product"}],"about":[{"href":"https:\/\/www.dolfin.be\/de\/wp-json\/wp\/v2\/types\/product"}],"wp:featuredmedia":[{"embeddable":true,"href":"https:\/\/www.dolfin.be\/de\/wp-json\/wp\/v2\/media\/4705"}],"wp:attachment":[{"href":"https:\/\/www.dolfin.be\/de\/wp-json\/wp\/v2\/media?parent=5964"}],"wp:term":[{"taxonomy":"product_brand","embeddable":true,"href":"https:\/\/www.dolfin.be\/de\/wp-json\/wp\/v2\/product_brand?post=5964"},{"taxonomy":"product_cat","embeddable":true,"href":"https:\/\/www.dolfin.be\/de\/wp-json\/wp\/v2\/product_cat?post=5964"},{"taxonomy":"product_tag","embeddable":true,"href":"https:\/\/www.dolfin.be\/de\/wp-json\/wp\/v2\/product_tag?post=5964"}],"curies":[{"name":"wp","href":"https:\/\/api.w.org\/{rel}","templated":true}]}}