{"id":5928,"date":"2020-10-29T09:36:00","date_gmt":"2020-10-29T08:36:00","guid":{"rendered":"https:\/\/dolfin.poush-dev.be\/product\/vollmilchschokolade-mit-gerostetem-sesam\/"},"modified":"2025-06-02T12:55:10","modified_gmt":"2025-06-02T10:55:10","slug":"vollmilchschokolade-mit-gerostetem-sesam","status":"publish","type":"product","link":"https:\/\/www.dolfin.be\/de\/produkt\/vollmilchschokolade-mit-gerostetem-sesam\/","title":{"rendered":"Ger\u00f6stetem Sesam- 30g"},"content":{"rendered":"<p>Die Vorz\u00fcge von Sesam mit seinem ausgezeichneten Gehalt an Vitaminen, Eisen, Antioxidantien und Proteinen, gemischt mit hochwertiger Vollmilchschokolade, garantieren Ihnen einen hervorragenden Geschmack. Wenn man es einmal gekostet hat, will man nur noch eins: mehr davon!<\/p>\n<p><strong>Zutaten:<\/strong> Zucker, Kakaomasse, Kakaobutter, Voll<strong>milch<\/strong>pulver, Sesam 6%, Emulgator: <strong>Soja<\/strong>lecithin, naturliches Vanille-Aroma. Kakao: 37% mindestens. Kann Spuren von N\u00fcssen, Gluten, Sesam und Eiern enthalten.<\/p>\n","protected":false},"excerpt":{"rendered":"<p>Die Vorz\u00fcge von Sesam mit seinem ausgezeichneten Gehalt an Vitaminen, Eisen, Antioxidantien und Proteinen, gemischt mit hochwertiger Vollmilchschokolade, garantieren Ihnen einen hervorragenden Geschmack. Wenn man es einmal gekostet hat, will man nur noch eins: mehr davon!<\/p>\n","protected":false},"featured_media":4541,"template":"","meta":{"_acf_changed":false,"_et_pb_use_builder":"","_et_pb_old_content":"","_et_gb_content_width":"","inline_featured_image":false},"product_brand":[],"product_cat":[534,422,392],"product_tag":[],"class_list":{"0":"post-5928","1":"product","2":"type-product","3":"status-publish","4":"has-post-thumbnail","6":"product_cat-kleine-tafeln-30g","7":"product_cat-unsere-reisetagebuecher","8":"product_cat-schokoladentafeln","10":"first","11":"instock","12":"purchasable","13":"product-type-simple"},"acf":[],"yoast_head":"<!-- This site is optimized with the Yoast SEO plugin v27.4 - https:\/\/yoast.com\/product\/yoast-seo-wordpress\/ -->\n<title>Dolfin | Vollmilchschokolade mit Ger\u00f6stetem Sesam- 30g - Made in Belgium<\/title>\n<meta name=\"description\" content=\"Die Milchschokolade mischt sich harmonisch mit dem ger\u00f6steten Sesam f\u00fcr Ihr gr\u00f6\u00dftes Gl\u00fcck.\" \/>\n<meta name=\"robots\" content=\"index, follow, max-snippet:-1, max-image-preview:large, max-video-preview:-1\" \/>\n<link rel=\"canonical\" href=\"https:\/\/www.dolfin.be\/de\/produkt\/vollmilchschokolade-mit-gerostetem-sesam\/\" \/>\n<meta property=\"og:locale\" content=\"de_DE\" \/>\n<meta property=\"og:type\" content=\"article\" \/>\n<meta property=\"og:title\" content=\"Dolfin | Vollmilchschokolade mit Ger\u00f6stetem Sesam- 30g - Made in Belgium\" \/>\n<meta property=\"og:description\" content=\"Die Milchschokolade mischt sich harmonisch mit dem ger\u00f6steten Sesam f\u00fcr Ihr gr\u00f6\u00dftes Gl\u00fcck.\" \/>\n<meta property=\"og:url\" content=\"https:\/\/www.dolfin.be\/de\/produkt\/vollmilchschokolade-mit-gerostetem-sesam\/\" \/>\n<meta property=\"og:site_name\" content=\"Dolfin\" \/>\n<meta property=\"article:modified_time\" content=\"2025-06-02T10:55:10+00:00\" \/>\n<meta property=\"og:image\" content=\"https:\/\/www.dolfin.be\/wp-content\/uploads\/2024\/02\/DO1498_top.jpg\" \/>\n\t<meta property=\"og:image:width\" content=\"1001\" \/>\n\t<meta property=\"og:image:height\" content=\"1877\" \/>\n\t<meta property=\"og:image:type\" content=\"image\/jpeg\" \/>\n<meta name=\"twitter:card\" content=\"summary_large_image\" \/>\n<meta name=\"twitter:label1\" content=\"Gesch\u00e4tzte Lesezeit\" \/>\n\t<meta name=\"twitter:data1\" content=\"1\u00a0Minute\" \/>\n<script type=\"application\/ld+json\" class=\"yoast-schema-graph\">{\"@context\":\"https:\\\/\\\/schema.org\",\"@graph\":[{\"@type\":\"WebPage\",\"@id\":\"https:\\\/\\\/www.dolfin.be\\\/de\\\/produkt\\\/vollmilchschokolade-mit-gerostetem-sesam\\\/\",\"url\":\"https:\\\/\\\/www.dolfin.be\\\/de\\\/produkt\\\/vollmilchschokolade-mit-gerostetem-sesam\\\/\",\"name\":\"Dolfin | Vollmilchschokolade mit Ger\u00f6stetem Sesam- 30g - Made in Belgium\",\"isPartOf\":{\"@id\":\"https:\\\/\\\/www.dolfin.be\\\/de\\\/#website\"},\"primaryImageOfPage\":{\"@id\":\"https:\\\/\\\/www.dolfin.be\\\/de\\\/produkt\\\/vollmilchschokolade-mit-gerostetem-sesam\\\/#primaryimage\"},\"image\":{\"@id\":\"https:\\\/\\\/www.dolfin.be\\\/de\\\/produkt\\\/vollmilchschokolade-mit-gerostetem-sesam\\\/#primaryimage\"},\"thumbnailUrl\":\"https:\\\/\\\/www.dolfin.be\\\/wp-content\\\/uploads\\\/2024\\\/02\\\/DO1498_top.jpg\",\"datePublished\":\"2020-10-29T08:36:00+00:00\",\"dateModified\":\"2025-06-02T10:55:10+00:00\",\"description\":\"Die Milchschokolade mischt sich harmonisch mit dem ger\u00f6steten Sesam f\u00fcr Ihr gr\u00f6\u00dftes Gl\u00fcck.\",\"breadcrumb\":{\"@id\":\"https:\\\/\\\/www.dolfin.be\\\/de\\\/produkt\\\/vollmilchschokolade-mit-gerostetem-sesam\\\/#breadcrumb\"},\"inLanguage\":\"de\",\"potentialAction\":[{\"@type\":\"ReadAction\",\"target\":[\"https:\\\/\\\/www.dolfin.be\\\/de\\\/produkt\\\/vollmilchschokolade-mit-gerostetem-sesam\\\/\"]}]},{\"@type\":\"ImageObject\",\"inLanguage\":\"de\",\"@id\":\"https:\\\/\\\/www.dolfin.be\\\/de\\\/produkt\\\/vollmilchschokolade-mit-gerostetem-sesam\\\/#primaryimage\",\"url\":\"https:\\\/\\\/www.dolfin.be\\\/wp-content\\\/uploads\\\/2024\\\/02\\\/DO1498_top.jpg\",\"contentUrl\":\"https:\\\/\\\/www.dolfin.be\\\/wp-content\\\/uploads\\\/2024\\\/02\\\/DO1498_top.jpg\",\"width\":1001,\"height\":1877},{\"@type\":\"BreadcrumbList\",\"@id\":\"https:\\\/\\\/www.dolfin.be\\\/de\\\/produkt\\\/vollmilchschokolade-mit-gerostetem-sesam\\\/#breadcrumb\",\"itemListElement\":[{\"@type\":\"ListItem\",\"position\":1,\"name\":\"Accueil\",\"item\":\"https:\\\/\\\/www.dolfin.be\\\/de\\\/\"},{\"@type\":\"ListItem\",\"position\":2,\"name\":\"Unsere Produkte\",\"item\":\"https:\\\/\\\/www.dolfin.be\\\/de\\\/unsere-produkte\\\/\"},{\"@type\":\"ListItem\",\"position\":3,\"name\":\"Ger\u00f6stetem Sesam- 30g\"}]},{\"@type\":\"WebSite\",\"@id\":\"https:\\\/\\\/www.dolfin.be\\\/de\\\/#website\",\"url\":\"https:\\\/\\\/www.dolfin.be\\\/de\\\/\",\"name\":\"Dolfin\",\"description\":\"\",\"potentialAction\":[{\"@type\":\"SearchAction\",\"target\":{\"@type\":\"EntryPoint\",\"urlTemplate\":\"https:\\\/\\\/www.dolfin.be\\\/de\\\/?s={search_term_string}\"},\"query-input\":{\"@type\":\"PropertyValueSpecification\",\"valueRequired\":true,\"valueName\":\"search_term_string\"}}],\"inLanguage\":\"de\"}]}<\/script>\n<!-- \/ Yoast SEO plugin. -->","yoast_head_json":{"title":"Dolfin | Vollmilchschokolade mit Ger\u00f6stetem Sesam- 30g - Made in Belgium","description":"Die Milchschokolade mischt sich harmonisch mit dem ger\u00f6steten Sesam f\u00fcr Ihr gr\u00f6\u00dftes Gl\u00fcck.","robots":{"index":"index","follow":"follow","max-snippet":"max-snippet:-1","max-image-preview":"max-image-preview:large","max-video-preview":"max-video-preview:-1"},"canonical":"https:\/\/www.dolfin.be\/de\/produkt\/vollmilchschokolade-mit-gerostetem-sesam\/","og_locale":"de_DE","og_type":"article","og_title":"Dolfin | Vollmilchschokolade mit Ger\u00f6stetem Sesam- 30g - Made in Belgium","og_description":"Die Milchschokolade mischt sich harmonisch mit dem ger\u00f6steten Sesam f\u00fcr Ihr gr\u00f6\u00dftes Gl\u00fcck.","og_url":"https:\/\/www.dolfin.be\/de\/produkt\/vollmilchschokolade-mit-gerostetem-sesam\/","og_site_name":"Dolfin","article_modified_time":"2025-06-02T10:55:10+00:00","og_image":[{"width":1001,"height":1877,"url":"https:\/\/www.dolfin.be\/wp-content\/uploads\/2024\/02\/DO1498_top.jpg","type":"image\/jpeg"}],"twitter_card":"summary_large_image","twitter_misc":{"Gesch\u00e4tzte Lesezeit":"1\u00a0Minute"},"schema":{"@context":"https:\/\/schema.org","@graph":[{"@type":"WebPage","@id":"https:\/\/www.dolfin.be\/de\/produkt\/vollmilchschokolade-mit-gerostetem-sesam\/","url":"https:\/\/www.dolfin.be\/de\/produkt\/vollmilchschokolade-mit-gerostetem-sesam\/","name":"Dolfin | Vollmilchschokolade mit Ger\u00f6stetem Sesam- 30g - Made in Belgium","isPartOf":{"@id":"https:\/\/www.dolfin.be\/de\/#website"},"primaryImageOfPage":{"@id":"https:\/\/www.dolfin.be\/de\/produkt\/vollmilchschokolade-mit-gerostetem-sesam\/#primaryimage"},"image":{"@id":"https:\/\/www.dolfin.be\/de\/produkt\/vollmilchschokolade-mit-gerostetem-sesam\/#primaryimage"},"thumbnailUrl":"https:\/\/www.dolfin.be\/wp-content\/uploads\/2024\/02\/DO1498_top.jpg","datePublished":"2020-10-29T08:36:00+00:00","dateModified":"2025-06-02T10:55:10+00:00","description":"Die Milchschokolade mischt sich harmonisch mit dem ger\u00f6steten Sesam f\u00fcr Ihr gr\u00f6\u00dftes Gl\u00fcck.","breadcrumb":{"@id":"https:\/\/www.dolfin.be\/de\/produkt\/vollmilchschokolade-mit-gerostetem-sesam\/#breadcrumb"},"inLanguage":"de","potentialAction":[{"@type":"ReadAction","target":["https:\/\/www.dolfin.be\/de\/produkt\/vollmilchschokolade-mit-gerostetem-sesam\/"]}]},{"@type":"ImageObject","inLanguage":"de","@id":"https:\/\/www.dolfin.be\/de\/produkt\/vollmilchschokolade-mit-gerostetem-sesam\/#primaryimage","url":"https:\/\/www.dolfin.be\/wp-content\/uploads\/2024\/02\/DO1498_top.jpg","contentUrl":"https:\/\/www.dolfin.be\/wp-content\/uploads\/2024\/02\/DO1498_top.jpg","width":1001,"height":1877},{"@type":"BreadcrumbList","@id":"https:\/\/www.dolfin.be\/de\/produkt\/vollmilchschokolade-mit-gerostetem-sesam\/#breadcrumb","itemListElement":[{"@type":"ListItem","position":1,"name":"Accueil","item":"https:\/\/www.dolfin.be\/de\/"},{"@type":"ListItem","position":2,"name":"Unsere Produkte","item":"https:\/\/www.dolfin.be\/de\/unsere-produkte\/"},{"@type":"ListItem","position":3,"name":"Ger\u00f6stetem Sesam- 30g"}]},{"@type":"WebSite","@id":"https:\/\/www.dolfin.be\/de\/#website","url":"https:\/\/www.dolfin.be\/de\/","name":"Dolfin","description":"","potentialAction":[{"@type":"SearchAction","target":{"@type":"EntryPoint","urlTemplate":"https:\/\/www.dolfin.be\/de\/?s={search_term_string}"},"query-input":{"@type":"PropertyValueSpecification","valueRequired":true,"valueName":"search_term_string"}}],"inLanguage":"de"}]}},"_links":{"self":[{"href":"https:\/\/www.dolfin.be\/de\/wp-json\/wp\/v2\/product\/5928","targetHints":{"allow":["GET"]}}],"collection":[{"href":"https:\/\/www.dolfin.be\/de\/wp-json\/wp\/v2\/product"}],"about":[{"href":"https:\/\/www.dolfin.be\/de\/wp-json\/wp\/v2\/types\/product"}],"wp:featuredmedia":[{"embeddable":true,"href":"https:\/\/www.dolfin.be\/de\/wp-json\/wp\/v2\/media\/4541"}],"wp:attachment":[{"href":"https:\/\/www.dolfin.be\/de\/wp-json\/wp\/v2\/media?parent=5928"}],"wp:term":[{"taxonomy":"product_brand","embeddable":true,"href":"https:\/\/www.dolfin.be\/de\/wp-json\/wp\/v2\/product_brand?post=5928"},{"taxonomy":"product_cat","embeddable":true,"href":"https:\/\/www.dolfin.be\/de\/wp-json\/wp\/v2\/product_cat?post=5928"},{"taxonomy":"product_tag","embeddable":true,"href":"https:\/\/www.dolfin.be\/de\/wp-json\/wp\/v2\/product_tag?post=5928"}],"curies":[{"name":"wp","href":"https:\/\/api.w.org\/{rel}","templated":true}]}}