{"id":5755,"date":"2019-01-08T10:25:20","date_gmt":"2019-01-08T09:25:20","guid":{"rendered":"https:\/\/dolfin.poush-dev.be\/product\/18-schokoladen-minitafeln-love\/"},"modified":"2025-06-02T15:48:33","modified_gmt":"2025-06-02T13:48:33","slug":"18-schokoladen-minitafeln-love","status":"publish","type":"product","link":"https:\/\/www.dolfin.be\/de\/produkt\/18-schokoladen-minitafeln-love\/","title":{"rendered":"18 Schokoladen-Minitafeln &#8220;Love\u201c"},"content":{"rendered":"<p>Dieses schicke Etui f\u00fcr Genie\u00dfer kommt mit seinen 18 Minitafeln einem romantischen T\u00eate-\u00e0-t\u00eate gleich. Ein sinnlicher Augenblick, der reich an Gef\u00fchlen, Farben und Eindr\u00fccken ist. Eine wahrhaftige Liebeserkl\u00e4rung!<\/p>\n<p>Die Box besteht aus den folgenden 6 Geschmacksrichtungen: Vollmilch 37% Kakao, Vollmilch Kaffee, Vollmilch Nougatine, Zartbitter 70% Kakao, Zartbitter Nougatine und Zartbitter Orange.<\/p>\n<p><strong>Zutaten<\/strong>: Kakaomasse, Zucker, Kakaobutter, Voll<strong>milch<\/strong>pulver, Nougatine 4% (Zucker, <strong>Haseln\u00fcsse<\/strong>), Kaffee 2%, magerer Kakao, Orangenkonzentrat 1% (Orange, Apfelfasern, Zitrusfasern, Essentielle \u00d6le aus Orange, Lebensmittelfarbe : Kurkuma), Emulgator: <strong>Soja<\/strong>lecithin, nat\u00fcrliche Aromen. Kakao : 37%, 60% und 70% mindestens. Kann Spuren von anderen N\u00fcssen, Gluten, Eiern und Sesam enthalten.<\/p>\n","protected":false},"excerpt":{"rendered":"<p>Dieses schicke Etui f\u00fcr Genie\u00dfer kommt mit seinen 18 Minitafeln einem romantischen T\u00eate-\u00e0-t\u00eate gleich. Ein sinnlicher Augenblick, der reich an Gef\u00fchlen, Farben und Eindr\u00fccken ist. Eine wahrhaftige Liebeserkl\u00e4rung!<\/p>\n<p>Die Box besteht aus den folgenden 6 Geschmacksrichtungen: Vollmilch 37% Kakao, Vollmilch Kaffee, Vollmilch Nougatine, Zartbitter 70% Kakao, Zartbitter Nougatine und Zartbitter Orange.<\/p>\n","protected":false},"featured_media":4298,"template":"","meta":{"_acf_changed":false,"_et_pb_use_builder":"","_et_pb_old_content":"","_et_gb_content_width":"","inline_featured_image":false},"product_brand":[],"product_cat":[409,413,518,403,519],"product_tag":[],"class_list":{"0":"post-5755","1":"product","2":"type-product","3":"status-publish","4":"has-post-thumbnail","6":"product_cat-geschenkbox","7":"product_cat-schokolade-liebe-themensortimente","8":"product_cat-schokoladenquadrate-geschenk","9":"product_cat-boxen-und-etuis","10":"product_cat-themensortimente","12":"first","13":"instock","14":"purchasable","15":"product-type-simple"},"acf":[],"yoast_head":"<!-- This site is optimized with the Yoast SEO plugin v27.4 - https:\/\/yoast.com\/product\/yoast-seo-wordpress\/ -->\n<title>Dolfin | 18 Schokoladen-Minitafeln &quot;Love\u201c - Zartbitter und Vollmilchschokolade<\/title>\n<meta name=\"description\" content=\"Schick und Gourmet enth\u00fcllt diese H\u00fclle ihre 18 Schokoladenquadrate wie bei einem romantischen ein Kopf an Kopf. Ein echtes Statement!\" \/>\n<meta name=\"robots\" content=\"index, follow, max-snippet:-1, max-image-preview:large, max-video-preview:-1\" \/>\n<link rel=\"canonical\" href=\"https:\/\/www.dolfin.be\/de\/produkt\/18-schokoladen-minitafeln-love\/\" \/>\n<meta property=\"og:locale\" content=\"de_DE\" \/>\n<meta property=\"og:type\" content=\"article\" \/>\n<meta property=\"og:title\" content=\"Dolfin | 18 Schokoladen-Minitafeln &quot;Love\u201c - Zartbitter und Vollmilchschokolade\" \/>\n<meta property=\"og:description\" content=\"Schick und Gourmet enth\u00fcllt diese H\u00fclle ihre 18 Schokoladenquadrate wie bei einem romantischen ein Kopf an Kopf. Ein echtes Statement!\" \/>\n<meta property=\"og:url\" content=\"https:\/\/www.dolfin.be\/de\/produkt\/18-schokoladen-minitafeln-love\/\" \/>\n<meta property=\"og:site_name\" content=\"Dolfin\" \/>\n<meta property=\"article:modified_time\" content=\"2025-06-02T13:48:33+00:00\" \/>\n<meta property=\"og:image\" content=\"https:\/\/www.dolfin.be\/wp-content\/uploads\/2024\/02\/DO2538_top.jpg\" \/>\n\t<meta property=\"og:image:width\" content=\"1001\" \/>\n\t<meta property=\"og:image:height\" content=\"1877\" \/>\n\t<meta property=\"og:image:type\" content=\"image\/jpeg\" \/>\n<meta name=\"twitter:card\" content=\"summary_large_image\" \/>\n<meta name=\"twitter:label1\" content=\"Gesch\u00e4tzte Lesezeit\" \/>\n\t<meta name=\"twitter:data1\" content=\"1\u00a0Minute\" \/>\n<script type=\"application\/ld+json\" class=\"yoast-schema-graph\">{\"@context\":\"https:\\\/\\\/schema.org\",\"@graph\":[{\"@type\":\"WebPage\",\"@id\":\"https:\\\/\\\/www.dolfin.be\\\/de\\\/produkt\\\/18-schokoladen-minitafeln-love\\\/\",\"url\":\"https:\\\/\\\/www.dolfin.be\\\/de\\\/produkt\\\/18-schokoladen-minitafeln-love\\\/\",\"name\":\"Dolfin | 18 Schokoladen-Minitafeln \\\"Love\u201c - Zartbitter und Vollmilchschokolade\",\"isPartOf\":{\"@id\":\"https:\\\/\\\/www.dolfin.be\\\/de\\\/#website\"},\"primaryImageOfPage\":{\"@id\":\"https:\\\/\\\/www.dolfin.be\\\/de\\\/produkt\\\/18-schokoladen-minitafeln-love\\\/#primaryimage\"},\"image\":{\"@id\":\"https:\\\/\\\/www.dolfin.be\\\/de\\\/produkt\\\/18-schokoladen-minitafeln-love\\\/#primaryimage\"},\"thumbnailUrl\":\"https:\\\/\\\/www.dolfin.be\\\/wp-content\\\/uploads\\\/2024\\\/02\\\/DO2538_top.jpg\",\"datePublished\":\"2019-01-08T09:25:20+00:00\",\"dateModified\":\"2025-06-02T13:48:33+00:00\",\"description\":\"Schick und Gourmet enth\u00fcllt diese H\u00fclle ihre 18 Schokoladenquadrate wie bei einem romantischen ein Kopf an Kopf. Ein echtes Statement!\",\"breadcrumb\":{\"@id\":\"https:\\\/\\\/www.dolfin.be\\\/de\\\/produkt\\\/18-schokoladen-minitafeln-love\\\/#breadcrumb\"},\"inLanguage\":\"de\",\"potentialAction\":[{\"@type\":\"ReadAction\",\"target\":[\"https:\\\/\\\/www.dolfin.be\\\/de\\\/produkt\\\/18-schokoladen-minitafeln-love\\\/\"]}]},{\"@type\":\"ImageObject\",\"inLanguage\":\"de\",\"@id\":\"https:\\\/\\\/www.dolfin.be\\\/de\\\/produkt\\\/18-schokoladen-minitafeln-love\\\/#primaryimage\",\"url\":\"https:\\\/\\\/www.dolfin.be\\\/wp-content\\\/uploads\\\/2024\\\/02\\\/DO2538_top.jpg\",\"contentUrl\":\"https:\\\/\\\/www.dolfin.be\\\/wp-content\\\/uploads\\\/2024\\\/02\\\/DO2538_top.jpg\",\"width\":1001,\"height\":1877},{\"@type\":\"BreadcrumbList\",\"@id\":\"https:\\\/\\\/www.dolfin.be\\\/de\\\/produkt\\\/18-schokoladen-minitafeln-love\\\/#breadcrumb\",\"itemListElement\":[{\"@type\":\"ListItem\",\"position\":1,\"name\":\"Accueil\",\"item\":\"https:\\\/\\\/www.dolfin.be\\\/de\\\/\"},{\"@type\":\"ListItem\",\"position\":2,\"name\":\"Unsere Produkte\",\"item\":\"https:\\\/\\\/www.dolfin.be\\\/de\\\/unsere-produkte\\\/\"},{\"@type\":\"ListItem\",\"position\":3,\"name\":\"18 Schokoladen-Minitafeln &#8220;Love\u201c\"}]},{\"@type\":\"WebSite\",\"@id\":\"https:\\\/\\\/www.dolfin.be\\\/de\\\/#website\",\"url\":\"https:\\\/\\\/www.dolfin.be\\\/de\\\/\",\"name\":\"Dolfin\",\"description\":\"\",\"potentialAction\":[{\"@type\":\"SearchAction\",\"target\":{\"@type\":\"EntryPoint\",\"urlTemplate\":\"https:\\\/\\\/www.dolfin.be\\\/de\\\/?s={search_term_string}\"},\"query-input\":{\"@type\":\"PropertyValueSpecification\",\"valueRequired\":true,\"valueName\":\"search_term_string\"}}],\"inLanguage\":\"de\"}]}<\/script>\n<!-- \/ Yoast SEO plugin. -->","yoast_head_json":{"title":"Dolfin | 18 Schokoladen-Minitafeln \"Love\u201c - Zartbitter und Vollmilchschokolade","description":"Schick und Gourmet enth\u00fcllt diese H\u00fclle ihre 18 Schokoladenquadrate wie bei einem romantischen ein Kopf an Kopf. Ein echtes Statement!","robots":{"index":"index","follow":"follow","max-snippet":"max-snippet:-1","max-image-preview":"max-image-preview:large","max-video-preview":"max-video-preview:-1"},"canonical":"https:\/\/www.dolfin.be\/de\/produkt\/18-schokoladen-minitafeln-love\/","og_locale":"de_DE","og_type":"article","og_title":"Dolfin | 18 Schokoladen-Minitafeln \"Love\u201c - Zartbitter und Vollmilchschokolade","og_description":"Schick und Gourmet enth\u00fcllt diese H\u00fclle ihre 18 Schokoladenquadrate wie bei einem romantischen ein Kopf an Kopf. Ein echtes Statement!","og_url":"https:\/\/www.dolfin.be\/de\/produkt\/18-schokoladen-minitafeln-love\/","og_site_name":"Dolfin","article_modified_time":"2025-06-02T13:48:33+00:00","og_image":[{"width":1001,"height":1877,"url":"https:\/\/www.dolfin.be\/wp-content\/uploads\/2024\/02\/DO2538_top.jpg","type":"image\/jpeg"}],"twitter_card":"summary_large_image","twitter_misc":{"Gesch\u00e4tzte Lesezeit":"1\u00a0Minute"},"schema":{"@context":"https:\/\/schema.org","@graph":[{"@type":"WebPage","@id":"https:\/\/www.dolfin.be\/de\/produkt\/18-schokoladen-minitafeln-love\/","url":"https:\/\/www.dolfin.be\/de\/produkt\/18-schokoladen-minitafeln-love\/","name":"Dolfin | 18 Schokoladen-Minitafeln \"Love\u201c - Zartbitter und Vollmilchschokolade","isPartOf":{"@id":"https:\/\/www.dolfin.be\/de\/#website"},"primaryImageOfPage":{"@id":"https:\/\/www.dolfin.be\/de\/produkt\/18-schokoladen-minitafeln-love\/#primaryimage"},"image":{"@id":"https:\/\/www.dolfin.be\/de\/produkt\/18-schokoladen-minitafeln-love\/#primaryimage"},"thumbnailUrl":"https:\/\/www.dolfin.be\/wp-content\/uploads\/2024\/02\/DO2538_top.jpg","datePublished":"2019-01-08T09:25:20+00:00","dateModified":"2025-06-02T13:48:33+00:00","description":"Schick und Gourmet enth\u00fcllt diese H\u00fclle ihre 18 Schokoladenquadrate wie bei einem romantischen ein Kopf an Kopf. Ein echtes Statement!","breadcrumb":{"@id":"https:\/\/www.dolfin.be\/de\/produkt\/18-schokoladen-minitafeln-love\/#breadcrumb"},"inLanguage":"de","potentialAction":[{"@type":"ReadAction","target":["https:\/\/www.dolfin.be\/de\/produkt\/18-schokoladen-minitafeln-love\/"]}]},{"@type":"ImageObject","inLanguage":"de","@id":"https:\/\/www.dolfin.be\/de\/produkt\/18-schokoladen-minitafeln-love\/#primaryimage","url":"https:\/\/www.dolfin.be\/wp-content\/uploads\/2024\/02\/DO2538_top.jpg","contentUrl":"https:\/\/www.dolfin.be\/wp-content\/uploads\/2024\/02\/DO2538_top.jpg","width":1001,"height":1877},{"@type":"BreadcrumbList","@id":"https:\/\/www.dolfin.be\/de\/produkt\/18-schokoladen-minitafeln-love\/#breadcrumb","itemListElement":[{"@type":"ListItem","position":1,"name":"Accueil","item":"https:\/\/www.dolfin.be\/de\/"},{"@type":"ListItem","position":2,"name":"Unsere Produkte","item":"https:\/\/www.dolfin.be\/de\/unsere-produkte\/"},{"@type":"ListItem","position":3,"name":"18 Schokoladen-Minitafeln &#8220;Love\u201c"}]},{"@type":"WebSite","@id":"https:\/\/www.dolfin.be\/de\/#website","url":"https:\/\/www.dolfin.be\/de\/","name":"Dolfin","description":"","potentialAction":[{"@type":"SearchAction","target":{"@type":"EntryPoint","urlTemplate":"https:\/\/www.dolfin.be\/de\/?s={search_term_string}"},"query-input":{"@type":"PropertyValueSpecification","valueRequired":true,"valueName":"search_term_string"}}],"inLanguage":"de"}]}},"_links":{"self":[{"href":"https:\/\/www.dolfin.be\/de\/wp-json\/wp\/v2\/product\/5755","targetHints":{"allow":["GET"]}}],"collection":[{"href":"https:\/\/www.dolfin.be\/de\/wp-json\/wp\/v2\/product"}],"about":[{"href":"https:\/\/www.dolfin.be\/de\/wp-json\/wp\/v2\/types\/product"}],"wp:featuredmedia":[{"embeddable":true,"href":"https:\/\/www.dolfin.be\/de\/wp-json\/wp\/v2\/media\/4298"}],"wp:attachment":[{"href":"https:\/\/www.dolfin.be\/de\/wp-json\/wp\/v2\/media?parent=5755"}],"wp:term":[{"taxonomy":"product_brand","embeddable":true,"href":"https:\/\/www.dolfin.be\/de\/wp-json\/wp\/v2\/product_brand?post=5755"},{"taxonomy":"product_cat","embeddable":true,"href":"https:\/\/www.dolfin.be\/de\/wp-json\/wp\/v2\/product_cat?post=5755"},{"taxonomy":"product_tag","embeddable":true,"href":"https:\/\/www.dolfin.be\/de\/wp-json\/wp\/v2\/product_tag?post=5755"}],"curies":[{"name":"wp","href":"https:\/\/api.w.org\/{rel}","templated":true}]}}