{"id":5750,"date":"2018-10-03T07:12:43","date_gmt":"2018-10-03T05:12:43","guid":{"rendered":"https:\/\/dolfin.poush-dev.be\/product\/cappuccino-3\/"},"modified":"2025-06-02T15:57:17","modified_gmt":"2025-06-02T13:57:17","slug":"cappuccino","status":"publish","type":"product","link":"https:\/\/www.dolfin.be\/de\/produkt\/cappuccino\/","title":{"rendered":"Cappuccino"},"content":{"rendered":"<p>Allein Cappuccino ist ein Symbol der italienischen Kultur auf der ganzen Welt und erinnert an das wahre Dolce Vita. Hier vereint er den Geschmack eines intensiven Espressos mit der unendlichen S\u00fc\u00dfe einer k\u00f6stlichen Milchschokolade.<\/p>\n<p><strong>Zutaten<\/strong>: Zucker, Kakaopulver (mindestens 32%), Aroma. Eventuelle Spuren von glutenhaltigem Getreide, Eiern, Soja, Milch, N\u00fcssen, Sellerie und Sulfiten.<\/p>\n","protected":false},"excerpt":{"rendered":"<p>Allein Cappuccino ist ein Symbol der italienischen Kultur auf der ganzen Welt und erinnert an das wahre Dolce Vita. Hier vereint er den Geschmack eines intensiven Espressos mit der unendlichen S\u00fc\u00dfe einer k\u00f6stlichen Milchschokolade.<\/p>\n","protected":false},"featured_media":4291,"template":"","meta":{"_acf_changed":false,"_et_pb_use_builder":"","_et_pb_old_content":"","_et_gb_content_width":"","inline_featured_image":false},"product_brand":[],"product_cat":[396],"product_tag":[],"class_list":{"0":"post-5750","1":"product","2":"type-product","3":"status-publish","4":"has-post-thumbnail","6":"product_cat-pulverschokolade","8":"first","9":"instock","10":"purchasable","11":"product-type-simple"},"acf":[],"yoast_head":"<!-- This site is optimized with the Yoast SEO plugin v27.5 - https:\/\/yoast.com\/product\/yoast-seo-wordpress\/ -->\n<title>Dolfin | Kakaopulver mit Cappuccino-Geschmack<\/title>\n<meta name=\"description\" content=\"Allein Cappuccino ist ein Symbol der italienischen Kultur auf der ganzen Welt und erinnert an das wahre Dolce Vita. Jetzt genie\u00dfen!\" \/>\n<meta name=\"robots\" content=\"index, follow, max-snippet:-1, max-image-preview:large, max-video-preview:-1\" \/>\n<link rel=\"canonical\" href=\"https:\/\/www.dolfin.be\/de\/produkt\/cappuccino\/\" \/>\n<meta property=\"og:locale\" content=\"de_DE\" \/>\n<meta property=\"og:type\" content=\"article\" \/>\n<meta property=\"og:title\" content=\"Dolfin | Kakaopulver mit Cappuccino-Geschmack\" \/>\n<meta property=\"og:description\" content=\"Allein Cappuccino ist ein Symbol der italienischen Kultur auf der ganzen Welt und erinnert an das wahre Dolce Vita. Jetzt genie\u00dfen!\" \/>\n<meta property=\"og:url\" content=\"https:\/\/www.dolfin.be\/de\/produkt\/cappuccino\/\" \/>\n<meta property=\"og:site_name\" content=\"Dolfin\" \/>\n<meta property=\"article:modified_time\" content=\"2025-06-02T13:57:17+00:00\" \/>\n<meta property=\"og:image\" content=\"https:\/\/www.dolfin.be\/wp-content\/uploads\/2024\/02\/DO2504_3-4.jpg\" \/>\n\t<meta property=\"og:image:width\" content=\"1001\" \/>\n\t<meta property=\"og:image:height\" content=\"1608\" \/>\n\t<meta property=\"og:image:type\" content=\"image\/jpeg\" \/>\n<meta name=\"twitter:card\" content=\"summary_large_image\" \/>\n<meta name=\"twitter:label1\" content=\"Gesch\u00e4tzte Lesezeit\" \/>\n\t<meta name=\"twitter:data1\" content=\"1\u00a0Minute\" \/>\n<script type=\"application\/ld+json\" class=\"yoast-schema-graph\">{\"@context\":\"https:\\\/\\\/schema.org\",\"@graph\":[{\"@type\":\"WebPage\",\"@id\":\"https:\\\/\\\/www.dolfin.be\\\/de\\\/produkt\\\/cappuccino\\\/\",\"url\":\"https:\\\/\\\/www.dolfin.be\\\/de\\\/produkt\\\/cappuccino\\\/\",\"name\":\"Dolfin | Kakaopulver mit Cappuccino-Geschmack\",\"isPartOf\":{\"@id\":\"https:\\\/\\\/www.dolfin.be\\\/de\\\/#website\"},\"primaryImageOfPage\":{\"@id\":\"https:\\\/\\\/www.dolfin.be\\\/de\\\/produkt\\\/cappuccino\\\/#primaryimage\"},\"image\":{\"@id\":\"https:\\\/\\\/www.dolfin.be\\\/de\\\/produkt\\\/cappuccino\\\/#primaryimage\"},\"thumbnailUrl\":\"https:\\\/\\\/www.dolfin.be\\\/wp-content\\\/uploads\\\/2024\\\/02\\\/DO2504_3-4.jpg\",\"datePublished\":\"2018-10-03T05:12:43+00:00\",\"dateModified\":\"2025-06-02T13:57:17+00:00\",\"description\":\"Allein Cappuccino ist ein Symbol der italienischen Kultur auf der ganzen Welt und erinnert an das wahre Dolce Vita. Jetzt genie\u00dfen!\",\"breadcrumb\":{\"@id\":\"https:\\\/\\\/www.dolfin.be\\\/de\\\/produkt\\\/cappuccino\\\/#breadcrumb\"},\"inLanguage\":\"de\",\"potentialAction\":[{\"@type\":\"ReadAction\",\"target\":[\"https:\\\/\\\/www.dolfin.be\\\/de\\\/produkt\\\/cappuccino\\\/\"]}]},{\"@type\":\"ImageObject\",\"inLanguage\":\"de\",\"@id\":\"https:\\\/\\\/www.dolfin.be\\\/de\\\/produkt\\\/cappuccino\\\/#primaryimage\",\"url\":\"https:\\\/\\\/www.dolfin.be\\\/wp-content\\\/uploads\\\/2024\\\/02\\\/DO2504_3-4.jpg\",\"contentUrl\":\"https:\\\/\\\/www.dolfin.be\\\/wp-content\\\/uploads\\\/2024\\\/02\\\/DO2504_3-4.jpg\",\"width\":1001,\"height\":1608},{\"@type\":\"BreadcrumbList\",\"@id\":\"https:\\\/\\\/www.dolfin.be\\\/de\\\/produkt\\\/cappuccino\\\/#breadcrumb\",\"itemListElement\":[{\"@type\":\"ListItem\",\"position\":1,\"name\":\"Accueil\",\"item\":\"https:\\\/\\\/www.dolfin.be\\\/de\\\/\"},{\"@type\":\"ListItem\",\"position\":2,\"name\":\"Unsere Produkte\",\"item\":\"https:\\\/\\\/www.dolfin.be\\\/de\\\/unsere-produkte\\\/\"},{\"@type\":\"ListItem\",\"position\":3,\"name\":\"Cappuccino\"}]},{\"@type\":\"WebSite\",\"@id\":\"https:\\\/\\\/www.dolfin.be\\\/de\\\/#website\",\"url\":\"https:\\\/\\\/www.dolfin.be\\\/de\\\/\",\"name\":\"Dolfin\",\"description\":\"\",\"potentialAction\":[{\"@type\":\"SearchAction\",\"target\":{\"@type\":\"EntryPoint\",\"urlTemplate\":\"https:\\\/\\\/www.dolfin.be\\\/de\\\/?s={search_term_string}\"},\"query-input\":{\"@type\":\"PropertyValueSpecification\",\"valueRequired\":true,\"valueName\":\"search_term_string\"}}],\"inLanguage\":\"de\"}]}<\/script>\n<!-- \/ Yoast SEO plugin. -->","yoast_head_json":{"title":"Dolfin | Kakaopulver mit Cappuccino-Geschmack","description":"Allein Cappuccino ist ein Symbol der italienischen Kultur auf der ganzen Welt und erinnert an das wahre Dolce Vita. Jetzt genie\u00dfen!","robots":{"index":"index","follow":"follow","max-snippet":"max-snippet:-1","max-image-preview":"max-image-preview:large","max-video-preview":"max-video-preview:-1"},"canonical":"https:\/\/www.dolfin.be\/de\/produkt\/cappuccino\/","og_locale":"de_DE","og_type":"article","og_title":"Dolfin | Kakaopulver mit Cappuccino-Geschmack","og_description":"Allein Cappuccino ist ein Symbol der italienischen Kultur auf der ganzen Welt und erinnert an das wahre Dolce Vita. Jetzt genie\u00dfen!","og_url":"https:\/\/www.dolfin.be\/de\/produkt\/cappuccino\/","og_site_name":"Dolfin","article_modified_time":"2025-06-02T13:57:17+00:00","og_image":[{"width":1001,"height":1608,"url":"https:\/\/www.dolfin.be\/wp-content\/uploads\/2024\/02\/DO2504_3-4.jpg","type":"image\/jpeg"}],"twitter_card":"summary_large_image","twitter_misc":{"Gesch\u00e4tzte Lesezeit":"1\u00a0Minute"},"schema":{"@context":"https:\/\/schema.org","@graph":[{"@type":"WebPage","@id":"https:\/\/www.dolfin.be\/de\/produkt\/cappuccino\/","url":"https:\/\/www.dolfin.be\/de\/produkt\/cappuccino\/","name":"Dolfin | Kakaopulver mit Cappuccino-Geschmack","isPartOf":{"@id":"https:\/\/www.dolfin.be\/de\/#website"},"primaryImageOfPage":{"@id":"https:\/\/www.dolfin.be\/de\/produkt\/cappuccino\/#primaryimage"},"image":{"@id":"https:\/\/www.dolfin.be\/de\/produkt\/cappuccino\/#primaryimage"},"thumbnailUrl":"https:\/\/www.dolfin.be\/wp-content\/uploads\/2024\/02\/DO2504_3-4.jpg","datePublished":"2018-10-03T05:12:43+00:00","dateModified":"2025-06-02T13:57:17+00:00","description":"Allein Cappuccino ist ein Symbol der italienischen Kultur auf der ganzen Welt und erinnert an das wahre Dolce Vita. Jetzt genie\u00dfen!","breadcrumb":{"@id":"https:\/\/www.dolfin.be\/de\/produkt\/cappuccino\/#breadcrumb"},"inLanguage":"de","potentialAction":[{"@type":"ReadAction","target":["https:\/\/www.dolfin.be\/de\/produkt\/cappuccino\/"]}]},{"@type":"ImageObject","inLanguage":"de","@id":"https:\/\/www.dolfin.be\/de\/produkt\/cappuccino\/#primaryimage","url":"https:\/\/www.dolfin.be\/wp-content\/uploads\/2024\/02\/DO2504_3-4.jpg","contentUrl":"https:\/\/www.dolfin.be\/wp-content\/uploads\/2024\/02\/DO2504_3-4.jpg","width":1001,"height":1608},{"@type":"BreadcrumbList","@id":"https:\/\/www.dolfin.be\/de\/produkt\/cappuccino\/#breadcrumb","itemListElement":[{"@type":"ListItem","position":1,"name":"Accueil","item":"https:\/\/www.dolfin.be\/de\/"},{"@type":"ListItem","position":2,"name":"Unsere Produkte","item":"https:\/\/www.dolfin.be\/de\/unsere-produkte\/"},{"@type":"ListItem","position":3,"name":"Cappuccino"}]},{"@type":"WebSite","@id":"https:\/\/www.dolfin.be\/de\/#website","url":"https:\/\/www.dolfin.be\/de\/","name":"Dolfin","description":"","potentialAction":[{"@type":"SearchAction","target":{"@type":"EntryPoint","urlTemplate":"https:\/\/www.dolfin.be\/de\/?s={search_term_string}"},"query-input":{"@type":"PropertyValueSpecification","valueRequired":true,"valueName":"search_term_string"}}],"inLanguage":"de"}]}},"_links":{"self":[{"href":"https:\/\/www.dolfin.be\/de\/wp-json\/wp\/v2\/product\/5750","targetHints":{"allow":["GET"]}}],"collection":[{"href":"https:\/\/www.dolfin.be\/de\/wp-json\/wp\/v2\/product"}],"about":[{"href":"https:\/\/www.dolfin.be\/de\/wp-json\/wp\/v2\/types\/product"}],"wp:featuredmedia":[{"embeddable":true,"href":"https:\/\/www.dolfin.be\/de\/wp-json\/wp\/v2\/media\/4291"}],"wp:attachment":[{"href":"https:\/\/www.dolfin.be\/de\/wp-json\/wp\/v2\/media?parent=5750"}],"wp:term":[{"taxonomy":"product_brand","embeddable":true,"href":"https:\/\/www.dolfin.be\/de\/wp-json\/wp\/v2\/product_brand?post=5750"},{"taxonomy":"product_cat","embeddable":true,"href":"https:\/\/www.dolfin.be\/de\/wp-json\/wp\/v2\/product_cat?post=5750"},{"taxonomy":"product_tag","embeddable":true,"href":"https:\/\/www.dolfin.be\/de\/wp-json\/wp\/v2\/product_tag?post=5750"}],"curies":[{"name":"wp","href":"https:\/\/api.w.org\/{rel}","templated":true}]}}