{"id":5745,"date":"2018-10-03T07:07:13","date_gmt":"2018-10-03T05:07:13","guid":{"rendered":"https:\/\/dolfin.poush-dev.be\/product\/praline-3\/"},"modified":"2025-06-02T15:58:30","modified_gmt":"2025-06-02T13:58:30","slug":"praline","status":"publish","type":"product","link":"https:\/\/www.dolfin.be\/de\/produkt\/praline\/","title":{"rendered":"Pralin\u00e9"},"content":{"rendered":"<p>Eine sehr weiche hei\u00dfe Schokolade mit einem guten nussigen Geschmack. Ein Hauch Praline f\u00fcr die V\u00f6llerei, eine zarte Schokolade f\u00fcr die S\u00fc\u00dfe und vor allem viel Komfort\u2026 Hier ist ein Ultra-Gourmet-Rezept, das alle Herzen erw\u00e4rmt!<\/p>\n<p><strong>Zutaten<\/strong>: Zucker, Kakaopulver (mindestens 32%), Aroma. M\u00f6gliche Spuren von glutenhaltigem Getreide, Eiern, Soja, Milch, N\u00fcssen, Sellerie und Sulfiten.<\/p>\n","protected":false},"excerpt":{"rendered":"<p>Eine sehr weiche hei\u00dfe Schokolade mit einem guten nussigen Geschmack. Ein Hauch Praline f\u00fcr die V\u00f6llerei, eine zarte Schokolade f\u00fcr die S\u00fc\u00dfe und vor allem viel Komfort\u2026 Hier ist ein Ultra-Gourmet-Rezept, das alle Herzen erw\u00e4rmt!<\/p>\n","protected":false},"featured_media":4284,"template":"","meta":{"_acf_changed":false,"_et_pb_use_builder":"","_et_pb_old_content":"","_et_gb_content_width":"","inline_featured_image":false},"product_brand":[],"product_cat":[396],"product_tag":[],"class_list":{"0":"post-5745","1":"product","2":"type-product","3":"status-publish","4":"has-post-thumbnail","6":"product_cat-pulverschokolade","8":"first","9":"instock","10":"purchasable","11":"product-type-simple"},"acf":[],"yoast_head":"<!-- This site is optimized with the Yoast SEO plugin v27.4 - https:\/\/yoast.com\/product\/yoast-seo-wordpress\/ -->\n<title>Dolfin | Schokoladenpulver mit Pralinengeschmack<\/title>\n<meta name=\"description\" content=\"Eine milde hei\u00dfe Schokolade mit einem nussigen Geschmack. Ein Hauch Praline f\u00fcr die V\u00f6llerei, eine zarte Schokolade f\u00fcr S\u00fc\u00dfe und Komfort.\" \/>\n<meta name=\"robots\" content=\"index, follow, max-snippet:-1, max-image-preview:large, max-video-preview:-1\" \/>\n<link rel=\"canonical\" href=\"https:\/\/www.dolfin.be\/de\/produkt\/praline\/\" \/>\n<meta property=\"og:locale\" content=\"de_DE\" \/>\n<meta property=\"og:type\" content=\"article\" \/>\n<meta property=\"og:title\" content=\"Dolfin | Schokoladenpulver mit Pralinengeschmack\" \/>\n<meta property=\"og:description\" content=\"Eine milde hei\u00dfe Schokolade mit einem nussigen Geschmack. Ein Hauch Praline f\u00fcr die V\u00f6llerei, eine zarte Schokolade f\u00fcr S\u00fc\u00dfe und Komfort.\" \/>\n<meta property=\"og:url\" content=\"https:\/\/www.dolfin.be\/de\/produkt\/praline\/\" \/>\n<meta property=\"og:site_name\" content=\"Dolfin\" \/>\n<meta property=\"article:modified_time\" content=\"2025-06-02T13:58:30+00:00\" \/>\n<meta property=\"og:image\" content=\"https:\/\/www.dolfin.be\/wp-content\/uploads\/2024\/02\/DO2503_3-4.jpg\" \/>\n\t<meta property=\"og:image:width\" content=\"1001\" \/>\n\t<meta property=\"og:image:height\" content=\"1608\" \/>\n\t<meta property=\"og:image:type\" content=\"image\/jpeg\" \/>\n<meta name=\"twitter:card\" content=\"summary_large_image\" \/>\n<meta name=\"twitter:label1\" content=\"Gesch\u00e4tzte Lesezeit\" \/>\n\t<meta name=\"twitter:data1\" content=\"1\u00a0Minute\" \/>\n<script type=\"application\/ld+json\" class=\"yoast-schema-graph\">{\"@context\":\"https:\\\/\\\/schema.org\",\"@graph\":[{\"@type\":\"WebPage\",\"@id\":\"https:\\\/\\\/www.dolfin.be\\\/de\\\/produkt\\\/praline\\\/\",\"url\":\"https:\\\/\\\/www.dolfin.be\\\/de\\\/produkt\\\/praline\\\/\",\"name\":\"Dolfin | Schokoladenpulver mit Pralinengeschmack\",\"isPartOf\":{\"@id\":\"https:\\\/\\\/www.dolfin.be\\\/de\\\/#website\"},\"primaryImageOfPage\":{\"@id\":\"https:\\\/\\\/www.dolfin.be\\\/de\\\/produkt\\\/praline\\\/#primaryimage\"},\"image\":{\"@id\":\"https:\\\/\\\/www.dolfin.be\\\/de\\\/produkt\\\/praline\\\/#primaryimage\"},\"thumbnailUrl\":\"https:\\\/\\\/www.dolfin.be\\\/wp-content\\\/uploads\\\/2024\\\/02\\\/DO2503_3-4.jpg\",\"datePublished\":\"2018-10-03T05:07:13+00:00\",\"dateModified\":\"2025-06-02T13:58:30+00:00\",\"description\":\"Eine milde hei\u00dfe Schokolade mit einem nussigen Geschmack. Ein Hauch Praline f\u00fcr die V\u00f6llerei, eine zarte Schokolade f\u00fcr S\u00fc\u00dfe und Komfort.\",\"breadcrumb\":{\"@id\":\"https:\\\/\\\/www.dolfin.be\\\/de\\\/produkt\\\/praline\\\/#breadcrumb\"},\"inLanguage\":\"de\",\"potentialAction\":[{\"@type\":\"ReadAction\",\"target\":[\"https:\\\/\\\/www.dolfin.be\\\/de\\\/produkt\\\/praline\\\/\"]}]},{\"@type\":\"ImageObject\",\"inLanguage\":\"de\",\"@id\":\"https:\\\/\\\/www.dolfin.be\\\/de\\\/produkt\\\/praline\\\/#primaryimage\",\"url\":\"https:\\\/\\\/www.dolfin.be\\\/wp-content\\\/uploads\\\/2024\\\/02\\\/DO2503_3-4.jpg\",\"contentUrl\":\"https:\\\/\\\/www.dolfin.be\\\/wp-content\\\/uploads\\\/2024\\\/02\\\/DO2503_3-4.jpg\",\"width\":1001,\"height\":1608},{\"@type\":\"BreadcrumbList\",\"@id\":\"https:\\\/\\\/www.dolfin.be\\\/de\\\/produkt\\\/praline\\\/#breadcrumb\",\"itemListElement\":[{\"@type\":\"ListItem\",\"position\":1,\"name\":\"Accueil\",\"item\":\"https:\\\/\\\/www.dolfin.be\\\/de\\\/\"},{\"@type\":\"ListItem\",\"position\":2,\"name\":\"Unsere Produkte\",\"item\":\"https:\\\/\\\/www.dolfin.be\\\/de\\\/unsere-produkte\\\/\"},{\"@type\":\"ListItem\",\"position\":3,\"name\":\"Pralin\u00e9\"}]},{\"@type\":\"WebSite\",\"@id\":\"https:\\\/\\\/www.dolfin.be\\\/de\\\/#website\",\"url\":\"https:\\\/\\\/www.dolfin.be\\\/de\\\/\",\"name\":\"Dolfin\",\"description\":\"\",\"potentialAction\":[{\"@type\":\"SearchAction\",\"target\":{\"@type\":\"EntryPoint\",\"urlTemplate\":\"https:\\\/\\\/www.dolfin.be\\\/de\\\/?s={search_term_string}\"},\"query-input\":{\"@type\":\"PropertyValueSpecification\",\"valueRequired\":true,\"valueName\":\"search_term_string\"}}],\"inLanguage\":\"de\"}]}<\/script>\n<!-- \/ Yoast SEO plugin. -->","yoast_head_json":{"title":"Dolfin | Schokoladenpulver mit Pralinengeschmack","description":"Eine milde hei\u00dfe Schokolade mit einem nussigen Geschmack. Ein Hauch Praline f\u00fcr die V\u00f6llerei, eine zarte Schokolade f\u00fcr S\u00fc\u00dfe und Komfort.","robots":{"index":"index","follow":"follow","max-snippet":"max-snippet:-1","max-image-preview":"max-image-preview:large","max-video-preview":"max-video-preview:-1"},"canonical":"https:\/\/www.dolfin.be\/de\/produkt\/praline\/","og_locale":"de_DE","og_type":"article","og_title":"Dolfin | Schokoladenpulver mit Pralinengeschmack","og_description":"Eine milde hei\u00dfe Schokolade mit einem nussigen Geschmack. Ein Hauch Praline f\u00fcr die V\u00f6llerei, eine zarte Schokolade f\u00fcr S\u00fc\u00dfe und Komfort.","og_url":"https:\/\/www.dolfin.be\/de\/produkt\/praline\/","og_site_name":"Dolfin","article_modified_time":"2025-06-02T13:58:30+00:00","og_image":[{"width":1001,"height":1608,"url":"https:\/\/www.dolfin.be\/wp-content\/uploads\/2024\/02\/DO2503_3-4.jpg","type":"image\/jpeg"}],"twitter_card":"summary_large_image","twitter_misc":{"Gesch\u00e4tzte Lesezeit":"1\u00a0Minute"},"schema":{"@context":"https:\/\/schema.org","@graph":[{"@type":"WebPage","@id":"https:\/\/www.dolfin.be\/de\/produkt\/praline\/","url":"https:\/\/www.dolfin.be\/de\/produkt\/praline\/","name":"Dolfin | Schokoladenpulver mit Pralinengeschmack","isPartOf":{"@id":"https:\/\/www.dolfin.be\/de\/#website"},"primaryImageOfPage":{"@id":"https:\/\/www.dolfin.be\/de\/produkt\/praline\/#primaryimage"},"image":{"@id":"https:\/\/www.dolfin.be\/de\/produkt\/praline\/#primaryimage"},"thumbnailUrl":"https:\/\/www.dolfin.be\/wp-content\/uploads\/2024\/02\/DO2503_3-4.jpg","datePublished":"2018-10-03T05:07:13+00:00","dateModified":"2025-06-02T13:58:30+00:00","description":"Eine milde hei\u00dfe Schokolade mit einem nussigen Geschmack. Ein Hauch Praline f\u00fcr die V\u00f6llerei, eine zarte Schokolade f\u00fcr S\u00fc\u00dfe und Komfort.","breadcrumb":{"@id":"https:\/\/www.dolfin.be\/de\/produkt\/praline\/#breadcrumb"},"inLanguage":"de","potentialAction":[{"@type":"ReadAction","target":["https:\/\/www.dolfin.be\/de\/produkt\/praline\/"]}]},{"@type":"ImageObject","inLanguage":"de","@id":"https:\/\/www.dolfin.be\/de\/produkt\/praline\/#primaryimage","url":"https:\/\/www.dolfin.be\/wp-content\/uploads\/2024\/02\/DO2503_3-4.jpg","contentUrl":"https:\/\/www.dolfin.be\/wp-content\/uploads\/2024\/02\/DO2503_3-4.jpg","width":1001,"height":1608},{"@type":"BreadcrumbList","@id":"https:\/\/www.dolfin.be\/de\/produkt\/praline\/#breadcrumb","itemListElement":[{"@type":"ListItem","position":1,"name":"Accueil","item":"https:\/\/www.dolfin.be\/de\/"},{"@type":"ListItem","position":2,"name":"Unsere Produkte","item":"https:\/\/www.dolfin.be\/de\/unsere-produkte\/"},{"@type":"ListItem","position":3,"name":"Pralin\u00e9"}]},{"@type":"WebSite","@id":"https:\/\/www.dolfin.be\/de\/#website","url":"https:\/\/www.dolfin.be\/de\/","name":"Dolfin","description":"","potentialAction":[{"@type":"SearchAction","target":{"@type":"EntryPoint","urlTemplate":"https:\/\/www.dolfin.be\/de\/?s={search_term_string}"},"query-input":{"@type":"PropertyValueSpecification","valueRequired":true,"valueName":"search_term_string"}}],"inLanguage":"de"}]}},"_links":{"self":[{"href":"https:\/\/www.dolfin.be\/de\/wp-json\/wp\/v2\/product\/5745","targetHints":{"allow":["GET"]}}],"collection":[{"href":"https:\/\/www.dolfin.be\/de\/wp-json\/wp\/v2\/product"}],"about":[{"href":"https:\/\/www.dolfin.be\/de\/wp-json\/wp\/v2\/types\/product"}],"wp:featuredmedia":[{"embeddable":true,"href":"https:\/\/www.dolfin.be\/de\/wp-json\/wp\/v2\/media\/4284"}],"wp:attachment":[{"href":"https:\/\/www.dolfin.be\/de\/wp-json\/wp\/v2\/media?parent=5745"}],"wp:term":[{"taxonomy":"product_brand","embeddable":true,"href":"https:\/\/www.dolfin.be\/de\/wp-json\/wp\/v2\/product_brand?post=5745"},{"taxonomy":"product_cat","embeddable":true,"href":"https:\/\/www.dolfin.be\/de\/wp-json\/wp\/v2\/product_cat?post=5745"},{"taxonomy":"product_tag","embeddable":true,"href":"https:\/\/www.dolfin.be\/de\/wp-json\/wp\/v2\/product_tag?post=5745"}],"curies":[{"name":"wp","href":"https:\/\/api.w.org\/{rel}","templated":true}]}}