{"id":5730,"date":"2017-07-24T10:33:40","date_gmt":"2017-07-24T08:33:40","guid":{"rendered":"https:\/\/dolfin.poush-dev.be\/product\/spekulatius\/"},"modified":"2025-06-02T16:16:18","modified_gmt":"2025-06-02T14:16:18","slug":"spekulatius","status":"publish","type":"product","link":"https:\/\/www.dolfin.be\/de\/produkt\/spekulatius\/","title":{"rendered":"Spekulatius"},"content":{"rendered":"<p>Der warme Geschmack von Rohrzucker, Zimt und Gew\u00fcrzen, die an das typische belgische Geb\u00e4ck erinnern, bildet den Kern dieser hei\u00dfen Schokolade mit zarten Karamellnoten.<\/p>\n<p><strong>Zutaten<\/strong>: Zucker, Kakaopulver (32% mindestens), Getreide 6% (Reis, <strong>Vollkorn<\/strong>, Gerste), Zimt 0,8%. M\u00f6gliche Spuren von anderen glutenhaltigen Getreidesorten, Eiern, Soja, Milch, Schalenfr\u00fcchten, Sellerie und Sulfiten.<\/p>\n","protected":false},"excerpt":{"rendered":"<p>Der warme Geschmack von Rohrzucker, Zimt und Gew\u00fcrzen, die an das typische belgische Geb\u00e4ck erinnern, bildet den Kern dieser hei\u00dfen Schokolade mit zarten Karamellnoten.<\/p>\n","protected":false},"featured_media":4257,"template":"","meta":{"_acf_changed":false,"_et_pb_use_builder":"","_et_pb_old_content":"","_et_gb_content_width":"","inline_featured_image":false},"product_brand":[],"product_cat":[396],"product_tag":[],"class_list":{"0":"post-5730","1":"product","2":"type-product","3":"status-publish","4":"has-post-thumbnail","6":"product_cat-pulverschokolade","8":"first","9":"instock","10":"purchasable","11":"product-type-simple"},"acf":[],"yoast_head":"<!-- This site is optimized with the Yoast SEO plugin v27.4 - https:\/\/yoast.com\/product\/yoast-seo-wordpress\/ -->\n<title>Dolfin | Schokoladenpulver mit Spekulatiusgeschmack<\/title>\n<meta name=\"description\" content=\"Die warmen Aromen des typisch belgischen Kekses finden sich im Herzen dieser hei\u00dfen Schokolade mit zart karamellisierten Noten.\" \/>\n<meta name=\"robots\" content=\"index, follow, max-snippet:-1, max-image-preview:large, max-video-preview:-1\" \/>\n<link rel=\"canonical\" href=\"https:\/\/www.dolfin.be\/de\/produkt\/spekulatius\/\" \/>\n<meta property=\"og:locale\" content=\"de_DE\" \/>\n<meta property=\"og:type\" content=\"article\" \/>\n<meta property=\"og:title\" content=\"Dolfin | Schokoladenpulver mit Spekulatiusgeschmack\" \/>\n<meta property=\"og:description\" content=\"Die warmen Aromen des typisch belgischen Kekses finden sich im Herzen dieser hei\u00dfen Schokolade mit zart karamellisierten Noten.\" \/>\n<meta property=\"og:url\" content=\"https:\/\/www.dolfin.be\/de\/produkt\/spekulatius\/\" \/>\n<meta property=\"og:site_name\" content=\"Dolfin\" \/>\n<meta property=\"article:modified_time\" content=\"2025-06-02T14:16:18+00:00\" \/>\n<meta property=\"og:image\" content=\"https:\/\/www.dolfin.be\/wp-content\/uploads\/2024\/02\/DO2491_3-4.jpg\" \/>\n\t<meta property=\"og:image:width\" content=\"1001\" \/>\n\t<meta property=\"og:image:height\" content=\"1608\" \/>\n\t<meta property=\"og:image:type\" content=\"image\/jpeg\" \/>\n<meta name=\"twitter:card\" content=\"summary_large_image\" \/>\n<meta name=\"twitter:label1\" content=\"Gesch\u00e4tzte Lesezeit\" \/>\n\t<meta name=\"twitter:data1\" content=\"1\u00a0Minute\" \/>\n<script type=\"application\/ld+json\" class=\"yoast-schema-graph\">{\"@context\":\"https:\\\/\\\/schema.org\",\"@graph\":[{\"@type\":\"WebPage\",\"@id\":\"https:\\\/\\\/www.dolfin.be\\\/de\\\/produkt\\\/spekulatius\\\/\",\"url\":\"https:\\\/\\\/www.dolfin.be\\\/de\\\/produkt\\\/spekulatius\\\/\",\"name\":\"Dolfin | Schokoladenpulver mit Spekulatiusgeschmack\",\"isPartOf\":{\"@id\":\"https:\\\/\\\/www.dolfin.be\\\/de\\\/#website\"},\"primaryImageOfPage\":{\"@id\":\"https:\\\/\\\/www.dolfin.be\\\/de\\\/produkt\\\/spekulatius\\\/#primaryimage\"},\"image\":{\"@id\":\"https:\\\/\\\/www.dolfin.be\\\/de\\\/produkt\\\/spekulatius\\\/#primaryimage\"},\"thumbnailUrl\":\"https:\\\/\\\/www.dolfin.be\\\/wp-content\\\/uploads\\\/2024\\\/02\\\/DO2491_3-4.jpg\",\"datePublished\":\"2017-07-24T08:33:40+00:00\",\"dateModified\":\"2025-06-02T14:16:18+00:00\",\"description\":\"Die warmen Aromen des typisch belgischen Kekses finden sich im Herzen dieser hei\u00dfen Schokolade mit zart karamellisierten Noten.\",\"breadcrumb\":{\"@id\":\"https:\\\/\\\/www.dolfin.be\\\/de\\\/produkt\\\/spekulatius\\\/#breadcrumb\"},\"inLanguage\":\"de\",\"potentialAction\":[{\"@type\":\"ReadAction\",\"target\":[\"https:\\\/\\\/www.dolfin.be\\\/de\\\/produkt\\\/spekulatius\\\/\"]}]},{\"@type\":\"ImageObject\",\"inLanguage\":\"de\",\"@id\":\"https:\\\/\\\/www.dolfin.be\\\/de\\\/produkt\\\/spekulatius\\\/#primaryimage\",\"url\":\"https:\\\/\\\/www.dolfin.be\\\/wp-content\\\/uploads\\\/2024\\\/02\\\/DO2491_3-4.jpg\",\"contentUrl\":\"https:\\\/\\\/www.dolfin.be\\\/wp-content\\\/uploads\\\/2024\\\/02\\\/DO2491_3-4.jpg\",\"width\":1001,\"height\":1608},{\"@type\":\"BreadcrumbList\",\"@id\":\"https:\\\/\\\/www.dolfin.be\\\/de\\\/produkt\\\/spekulatius\\\/#breadcrumb\",\"itemListElement\":[{\"@type\":\"ListItem\",\"position\":1,\"name\":\"Accueil\",\"item\":\"https:\\\/\\\/www.dolfin.be\\\/de\\\/\"},{\"@type\":\"ListItem\",\"position\":2,\"name\":\"Unsere Produkte\",\"item\":\"https:\\\/\\\/www.dolfin.be\\\/de\\\/unsere-produkte\\\/\"},{\"@type\":\"ListItem\",\"position\":3,\"name\":\"Spekulatius\"}]},{\"@type\":\"WebSite\",\"@id\":\"https:\\\/\\\/www.dolfin.be\\\/de\\\/#website\",\"url\":\"https:\\\/\\\/www.dolfin.be\\\/de\\\/\",\"name\":\"Dolfin\",\"description\":\"\",\"potentialAction\":[{\"@type\":\"SearchAction\",\"target\":{\"@type\":\"EntryPoint\",\"urlTemplate\":\"https:\\\/\\\/www.dolfin.be\\\/de\\\/?s={search_term_string}\"},\"query-input\":{\"@type\":\"PropertyValueSpecification\",\"valueRequired\":true,\"valueName\":\"search_term_string\"}}],\"inLanguage\":\"de\"}]}<\/script>\n<!-- \/ Yoast SEO plugin. -->","yoast_head_json":{"title":"Dolfin | Schokoladenpulver mit Spekulatiusgeschmack","description":"Die warmen Aromen des typisch belgischen Kekses finden sich im Herzen dieser hei\u00dfen Schokolade mit zart karamellisierten Noten.","robots":{"index":"index","follow":"follow","max-snippet":"max-snippet:-1","max-image-preview":"max-image-preview:large","max-video-preview":"max-video-preview:-1"},"canonical":"https:\/\/www.dolfin.be\/de\/produkt\/spekulatius\/","og_locale":"de_DE","og_type":"article","og_title":"Dolfin | Schokoladenpulver mit Spekulatiusgeschmack","og_description":"Die warmen Aromen des typisch belgischen Kekses finden sich im Herzen dieser hei\u00dfen Schokolade mit zart karamellisierten Noten.","og_url":"https:\/\/www.dolfin.be\/de\/produkt\/spekulatius\/","og_site_name":"Dolfin","article_modified_time":"2025-06-02T14:16:18+00:00","og_image":[{"width":1001,"height":1608,"url":"https:\/\/www.dolfin.be\/wp-content\/uploads\/2024\/02\/DO2491_3-4.jpg","type":"image\/jpeg"}],"twitter_card":"summary_large_image","twitter_misc":{"Gesch\u00e4tzte Lesezeit":"1\u00a0Minute"},"schema":{"@context":"https:\/\/schema.org","@graph":[{"@type":"WebPage","@id":"https:\/\/www.dolfin.be\/de\/produkt\/spekulatius\/","url":"https:\/\/www.dolfin.be\/de\/produkt\/spekulatius\/","name":"Dolfin | Schokoladenpulver mit Spekulatiusgeschmack","isPartOf":{"@id":"https:\/\/www.dolfin.be\/de\/#website"},"primaryImageOfPage":{"@id":"https:\/\/www.dolfin.be\/de\/produkt\/spekulatius\/#primaryimage"},"image":{"@id":"https:\/\/www.dolfin.be\/de\/produkt\/spekulatius\/#primaryimage"},"thumbnailUrl":"https:\/\/www.dolfin.be\/wp-content\/uploads\/2024\/02\/DO2491_3-4.jpg","datePublished":"2017-07-24T08:33:40+00:00","dateModified":"2025-06-02T14:16:18+00:00","description":"Die warmen Aromen des typisch belgischen Kekses finden sich im Herzen dieser hei\u00dfen Schokolade mit zart karamellisierten Noten.","breadcrumb":{"@id":"https:\/\/www.dolfin.be\/de\/produkt\/spekulatius\/#breadcrumb"},"inLanguage":"de","potentialAction":[{"@type":"ReadAction","target":["https:\/\/www.dolfin.be\/de\/produkt\/spekulatius\/"]}]},{"@type":"ImageObject","inLanguage":"de","@id":"https:\/\/www.dolfin.be\/de\/produkt\/spekulatius\/#primaryimage","url":"https:\/\/www.dolfin.be\/wp-content\/uploads\/2024\/02\/DO2491_3-4.jpg","contentUrl":"https:\/\/www.dolfin.be\/wp-content\/uploads\/2024\/02\/DO2491_3-4.jpg","width":1001,"height":1608},{"@type":"BreadcrumbList","@id":"https:\/\/www.dolfin.be\/de\/produkt\/spekulatius\/#breadcrumb","itemListElement":[{"@type":"ListItem","position":1,"name":"Accueil","item":"https:\/\/www.dolfin.be\/de\/"},{"@type":"ListItem","position":2,"name":"Unsere Produkte","item":"https:\/\/www.dolfin.be\/de\/unsere-produkte\/"},{"@type":"ListItem","position":3,"name":"Spekulatius"}]},{"@type":"WebSite","@id":"https:\/\/www.dolfin.be\/de\/#website","url":"https:\/\/www.dolfin.be\/de\/","name":"Dolfin","description":"","potentialAction":[{"@type":"SearchAction","target":{"@type":"EntryPoint","urlTemplate":"https:\/\/www.dolfin.be\/de\/?s={search_term_string}"},"query-input":{"@type":"PropertyValueSpecification","valueRequired":true,"valueName":"search_term_string"}}],"inLanguage":"de"}]}},"_links":{"self":[{"href":"https:\/\/www.dolfin.be\/de\/wp-json\/wp\/v2\/product\/5730","targetHints":{"allow":["GET"]}}],"collection":[{"href":"https:\/\/www.dolfin.be\/de\/wp-json\/wp\/v2\/product"}],"about":[{"href":"https:\/\/www.dolfin.be\/de\/wp-json\/wp\/v2\/types\/product"}],"wp:featuredmedia":[{"embeddable":true,"href":"https:\/\/www.dolfin.be\/de\/wp-json\/wp\/v2\/media\/4257"}],"wp:attachment":[{"href":"https:\/\/www.dolfin.be\/de\/wp-json\/wp\/v2\/media?parent=5730"}],"wp:term":[{"taxonomy":"product_brand","embeddable":true,"href":"https:\/\/www.dolfin.be\/de\/wp-json\/wp\/v2\/product_brand?post=5730"},{"taxonomy":"product_cat","embeddable":true,"href":"https:\/\/www.dolfin.be\/de\/wp-json\/wp\/v2\/product_cat?post=5730"},{"taxonomy":"product_tag","embeddable":true,"href":"https:\/\/www.dolfin.be\/de\/wp-json\/wp\/v2\/product_tag?post=5730"}],"curies":[{"name":"wp","href":"https:\/\/api.w.org\/{rel}","templated":true}]}}