{"id":5715,"date":"2024-03-26T14:20:29","date_gmt":"2024-03-26T13:20:29","guid":{"rendered":"https:\/\/dolfin.poush-dev.be\/product\/zartbitterschokolade-mit-bananenstreusel\/"},"modified":"2025-10-22T14:16:44","modified_gmt":"2025-10-22T12:16:44","slug":"zartbitterschokolade-mit-bananenstreusel","status":"publish","type":"product","link":"https:\/\/www.dolfin.be\/de\/produkt\/zartbitterschokolade-mit-bananenstreusel\/","title":{"rendered":"Bananenstreusel"},"content":{"rendered":"<p>Der Versuchung, diese exotisch duftende zarte Mischung zu genie\u00dfen, werden Sie nicht widerstehen k\u00f6nnen. Eine harmonische Verbindung von Zartbitterschokolade, knusprigem Streusel und fruchtigen Noten, zart parf\u00fcmiert mit dem Duft von Bananen. Purer Genuss!<\/p>\n<p><strong>Zutaten <\/strong>: Kakaomasse, Zucker, Shortbread Cookie Crumble 3% (<strong>Weizen<\/strong>mehl, Zucker, Butter (<strong>Milch<\/strong>), Salz), getrocknete Bananen 3% (Bananen, Kokos\u00f6l, Zucker, nat\u00fcrliches Bananenaroma), Kakaobutter, Emulgator: <strong>Soja<\/strong>lecithin, nat\u00fcrliche Aromen. Kakao : 60% mindestens. Kann N\u00fcsse, Eiern und Sesam enthalten.<\/p>\n","protected":false},"excerpt":{"rendered":"<p>Der Versuchung, diese exotisch duftende zarte Mischung zu genie\u00dfen, werden Sie nicht widerstehen k\u00f6nnen. Eine harmonische Verbindung von Zartbitterschokolade, knusprigem Streusel und fruchtigen Noten, zart parf\u00fcmiert mit dem Duft von Bananen. Purer Genuss!<\/p>\n","protected":false},"featured_media":4236,"template":"","meta":{"_acf_changed":false,"_et_pb_use_builder":"","_et_pb_old_content":"","_et_gb_content_width":"","inline_featured_image":false},"product_brand":[],"product_cat":[402,421,533,392],"product_tag":[],"class_list":{"0":"post-5715","1":"product","2":"type-product","3":"status-publish","4":"has-post-thumbnail","6":"product_cat-aktion-orange","7":"product_cat-dolfin-kollektion","8":"product_cat-grosse-tafeln-70g","9":"product_cat-schokoladentafeln","11":"first","12":"instock","13":"purchasable","14":"product-type-simple"},"acf":[],"yoast_head":"<!-- This site is optimized with the Yoast SEO plugin v27.4 - https:\/\/yoast.com\/product\/yoast-seo-wordpress\/ -->\n<title>Dolfin | Zartbitterschokolade mit Bananenstreusel<\/title>\n<meta name=\"description\" content=\"Sie werden dem Drang nicht widerstehen, diese s\u00fc\u00dfe Mischung mit exotischem Duft zu genie\u00dfen, die dunkle Schokolade mit Streuseln und Banane kombiniert.\" \/>\n<meta name=\"robots\" content=\"index, follow, max-snippet:-1, max-image-preview:large, max-video-preview:-1\" \/>\n<link rel=\"canonical\" href=\"https:\/\/www.dolfin.be\/de\/produkt\/zartbitterschokolade-mit-bananenstreusel\/\" \/>\n<meta property=\"og:locale\" content=\"de_DE\" \/>\n<meta property=\"og:type\" content=\"article\" \/>\n<meta property=\"og:title\" content=\"Dolfin | Zartbitterschokolade mit Bananenstreusel\" \/>\n<meta property=\"og:description\" content=\"Sie werden dem Drang nicht widerstehen, diese s\u00fc\u00dfe Mischung mit exotischem Duft zu genie\u00dfen, die dunkle Schokolade mit Streuseln und Banane kombiniert.\" \/>\n<meta property=\"og:url\" content=\"https:\/\/www.dolfin.be\/de\/produkt\/zartbitterschokolade-mit-bananenstreusel\/\" \/>\n<meta property=\"og:site_name\" content=\"Dolfin\" \/>\n<meta property=\"article:modified_time\" content=\"2025-10-22T12:16:44+00:00\" \/>\n<meta property=\"og:image\" content=\"https:\/\/www.dolfin.be\/wp-content\/uploads\/2024\/02\/DO2488_EU_Face.jpg\" \/>\n\t<meta property=\"og:image:width\" content=\"1001\" \/>\n\t<meta property=\"og:image:height\" content=\"1686\" \/>\n\t<meta property=\"og:image:type\" content=\"image\/jpeg\" \/>\n<meta name=\"twitter:card\" content=\"summary_large_image\" \/>\n<meta name=\"twitter:label1\" content=\"Gesch\u00e4tzte Lesezeit\" \/>\n\t<meta name=\"twitter:data1\" content=\"1\u00a0Minute\" \/>\n<script type=\"application\/ld+json\" class=\"yoast-schema-graph\">{\"@context\":\"https:\\\/\\\/schema.org\",\"@graph\":[{\"@type\":\"WebPage\",\"@id\":\"https:\\\/\\\/www.dolfin.be\\\/de\\\/produkt\\\/zartbitterschokolade-mit-bananenstreusel\\\/\",\"url\":\"https:\\\/\\\/www.dolfin.be\\\/de\\\/produkt\\\/zartbitterschokolade-mit-bananenstreusel\\\/\",\"name\":\"Dolfin | Zartbitterschokolade mit Bananenstreusel\",\"isPartOf\":{\"@id\":\"https:\\\/\\\/www.dolfin.be\\\/de\\\/#website\"},\"primaryImageOfPage\":{\"@id\":\"https:\\\/\\\/www.dolfin.be\\\/de\\\/produkt\\\/zartbitterschokolade-mit-bananenstreusel\\\/#primaryimage\"},\"image\":{\"@id\":\"https:\\\/\\\/www.dolfin.be\\\/de\\\/produkt\\\/zartbitterschokolade-mit-bananenstreusel\\\/#primaryimage\"},\"thumbnailUrl\":\"https:\\\/\\\/www.dolfin.be\\\/wp-content\\\/uploads\\\/2024\\\/02\\\/DO2488_EU_Face.jpg\",\"datePublished\":\"2024-03-26T13:20:29+00:00\",\"dateModified\":\"2025-10-22T12:16:44+00:00\",\"description\":\"Sie werden dem Drang nicht widerstehen, diese s\u00fc\u00dfe Mischung mit exotischem Duft zu genie\u00dfen, die dunkle Schokolade mit Streuseln und Banane kombiniert.\",\"breadcrumb\":{\"@id\":\"https:\\\/\\\/www.dolfin.be\\\/de\\\/produkt\\\/zartbitterschokolade-mit-bananenstreusel\\\/#breadcrumb\"},\"inLanguage\":\"de\",\"potentialAction\":[{\"@type\":\"ReadAction\",\"target\":[\"https:\\\/\\\/www.dolfin.be\\\/de\\\/produkt\\\/zartbitterschokolade-mit-bananenstreusel\\\/\"]}]},{\"@type\":\"ImageObject\",\"inLanguage\":\"de\",\"@id\":\"https:\\\/\\\/www.dolfin.be\\\/de\\\/produkt\\\/zartbitterschokolade-mit-bananenstreusel\\\/#primaryimage\",\"url\":\"https:\\\/\\\/www.dolfin.be\\\/wp-content\\\/uploads\\\/2024\\\/02\\\/DO2488_EU_Face.jpg\",\"contentUrl\":\"https:\\\/\\\/www.dolfin.be\\\/wp-content\\\/uploads\\\/2024\\\/02\\\/DO2488_EU_Face.jpg\",\"width\":1001,\"height\":1686},{\"@type\":\"BreadcrumbList\",\"@id\":\"https:\\\/\\\/www.dolfin.be\\\/de\\\/produkt\\\/zartbitterschokolade-mit-bananenstreusel\\\/#breadcrumb\",\"itemListElement\":[{\"@type\":\"ListItem\",\"position\":1,\"name\":\"Accueil\",\"item\":\"https:\\\/\\\/www.dolfin.be\\\/de\\\/\"},{\"@type\":\"ListItem\",\"position\":2,\"name\":\"Unsere Produkte\",\"item\":\"https:\\\/\\\/www.dolfin.be\\\/de\\\/unsere-produkte\\\/\"},{\"@type\":\"ListItem\",\"position\":3,\"name\":\"Bananenstreusel\"}]},{\"@type\":\"WebSite\",\"@id\":\"https:\\\/\\\/www.dolfin.be\\\/de\\\/#website\",\"url\":\"https:\\\/\\\/www.dolfin.be\\\/de\\\/\",\"name\":\"Dolfin\",\"description\":\"\",\"potentialAction\":[{\"@type\":\"SearchAction\",\"target\":{\"@type\":\"EntryPoint\",\"urlTemplate\":\"https:\\\/\\\/www.dolfin.be\\\/de\\\/?s={search_term_string}\"},\"query-input\":{\"@type\":\"PropertyValueSpecification\",\"valueRequired\":true,\"valueName\":\"search_term_string\"}}],\"inLanguage\":\"de\"}]}<\/script>\n<!-- \/ Yoast SEO plugin. -->","yoast_head_json":{"title":"Dolfin | Zartbitterschokolade mit Bananenstreusel","description":"Sie werden dem Drang nicht widerstehen, diese s\u00fc\u00dfe Mischung mit exotischem Duft zu genie\u00dfen, die dunkle Schokolade mit Streuseln und Banane kombiniert.","robots":{"index":"index","follow":"follow","max-snippet":"max-snippet:-1","max-image-preview":"max-image-preview:large","max-video-preview":"max-video-preview:-1"},"canonical":"https:\/\/www.dolfin.be\/de\/produkt\/zartbitterschokolade-mit-bananenstreusel\/","og_locale":"de_DE","og_type":"article","og_title":"Dolfin | Zartbitterschokolade mit Bananenstreusel","og_description":"Sie werden dem Drang nicht widerstehen, diese s\u00fc\u00dfe Mischung mit exotischem Duft zu genie\u00dfen, die dunkle Schokolade mit Streuseln und Banane kombiniert.","og_url":"https:\/\/www.dolfin.be\/de\/produkt\/zartbitterschokolade-mit-bananenstreusel\/","og_site_name":"Dolfin","article_modified_time":"2025-10-22T12:16:44+00:00","og_image":[{"width":1001,"height":1686,"url":"https:\/\/www.dolfin.be\/wp-content\/uploads\/2024\/02\/DO2488_EU_Face.jpg","type":"image\/jpeg"}],"twitter_card":"summary_large_image","twitter_misc":{"Gesch\u00e4tzte Lesezeit":"1\u00a0Minute"},"schema":{"@context":"https:\/\/schema.org","@graph":[{"@type":"WebPage","@id":"https:\/\/www.dolfin.be\/de\/produkt\/zartbitterschokolade-mit-bananenstreusel\/","url":"https:\/\/www.dolfin.be\/de\/produkt\/zartbitterschokolade-mit-bananenstreusel\/","name":"Dolfin | Zartbitterschokolade mit Bananenstreusel","isPartOf":{"@id":"https:\/\/www.dolfin.be\/de\/#website"},"primaryImageOfPage":{"@id":"https:\/\/www.dolfin.be\/de\/produkt\/zartbitterschokolade-mit-bananenstreusel\/#primaryimage"},"image":{"@id":"https:\/\/www.dolfin.be\/de\/produkt\/zartbitterschokolade-mit-bananenstreusel\/#primaryimage"},"thumbnailUrl":"https:\/\/www.dolfin.be\/wp-content\/uploads\/2024\/02\/DO2488_EU_Face.jpg","datePublished":"2024-03-26T13:20:29+00:00","dateModified":"2025-10-22T12:16:44+00:00","description":"Sie werden dem Drang nicht widerstehen, diese s\u00fc\u00dfe Mischung mit exotischem Duft zu genie\u00dfen, die dunkle Schokolade mit Streuseln und Banane kombiniert.","breadcrumb":{"@id":"https:\/\/www.dolfin.be\/de\/produkt\/zartbitterschokolade-mit-bananenstreusel\/#breadcrumb"},"inLanguage":"de","potentialAction":[{"@type":"ReadAction","target":["https:\/\/www.dolfin.be\/de\/produkt\/zartbitterschokolade-mit-bananenstreusel\/"]}]},{"@type":"ImageObject","inLanguage":"de","@id":"https:\/\/www.dolfin.be\/de\/produkt\/zartbitterschokolade-mit-bananenstreusel\/#primaryimage","url":"https:\/\/www.dolfin.be\/wp-content\/uploads\/2024\/02\/DO2488_EU_Face.jpg","contentUrl":"https:\/\/www.dolfin.be\/wp-content\/uploads\/2024\/02\/DO2488_EU_Face.jpg","width":1001,"height":1686},{"@type":"BreadcrumbList","@id":"https:\/\/www.dolfin.be\/de\/produkt\/zartbitterschokolade-mit-bananenstreusel\/#breadcrumb","itemListElement":[{"@type":"ListItem","position":1,"name":"Accueil","item":"https:\/\/www.dolfin.be\/de\/"},{"@type":"ListItem","position":2,"name":"Unsere Produkte","item":"https:\/\/www.dolfin.be\/de\/unsere-produkte\/"},{"@type":"ListItem","position":3,"name":"Bananenstreusel"}]},{"@type":"WebSite","@id":"https:\/\/www.dolfin.be\/de\/#website","url":"https:\/\/www.dolfin.be\/de\/","name":"Dolfin","description":"","potentialAction":[{"@type":"SearchAction","target":{"@type":"EntryPoint","urlTemplate":"https:\/\/www.dolfin.be\/de\/?s={search_term_string}"},"query-input":{"@type":"PropertyValueSpecification","valueRequired":true,"valueName":"search_term_string"}}],"inLanguage":"de"}]}},"_links":{"self":[{"href":"https:\/\/www.dolfin.be\/de\/wp-json\/wp\/v2\/product\/5715","targetHints":{"allow":["GET"]}}],"collection":[{"href":"https:\/\/www.dolfin.be\/de\/wp-json\/wp\/v2\/product"}],"about":[{"href":"https:\/\/www.dolfin.be\/de\/wp-json\/wp\/v2\/types\/product"}],"wp:featuredmedia":[{"embeddable":true,"href":"https:\/\/www.dolfin.be\/de\/wp-json\/wp\/v2\/media\/4236"}],"wp:attachment":[{"href":"https:\/\/www.dolfin.be\/de\/wp-json\/wp\/v2\/media?parent=5715"}],"wp:term":[{"taxonomy":"product_brand","embeddable":true,"href":"https:\/\/www.dolfin.be\/de\/wp-json\/wp\/v2\/product_brand?post=5715"},{"taxonomy":"product_cat","embeddable":true,"href":"https:\/\/www.dolfin.be\/de\/wp-json\/wp\/v2\/product_cat?post=5715"},{"taxonomy":"product_tag","embeddable":true,"href":"https:\/\/www.dolfin.be\/de\/wp-json\/wp\/v2\/product_tag?post=5715"}],"curies":[{"name":"wp","href":"https:\/\/api.w.org\/{rel}","templated":true}]}}