{"id":5700,"date":"2017-01-20T10:44:25","date_gmt":"2017-01-20T09:44:25","guid":{"rendered":"https:\/\/dolfin.poush-dev.be\/product\/schachtel-mit-6-sus-salz-tabletten\/"},"modified":"2025-06-02T16:20:06","modified_gmt":"2025-06-02T14:20:06","slug":"schachtel-mit-6-sus-salz-tabletten","status":"publish","type":"product","link":"https:\/\/www.dolfin.be\/de\/produkt\/schachtel-mit-6-sus-salz-tabletten\/","title":{"rendered":"Schachtel mit 6 &#8220;S\u00fc\u00df-Salz&#8221;-Tabletten"},"content":{"rendered":"<p>Eine Box, die 6 Gourmet-Tabletten aus Dolfins &#8220;S\u00fc\u00df-Salz&#8221;-Kollektion vereint und Sie auf einen Schlag aus dem Alltag entf\u00fchrt &#8230;<\/p>\n<p><strong>Zutaten <\/strong>: Zucker, Kakaomasse, Kakaobutter, Voll<strong>milch<\/strong>pulver, Shortbread Cookie 5% (<strong>Weizen<\/strong>mehl, Zucker, Butter (<strong>Milch<\/strong>), Salz), ger\u00f6stete <strong>Mandeln <\/strong>5%, Petit Beurre 4,5% (<strong>Weizen<\/strong>mehl, Butter (<strong>Milch<\/strong>), Zucker, Mager<strong>milch<\/strong>pulver, Salz, Backpulver (Natriums\u00e4urepyrophosphat und -carbonat), ger\u00f6stete <strong>Pistazien <\/strong>4%, gesalzenes Butterkaramell 4% (Zucker, Glukosesirup, Voll<strong>milch<\/strong>pulver, Sahne (<strong>Milch<\/strong>), gesalzene Butter (<strong>Milch<\/strong>)), Kakaonibs 4%, Emulgator: <strong>Soja<\/strong>lecithin, rosa Himalaya-Salz 0,2%, rosa Andensalz 0,2%, Guerande-Salz 0,2%, persisches Blausalz 0,2%, Spiegelsalz 0,2%, hawaiianisches Schwarzsalz 0,2%, nat\u00fcrliche Vanille Geschmack. Kakao : 37% und 60% mindestens. Kann Spuren von anderen N\u00fcssen, Sesam und Eier enthalten.<\/p>\n","protected":false},"excerpt":{"rendered":"<p>Eine Box, die 6 Gourmet-Tabletten aus Dolfins &#8220;S\u00fc\u00df-Salz&#8221;-Kollektion vereint und Sie auf einen Schlag aus dem Alltag entf\u00fchrt &#8230;<\/p>\n","protected":false},"featured_media":4209,"template":"","meta":{"_acf_changed":false,"_et_pb_use_builder":"","_et_pb_old_content":"","_et_gb_content_width":"","inline_featured_image":false},"product_brand":[],"product_cat":[409,533,518,403,405,392],"product_tag":[],"class_list":{"0":"post-5700","1":"product","2":"type-product","3":"status-publish","4":"has-post-thumbnail","6":"product_cat-geschenkbox","7":"product_cat-grosse-tafeln-70g","8":"product_cat-schokoladenquadrate-geschenk","9":"product_cat-boxen-und-etuis","10":"product_cat-suesse-salzige","11":"product_cat-schokoladentafeln","13":"first","14":"instock","15":"purchasable","16":"product-type-simple"},"acf":[],"yoast_head":"<!-- This site is optimized with the Yoast SEO plugin v27.3 - https:\/\/yoast.com\/product\/yoast-seo-wordpress\/ -->\n<title>Dolfin | Schachtel mit 6 &quot;S\u00fc\u00df-Salz&quot;-Tabletten - Made in Belgium<\/title>\n<meta name=\"description\" content=\"Eine Box, die 6 Gourmet-Tabletten aus Dolfins &quot;S\u00fc\u00df-Salz&quot;-Kollektion vereint und Sie auf einen Schlag aus dem Alltag entf\u00fchrt ...\" \/>\n<meta name=\"robots\" content=\"index, follow, max-snippet:-1, max-image-preview:large, max-video-preview:-1\" \/>\n<link rel=\"canonical\" href=\"https:\/\/www.dolfin.be\/de\/produkt\/schachtel-mit-6-sus-salz-tabletten\/\" \/>\n<meta property=\"og:locale\" content=\"de_DE\" \/>\n<meta property=\"og:type\" content=\"article\" \/>\n<meta property=\"og:title\" content=\"Dolfin | Schachtel mit 6 &quot;S\u00fc\u00df-Salz&quot;-Tabletten - Made in Belgium\" \/>\n<meta property=\"og:description\" content=\"Eine Box, die 6 Gourmet-Tabletten aus Dolfins &quot;S\u00fc\u00df-Salz&quot;-Kollektion vereint und Sie auf einen Schlag aus dem Alltag entf\u00fchrt ...\" \/>\n<meta property=\"og:url\" content=\"https:\/\/www.dolfin.be\/de\/produkt\/schachtel-mit-6-sus-salz-tabletten\/\" \/>\n<meta property=\"og:site_name\" content=\"Dolfin\" \/>\n<meta property=\"article:modified_time\" content=\"2025-06-02T14:20:06+00:00\" \/>\n<meta property=\"og:image\" content=\"https:\/\/www.dolfin.be\/wp-content\/uploads\/2024\/02\/DO2483_top.jpg\" \/>\n\t<meta property=\"og:image:width\" content=\"1001\" \/>\n\t<meta property=\"og:image:height\" content=\"722\" \/>\n\t<meta property=\"og:image:type\" content=\"image\/jpeg\" \/>\n<meta name=\"twitter:card\" content=\"summary_large_image\" \/>\n<meta name=\"twitter:label1\" content=\"Gesch\u00e4tzte Lesezeit\" \/>\n\t<meta name=\"twitter:data1\" content=\"1\u00a0Minute\" \/>\n<script type=\"application\/ld+json\" class=\"yoast-schema-graph\">{\"@context\":\"https:\\\/\\\/schema.org\",\"@graph\":[{\"@type\":\"WebPage\",\"@id\":\"https:\\\/\\\/www.dolfin.be\\\/de\\\/produkt\\\/schachtel-mit-6-sus-salz-tabletten\\\/\",\"url\":\"https:\\\/\\\/www.dolfin.be\\\/de\\\/produkt\\\/schachtel-mit-6-sus-salz-tabletten\\\/\",\"name\":\"Dolfin | Schachtel mit 6 \\\"S\u00fc\u00df-Salz\\\"-Tabletten - Made in Belgium\",\"isPartOf\":{\"@id\":\"https:\\\/\\\/www.dolfin.be\\\/de\\\/#website\"},\"primaryImageOfPage\":{\"@id\":\"https:\\\/\\\/www.dolfin.be\\\/de\\\/produkt\\\/schachtel-mit-6-sus-salz-tabletten\\\/#primaryimage\"},\"image\":{\"@id\":\"https:\\\/\\\/www.dolfin.be\\\/de\\\/produkt\\\/schachtel-mit-6-sus-salz-tabletten\\\/#primaryimage\"},\"thumbnailUrl\":\"https:\\\/\\\/www.dolfin.be\\\/wp-content\\\/uploads\\\/2024\\\/02\\\/DO2483_top.jpg\",\"datePublished\":\"2017-01-20T09:44:25+00:00\",\"dateModified\":\"2025-06-02T14:20:06+00:00\",\"description\":\"Eine Box, die 6 Gourmet-Tabletten aus Dolfins \\\"S\u00fc\u00df-Salz\\\"-Kollektion vereint und Sie auf einen Schlag aus dem Alltag entf\u00fchrt ...\",\"breadcrumb\":{\"@id\":\"https:\\\/\\\/www.dolfin.be\\\/de\\\/produkt\\\/schachtel-mit-6-sus-salz-tabletten\\\/#breadcrumb\"},\"inLanguage\":\"de\",\"potentialAction\":[{\"@type\":\"ReadAction\",\"target\":[\"https:\\\/\\\/www.dolfin.be\\\/de\\\/produkt\\\/schachtel-mit-6-sus-salz-tabletten\\\/\"]}]},{\"@type\":\"ImageObject\",\"inLanguage\":\"de\",\"@id\":\"https:\\\/\\\/www.dolfin.be\\\/de\\\/produkt\\\/schachtel-mit-6-sus-salz-tabletten\\\/#primaryimage\",\"url\":\"https:\\\/\\\/www.dolfin.be\\\/wp-content\\\/uploads\\\/2024\\\/02\\\/DO2483_top.jpg\",\"contentUrl\":\"https:\\\/\\\/www.dolfin.be\\\/wp-content\\\/uploads\\\/2024\\\/02\\\/DO2483_top.jpg\",\"width\":1001,\"height\":722},{\"@type\":\"BreadcrumbList\",\"@id\":\"https:\\\/\\\/www.dolfin.be\\\/de\\\/produkt\\\/schachtel-mit-6-sus-salz-tabletten\\\/#breadcrumb\",\"itemListElement\":[{\"@type\":\"ListItem\",\"position\":1,\"name\":\"Accueil\",\"item\":\"https:\\\/\\\/www.dolfin.be\\\/de\\\/\"},{\"@type\":\"ListItem\",\"position\":2,\"name\":\"Unsere Produkte\",\"item\":\"https:\\\/\\\/www.dolfin.be\\\/de\\\/unsere-produkte\\\/\"},{\"@type\":\"ListItem\",\"position\":3,\"name\":\"Schachtel mit 6 &#8220;S\u00fc\u00df-Salz&#8221;-Tabletten\"}]},{\"@type\":\"WebSite\",\"@id\":\"https:\\\/\\\/www.dolfin.be\\\/de\\\/#website\",\"url\":\"https:\\\/\\\/www.dolfin.be\\\/de\\\/\",\"name\":\"Dolfin\",\"description\":\"\",\"potentialAction\":[{\"@type\":\"SearchAction\",\"target\":{\"@type\":\"EntryPoint\",\"urlTemplate\":\"https:\\\/\\\/www.dolfin.be\\\/de\\\/?s={search_term_string}\"},\"query-input\":{\"@type\":\"PropertyValueSpecification\",\"valueRequired\":true,\"valueName\":\"search_term_string\"}}],\"inLanguage\":\"de\"}]}<\/script>\n<!-- \/ Yoast SEO plugin. -->","yoast_head_json":{"title":"Dolfin | Schachtel mit 6 \"S\u00fc\u00df-Salz\"-Tabletten - Made in Belgium","description":"Eine Box, die 6 Gourmet-Tabletten aus Dolfins \"S\u00fc\u00df-Salz\"-Kollektion vereint und Sie auf einen Schlag aus dem Alltag entf\u00fchrt ...","robots":{"index":"index","follow":"follow","max-snippet":"max-snippet:-1","max-image-preview":"max-image-preview:large","max-video-preview":"max-video-preview:-1"},"canonical":"https:\/\/www.dolfin.be\/de\/produkt\/schachtel-mit-6-sus-salz-tabletten\/","og_locale":"de_DE","og_type":"article","og_title":"Dolfin | Schachtel mit 6 \"S\u00fc\u00df-Salz\"-Tabletten - Made in Belgium","og_description":"Eine Box, die 6 Gourmet-Tabletten aus Dolfins \"S\u00fc\u00df-Salz\"-Kollektion vereint und Sie auf einen Schlag aus dem Alltag entf\u00fchrt ...","og_url":"https:\/\/www.dolfin.be\/de\/produkt\/schachtel-mit-6-sus-salz-tabletten\/","og_site_name":"Dolfin","article_modified_time":"2025-06-02T14:20:06+00:00","og_image":[{"width":1001,"height":722,"url":"https:\/\/www.dolfin.be\/wp-content\/uploads\/2024\/02\/DO2483_top.jpg","type":"image\/jpeg"}],"twitter_card":"summary_large_image","twitter_misc":{"Gesch\u00e4tzte Lesezeit":"1\u00a0Minute"},"schema":{"@context":"https:\/\/schema.org","@graph":[{"@type":"WebPage","@id":"https:\/\/www.dolfin.be\/de\/produkt\/schachtel-mit-6-sus-salz-tabletten\/","url":"https:\/\/www.dolfin.be\/de\/produkt\/schachtel-mit-6-sus-salz-tabletten\/","name":"Dolfin | Schachtel mit 6 \"S\u00fc\u00df-Salz\"-Tabletten - Made in Belgium","isPartOf":{"@id":"https:\/\/www.dolfin.be\/de\/#website"},"primaryImageOfPage":{"@id":"https:\/\/www.dolfin.be\/de\/produkt\/schachtel-mit-6-sus-salz-tabletten\/#primaryimage"},"image":{"@id":"https:\/\/www.dolfin.be\/de\/produkt\/schachtel-mit-6-sus-salz-tabletten\/#primaryimage"},"thumbnailUrl":"https:\/\/www.dolfin.be\/wp-content\/uploads\/2024\/02\/DO2483_top.jpg","datePublished":"2017-01-20T09:44:25+00:00","dateModified":"2025-06-02T14:20:06+00:00","description":"Eine Box, die 6 Gourmet-Tabletten aus Dolfins \"S\u00fc\u00df-Salz\"-Kollektion vereint und Sie auf einen Schlag aus dem Alltag entf\u00fchrt ...","breadcrumb":{"@id":"https:\/\/www.dolfin.be\/de\/produkt\/schachtel-mit-6-sus-salz-tabletten\/#breadcrumb"},"inLanguage":"de","potentialAction":[{"@type":"ReadAction","target":["https:\/\/www.dolfin.be\/de\/produkt\/schachtel-mit-6-sus-salz-tabletten\/"]}]},{"@type":"ImageObject","inLanguage":"de","@id":"https:\/\/www.dolfin.be\/de\/produkt\/schachtel-mit-6-sus-salz-tabletten\/#primaryimage","url":"https:\/\/www.dolfin.be\/wp-content\/uploads\/2024\/02\/DO2483_top.jpg","contentUrl":"https:\/\/www.dolfin.be\/wp-content\/uploads\/2024\/02\/DO2483_top.jpg","width":1001,"height":722},{"@type":"BreadcrumbList","@id":"https:\/\/www.dolfin.be\/de\/produkt\/schachtel-mit-6-sus-salz-tabletten\/#breadcrumb","itemListElement":[{"@type":"ListItem","position":1,"name":"Accueil","item":"https:\/\/www.dolfin.be\/de\/"},{"@type":"ListItem","position":2,"name":"Unsere Produkte","item":"https:\/\/www.dolfin.be\/de\/unsere-produkte\/"},{"@type":"ListItem","position":3,"name":"Schachtel mit 6 &#8220;S\u00fc\u00df-Salz&#8221;-Tabletten"}]},{"@type":"WebSite","@id":"https:\/\/www.dolfin.be\/de\/#website","url":"https:\/\/www.dolfin.be\/de\/","name":"Dolfin","description":"","potentialAction":[{"@type":"SearchAction","target":{"@type":"EntryPoint","urlTemplate":"https:\/\/www.dolfin.be\/de\/?s={search_term_string}"},"query-input":{"@type":"PropertyValueSpecification","valueRequired":true,"valueName":"search_term_string"}}],"inLanguage":"de"}]}},"_links":{"self":[{"href":"https:\/\/www.dolfin.be\/de\/wp-json\/wp\/v2\/product\/5700","targetHints":{"allow":["GET"]}}],"collection":[{"href":"https:\/\/www.dolfin.be\/de\/wp-json\/wp\/v2\/product"}],"about":[{"href":"https:\/\/www.dolfin.be\/de\/wp-json\/wp\/v2\/types\/product"}],"wp:featuredmedia":[{"embeddable":true,"href":"https:\/\/www.dolfin.be\/de\/wp-json\/wp\/v2\/media\/4209"}],"wp:attachment":[{"href":"https:\/\/www.dolfin.be\/de\/wp-json\/wp\/v2\/media?parent=5700"}],"wp:term":[{"taxonomy":"product_brand","embeddable":true,"href":"https:\/\/www.dolfin.be\/de\/wp-json\/wp\/v2\/product_brand?post=5700"},{"taxonomy":"product_cat","embeddable":true,"href":"https:\/\/www.dolfin.be\/de\/wp-json\/wp\/v2\/product_cat?post=5700"},{"taxonomy":"product_tag","embeddable":true,"href":"https:\/\/www.dolfin.be\/de\/wp-json\/wp\/v2\/product_tag?post=5700"}],"curies":[{"name":"wp","href":"https:\/\/api.w.org\/{rel}","templated":true}]}}