{"id":5691,"date":"2016-12-26T12:27:32","date_gmt":"2016-12-26T11:27:32","guid":{"rendered":"https:\/\/dolfin.poush-dev.be\/product\/55-kakao\/"},"modified":"2025-06-02T16:21:02","modified_gmt":"2025-06-02T14:21:02","slug":"55-kakao","status":"publish","type":"product","link":"https:\/\/www.dolfin.be\/de\/produkt\/55-kakao\/","title":{"rendered":"55% Kakao"},"content":{"rendered":"<p>Mit diesem Kakaopulver mit einem Kakaogehalt von mindestens 55% lassen sich herrlich intensive und cremige hei\u00dfe Schokoladen zubereiten. Der leicht bittere Geschmack der Zartbitterschokolade verleiht den Getr\u00e4nken die von Liebhabern dunkler Schokolade so gesch\u00e4tzte zartbittere Note.<\/p>\n<p><strong>Zutaten<\/strong>: Kakaopulver (55% mindestens), Zucker, Vanilleextrakt. Eventuelle Spuren von glutenhaltigem Getreide, Eiern, Soja, Milch, N\u00fcssen, Sellerie und Sulfiten.<\/p>\n","protected":false},"excerpt":{"rendered":"<p>Mit diesem Kakaopulver mit einem Kakaogehalt von mindestens 55% lassen sich herrlich intensive und cremige hei\u00dfe Schokoladen zubereiten. Der leicht bittere Geschmack der Zartbitterschokolade verleiht den Getr\u00e4nken die von Liebhabern dunkler Schokolade so gesch\u00e4tzte zartbittere Note.<\/p>\n","protected":false},"featured_media":4199,"template":"","meta":{"_acf_changed":false,"_et_pb_use_builder":"","_et_pb_old_content":"","_et_gb_content_width":"","inline_featured_image":false},"product_brand":[],"product_cat":[396],"product_tag":[],"class_list":{"0":"post-5691","1":"product","2":"type-product","3":"status-publish","4":"has-post-thumbnail","6":"product_cat-pulverschokolade","8":"first","9":"instock","10":"purchasable","11":"product-type-simple"},"acf":[],"yoast_head":"<!-- This site is optimized with the Yoast SEO plugin v27.3 - https:\/\/yoast.com\/product\/yoast-seo-wordpress\/ -->\n<title>Dolfin | Schokoladenpulver 55% kakao<\/title>\n<meta name=\"description\" content=\"Die Gro\u00dfz\u00fcgigkeit und Geschmeidigkeit dieser Schokolade wird Ihnen das ganze Jahr \u00fcber Weichheit und Komfort bringen. Ohne M\u00e4\u00dfigung zu genie\u00dfen \u2026\" \/>\n<meta name=\"robots\" content=\"index, follow, max-snippet:-1, max-image-preview:large, max-video-preview:-1\" \/>\n<link rel=\"canonical\" href=\"https:\/\/www.dolfin.be\/de\/produkt\/55-kakao\/\" \/>\n<meta property=\"og:locale\" content=\"de_DE\" \/>\n<meta property=\"og:type\" content=\"article\" \/>\n<meta property=\"og:title\" content=\"Dolfin | Schokoladenpulver 55% kakao\" \/>\n<meta property=\"og:description\" content=\"Die Gro\u00dfz\u00fcgigkeit und Geschmeidigkeit dieser Schokolade wird Ihnen das ganze Jahr \u00fcber Weichheit und Komfort bringen. Ohne M\u00e4\u00dfigung zu genie\u00dfen \u2026\" \/>\n<meta property=\"og:url\" content=\"https:\/\/www.dolfin.be\/de\/produkt\/55-kakao\/\" \/>\n<meta property=\"og:site_name\" content=\"Dolfin\" \/>\n<meta property=\"article:modified_time\" content=\"2025-06-02T14:21:02+00:00\" \/>\n<meta property=\"og:image\" content=\"https:\/\/www.dolfin.be\/wp-content\/uploads\/2024\/02\/DO2481_3-4.jpg\" \/>\n\t<meta property=\"og:image:width\" content=\"1001\" \/>\n\t<meta property=\"og:image:height\" content=\"1608\" \/>\n\t<meta property=\"og:image:type\" content=\"image\/jpeg\" \/>\n<meta name=\"twitter:card\" content=\"summary_large_image\" \/>\n<meta name=\"twitter:label1\" content=\"Gesch\u00e4tzte Lesezeit\" \/>\n\t<meta name=\"twitter:data1\" content=\"1\u00a0Minute\" \/>\n<script type=\"application\/ld+json\" class=\"yoast-schema-graph\">{\"@context\":\"https:\\\/\\\/schema.org\",\"@graph\":[{\"@type\":\"WebPage\",\"@id\":\"https:\\\/\\\/www.dolfin.be\\\/de\\\/produkt\\\/55-kakao\\\/\",\"url\":\"https:\\\/\\\/www.dolfin.be\\\/de\\\/produkt\\\/55-kakao\\\/\",\"name\":\"Dolfin | Schokoladenpulver 55% kakao\",\"isPartOf\":{\"@id\":\"https:\\\/\\\/www.dolfin.be\\\/de\\\/#website\"},\"primaryImageOfPage\":{\"@id\":\"https:\\\/\\\/www.dolfin.be\\\/de\\\/produkt\\\/55-kakao\\\/#primaryimage\"},\"image\":{\"@id\":\"https:\\\/\\\/www.dolfin.be\\\/de\\\/produkt\\\/55-kakao\\\/#primaryimage\"},\"thumbnailUrl\":\"https:\\\/\\\/www.dolfin.be\\\/wp-content\\\/uploads\\\/2024\\\/02\\\/DO2481_3-4.jpg\",\"datePublished\":\"2016-12-26T11:27:32+00:00\",\"dateModified\":\"2025-06-02T14:21:02+00:00\",\"description\":\"Die Gro\u00dfz\u00fcgigkeit und Geschmeidigkeit dieser Schokolade wird Ihnen das ganze Jahr \u00fcber Weichheit und Komfort bringen. Ohne M\u00e4\u00dfigung zu genie\u00dfen \u2026\",\"breadcrumb\":{\"@id\":\"https:\\\/\\\/www.dolfin.be\\\/de\\\/produkt\\\/55-kakao\\\/#breadcrumb\"},\"inLanguage\":\"de\",\"potentialAction\":[{\"@type\":\"ReadAction\",\"target\":[\"https:\\\/\\\/www.dolfin.be\\\/de\\\/produkt\\\/55-kakao\\\/\"]}]},{\"@type\":\"ImageObject\",\"inLanguage\":\"de\",\"@id\":\"https:\\\/\\\/www.dolfin.be\\\/de\\\/produkt\\\/55-kakao\\\/#primaryimage\",\"url\":\"https:\\\/\\\/www.dolfin.be\\\/wp-content\\\/uploads\\\/2024\\\/02\\\/DO2481_3-4.jpg\",\"contentUrl\":\"https:\\\/\\\/www.dolfin.be\\\/wp-content\\\/uploads\\\/2024\\\/02\\\/DO2481_3-4.jpg\",\"width\":1001,\"height\":1608},{\"@type\":\"BreadcrumbList\",\"@id\":\"https:\\\/\\\/www.dolfin.be\\\/de\\\/produkt\\\/55-kakao\\\/#breadcrumb\",\"itemListElement\":[{\"@type\":\"ListItem\",\"position\":1,\"name\":\"Accueil\",\"item\":\"https:\\\/\\\/www.dolfin.be\\\/de\\\/\"},{\"@type\":\"ListItem\",\"position\":2,\"name\":\"Unsere Produkte\",\"item\":\"https:\\\/\\\/www.dolfin.be\\\/de\\\/unsere-produkte\\\/\"},{\"@type\":\"ListItem\",\"position\":3,\"name\":\"55% Kakao\"}]},{\"@type\":\"WebSite\",\"@id\":\"https:\\\/\\\/www.dolfin.be\\\/de\\\/#website\",\"url\":\"https:\\\/\\\/www.dolfin.be\\\/de\\\/\",\"name\":\"Dolfin\",\"description\":\"\",\"potentialAction\":[{\"@type\":\"SearchAction\",\"target\":{\"@type\":\"EntryPoint\",\"urlTemplate\":\"https:\\\/\\\/www.dolfin.be\\\/de\\\/?s={search_term_string}\"},\"query-input\":{\"@type\":\"PropertyValueSpecification\",\"valueRequired\":true,\"valueName\":\"search_term_string\"}}],\"inLanguage\":\"de\"}]}<\/script>\n<!-- \/ Yoast SEO plugin. -->","yoast_head_json":{"title":"Dolfin | Schokoladenpulver 55% kakao","description":"Die Gro\u00dfz\u00fcgigkeit und Geschmeidigkeit dieser Schokolade wird Ihnen das ganze Jahr \u00fcber Weichheit und Komfort bringen. Ohne M\u00e4\u00dfigung zu genie\u00dfen \u2026","robots":{"index":"index","follow":"follow","max-snippet":"max-snippet:-1","max-image-preview":"max-image-preview:large","max-video-preview":"max-video-preview:-1"},"canonical":"https:\/\/www.dolfin.be\/de\/produkt\/55-kakao\/","og_locale":"de_DE","og_type":"article","og_title":"Dolfin | Schokoladenpulver 55% kakao","og_description":"Die Gro\u00dfz\u00fcgigkeit und Geschmeidigkeit dieser Schokolade wird Ihnen das ganze Jahr \u00fcber Weichheit und Komfort bringen. Ohne M\u00e4\u00dfigung zu genie\u00dfen \u2026","og_url":"https:\/\/www.dolfin.be\/de\/produkt\/55-kakao\/","og_site_name":"Dolfin","article_modified_time":"2025-06-02T14:21:02+00:00","og_image":[{"width":1001,"height":1608,"url":"https:\/\/www.dolfin.be\/wp-content\/uploads\/2024\/02\/DO2481_3-4.jpg","type":"image\/jpeg"}],"twitter_card":"summary_large_image","twitter_misc":{"Gesch\u00e4tzte Lesezeit":"1\u00a0Minute"},"schema":{"@context":"https:\/\/schema.org","@graph":[{"@type":"WebPage","@id":"https:\/\/www.dolfin.be\/de\/produkt\/55-kakao\/","url":"https:\/\/www.dolfin.be\/de\/produkt\/55-kakao\/","name":"Dolfin | Schokoladenpulver 55% kakao","isPartOf":{"@id":"https:\/\/www.dolfin.be\/de\/#website"},"primaryImageOfPage":{"@id":"https:\/\/www.dolfin.be\/de\/produkt\/55-kakao\/#primaryimage"},"image":{"@id":"https:\/\/www.dolfin.be\/de\/produkt\/55-kakao\/#primaryimage"},"thumbnailUrl":"https:\/\/www.dolfin.be\/wp-content\/uploads\/2024\/02\/DO2481_3-4.jpg","datePublished":"2016-12-26T11:27:32+00:00","dateModified":"2025-06-02T14:21:02+00:00","description":"Die Gro\u00dfz\u00fcgigkeit und Geschmeidigkeit dieser Schokolade wird Ihnen das ganze Jahr \u00fcber Weichheit und Komfort bringen. Ohne M\u00e4\u00dfigung zu genie\u00dfen \u2026","breadcrumb":{"@id":"https:\/\/www.dolfin.be\/de\/produkt\/55-kakao\/#breadcrumb"},"inLanguage":"de","potentialAction":[{"@type":"ReadAction","target":["https:\/\/www.dolfin.be\/de\/produkt\/55-kakao\/"]}]},{"@type":"ImageObject","inLanguage":"de","@id":"https:\/\/www.dolfin.be\/de\/produkt\/55-kakao\/#primaryimage","url":"https:\/\/www.dolfin.be\/wp-content\/uploads\/2024\/02\/DO2481_3-4.jpg","contentUrl":"https:\/\/www.dolfin.be\/wp-content\/uploads\/2024\/02\/DO2481_3-4.jpg","width":1001,"height":1608},{"@type":"BreadcrumbList","@id":"https:\/\/www.dolfin.be\/de\/produkt\/55-kakao\/#breadcrumb","itemListElement":[{"@type":"ListItem","position":1,"name":"Accueil","item":"https:\/\/www.dolfin.be\/de\/"},{"@type":"ListItem","position":2,"name":"Unsere Produkte","item":"https:\/\/www.dolfin.be\/de\/unsere-produkte\/"},{"@type":"ListItem","position":3,"name":"55% Kakao"}]},{"@type":"WebSite","@id":"https:\/\/www.dolfin.be\/de\/#website","url":"https:\/\/www.dolfin.be\/de\/","name":"Dolfin","description":"","potentialAction":[{"@type":"SearchAction","target":{"@type":"EntryPoint","urlTemplate":"https:\/\/www.dolfin.be\/de\/?s={search_term_string}"},"query-input":{"@type":"PropertyValueSpecification","valueRequired":true,"valueName":"search_term_string"}}],"inLanguage":"de"}]}},"_links":{"self":[{"href":"https:\/\/www.dolfin.be\/de\/wp-json\/wp\/v2\/product\/5691","targetHints":{"allow":["GET"]}}],"collection":[{"href":"https:\/\/www.dolfin.be\/de\/wp-json\/wp\/v2\/product"}],"about":[{"href":"https:\/\/www.dolfin.be\/de\/wp-json\/wp\/v2\/types\/product"}],"wp:featuredmedia":[{"embeddable":true,"href":"https:\/\/www.dolfin.be\/de\/wp-json\/wp\/v2\/media\/4199"}],"wp:attachment":[{"href":"https:\/\/www.dolfin.be\/de\/wp-json\/wp\/v2\/media?parent=5691"}],"wp:term":[{"taxonomy":"product_brand","embeddable":true,"href":"https:\/\/www.dolfin.be\/de\/wp-json\/wp\/v2\/product_brand?post=5691"},{"taxonomy":"product_cat","embeddable":true,"href":"https:\/\/www.dolfin.be\/de\/wp-json\/wp\/v2\/product_cat?post=5691"},{"taxonomy":"product_tag","embeddable":true,"href":"https:\/\/www.dolfin.be\/de\/wp-json\/wp\/v2\/product_tag?post=5691"}],"curies":[{"name":"wp","href":"https:\/\/api.w.org\/{rel}","templated":true}]}}