{"id":5673,"date":"2016-12-26T11:35:55","date_gmt":"2016-12-26T10:35:55","guid":{"rendered":"https:\/\/dolfin.poush-dev.be\/product\/mandeln\/"},"modified":"2025-06-02T16:25:28","modified_gmt":"2025-06-02T14:25:28","slug":"mandeln","status":"publish","type":"product","link":"https:\/\/www.dolfin.be\/de\/produkt\/mandeln\/","title":{"rendered":"Mandeln"},"content":{"rendered":"<p>Eine k\u00f6stliche Mischung aus Zartbitterschokolade und Mandeln, mit der Sie hei\u00dfe Schokoladen f\u00fcr Feinschmecker jeden Alters zubereiten k\u00f6nnen.<\/p>\n<p><strong>Zutaten<\/strong>: Zucker, Kakaopulver (mindestens 32%), Praline (Zucker, ger\u00f6stete <strong>Haseln\u00fcsse<\/strong>), Aroma (<strong>Milch<\/strong>) M\u00f6gliche Spuren von glutenhaltigem Getreide, Eiern, Soja, Sellerie, Sulfiten und Lupine.<\/p>\n","protected":false},"excerpt":{"rendered":"<p>Eine k\u00f6stliche Mischung aus Zartbitterschokolade und Mandeln, mit der Sie hei\u00dfe Schokoladen f\u00fcr Feinschmecker jeden Alters zubereiten k\u00f6nnen.<\/p>\n","protected":false},"featured_media":4179,"template":"","meta":{"_acf_changed":false,"_et_pb_use_builder":"","_et_pb_old_content":"","_et_gb_content_width":"","inline_featured_image":false},"product_brand":[],"product_cat":[396],"product_tag":[],"class_list":{"0":"post-5673","1":"product","2":"type-product","3":"status-publish","4":"has-post-thumbnail","6":"product_cat-pulverschokolade","8":"first","9":"instock","10":"purchasable","11":"product-type-simple"},"acf":[],"yoast_head":"<!-- This site is optimized with the Yoast SEO plugin v27.4 - https:\/\/yoast.com\/product\/yoast-seo-wordpress\/ -->\n<title>Dolfin | Schokoladenpulver mit Mandelgeschmack<\/title>\n<meta name=\"description\" content=\"Eine subtile Kombination aus gro\u00dfz\u00fcgigem Kakao und s\u00fc\u00dfen Mandelnoten, das Rezept f\u00fcr diese einzigartige Zubereitung ist ein gut geh\u00fctetes Geheimnis!\" \/>\n<meta name=\"robots\" content=\"index, follow, max-snippet:-1, max-image-preview:large, max-video-preview:-1\" \/>\n<link rel=\"canonical\" href=\"https:\/\/www.dolfin.be\/de\/produkt\/mandeln\/\" \/>\n<meta property=\"og:locale\" content=\"de_DE\" \/>\n<meta property=\"og:type\" content=\"article\" \/>\n<meta property=\"og:title\" content=\"Dolfin | Schokoladenpulver mit Mandelgeschmack\" \/>\n<meta property=\"og:description\" content=\"Eine subtile Kombination aus gro\u00dfz\u00fcgigem Kakao und s\u00fc\u00dfen Mandelnoten, das Rezept f\u00fcr diese einzigartige Zubereitung ist ein gut geh\u00fctetes Geheimnis!\" \/>\n<meta property=\"og:url\" content=\"https:\/\/www.dolfin.be\/de\/produkt\/mandeln\/\" \/>\n<meta property=\"og:site_name\" content=\"Dolfin\" \/>\n<meta property=\"article:modified_time\" content=\"2025-06-02T14:25:28+00:00\" \/>\n<meta property=\"og:image\" content=\"https:\/\/www.dolfin.be\/wp-content\/uploads\/2024\/02\/DO2478_3-4.jpg\" \/>\n\t<meta property=\"og:image:width\" content=\"1001\" \/>\n\t<meta property=\"og:image:height\" content=\"1608\" \/>\n\t<meta property=\"og:image:type\" content=\"image\/jpeg\" \/>\n<meta name=\"twitter:card\" content=\"summary_large_image\" \/>\n<meta name=\"twitter:label1\" content=\"Gesch\u00e4tzte Lesezeit\" \/>\n\t<meta name=\"twitter:data1\" content=\"1\u00a0Minute\" \/>\n<script type=\"application\/ld+json\" class=\"yoast-schema-graph\">{\"@context\":\"https:\\\/\\\/schema.org\",\"@graph\":[{\"@type\":\"WebPage\",\"@id\":\"https:\\\/\\\/www.dolfin.be\\\/de\\\/produkt\\\/mandeln\\\/\",\"url\":\"https:\\\/\\\/www.dolfin.be\\\/de\\\/produkt\\\/mandeln\\\/\",\"name\":\"Dolfin | Schokoladenpulver mit Mandelgeschmack\",\"isPartOf\":{\"@id\":\"https:\\\/\\\/www.dolfin.be\\\/de\\\/#website\"},\"primaryImageOfPage\":{\"@id\":\"https:\\\/\\\/www.dolfin.be\\\/de\\\/produkt\\\/mandeln\\\/#primaryimage\"},\"image\":{\"@id\":\"https:\\\/\\\/www.dolfin.be\\\/de\\\/produkt\\\/mandeln\\\/#primaryimage\"},\"thumbnailUrl\":\"https:\\\/\\\/www.dolfin.be\\\/wp-content\\\/uploads\\\/2024\\\/02\\\/DO2478_3-4.jpg\",\"datePublished\":\"2016-12-26T10:35:55+00:00\",\"dateModified\":\"2025-06-02T14:25:28+00:00\",\"description\":\"Eine subtile Kombination aus gro\u00dfz\u00fcgigem Kakao und s\u00fc\u00dfen Mandelnoten, das Rezept f\u00fcr diese einzigartige Zubereitung ist ein gut geh\u00fctetes Geheimnis!\",\"breadcrumb\":{\"@id\":\"https:\\\/\\\/www.dolfin.be\\\/de\\\/produkt\\\/mandeln\\\/#breadcrumb\"},\"inLanguage\":\"de\",\"potentialAction\":[{\"@type\":\"ReadAction\",\"target\":[\"https:\\\/\\\/www.dolfin.be\\\/de\\\/produkt\\\/mandeln\\\/\"]}]},{\"@type\":\"ImageObject\",\"inLanguage\":\"de\",\"@id\":\"https:\\\/\\\/www.dolfin.be\\\/de\\\/produkt\\\/mandeln\\\/#primaryimage\",\"url\":\"https:\\\/\\\/www.dolfin.be\\\/wp-content\\\/uploads\\\/2024\\\/02\\\/DO2478_3-4.jpg\",\"contentUrl\":\"https:\\\/\\\/www.dolfin.be\\\/wp-content\\\/uploads\\\/2024\\\/02\\\/DO2478_3-4.jpg\",\"width\":1001,\"height\":1608},{\"@type\":\"BreadcrumbList\",\"@id\":\"https:\\\/\\\/www.dolfin.be\\\/de\\\/produkt\\\/mandeln\\\/#breadcrumb\",\"itemListElement\":[{\"@type\":\"ListItem\",\"position\":1,\"name\":\"Accueil\",\"item\":\"https:\\\/\\\/www.dolfin.be\\\/de\\\/\"},{\"@type\":\"ListItem\",\"position\":2,\"name\":\"Unsere Produkte\",\"item\":\"https:\\\/\\\/www.dolfin.be\\\/de\\\/unsere-produkte\\\/\"},{\"@type\":\"ListItem\",\"position\":3,\"name\":\"Mandeln\"}]},{\"@type\":\"WebSite\",\"@id\":\"https:\\\/\\\/www.dolfin.be\\\/de\\\/#website\",\"url\":\"https:\\\/\\\/www.dolfin.be\\\/de\\\/\",\"name\":\"Dolfin\",\"description\":\"\",\"potentialAction\":[{\"@type\":\"SearchAction\",\"target\":{\"@type\":\"EntryPoint\",\"urlTemplate\":\"https:\\\/\\\/www.dolfin.be\\\/de\\\/?s={search_term_string}\"},\"query-input\":{\"@type\":\"PropertyValueSpecification\",\"valueRequired\":true,\"valueName\":\"search_term_string\"}}],\"inLanguage\":\"de\"}]}<\/script>\n<!-- \/ Yoast SEO plugin. -->","yoast_head_json":{"title":"Dolfin | Schokoladenpulver mit Mandelgeschmack","description":"Eine subtile Kombination aus gro\u00dfz\u00fcgigem Kakao und s\u00fc\u00dfen Mandelnoten, das Rezept f\u00fcr diese einzigartige Zubereitung ist ein gut geh\u00fctetes Geheimnis!","robots":{"index":"index","follow":"follow","max-snippet":"max-snippet:-1","max-image-preview":"max-image-preview:large","max-video-preview":"max-video-preview:-1"},"canonical":"https:\/\/www.dolfin.be\/de\/produkt\/mandeln\/","og_locale":"de_DE","og_type":"article","og_title":"Dolfin | Schokoladenpulver mit Mandelgeschmack","og_description":"Eine subtile Kombination aus gro\u00dfz\u00fcgigem Kakao und s\u00fc\u00dfen Mandelnoten, das Rezept f\u00fcr diese einzigartige Zubereitung ist ein gut geh\u00fctetes Geheimnis!","og_url":"https:\/\/www.dolfin.be\/de\/produkt\/mandeln\/","og_site_name":"Dolfin","article_modified_time":"2025-06-02T14:25:28+00:00","og_image":[{"width":1001,"height":1608,"url":"https:\/\/www.dolfin.be\/wp-content\/uploads\/2024\/02\/DO2478_3-4.jpg","type":"image\/jpeg"}],"twitter_card":"summary_large_image","twitter_misc":{"Gesch\u00e4tzte Lesezeit":"1\u00a0Minute"},"schema":{"@context":"https:\/\/schema.org","@graph":[{"@type":"WebPage","@id":"https:\/\/www.dolfin.be\/de\/produkt\/mandeln\/","url":"https:\/\/www.dolfin.be\/de\/produkt\/mandeln\/","name":"Dolfin | Schokoladenpulver mit Mandelgeschmack","isPartOf":{"@id":"https:\/\/www.dolfin.be\/de\/#website"},"primaryImageOfPage":{"@id":"https:\/\/www.dolfin.be\/de\/produkt\/mandeln\/#primaryimage"},"image":{"@id":"https:\/\/www.dolfin.be\/de\/produkt\/mandeln\/#primaryimage"},"thumbnailUrl":"https:\/\/www.dolfin.be\/wp-content\/uploads\/2024\/02\/DO2478_3-4.jpg","datePublished":"2016-12-26T10:35:55+00:00","dateModified":"2025-06-02T14:25:28+00:00","description":"Eine subtile Kombination aus gro\u00dfz\u00fcgigem Kakao und s\u00fc\u00dfen Mandelnoten, das Rezept f\u00fcr diese einzigartige Zubereitung ist ein gut geh\u00fctetes Geheimnis!","breadcrumb":{"@id":"https:\/\/www.dolfin.be\/de\/produkt\/mandeln\/#breadcrumb"},"inLanguage":"de","potentialAction":[{"@type":"ReadAction","target":["https:\/\/www.dolfin.be\/de\/produkt\/mandeln\/"]}]},{"@type":"ImageObject","inLanguage":"de","@id":"https:\/\/www.dolfin.be\/de\/produkt\/mandeln\/#primaryimage","url":"https:\/\/www.dolfin.be\/wp-content\/uploads\/2024\/02\/DO2478_3-4.jpg","contentUrl":"https:\/\/www.dolfin.be\/wp-content\/uploads\/2024\/02\/DO2478_3-4.jpg","width":1001,"height":1608},{"@type":"BreadcrumbList","@id":"https:\/\/www.dolfin.be\/de\/produkt\/mandeln\/#breadcrumb","itemListElement":[{"@type":"ListItem","position":1,"name":"Accueil","item":"https:\/\/www.dolfin.be\/de\/"},{"@type":"ListItem","position":2,"name":"Unsere Produkte","item":"https:\/\/www.dolfin.be\/de\/unsere-produkte\/"},{"@type":"ListItem","position":3,"name":"Mandeln"}]},{"@type":"WebSite","@id":"https:\/\/www.dolfin.be\/de\/#website","url":"https:\/\/www.dolfin.be\/de\/","name":"Dolfin","description":"","potentialAction":[{"@type":"SearchAction","target":{"@type":"EntryPoint","urlTemplate":"https:\/\/www.dolfin.be\/de\/?s={search_term_string}"},"query-input":{"@type":"PropertyValueSpecification","valueRequired":true,"valueName":"search_term_string"}}],"inLanguage":"de"}]}},"_links":{"self":[{"href":"https:\/\/www.dolfin.be\/de\/wp-json\/wp\/v2\/product\/5673","targetHints":{"allow":["GET"]}}],"collection":[{"href":"https:\/\/www.dolfin.be\/de\/wp-json\/wp\/v2\/product"}],"about":[{"href":"https:\/\/www.dolfin.be\/de\/wp-json\/wp\/v2\/types\/product"}],"wp:featuredmedia":[{"embeddable":true,"href":"https:\/\/www.dolfin.be\/de\/wp-json\/wp\/v2\/media\/4179"}],"wp:attachment":[{"href":"https:\/\/www.dolfin.be\/de\/wp-json\/wp\/v2\/media?parent=5673"}],"wp:term":[{"taxonomy":"product_brand","embeddable":true,"href":"https:\/\/www.dolfin.be\/de\/wp-json\/wp\/v2\/product_brand?post=5673"},{"taxonomy":"product_cat","embeddable":true,"href":"https:\/\/www.dolfin.be\/de\/wp-json\/wp\/v2\/product_cat?post=5673"},{"taxonomy":"product_tag","embeddable":true,"href":"https:\/\/www.dolfin.be\/de\/wp-json\/wp\/v2\/product_tag?post=5673"}],"curies":[{"name":"wp","href":"https:\/\/api.w.org\/{rel}","templated":true}]}}