{"id":5652,"date":"2016-09-22T10:33:02","date_gmt":"2016-09-22T08:33:02","guid":{"rendered":"https:\/\/dolfin.poush-dev.be\/product\/vollmilchschokolade-mit-petit-beurre-keksen-und-rosa-salz-aus-den-anden\/"},"modified":"2025-06-02T16:35:48","modified_gmt":"2025-06-02T14:35:48","slug":"vollmilchschokolade-mit-petit-beurre-keksen-und-rosa-salz-aus-den-anden","status":"publish","type":"product","link":"https:\/\/www.dolfin.be\/de\/produkt\/vollmilchschokolade-mit-petit-beurre-keksen-und-rosa-salz-aus-den-anden\/","title":{"rendered":"Petit Beurre Keksen &#038; rosa Salz aus den Anden"},"content":{"rendered":"<p>Ein Rezept f\u00fcr alle Feinschmecker: Der zarte Geschmack nach Butterkeksen umh\u00fcllt von cremiger Milchschokolade l\u00e4sst Kindheitserinnerungen wieder aufleben und an Teestunden voller Z\u00e4rtlichkeit zur\u00fcckdenken. Das feine Aroma des rosa Inka-Salzes mit seinem elfenbeinfarbenen Glanz macht sofort s\u00fcchtig. Der besondere Geschmack dieser Tafeln f\u00fchrt dazu, dass man sie langsam aber unweigerlich aufessen muss\u2026<\/p>\n<p><strong>Zutaten<\/strong>: Zucker, Kakaomasse, Kakaobutter, Voll<strong>milch<\/strong>pulver, Petit Beurre 4,5% (<strong>Weizen<\/strong>mehl, Butter (<strong>Milch<\/strong>), Zucker, Mager<strong>milch<\/strong>pulver, Salz, Backpulver (Pyrophosphat und S\u00e4urecarbonat) Natrium), Emulgator: <strong>Soja<\/strong>lecithin, Andenrosasalz 0,2%, nat\u00fcrliches Vanillearoma Kakao: 37% mindestens. Kann Spuren von N\u00fcssen, Ei und Sesam enthalten.<\/p>\n","protected":false},"excerpt":{"rendered":"<p>Ein Rezept f\u00fcr alle Feinschmecker: Der zarte Geschmack nach Butterkeksen umh\u00fcllt von cremiger Milchschokolade l\u00e4sst Kindheitserinnerungen wieder aufleben und an Teestunden voller Z\u00e4rtlichkeit zur\u00fcckdenken. Das feine Aroma des rosa Inka-Salzes mit seinem elfenbeinfarbenen Glanz macht sofort s\u00fcchtig. Der besondere Geschmack dieser Tafeln f\u00fchrt dazu, dass man sie langsam aber unweigerlich aufessen muss\u2026<\/p>\n","protected":false},"featured_media":4132,"template":"","meta":{"_acf_changed":false,"_et_pb_use_builder":"","_et_pb_old_content":"","_et_gb_content_width":"","inline_featured_image":false},"product_brand":[],"product_cat":[534,405,392],"product_tag":[],"class_list":{"0":"post-5652","1":"product","2":"type-product","3":"status-publish","4":"has-post-thumbnail","6":"product_cat-kleine-tafeln-30g","7":"product_cat-suesse-salzige","8":"product_cat-schokoladentafeln","10":"first","11":"instock","12":"purchasable","13":"product-type-simple"},"acf":[],"yoast_head":"<!-- This site is optimized with the Yoast SEO plugin v27.4 - https:\/\/yoast.com\/product\/yoast-seo-wordpress\/ -->\n<title>Dolfin | Vollmilchschokolade mit Petit Beurre Keksen &amp; rosa Salz aus den Anden<\/title>\n<meta name=\"description\" content=\"Der zarte Geschmack von Petits Beurres, gemischt mit einer cremigen Milchschokolade, weckt sch\u00f6ne Erinnerungen an die Kindheit.\" \/>\n<meta name=\"robots\" content=\"index, follow, max-snippet:-1, max-image-preview:large, max-video-preview:-1\" \/>\n<link rel=\"canonical\" href=\"https:\/\/www.dolfin.be\/de\/produkt\/vollmilchschokolade-mit-petit-beurre-keksen-und-rosa-salz-aus-den-anden\/\" \/>\n<meta property=\"og:locale\" content=\"de_DE\" \/>\n<meta property=\"og:type\" content=\"article\" \/>\n<meta property=\"og:title\" content=\"Dolfin | Vollmilchschokolade mit Petit Beurre Keksen &amp; rosa Salz aus den Anden\" \/>\n<meta property=\"og:description\" content=\"Der zarte Geschmack von Petits Beurres, gemischt mit einer cremigen Milchschokolade, weckt sch\u00f6ne Erinnerungen an die Kindheit.\" \/>\n<meta property=\"og:url\" content=\"https:\/\/www.dolfin.be\/de\/produkt\/vollmilchschokolade-mit-petit-beurre-keksen-und-rosa-salz-aus-den-anden\/\" \/>\n<meta property=\"og:site_name\" content=\"Dolfin\" \/>\n<meta property=\"article:modified_time\" content=\"2025-06-02T14:35:48+00:00\" \/>\n<meta property=\"og:image\" content=\"https:\/\/www.dolfin.be\/wp-content\/uploads\/2024\/02\/DO2466_top.jpg\" \/>\n\t<meta property=\"og:image:width\" content=\"1001\" \/>\n\t<meta property=\"og:image:height\" content=\"1877\" \/>\n\t<meta property=\"og:image:type\" content=\"image\/jpeg\" \/>\n<meta name=\"twitter:card\" content=\"summary_large_image\" \/>\n<meta name=\"twitter:label1\" content=\"Gesch\u00e4tzte Lesezeit\" \/>\n\t<meta name=\"twitter:data1\" content=\"1\u00a0Minute\" \/>\n<script type=\"application\/ld+json\" class=\"yoast-schema-graph\">{\"@context\":\"https:\\\/\\\/schema.org\",\"@graph\":[{\"@type\":\"WebPage\",\"@id\":\"https:\\\/\\\/www.dolfin.be\\\/de\\\/produkt\\\/vollmilchschokolade-mit-petit-beurre-keksen-und-rosa-salz-aus-den-anden\\\/\",\"url\":\"https:\\\/\\\/www.dolfin.be\\\/de\\\/produkt\\\/vollmilchschokolade-mit-petit-beurre-keksen-und-rosa-salz-aus-den-anden\\\/\",\"name\":\"Dolfin | Vollmilchschokolade mit Petit Beurre Keksen & rosa Salz aus den Anden\",\"isPartOf\":{\"@id\":\"https:\\\/\\\/www.dolfin.be\\\/de\\\/#website\"},\"primaryImageOfPage\":{\"@id\":\"https:\\\/\\\/www.dolfin.be\\\/de\\\/produkt\\\/vollmilchschokolade-mit-petit-beurre-keksen-und-rosa-salz-aus-den-anden\\\/#primaryimage\"},\"image\":{\"@id\":\"https:\\\/\\\/www.dolfin.be\\\/de\\\/produkt\\\/vollmilchschokolade-mit-petit-beurre-keksen-und-rosa-salz-aus-den-anden\\\/#primaryimage\"},\"thumbnailUrl\":\"https:\\\/\\\/www.dolfin.be\\\/wp-content\\\/uploads\\\/2024\\\/02\\\/DO2466_top.jpg\",\"datePublished\":\"2016-09-22T08:33:02+00:00\",\"dateModified\":\"2025-06-02T14:35:48+00:00\",\"description\":\"Der zarte Geschmack von Petits Beurres, gemischt mit einer cremigen Milchschokolade, weckt sch\u00f6ne Erinnerungen an die Kindheit.\",\"breadcrumb\":{\"@id\":\"https:\\\/\\\/www.dolfin.be\\\/de\\\/produkt\\\/vollmilchschokolade-mit-petit-beurre-keksen-und-rosa-salz-aus-den-anden\\\/#breadcrumb\"},\"inLanguage\":\"de\",\"potentialAction\":[{\"@type\":\"ReadAction\",\"target\":[\"https:\\\/\\\/www.dolfin.be\\\/de\\\/produkt\\\/vollmilchschokolade-mit-petit-beurre-keksen-und-rosa-salz-aus-den-anden\\\/\"]}]},{\"@type\":\"ImageObject\",\"inLanguage\":\"de\",\"@id\":\"https:\\\/\\\/www.dolfin.be\\\/de\\\/produkt\\\/vollmilchschokolade-mit-petit-beurre-keksen-und-rosa-salz-aus-den-anden\\\/#primaryimage\",\"url\":\"https:\\\/\\\/www.dolfin.be\\\/wp-content\\\/uploads\\\/2024\\\/02\\\/DO2466_top.jpg\",\"contentUrl\":\"https:\\\/\\\/www.dolfin.be\\\/wp-content\\\/uploads\\\/2024\\\/02\\\/DO2466_top.jpg\",\"width\":1001,\"height\":1877},{\"@type\":\"BreadcrumbList\",\"@id\":\"https:\\\/\\\/www.dolfin.be\\\/de\\\/produkt\\\/vollmilchschokolade-mit-petit-beurre-keksen-und-rosa-salz-aus-den-anden\\\/#breadcrumb\",\"itemListElement\":[{\"@type\":\"ListItem\",\"position\":1,\"name\":\"Accueil\",\"item\":\"https:\\\/\\\/www.dolfin.be\\\/de\\\/\"},{\"@type\":\"ListItem\",\"position\":2,\"name\":\"Unsere Produkte\",\"item\":\"https:\\\/\\\/www.dolfin.be\\\/de\\\/unsere-produkte\\\/\"},{\"@type\":\"ListItem\",\"position\":3,\"name\":\"Petit Beurre Keksen &#038; rosa Salz aus den Anden\"}]},{\"@type\":\"WebSite\",\"@id\":\"https:\\\/\\\/www.dolfin.be\\\/de\\\/#website\",\"url\":\"https:\\\/\\\/www.dolfin.be\\\/de\\\/\",\"name\":\"Dolfin\",\"description\":\"\",\"potentialAction\":[{\"@type\":\"SearchAction\",\"target\":{\"@type\":\"EntryPoint\",\"urlTemplate\":\"https:\\\/\\\/www.dolfin.be\\\/de\\\/?s={search_term_string}\"},\"query-input\":{\"@type\":\"PropertyValueSpecification\",\"valueRequired\":true,\"valueName\":\"search_term_string\"}}],\"inLanguage\":\"de\"}]}<\/script>\n<!-- \/ Yoast SEO plugin. -->","yoast_head_json":{"title":"Dolfin | Vollmilchschokolade mit Petit Beurre Keksen & rosa Salz aus den Anden","description":"Der zarte Geschmack von Petits Beurres, gemischt mit einer cremigen Milchschokolade, weckt sch\u00f6ne Erinnerungen an die Kindheit.","robots":{"index":"index","follow":"follow","max-snippet":"max-snippet:-1","max-image-preview":"max-image-preview:large","max-video-preview":"max-video-preview:-1"},"canonical":"https:\/\/www.dolfin.be\/de\/produkt\/vollmilchschokolade-mit-petit-beurre-keksen-und-rosa-salz-aus-den-anden\/","og_locale":"de_DE","og_type":"article","og_title":"Dolfin | Vollmilchschokolade mit Petit Beurre Keksen & rosa Salz aus den Anden","og_description":"Der zarte Geschmack von Petits Beurres, gemischt mit einer cremigen Milchschokolade, weckt sch\u00f6ne Erinnerungen an die Kindheit.","og_url":"https:\/\/www.dolfin.be\/de\/produkt\/vollmilchschokolade-mit-petit-beurre-keksen-und-rosa-salz-aus-den-anden\/","og_site_name":"Dolfin","article_modified_time":"2025-06-02T14:35:48+00:00","og_image":[{"width":1001,"height":1877,"url":"https:\/\/www.dolfin.be\/wp-content\/uploads\/2024\/02\/DO2466_top.jpg","type":"image\/jpeg"}],"twitter_card":"summary_large_image","twitter_misc":{"Gesch\u00e4tzte Lesezeit":"1\u00a0Minute"},"schema":{"@context":"https:\/\/schema.org","@graph":[{"@type":"WebPage","@id":"https:\/\/www.dolfin.be\/de\/produkt\/vollmilchschokolade-mit-petit-beurre-keksen-und-rosa-salz-aus-den-anden\/","url":"https:\/\/www.dolfin.be\/de\/produkt\/vollmilchschokolade-mit-petit-beurre-keksen-und-rosa-salz-aus-den-anden\/","name":"Dolfin | Vollmilchschokolade mit Petit Beurre Keksen & rosa Salz aus den Anden","isPartOf":{"@id":"https:\/\/www.dolfin.be\/de\/#website"},"primaryImageOfPage":{"@id":"https:\/\/www.dolfin.be\/de\/produkt\/vollmilchschokolade-mit-petit-beurre-keksen-und-rosa-salz-aus-den-anden\/#primaryimage"},"image":{"@id":"https:\/\/www.dolfin.be\/de\/produkt\/vollmilchschokolade-mit-petit-beurre-keksen-und-rosa-salz-aus-den-anden\/#primaryimage"},"thumbnailUrl":"https:\/\/www.dolfin.be\/wp-content\/uploads\/2024\/02\/DO2466_top.jpg","datePublished":"2016-09-22T08:33:02+00:00","dateModified":"2025-06-02T14:35:48+00:00","description":"Der zarte Geschmack von Petits Beurres, gemischt mit einer cremigen Milchschokolade, weckt sch\u00f6ne Erinnerungen an die Kindheit.","breadcrumb":{"@id":"https:\/\/www.dolfin.be\/de\/produkt\/vollmilchschokolade-mit-petit-beurre-keksen-und-rosa-salz-aus-den-anden\/#breadcrumb"},"inLanguage":"de","potentialAction":[{"@type":"ReadAction","target":["https:\/\/www.dolfin.be\/de\/produkt\/vollmilchschokolade-mit-petit-beurre-keksen-und-rosa-salz-aus-den-anden\/"]}]},{"@type":"ImageObject","inLanguage":"de","@id":"https:\/\/www.dolfin.be\/de\/produkt\/vollmilchschokolade-mit-petit-beurre-keksen-und-rosa-salz-aus-den-anden\/#primaryimage","url":"https:\/\/www.dolfin.be\/wp-content\/uploads\/2024\/02\/DO2466_top.jpg","contentUrl":"https:\/\/www.dolfin.be\/wp-content\/uploads\/2024\/02\/DO2466_top.jpg","width":1001,"height":1877},{"@type":"BreadcrumbList","@id":"https:\/\/www.dolfin.be\/de\/produkt\/vollmilchschokolade-mit-petit-beurre-keksen-und-rosa-salz-aus-den-anden\/#breadcrumb","itemListElement":[{"@type":"ListItem","position":1,"name":"Accueil","item":"https:\/\/www.dolfin.be\/de\/"},{"@type":"ListItem","position":2,"name":"Unsere Produkte","item":"https:\/\/www.dolfin.be\/de\/unsere-produkte\/"},{"@type":"ListItem","position":3,"name":"Petit Beurre Keksen &#038; rosa Salz aus den Anden"}]},{"@type":"WebSite","@id":"https:\/\/www.dolfin.be\/de\/#website","url":"https:\/\/www.dolfin.be\/de\/","name":"Dolfin","description":"","potentialAction":[{"@type":"SearchAction","target":{"@type":"EntryPoint","urlTemplate":"https:\/\/www.dolfin.be\/de\/?s={search_term_string}"},"query-input":{"@type":"PropertyValueSpecification","valueRequired":true,"valueName":"search_term_string"}}],"inLanguage":"de"}]}},"_links":{"self":[{"href":"https:\/\/www.dolfin.be\/de\/wp-json\/wp\/v2\/product\/5652","targetHints":{"allow":["GET"]}}],"collection":[{"href":"https:\/\/www.dolfin.be\/de\/wp-json\/wp\/v2\/product"}],"about":[{"href":"https:\/\/www.dolfin.be\/de\/wp-json\/wp\/v2\/types\/product"}],"wp:featuredmedia":[{"embeddable":true,"href":"https:\/\/www.dolfin.be\/de\/wp-json\/wp\/v2\/media\/4132"}],"wp:attachment":[{"href":"https:\/\/www.dolfin.be\/de\/wp-json\/wp\/v2\/media?parent=5652"}],"wp:term":[{"taxonomy":"product_brand","embeddable":true,"href":"https:\/\/www.dolfin.be\/de\/wp-json\/wp\/v2\/product_brand?post=5652"},{"taxonomy":"product_cat","embeddable":true,"href":"https:\/\/www.dolfin.be\/de\/wp-json\/wp\/v2\/product_cat?post=5652"},{"taxonomy":"product_tag","embeddable":true,"href":"https:\/\/www.dolfin.be\/de\/wp-json\/wp\/v2\/product_tag?post=5652"}],"curies":[{"name":"wp","href":"https:\/\/api.w.org\/{rel}","templated":true}]}}