{"id":5637,"date":"2016-09-22T09:58:24","date_gmt":"2016-09-22T07:58:24","guid":{"rendered":"https:\/\/dolfin.poush-dev.be\/product\/zartbitterschokolade-mit-karamellstuckchen-spiegelsalz-aus-bolivien\/"},"modified":"2025-06-02T16:50:04","modified_gmt":"2025-06-02T14:50:04","slug":"zartbitterschokolade-mit-karamellstuckchen-spiegelsalz-aus-bolivien","status":"publish","type":"product","link":"https:\/\/www.dolfin.be\/de\/produkt\/zartbitterschokolade-mit-karamellstuckchen-spiegelsalz-aus-bolivien\/","title":{"rendered":"Karamellst\u00fcckchen &#038; Spiegelsalz aus Bolivien"},"content":{"rendered":"<p>Diese Zartbitterschokolade wurde mit k\u00f6stlichen, hausgemachten Karamellst\u00fcckchen verfeinert, die eine wahre Geschmacksexplosion im Mund ausl\u00f6sen. Das Spiegelsalz aus Bolivien mit seiner unvergleichlichen Reinheit verleiht diesem ziemlich knusprigen Ensemble noch das gewisse Etwas.<\/p>\n<p><strong>Zutaten<\/strong>: Kakaomasse, Zucker, Karamellst\u00fcckchen 4% (Zucker, Glukosesirup, Voll<strong>milch<\/strong>pulver, Sahne (<strong>Milch<\/strong>), gesalzene Butter (<strong>Milch<\/strong>), Guerande-Salz, Raps-Lecithin), Kakaobutter, Emulgator: <strong>Soja<\/strong>lecithin, Miroirsalz aus Bolivien, nat\u00fcrliches Vanillearoma. Kakao: 60% mindestens. Kann Spuren von anderen N\u00fcssen, Eiern, Milch und Sesam enthalten.<\/p>\n","protected":false},"excerpt":{"rendered":"<p>Diese Zartbitterschokolade wurde mit k\u00f6stlichen, hausgemachten Karamellst\u00fcckchen verfeinert, die eine wahre Geschmacksexplosion im Mund ausl\u00f6sen. Das Spiegelsalz aus Bolivien mit seiner unvergleichlichen Reinheit verleiht diesem ziemlich knusprigen Ensemble noch das gewisse Etwas.<\/p>\n","protected":false},"featured_media":4102,"template":"","meta":{"_acf_changed":false,"_et_pb_use_builder":"","_et_pb_old_content":"","_et_gb_content_width":"","inline_featured_image":false},"product_brand":[],"product_cat":[534,405,392],"product_tag":[],"class_list":{"0":"post-5637","1":"product","2":"type-product","3":"status-publish","4":"has-post-thumbnail","6":"product_cat-kleine-tafeln-30g","7":"product_cat-suesse-salzige","8":"product_cat-schokoladentafeln","10":"first","11":"instock","12":"purchasable","13":"product-type-simple"},"acf":[],"yoast_head":"<!-- This site is optimized with the Yoast SEO plugin v27.4 - https:\/\/yoast.com\/product\/yoast-seo-wordpress\/ -->\n<title>Dolfin | Zartbitterschokolade mit Karamellst\u00fcckchen &amp; Spiegelsalz aus Bolivien<\/title>\n<meta name=\"description\" content=\"Zartbitterschokolade offenbart Karamellexplosionen, die im Mund explodieren. Bolivianisches Spiegelsalz verleiht dieser Mischung eine knusprige Note.\" \/>\n<meta name=\"robots\" content=\"index, follow, max-snippet:-1, max-image-preview:large, max-video-preview:-1\" \/>\n<link rel=\"canonical\" href=\"https:\/\/www.dolfin.be\/de\/produkt\/zartbitterschokolade-mit-karamellstuckchen-spiegelsalz-aus-bolivien\/\" \/>\n<meta property=\"og:locale\" content=\"de_DE\" \/>\n<meta property=\"og:type\" content=\"article\" \/>\n<meta property=\"og:title\" content=\"Dolfin | Zartbitterschokolade mit Karamellst\u00fcckchen &amp; Spiegelsalz aus Bolivien\" \/>\n<meta property=\"og:description\" content=\"Zartbitterschokolade offenbart Karamellexplosionen, die im Mund explodieren. Bolivianisches Spiegelsalz verleiht dieser Mischung eine knusprige Note.\" \/>\n<meta property=\"og:url\" content=\"https:\/\/www.dolfin.be\/de\/produkt\/zartbitterschokolade-mit-karamellstuckchen-spiegelsalz-aus-bolivien\/\" \/>\n<meta property=\"og:site_name\" content=\"Dolfin\" \/>\n<meta property=\"article:modified_time\" content=\"2025-06-02T14:50:04+00:00\" \/>\n<meta property=\"og:image\" content=\"https:\/\/www.dolfin.be\/wp-content\/uploads\/2024\/02\/DO2463_top.jpg\" \/>\n\t<meta property=\"og:image:width\" content=\"1001\" \/>\n\t<meta property=\"og:image:height\" content=\"1877\" \/>\n\t<meta property=\"og:image:type\" content=\"image\/jpeg\" \/>\n<meta name=\"twitter:card\" content=\"summary_large_image\" \/>\n<meta name=\"twitter:label1\" content=\"Gesch\u00e4tzte Lesezeit\" \/>\n\t<meta name=\"twitter:data1\" content=\"1\u00a0Minute\" \/>\n<script type=\"application\/ld+json\" class=\"yoast-schema-graph\">{\"@context\":\"https:\\\/\\\/schema.org\",\"@graph\":[{\"@type\":\"WebPage\",\"@id\":\"https:\\\/\\\/www.dolfin.be\\\/de\\\/produkt\\\/zartbitterschokolade-mit-karamellstuckchen-spiegelsalz-aus-bolivien\\\/\",\"url\":\"https:\\\/\\\/www.dolfin.be\\\/de\\\/produkt\\\/zartbitterschokolade-mit-karamellstuckchen-spiegelsalz-aus-bolivien\\\/\",\"name\":\"Dolfin | Zartbitterschokolade mit Karamellst\u00fcckchen & Spiegelsalz aus Bolivien\",\"isPartOf\":{\"@id\":\"https:\\\/\\\/www.dolfin.be\\\/de\\\/#website\"},\"primaryImageOfPage\":{\"@id\":\"https:\\\/\\\/www.dolfin.be\\\/de\\\/produkt\\\/zartbitterschokolade-mit-karamellstuckchen-spiegelsalz-aus-bolivien\\\/#primaryimage\"},\"image\":{\"@id\":\"https:\\\/\\\/www.dolfin.be\\\/de\\\/produkt\\\/zartbitterschokolade-mit-karamellstuckchen-spiegelsalz-aus-bolivien\\\/#primaryimage\"},\"thumbnailUrl\":\"https:\\\/\\\/www.dolfin.be\\\/wp-content\\\/uploads\\\/2024\\\/02\\\/DO2463_top.jpg\",\"datePublished\":\"2016-09-22T07:58:24+00:00\",\"dateModified\":\"2025-06-02T14:50:04+00:00\",\"description\":\"Zartbitterschokolade offenbart Karamellexplosionen, die im Mund explodieren. Bolivianisches Spiegelsalz verleiht dieser Mischung eine knusprige Note.\",\"breadcrumb\":{\"@id\":\"https:\\\/\\\/www.dolfin.be\\\/de\\\/produkt\\\/zartbitterschokolade-mit-karamellstuckchen-spiegelsalz-aus-bolivien\\\/#breadcrumb\"},\"inLanguage\":\"de\",\"potentialAction\":[{\"@type\":\"ReadAction\",\"target\":[\"https:\\\/\\\/www.dolfin.be\\\/de\\\/produkt\\\/zartbitterschokolade-mit-karamellstuckchen-spiegelsalz-aus-bolivien\\\/\"]}]},{\"@type\":\"ImageObject\",\"inLanguage\":\"de\",\"@id\":\"https:\\\/\\\/www.dolfin.be\\\/de\\\/produkt\\\/zartbitterschokolade-mit-karamellstuckchen-spiegelsalz-aus-bolivien\\\/#primaryimage\",\"url\":\"https:\\\/\\\/www.dolfin.be\\\/wp-content\\\/uploads\\\/2024\\\/02\\\/DO2463_top.jpg\",\"contentUrl\":\"https:\\\/\\\/www.dolfin.be\\\/wp-content\\\/uploads\\\/2024\\\/02\\\/DO2463_top.jpg\",\"width\":1001,\"height\":1877},{\"@type\":\"BreadcrumbList\",\"@id\":\"https:\\\/\\\/www.dolfin.be\\\/de\\\/produkt\\\/zartbitterschokolade-mit-karamellstuckchen-spiegelsalz-aus-bolivien\\\/#breadcrumb\",\"itemListElement\":[{\"@type\":\"ListItem\",\"position\":1,\"name\":\"Accueil\",\"item\":\"https:\\\/\\\/www.dolfin.be\\\/de\\\/\"},{\"@type\":\"ListItem\",\"position\":2,\"name\":\"Unsere Produkte\",\"item\":\"https:\\\/\\\/www.dolfin.be\\\/de\\\/unsere-produkte\\\/\"},{\"@type\":\"ListItem\",\"position\":3,\"name\":\"Karamellst\u00fcckchen &#038; Spiegelsalz aus Bolivien\"}]},{\"@type\":\"WebSite\",\"@id\":\"https:\\\/\\\/www.dolfin.be\\\/de\\\/#website\",\"url\":\"https:\\\/\\\/www.dolfin.be\\\/de\\\/\",\"name\":\"Dolfin\",\"description\":\"\",\"potentialAction\":[{\"@type\":\"SearchAction\",\"target\":{\"@type\":\"EntryPoint\",\"urlTemplate\":\"https:\\\/\\\/www.dolfin.be\\\/de\\\/?s={search_term_string}\"},\"query-input\":{\"@type\":\"PropertyValueSpecification\",\"valueRequired\":true,\"valueName\":\"search_term_string\"}}],\"inLanguage\":\"de\"}]}<\/script>\n<!-- \/ Yoast SEO plugin. -->","yoast_head_json":{"title":"Dolfin | Zartbitterschokolade mit Karamellst\u00fcckchen & Spiegelsalz aus Bolivien","description":"Zartbitterschokolade offenbart Karamellexplosionen, die im Mund explodieren. Bolivianisches Spiegelsalz verleiht dieser Mischung eine knusprige Note.","robots":{"index":"index","follow":"follow","max-snippet":"max-snippet:-1","max-image-preview":"max-image-preview:large","max-video-preview":"max-video-preview:-1"},"canonical":"https:\/\/www.dolfin.be\/de\/produkt\/zartbitterschokolade-mit-karamellstuckchen-spiegelsalz-aus-bolivien\/","og_locale":"de_DE","og_type":"article","og_title":"Dolfin | Zartbitterschokolade mit Karamellst\u00fcckchen & Spiegelsalz aus Bolivien","og_description":"Zartbitterschokolade offenbart Karamellexplosionen, die im Mund explodieren. Bolivianisches Spiegelsalz verleiht dieser Mischung eine knusprige Note.","og_url":"https:\/\/www.dolfin.be\/de\/produkt\/zartbitterschokolade-mit-karamellstuckchen-spiegelsalz-aus-bolivien\/","og_site_name":"Dolfin","article_modified_time":"2025-06-02T14:50:04+00:00","og_image":[{"width":1001,"height":1877,"url":"https:\/\/www.dolfin.be\/wp-content\/uploads\/2024\/02\/DO2463_top.jpg","type":"image\/jpeg"}],"twitter_card":"summary_large_image","twitter_misc":{"Gesch\u00e4tzte Lesezeit":"1\u00a0Minute"},"schema":{"@context":"https:\/\/schema.org","@graph":[{"@type":"WebPage","@id":"https:\/\/www.dolfin.be\/de\/produkt\/zartbitterschokolade-mit-karamellstuckchen-spiegelsalz-aus-bolivien\/","url":"https:\/\/www.dolfin.be\/de\/produkt\/zartbitterschokolade-mit-karamellstuckchen-spiegelsalz-aus-bolivien\/","name":"Dolfin | Zartbitterschokolade mit Karamellst\u00fcckchen & Spiegelsalz aus Bolivien","isPartOf":{"@id":"https:\/\/www.dolfin.be\/de\/#website"},"primaryImageOfPage":{"@id":"https:\/\/www.dolfin.be\/de\/produkt\/zartbitterschokolade-mit-karamellstuckchen-spiegelsalz-aus-bolivien\/#primaryimage"},"image":{"@id":"https:\/\/www.dolfin.be\/de\/produkt\/zartbitterschokolade-mit-karamellstuckchen-spiegelsalz-aus-bolivien\/#primaryimage"},"thumbnailUrl":"https:\/\/www.dolfin.be\/wp-content\/uploads\/2024\/02\/DO2463_top.jpg","datePublished":"2016-09-22T07:58:24+00:00","dateModified":"2025-06-02T14:50:04+00:00","description":"Zartbitterschokolade offenbart Karamellexplosionen, die im Mund explodieren. Bolivianisches Spiegelsalz verleiht dieser Mischung eine knusprige Note.","breadcrumb":{"@id":"https:\/\/www.dolfin.be\/de\/produkt\/zartbitterschokolade-mit-karamellstuckchen-spiegelsalz-aus-bolivien\/#breadcrumb"},"inLanguage":"de","potentialAction":[{"@type":"ReadAction","target":["https:\/\/www.dolfin.be\/de\/produkt\/zartbitterschokolade-mit-karamellstuckchen-spiegelsalz-aus-bolivien\/"]}]},{"@type":"ImageObject","inLanguage":"de","@id":"https:\/\/www.dolfin.be\/de\/produkt\/zartbitterschokolade-mit-karamellstuckchen-spiegelsalz-aus-bolivien\/#primaryimage","url":"https:\/\/www.dolfin.be\/wp-content\/uploads\/2024\/02\/DO2463_top.jpg","contentUrl":"https:\/\/www.dolfin.be\/wp-content\/uploads\/2024\/02\/DO2463_top.jpg","width":1001,"height":1877},{"@type":"BreadcrumbList","@id":"https:\/\/www.dolfin.be\/de\/produkt\/zartbitterschokolade-mit-karamellstuckchen-spiegelsalz-aus-bolivien\/#breadcrumb","itemListElement":[{"@type":"ListItem","position":1,"name":"Accueil","item":"https:\/\/www.dolfin.be\/de\/"},{"@type":"ListItem","position":2,"name":"Unsere Produkte","item":"https:\/\/www.dolfin.be\/de\/unsere-produkte\/"},{"@type":"ListItem","position":3,"name":"Karamellst\u00fcckchen &#038; Spiegelsalz aus Bolivien"}]},{"@type":"WebSite","@id":"https:\/\/www.dolfin.be\/de\/#website","url":"https:\/\/www.dolfin.be\/de\/","name":"Dolfin","description":"","potentialAction":[{"@type":"SearchAction","target":{"@type":"EntryPoint","urlTemplate":"https:\/\/www.dolfin.be\/de\/?s={search_term_string}"},"query-input":{"@type":"PropertyValueSpecification","valueRequired":true,"valueName":"search_term_string"}}],"inLanguage":"de"}]}},"_links":{"self":[{"href":"https:\/\/www.dolfin.be\/de\/wp-json\/wp\/v2\/product\/5637","targetHints":{"allow":["GET"]}}],"collection":[{"href":"https:\/\/www.dolfin.be\/de\/wp-json\/wp\/v2\/product"}],"about":[{"href":"https:\/\/www.dolfin.be\/de\/wp-json\/wp\/v2\/types\/product"}],"wp:featuredmedia":[{"embeddable":true,"href":"https:\/\/www.dolfin.be\/de\/wp-json\/wp\/v2\/media\/4102"}],"wp:attachment":[{"href":"https:\/\/www.dolfin.be\/de\/wp-json\/wp\/v2\/media?parent=5637"}],"wp:term":[{"taxonomy":"product_brand","embeddable":true,"href":"https:\/\/www.dolfin.be\/de\/wp-json\/wp\/v2\/product_brand?post=5637"},{"taxonomy":"product_cat","embeddable":true,"href":"https:\/\/www.dolfin.be\/de\/wp-json\/wp\/v2\/product_cat?post=5637"},{"taxonomy":"product_tag","embeddable":true,"href":"https:\/\/www.dolfin.be\/de\/wp-json\/wp\/v2\/product_tag?post=5637"}],"curies":[{"name":"wp","href":"https:\/\/api.w.org\/{rel}","templated":true}]}}