{"id":5627,"date":"2016-09-22T08:35:09","date_gmt":"2016-09-22T06:35:09","guid":{"rendered":"https:\/\/dolfin.poush-dev.be\/product\/zartbitterschokolade-mit-gerosteten-pistazien-rosa-punjab-salz\/"},"modified":"2025-06-02T16:54:36","modified_gmt":"2025-06-02T14:54:36","slug":"zartbitterschokolade-mit-gerosteten-pistazien-rosa-punjab-salz","status":"publish","type":"product","link":"https:\/\/www.dolfin.be\/de\/produkt\/zartbitterschokolade-mit-gerosteten-pistazien-rosa-punjab-salz\/","title":{"rendered":"Ger\u00f6steten Pistazien &#038; rosa Punjab-Salz"},"content":{"rendered":"<p>Genie\u00dfen Sie eine edle Mischung aus Zartbitterschokolade, knackigen Pistazien und dem einzigartigen, zarten und erlesenen Geschmack des rosa Punjab-Salzes, das zahlreiche Mineralstoffe und Spurenelemente enth\u00e4lt.<\/p>\n<p><strong>Zutaten<\/strong>: Kakaomasse, Zucker, ger\u00f6steten <strong>Pistazien <\/strong>4%, Kakaobutter, Emulgator: <strong>Soja<\/strong>lecithin, rosa Salz aus dem Punjab 0,2%, nat\u00fcrliches Vanillearoma. Kakao: 60% mindestens. Kann Spuren von anderen N\u00fcssen, Eiern, Milch und Sesam enthalten.<\/p>\n","protected":false},"excerpt":{"rendered":"<p>Genie\u00dfen Sie eine edle Mischung aus Zartbitterschokolade, knackigen Pistazien und dem einzigartigen, zarten und erlesenen Geschmack des rosa Punjab-Salzes, das zahlreiche Mineralstoffe und Spurenelemente enth\u00e4lt.<\/p>\n","protected":false},"featured_media":4082,"template":"","meta":{"_acf_changed":false,"_et_pb_use_builder":"","_et_pb_old_content":"","_et_gb_content_width":"","inline_featured_image":false},"product_brand":[],"product_cat":[534,405,392],"product_tag":[],"class_list":{"0":"post-5627","1":"product","2":"type-product","3":"status-publish","4":"has-post-thumbnail","6":"product_cat-kleine-tafeln-30g","7":"product_cat-suesse-salzige","8":"product_cat-schokoladentafeln","10":"first","11":"instock","12":"purchasable","13":"product-type-simple"},"acf":[],"yoast_head":"<!-- This site is optimized with the Yoast SEO plugin v27.3 - https:\/\/yoast.com\/product\/yoast-seo-wordpress\/ -->\n<title>Dolfin | Zartbitterschokolade mit Ger\u00f6steten Pistazien &amp; rosa Punjab-Salz<\/title>\n<meta name=\"description\" content=\"Genie\u00dfen Sie diese subtile Mischung, die die s\u00fc\u00dfe Bitterkeit dunkler Schokolade, das Knacken von Pistazien und den einzigartigen Geschmack von rosa Punjab-Salz kombiniert.\" \/>\n<meta name=\"robots\" content=\"index, follow, max-snippet:-1, max-image-preview:large, max-video-preview:-1\" \/>\n<link rel=\"canonical\" href=\"https:\/\/www.dolfin.be\/de\/produkt\/zartbitterschokolade-mit-gerosteten-pistazien-rosa-punjab-salz\/\" \/>\n<meta property=\"og:locale\" content=\"de_DE\" \/>\n<meta property=\"og:type\" content=\"article\" \/>\n<meta property=\"og:title\" content=\"Dolfin | Zartbitterschokolade mit Ger\u00f6steten Pistazien &amp; rosa Punjab-Salz\" \/>\n<meta property=\"og:description\" content=\"Genie\u00dfen Sie diese subtile Mischung, die die s\u00fc\u00dfe Bitterkeit dunkler Schokolade, das Knacken von Pistazien und den einzigartigen Geschmack von rosa Punjab-Salz kombiniert.\" \/>\n<meta property=\"og:url\" content=\"https:\/\/www.dolfin.be\/de\/produkt\/zartbitterschokolade-mit-gerosteten-pistazien-rosa-punjab-salz\/\" \/>\n<meta property=\"og:site_name\" content=\"Dolfin\" \/>\n<meta property=\"article:modified_time\" content=\"2025-06-02T14:54:36+00:00\" \/>\n<meta property=\"og:image\" content=\"https:\/\/www.dolfin.be\/wp-content\/uploads\/2024\/02\/DO2461_top.jpg\" \/>\n\t<meta property=\"og:image:width\" content=\"1001\" \/>\n\t<meta property=\"og:image:height\" content=\"1877\" \/>\n\t<meta property=\"og:image:type\" content=\"image\/jpeg\" \/>\n<meta name=\"twitter:card\" content=\"summary_large_image\" \/>\n<meta name=\"twitter:label1\" content=\"Gesch\u00e4tzte Lesezeit\" \/>\n\t<meta name=\"twitter:data1\" content=\"1\u00a0Minute\" \/>\n<script type=\"application\/ld+json\" class=\"yoast-schema-graph\">{\"@context\":\"https:\\\/\\\/schema.org\",\"@graph\":[{\"@type\":\"WebPage\",\"@id\":\"https:\\\/\\\/www.dolfin.be\\\/de\\\/produkt\\\/zartbitterschokolade-mit-gerosteten-pistazien-rosa-punjab-salz\\\/\",\"url\":\"https:\\\/\\\/www.dolfin.be\\\/de\\\/produkt\\\/zartbitterschokolade-mit-gerosteten-pistazien-rosa-punjab-salz\\\/\",\"name\":\"Dolfin | Zartbitterschokolade mit Ger\u00f6steten Pistazien & rosa Punjab-Salz\",\"isPartOf\":{\"@id\":\"https:\\\/\\\/www.dolfin.be\\\/de\\\/#website\"},\"primaryImageOfPage\":{\"@id\":\"https:\\\/\\\/www.dolfin.be\\\/de\\\/produkt\\\/zartbitterschokolade-mit-gerosteten-pistazien-rosa-punjab-salz\\\/#primaryimage\"},\"image\":{\"@id\":\"https:\\\/\\\/www.dolfin.be\\\/de\\\/produkt\\\/zartbitterschokolade-mit-gerosteten-pistazien-rosa-punjab-salz\\\/#primaryimage\"},\"thumbnailUrl\":\"https:\\\/\\\/www.dolfin.be\\\/wp-content\\\/uploads\\\/2024\\\/02\\\/DO2461_top.jpg\",\"datePublished\":\"2016-09-22T06:35:09+00:00\",\"dateModified\":\"2025-06-02T14:54:36+00:00\",\"description\":\"Genie\u00dfen Sie diese subtile Mischung, die die s\u00fc\u00dfe Bitterkeit dunkler Schokolade, das Knacken von Pistazien und den einzigartigen Geschmack von rosa Punjab-Salz kombiniert.\",\"breadcrumb\":{\"@id\":\"https:\\\/\\\/www.dolfin.be\\\/de\\\/produkt\\\/zartbitterschokolade-mit-gerosteten-pistazien-rosa-punjab-salz\\\/#breadcrumb\"},\"inLanguage\":\"de\",\"potentialAction\":[{\"@type\":\"ReadAction\",\"target\":[\"https:\\\/\\\/www.dolfin.be\\\/de\\\/produkt\\\/zartbitterschokolade-mit-gerosteten-pistazien-rosa-punjab-salz\\\/\"]}]},{\"@type\":\"ImageObject\",\"inLanguage\":\"de\",\"@id\":\"https:\\\/\\\/www.dolfin.be\\\/de\\\/produkt\\\/zartbitterschokolade-mit-gerosteten-pistazien-rosa-punjab-salz\\\/#primaryimage\",\"url\":\"https:\\\/\\\/www.dolfin.be\\\/wp-content\\\/uploads\\\/2024\\\/02\\\/DO2461_top.jpg\",\"contentUrl\":\"https:\\\/\\\/www.dolfin.be\\\/wp-content\\\/uploads\\\/2024\\\/02\\\/DO2461_top.jpg\",\"width\":1001,\"height\":1877},{\"@type\":\"BreadcrumbList\",\"@id\":\"https:\\\/\\\/www.dolfin.be\\\/de\\\/produkt\\\/zartbitterschokolade-mit-gerosteten-pistazien-rosa-punjab-salz\\\/#breadcrumb\",\"itemListElement\":[{\"@type\":\"ListItem\",\"position\":1,\"name\":\"Accueil\",\"item\":\"https:\\\/\\\/www.dolfin.be\\\/de\\\/\"},{\"@type\":\"ListItem\",\"position\":2,\"name\":\"Unsere Produkte\",\"item\":\"https:\\\/\\\/www.dolfin.be\\\/de\\\/unsere-produkte\\\/\"},{\"@type\":\"ListItem\",\"position\":3,\"name\":\"Ger\u00f6steten Pistazien &#038; rosa Punjab-Salz\"}]},{\"@type\":\"WebSite\",\"@id\":\"https:\\\/\\\/www.dolfin.be\\\/de\\\/#website\",\"url\":\"https:\\\/\\\/www.dolfin.be\\\/de\\\/\",\"name\":\"Dolfin\",\"description\":\"\",\"potentialAction\":[{\"@type\":\"SearchAction\",\"target\":{\"@type\":\"EntryPoint\",\"urlTemplate\":\"https:\\\/\\\/www.dolfin.be\\\/de\\\/?s={search_term_string}\"},\"query-input\":{\"@type\":\"PropertyValueSpecification\",\"valueRequired\":true,\"valueName\":\"search_term_string\"}}],\"inLanguage\":\"de\"}]}<\/script>\n<!-- \/ Yoast SEO plugin. -->","yoast_head_json":{"title":"Dolfin | Zartbitterschokolade mit Ger\u00f6steten Pistazien & rosa Punjab-Salz","description":"Genie\u00dfen Sie diese subtile Mischung, die die s\u00fc\u00dfe Bitterkeit dunkler Schokolade, das Knacken von Pistazien und den einzigartigen Geschmack von rosa Punjab-Salz kombiniert.","robots":{"index":"index","follow":"follow","max-snippet":"max-snippet:-1","max-image-preview":"max-image-preview:large","max-video-preview":"max-video-preview:-1"},"canonical":"https:\/\/www.dolfin.be\/de\/produkt\/zartbitterschokolade-mit-gerosteten-pistazien-rosa-punjab-salz\/","og_locale":"de_DE","og_type":"article","og_title":"Dolfin | Zartbitterschokolade mit Ger\u00f6steten Pistazien & rosa Punjab-Salz","og_description":"Genie\u00dfen Sie diese subtile Mischung, die die s\u00fc\u00dfe Bitterkeit dunkler Schokolade, das Knacken von Pistazien und den einzigartigen Geschmack von rosa Punjab-Salz kombiniert.","og_url":"https:\/\/www.dolfin.be\/de\/produkt\/zartbitterschokolade-mit-gerosteten-pistazien-rosa-punjab-salz\/","og_site_name":"Dolfin","article_modified_time":"2025-06-02T14:54:36+00:00","og_image":[{"width":1001,"height":1877,"url":"https:\/\/www.dolfin.be\/wp-content\/uploads\/2024\/02\/DO2461_top.jpg","type":"image\/jpeg"}],"twitter_card":"summary_large_image","twitter_misc":{"Gesch\u00e4tzte Lesezeit":"1\u00a0Minute"},"schema":{"@context":"https:\/\/schema.org","@graph":[{"@type":"WebPage","@id":"https:\/\/www.dolfin.be\/de\/produkt\/zartbitterschokolade-mit-gerosteten-pistazien-rosa-punjab-salz\/","url":"https:\/\/www.dolfin.be\/de\/produkt\/zartbitterschokolade-mit-gerosteten-pistazien-rosa-punjab-salz\/","name":"Dolfin | Zartbitterschokolade mit Ger\u00f6steten Pistazien & rosa Punjab-Salz","isPartOf":{"@id":"https:\/\/www.dolfin.be\/de\/#website"},"primaryImageOfPage":{"@id":"https:\/\/www.dolfin.be\/de\/produkt\/zartbitterschokolade-mit-gerosteten-pistazien-rosa-punjab-salz\/#primaryimage"},"image":{"@id":"https:\/\/www.dolfin.be\/de\/produkt\/zartbitterschokolade-mit-gerosteten-pistazien-rosa-punjab-salz\/#primaryimage"},"thumbnailUrl":"https:\/\/www.dolfin.be\/wp-content\/uploads\/2024\/02\/DO2461_top.jpg","datePublished":"2016-09-22T06:35:09+00:00","dateModified":"2025-06-02T14:54:36+00:00","description":"Genie\u00dfen Sie diese subtile Mischung, die die s\u00fc\u00dfe Bitterkeit dunkler Schokolade, das Knacken von Pistazien und den einzigartigen Geschmack von rosa Punjab-Salz kombiniert.","breadcrumb":{"@id":"https:\/\/www.dolfin.be\/de\/produkt\/zartbitterschokolade-mit-gerosteten-pistazien-rosa-punjab-salz\/#breadcrumb"},"inLanguage":"de","potentialAction":[{"@type":"ReadAction","target":["https:\/\/www.dolfin.be\/de\/produkt\/zartbitterschokolade-mit-gerosteten-pistazien-rosa-punjab-salz\/"]}]},{"@type":"ImageObject","inLanguage":"de","@id":"https:\/\/www.dolfin.be\/de\/produkt\/zartbitterschokolade-mit-gerosteten-pistazien-rosa-punjab-salz\/#primaryimage","url":"https:\/\/www.dolfin.be\/wp-content\/uploads\/2024\/02\/DO2461_top.jpg","contentUrl":"https:\/\/www.dolfin.be\/wp-content\/uploads\/2024\/02\/DO2461_top.jpg","width":1001,"height":1877},{"@type":"BreadcrumbList","@id":"https:\/\/www.dolfin.be\/de\/produkt\/zartbitterschokolade-mit-gerosteten-pistazien-rosa-punjab-salz\/#breadcrumb","itemListElement":[{"@type":"ListItem","position":1,"name":"Accueil","item":"https:\/\/www.dolfin.be\/de\/"},{"@type":"ListItem","position":2,"name":"Unsere Produkte","item":"https:\/\/www.dolfin.be\/de\/unsere-produkte\/"},{"@type":"ListItem","position":3,"name":"Ger\u00f6steten Pistazien &#038; rosa Punjab-Salz"}]},{"@type":"WebSite","@id":"https:\/\/www.dolfin.be\/de\/#website","url":"https:\/\/www.dolfin.be\/de\/","name":"Dolfin","description":"","potentialAction":[{"@type":"SearchAction","target":{"@type":"EntryPoint","urlTemplate":"https:\/\/www.dolfin.be\/de\/?s={search_term_string}"},"query-input":{"@type":"PropertyValueSpecification","valueRequired":true,"valueName":"search_term_string"}}],"inLanguage":"de"}]}},"_links":{"self":[{"href":"https:\/\/www.dolfin.be\/de\/wp-json\/wp\/v2\/product\/5627","targetHints":{"allow":["GET"]}}],"collection":[{"href":"https:\/\/www.dolfin.be\/de\/wp-json\/wp\/v2\/product"}],"about":[{"href":"https:\/\/www.dolfin.be\/de\/wp-json\/wp\/v2\/types\/product"}],"wp:featuredmedia":[{"embeddable":true,"href":"https:\/\/www.dolfin.be\/de\/wp-json\/wp\/v2\/media\/4082"}],"wp:attachment":[{"href":"https:\/\/www.dolfin.be\/de\/wp-json\/wp\/v2\/media?parent=5627"}],"wp:term":[{"taxonomy":"product_brand","embeddable":true,"href":"https:\/\/www.dolfin.be\/de\/wp-json\/wp\/v2\/product_brand?post=5627"},{"taxonomy":"product_cat","embeddable":true,"href":"https:\/\/www.dolfin.be\/de\/wp-json\/wp\/v2\/product_cat?post=5627"},{"taxonomy":"product_tag","embeddable":true,"href":"https:\/\/www.dolfin.be\/de\/wp-json\/wp\/v2\/product_tag?post=5627"}],"curies":[{"name":"wp","href":"https:\/\/api.w.org\/{rel}","templated":true}]}}