{"id":5522,"date":"2024-03-26T14:20:27","date_gmt":"2024-03-26T13:20:27","guid":{"rendered":"https:\/\/dolfin.poush-dev.be\/product\/vollmilchschokolade-milchkaramell-und-puffreis\/"},"modified":"2025-10-22T14:56:34","modified_gmt":"2025-10-22T12:56:34","slug":"vollmilchschokolade-milchkaramell-und-puffreis","status":"publish","type":"product","link":"https:\/\/www.dolfin.be\/de\/produkt\/vollmilchschokolade-milchkaramell-und-puffreis\/","title":{"rendered":"Milchkaramell &#038; Puffreis"},"content":{"rendered":"<p>Dulce de leche oder \u201eMilchkonfit\u00fcre\u201c \u2013 eine sinnliche Symbiose aus Milch und Zucker, die sich schonend auf niedriger Flamme entfaltet und der Milchschokolade ihre ganze Milde verleiht. Der knusprige Puffreis verhilft dem Duo anschlie\u00dfend liebevoll zu seinem Recht.<\/p>\n<p><strong>Zutaten <\/strong>: Zucker, Kakaomasse, Kakaobutter, Voll<strong>milch<\/strong>pulver, Dulce de Leche 4% (Molke (<strong>Milch<\/strong>), Butter (<strong>Milch<\/strong>), Maltodextrin, Zucker, Mager<strong>milch<\/strong>, nat\u00fcrliches Aroma), knuspriges Getreide 2% (Reismehl, Zucker, <strong>Weizen<\/strong>gluten, Palm\u00f6l, gem\u00e4lztes <strong>Weizen<\/strong>mehl (<strong>gluten<\/strong>), Salz), Karamell mit gesalzener Butter 1% (Zucker, Glukosesirup, Voll<strong>milch<\/strong>pulver, Sahne (<strong>Milch<\/strong>), gesalzene Butter (<strong>Milch<\/strong>), Guerande-Salz, Emulgator: Rapslecithin), Emulgator: <strong>Soja<\/strong>lecithin, nat\u00fcrliches Vanillearoma. Kakao : 37% mindestens. Kann N\u00fcsse, Gluten, Eiern und Sesam enthalten.<\/p>\n","protected":false},"excerpt":{"rendered":"<p>Dulce de leche oder \u201eMilchkonfit\u00fcre\u201c \u2013 eine sinnliche Symbiose aus Milch und Zucker, die sich schonend auf niedriger Flamme entfaltet und der Milchschokolade ihre ganze Milde verleiht. Der knusprige Puffreis verhilft dem Duo anschlie\u00dfend liebevoll zu seinem Recht.<\/p>\n","protected":false},"featured_media":3902,"template":"","meta":{"_acf_changed":false,"_et_pb_use_builder":"","_et_pb_old_content":"","_et_gb_content_width":"","inline_featured_image":false},"product_brand":[],"product_cat":[402,421,533,392],"product_tag":[],"class_list":{"0":"post-5522","1":"product","2":"type-product","3":"status-publish","4":"has-post-thumbnail","6":"product_cat-aktion-orange","7":"product_cat-dolfin-kollektion","8":"product_cat-grosse-tafeln-70g","9":"product_cat-schokoladentafeln","11":"first","12":"instock","13":"purchasable","14":"product-type-simple"},"acf":[],"yoast_head":"<!-- This site is optimized with the Yoast SEO plugin v27.4 - https:\/\/yoast.com\/product\/yoast-seo-wordpress\/ -->\n<title>Dolfin | Vollmilchschokolade mit Milchkaramell &amp; Puffreis<\/title>\n<meta name=\"description\" content=\"Dulce de leche, eine \u00fcppige Mischung aus Milch und Zucker, die bei sehr geringer Hitze gekocht wird, bringt ihre volle S\u00fc\u00dfe.\" \/>\n<meta name=\"robots\" content=\"index, follow, max-snippet:-1, max-image-preview:large, max-video-preview:-1\" \/>\n<link rel=\"canonical\" href=\"https:\/\/www.dolfin.be\/de\/produkt\/vollmilchschokolade-milchkaramell-und-puffreis\/\" \/>\n<meta property=\"og:locale\" content=\"de_DE\" \/>\n<meta property=\"og:type\" content=\"article\" \/>\n<meta property=\"og:title\" content=\"Dolfin | Vollmilchschokolade mit Milchkaramell &amp; Puffreis\" \/>\n<meta property=\"og:description\" content=\"Dulce de leche, eine \u00fcppige Mischung aus Milch und Zucker, die bei sehr geringer Hitze gekocht wird, bringt ihre volle S\u00fc\u00dfe.\" \/>\n<meta property=\"og:url\" content=\"https:\/\/www.dolfin.be\/de\/produkt\/vollmilchschokolade-milchkaramell-und-puffreis\/\" \/>\n<meta property=\"og:site_name\" content=\"Dolfin\" \/>\n<meta property=\"article:modified_time\" content=\"2025-10-22T12:56:34+00:00\" \/>\n<meta property=\"og:image\" content=\"https:\/\/www.dolfin.be\/wp-content\/uploads\/2024\/02\/DO2421_EU_Face.jpg\" \/>\n\t<meta property=\"og:image:width\" content=\"1001\" \/>\n\t<meta property=\"og:image:height\" content=\"1686\" \/>\n\t<meta property=\"og:image:type\" content=\"image\/jpeg\" \/>\n<meta name=\"twitter:card\" content=\"summary_large_image\" \/>\n<meta name=\"twitter:label1\" content=\"Gesch\u00e4tzte Lesezeit\" \/>\n\t<meta name=\"twitter:data1\" content=\"1\u00a0Minute\" \/>\n<script type=\"application\/ld+json\" class=\"yoast-schema-graph\">{\"@context\":\"https:\\\/\\\/schema.org\",\"@graph\":[{\"@type\":\"WebPage\",\"@id\":\"https:\\\/\\\/www.dolfin.be\\\/de\\\/produkt\\\/vollmilchschokolade-milchkaramell-und-puffreis\\\/\",\"url\":\"https:\\\/\\\/www.dolfin.be\\\/de\\\/produkt\\\/vollmilchschokolade-milchkaramell-und-puffreis\\\/\",\"name\":\"Dolfin | Vollmilchschokolade mit Milchkaramell & Puffreis\",\"isPartOf\":{\"@id\":\"https:\\\/\\\/www.dolfin.be\\\/de\\\/#website\"},\"primaryImageOfPage\":{\"@id\":\"https:\\\/\\\/www.dolfin.be\\\/de\\\/produkt\\\/vollmilchschokolade-milchkaramell-und-puffreis\\\/#primaryimage\"},\"image\":{\"@id\":\"https:\\\/\\\/www.dolfin.be\\\/de\\\/produkt\\\/vollmilchschokolade-milchkaramell-und-puffreis\\\/#primaryimage\"},\"thumbnailUrl\":\"https:\\\/\\\/www.dolfin.be\\\/wp-content\\\/uploads\\\/2024\\\/02\\\/DO2421_EU_Face.jpg\",\"datePublished\":\"2024-03-26T13:20:27+00:00\",\"dateModified\":\"2025-10-22T12:56:34+00:00\",\"description\":\"Dulce de leche, eine \u00fcppige Mischung aus Milch und Zucker, die bei sehr geringer Hitze gekocht wird, bringt ihre volle S\u00fc\u00dfe.\",\"breadcrumb\":{\"@id\":\"https:\\\/\\\/www.dolfin.be\\\/de\\\/produkt\\\/vollmilchschokolade-milchkaramell-und-puffreis\\\/#breadcrumb\"},\"inLanguage\":\"de\",\"potentialAction\":[{\"@type\":\"ReadAction\",\"target\":[\"https:\\\/\\\/www.dolfin.be\\\/de\\\/produkt\\\/vollmilchschokolade-milchkaramell-und-puffreis\\\/\"]}]},{\"@type\":\"ImageObject\",\"inLanguage\":\"de\",\"@id\":\"https:\\\/\\\/www.dolfin.be\\\/de\\\/produkt\\\/vollmilchschokolade-milchkaramell-und-puffreis\\\/#primaryimage\",\"url\":\"https:\\\/\\\/www.dolfin.be\\\/wp-content\\\/uploads\\\/2024\\\/02\\\/DO2421_EU_Face.jpg\",\"contentUrl\":\"https:\\\/\\\/www.dolfin.be\\\/wp-content\\\/uploads\\\/2024\\\/02\\\/DO2421_EU_Face.jpg\",\"width\":1001,\"height\":1686},{\"@type\":\"BreadcrumbList\",\"@id\":\"https:\\\/\\\/www.dolfin.be\\\/de\\\/produkt\\\/vollmilchschokolade-milchkaramell-und-puffreis\\\/#breadcrumb\",\"itemListElement\":[{\"@type\":\"ListItem\",\"position\":1,\"name\":\"Accueil\",\"item\":\"https:\\\/\\\/www.dolfin.be\\\/de\\\/\"},{\"@type\":\"ListItem\",\"position\":2,\"name\":\"Unsere Produkte\",\"item\":\"https:\\\/\\\/www.dolfin.be\\\/de\\\/unsere-produkte\\\/\"},{\"@type\":\"ListItem\",\"position\":3,\"name\":\"Milchkaramell &#038; Puffreis\"}]},{\"@type\":\"WebSite\",\"@id\":\"https:\\\/\\\/www.dolfin.be\\\/de\\\/#website\",\"url\":\"https:\\\/\\\/www.dolfin.be\\\/de\\\/\",\"name\":\"Dolfin\",\"description\":\"\",\"potentialAction\":[{\"@type\":\"SearchAction\",\"target\":{\"@type\":\"EntryPoint\",\"urlTemplate\":\"https:\\\/\\\/www.dolfin.be\\\/de\\\/?s={search_term_string}\"},\"query-input\":{\"@type\":\"PropertyValueSpecification\",\"valueRequired\":true,\"valueName\":\"search_term_string\"}}],\"inLanguage\":\"de\"}]}<\/script>\n<!-- \/ Yoast SEO plugin. -->","yoast_head_json":{"title":"Dolfin | Vollmilchschokolade mit Milchkaramell & Puffreis","description":"Dulce de leche, eine \u00fcppige Mischung aus Milch und Zucker, die bei sehr geringer Hitze gekocht wird, bringt ihre volle S\u00fc\u00dfe.","robots":{"index":"index","follow":"follow","max-snippet":"max-snippet:-1","max-image-preview":"max-image-preview:large","max-video-preview":"max-video-preview:-1"},"canonical":"https:\/\/www.dolfin.be\/de\/produkt\/vollmilchschokolade-milchkaramell-und-puffreis\/","og_locale":"de_DE","og_type":"article","og_title":"Dolfin | Vollmilchschokolade mit Milchkaramell & Puffreis","og_description":"Dulce de leche, eine \u00fcppige Mischung aus Milch und Zucker, die bei sehr geringer Hitze gekocht wird, bringt ihre volle S\u00fc\u00dfe.","og_url":"https:\/\/www.dolfin.be\/de\/produkt\/vollmilchschokolade-milchkaramell-und-puffreis\/","og_site_name":"Dolfin","article_modified_time":"2025-10-22T12:56:34+00:00","og_image":[{"width":1001,"height":1686,"url":"https:\/\/www.dolfin.be\/wp-content\/uploads\/2024\/02\/DO2421_EU_Face.jpg","type":"image\/jpeg"}],"twitter_card":"summary_large_image","twitter_misc":{"Gesch\u00e4tzte Lesezeit":"1\u00a0Minute"},"schema":{"@context":"https:\/\/schema.org","@graph":[{"@type":"WebPage","@id":"https:\/\/www.dolfin.be\/de\/produkt\/vollmilchschokolade-milchkaramell-und-puffreis\/","url":"https:\/\/www.dolfin.be\/de\/produkt\/vollmilchschokolade-milchkaramell-und-puffreis\/","name":"Dolfin | Vollmilchschokolade mit Milchkaramell & Puffreis","isPartOf":{"@id":"https:\/\/www.dolfin.be\/de\/#website"},"primaryImageOfPage":{"@id":"https:\/\/www.dolfin.be\/de\/produkt\/vollmilchschokolade-milchkaramell-und-puffreis\/#primaryimage"},"image":{"@id":"https:\/\/www.dolfin.be\/de\/produkt\/vollmilchschokolade-milchkaramell-und-puffreis\/#primaryimage"},"thumbnailUrl":"https:\/\/www.dolfin.be\/wp-content\/uploads\/2024\/02\/DO2421_EU_Face.jpg","datePublished":"2024-03-26T13:20:27+00:00","dateModified":"2025-10-22T12:56:34+00:00","description":"Dulce de leche, eine \u00fcppige Mischung aus Milch und Zucker, die bei sehr geringer Hitze gekocht wird, bringt ihre volle S\u00fc\u00dfe.","breadcrumb":{"@id":"https:\/\/www.dolfin.be\/de\/produkt\/vollmilchschokolade-milchkaramell-und-puffreis\/#breadcrumb"},"inLanguage":"de","potentialAction":[{"@type":"ReadAction","target":["https:\/\/www.dolfin.be\/de\/produkt\/vollmilchschokolade-milchkaramell-und-puffreis\/"]}]},{"@type":"ImageObject","inLanguage":"de","@id":"https:\/\/www.dolfin.be\/de\/produkt\/vollmilchschokolade-milchkaramell-und-puffreis\/#primaryimage","url":"https:\/\/www.dolfin.be\/wp-content\/uploads\/2024\/02\/DO2421_EU_Face.jpg","contentUrl":"https:\/\/www.dolfin.be\/wp-content\/uploads\/2024\/02\/DO2421_EU_Face.jpg","width":1001,"height":1686},{"@type":"BreadcrumbList","@id":"https:\/\/www.dolfin.be\/de\/produkt\/vollmilchschokolade-milchkaramell-und-puffreis\/#breadcrumb","itemListElement":[{"@type":"ListItem","position":1,"name":"Accueil","item":"https:\/\/www.dolfin.be\/de\/"},{"@type":"ListItem","position":2,"name":"Unsere Produkte","item":"https:\/\/www.dolfin.be\/de\/unsere-produkte\/"},{"@type":"ListItem","position":3,"name":"Milchkaramell &#038; Puffreis"}]},{"@type":"WebSite","@id":"https:\/\/www.dolfin.be\/de\/#website","url":"https:\/\/www.dolfin.be\/de\/","name":"Dolfin","description":"","potentialAction":[{"@type":"SearchAction","target":{"@type":"EntryPoint","urlTemplate":"https:\/\/www.dolfin.be\/de\/?s={search_term_string}"},"query-input":{"@type":"PropertyValueSpecification","valueRequired":true,"valueName":"search_term_string"}}],"inLanguage":"de"}]}},"_links":{"self":[{"href":"https:\/\/www.dolfin.be\/de\/wp-json\/wp\/v2\/product\/5522","targetHints":{"allow":["GET"]}}],"collection":[{"href":"https:\/\/www.dolfin.be\/de\/wp-json\/wp\/v2\/product"}],"about":[{"href":"https:\/\/www.dolfin.be\/de\/wp-json\/wp\/v2\/types\/product"}],"wp:featuredmedia":[{"embeddable":true,"href":"https:\/\/www.dolfin.be\/de\/wp-json\/wp\/v2\/media\/3902"}],"wp:attachment":[{"href":"https:\/\/www.dolfin.be\/de\/wp-json\/wp\/v2\/media?parent=5522"}],"wp:term":[{"taxonomy":"product_brand","embeddable":true,"href":"https:\/\/www.dolfin.be\/de\/wp-json\/wp\/v2\/product_brand?post=5522"},{"taxonomy":"product_cat","embeddable":true,"href":"https:\/\/www.dolfin.be\/de\/wp-json\/wp\/v2\/product_cat?post=5522"},{"taxonomy":"product_tag","embeddable":true,"href":"https:\/\/www.dolfin.be\/de\/wp-json\/wp\/v2\/product_tag?post=5522"}],"curies":[{"name":"wp","href":"https:\/\/api.w.org\/{rel}","templated":true}]}}