{"id":5503,"date":"2014-02-11T10:54:35","date_gmt":"2014-02-11T09:54:35","guid":{"rendered":"https:\/\/dolfin.poush-dev.be\/product\/zartbitterschokolade-superfruchten\/"},"modified":"2025-09-02T11:34:25","modified_gmt":"2025-09-02T09:34:25","slug":"beutel-125g-zartbitterschokolade-superfruechten","status":"publish","type":"product","link":"https:\/\/www.dolfin.be\/de\/produkt\/beutel-125g-zartbitterschokolade-superfruechten\/","title":{"rendered":"Beutel 125g &#8211; Zartbitterschokolade &#038; Superfr\u00fcchten"},"content":{"rendered":"<p>Eine erhabene Kontrast durch das milde Salzbutter Karamell, die Macht der dunklen Schokolade und der weichen und milden Geschmack von Superfruits gebracht.<\/p>\n<p><strong>Zutaten <\/strong>: Zucker, Butter (<strong>Milch<\/strong>), Superfr\u00fcchte 20% (Preiselbeeren (Preiselbeeren, Zucker, Sonnenblumen\u00f6l), Goji-Beeren, Maulbeeren, Physalis), Kakaomasse, Glukosesirup, Kakaobutter, Salz, Emulgator: <strong>Soja<\/strong>lecithin, nat\u00fcrliches Vanillearoma. Der Schokoladen\u00fcberzug enth\u00e4lt mindestens 60 % Kakao. Kann N\u00fcssen, Gluten und Sesam enthalten.<\/p>\n","protected":false},"excerpt":{"rendered":"<p>Eine erhabene Kontrast durch das milde Salzbutter Karamell, die Macht der dunklen Schokolade und der weichen und milden Geschmack von Superfruits gebracht.<\/p>\n","protected":false},"featured_media":26236,"template":"","meta":{"_acf_changed":false,"_et_pb_use_builder":"","_et_pb_old_content":"","_et_gb_content_width":"","inline_featured_image":false},"product_brand":[],"product_cat":[401,393],"product_tag":[],"class_list":{"0":"post-5503","1":"product","2":"type-product","3":"status-publish","4":"has-post-thumbnail","6":"product_cat-dolfin-karamellen","7":"product_cat-karamellbutter-salz-schokolade","9":"first","10":"instock","11":"purchasable","12":"product-type-simple"},"acf":[],"yoast_head":"<!-- This site is optimized with the Yoast SEO plugin v27.4 - https:\/\/yoast.com\/product\/yoast-seo-wordpress\/ -->\n<title>Dolfin | Karamell &amp; Schokolade - Beutel 125g - Zartbitterschokolade &amp; Superfr\u00fcchten<\/title>\n<meta name=\"description\" content=\"Ein erhabener Kontrast, der durch die S\u00fc\u00dfe von gesalzenem Butterkaramell, die Kraft dunkler Schokolade und den zarten Geschmack von Superfr\u00fcchten entsteht.\" \/>\n<meta name=\"robots\" content=\"index, follow, max-snippet:-1, max-image-preview:large, max-video-preview:-1\" \/>\n<link rel=\"canonical\" href=\"https:\/\/www.dolfin.be\/de\/produkt\/beutel-125g-zartbitterschokolade-superfruechten\/\" \/>\n<meta property=\"og:locale\" content=\"de_DE\" \/>\n<meta property=\"og:type\" content=\"article\" \/>\n<meta property=\"og:title\" content=\"Dolfin | Karamell &amp; Schokolade - Beutel 125g - Zartbitterschokolade &amp; Superfr\u00fcchten\" \/>\n<meta property=\"og:description\" content=\"Ein erhabener Kontrast, der durch die S\u00fc\u00dfe von gesalzenem Butterkaramell, die Kraft dunkler Schokolade und den zarten Geschmack von Superfr\u00fcchten entsteht.\" \/>\n<meta property=\"og:url\" content=\"https:\/\/www.dolfin.be\/de\/produkt\/beutel-125g-zartbitterschokolade-superfruechten\/\" \/>\n<meta property=\"og:site_name\" content=\"Dolfin\" \/>\n<meta property=\"article:modified_time\" content=\"2025-09-02T09:34:25+00:00\" \/>\n<meta property=\"og:image\" content=\"https:\/\/www.dolfin.be\/wp-content\/uploads\/2014\/02\/Doypack-superfruits_front_lowres.jpg\" \/>\n\t<meta property=\"og:image:width\" content=\"1200\" \/>\n\t<meta property=\"og:image:height\" content=\"1200\" \/>\n\t<meta property=\"og:image:type\" content=\"image\/jpeg\" \/>\n<meta name=\"twitter:card\" content=\"summary_large_image\" \/>\n<meta name=\"twitter:label1\" content=\"Gesch\u00e4tzte Lesezeit\" \/>\n\t<meta name=\"twitter:data1\" content=\"1\u00a0Minute\" \/>\n<script type=\"application\/ld+json\" class=\"yoast-schema-graph\">{\"@context\":\"https:\\\/\\\/schema.org\",\"@graph\":[{\"@type\":\"WebPage\",\"@id\":\"https:\\\/\\\/www.dolfin.be\\\/de\\\/produkt\\\/beutel-125g-zartbitterschokolade-superfruechten\\\/\",\"url\":\"https:\\\/\\\/www.dolfin.be\\\/de\\\/produkt\\\/beutel-125g-zartbitterschokolade-superfruechten\\\/\",\"name\":\"Dolfin | Karamell & Schokolade - Beutel 125g - Zartbitterschokolade & Superfr\u00fcchten\",\"isPartOf\":{\"@id\":\"https:\\\/\\\/www.dolfin.be\\\/de\\\/#website\"},\"primaryImageOfPage\":{\"@id\":\"https:\\\/\\\/www.dolfin.be\\\/de\\\/produkt\\\/beutel-125g-zartbitterschokolade-superfruechten\\\/#primaryimage\"},\"image\":{\"@id\":\"https:\\\/\\\/www.dolfin.be\\\/de\\\/produkt\\\/beutel-125g-zartbitterschokolade-superfruechten\\\/#primaryimage\"},\"thumbnailUrl\":\"https:\\\/\\\/www.dolfin.be\\\/wp-content\\\/uploads\\\/2014\\\/02\\\/Doypack-superfruits_front_lowres.jpg\",\"datePublished\":\"2014-02-11T09:54:35+00:00\",\"dateModified\":\"2025-09-02T09:34:25+00:00\",\"description\":\"Ein erhabener Kontrast, der durch die S\u00fc\u00dfe von gesalzenem Butterkaramell, die Kraft dunkler Schokolade und den zarten Geschmack von Superfr\u00fcchten entsteht.\",\"breadcrumb\":{\"@id\":\"https:\\\/\\\/www.dolfin.be\\\/de\\\/produkt\\\/beutel-125g-zartbitterschokolade-superfruechten\\\/#breadcrumb\"},\"inLanguage\":\"de\",\"potentialAction\":[{\"@type\":\"ReadAction\",\"target\":[\"https:\\\/\\\/www.dolfin.be\\\/de\\\/produkt\\\/beutel-125g-zartbitterschokolade-superfruechten\\\/\"]}]},{\"@type\":\"ImageObject\",\"inLanguage\":\"de\",\"@id\":\"https:\\\/\\\/www.dolfin.be\\\/de\\\/produkt\\\/beutel-125g-zartbitterschokolade-superfruechten\\\/#primaryimage\",\"url\":\"https:\\\/\\\/www.dolfin.be\\\/wp-content\\\/uploads\\\/2014\\\/02\\\/Doypack-superfruits_front_lowres.jpg\",\"contentUrl\":\"https:\\\/\\\/www.dolfin.be\\\/wp-content\\\/uploads\\\/2014\\\/02\\\/Doypack-superfruits_front_lowres.jpg\",\"width\":1200,\"height\":1200},{\"@type\":\"BreadcrumbList\",\"@id\":\"https:\\\/\\\/www.dolfin.be\\\/de\\\/produkt\\\/beutel-125g-zartbitterschokolade-superfruechten\\\/#breadcrumb\",\"itemListElement\":[{\"@type\":\"ListItem\",\"position\":1,\"name\":\"Accueil\",\"item\":\"https:\\\/\\\/www.dolfin.be\\\/de\\\/\"},{\"@type\":\"ListItem\",\"position\":2,\"name\":\"Unsere Produkte\",\"item\":\"https:\\\/\\\/www.dolfin.be\\\/de\\\/unsere-produkte\\\/\"},{\"@type\":\"ListItem\",\"position\":3,\"name\":\"Beutel 125g &#8211; Zartbitterschokolade &#038; Superfr\u00fcchten\"}]},{\"@type\":\"WebSite\",\"@id\":\"https:\\\/\\\/www.dolfin.be\\\/de\\\/#website\",\"url\":\"https:\\\/\\\/www.dolfin.be\\\/de\\\/\",\"name\":\"Dolfin\",\"description\":\"\",\"potentialAction\":[{\"@type\":\"SearchAction\",\"target\":{\"@type\":\"EntryPoint\",\"urlTemplate\":\"https:\\\/\\\/www.dolfin.be\\\/de\\\/?s={search_term_string}\"},\"query-input\":{\"@type\":\"PropertyValueSpecification\",\"valueRequired\":true,\"valueName\":\"search_term_string\"}}],\"inLanguage\":\"de\"}]}<\/script>\n<!-- \/ Yoast SEO plugin. -->","yoast_head_json":{"title":"Dolfin | Karamell & Schokolade - Beutel 125g - Zartbitterschokolade & Superfr\u00fcchten","description":"Ein erhabener Kontrast, der durch die S\u00fc\u00dfe von gesalzenem Butterkaramell, die Kraft dunkler Schokolade und den zarten Geschmack von Superfr\u00fcchten entsteht.","robots":{"index":"index","follow":"follow","max-snippet":"max-snippet:-1","max-image-preview":"max-image-preview:large","max-video-preview":"max-video-preview:-1"},"canonical":"https:\/\/www.dolfin.be\/de\/produkt\/beutel-125g-zartbitterschokolade-superfruechten\/","og_locale":"de_DE","og_type":"article","og_title":"Dolfin | Karamell & Schokolade - Beutel 125g - Zartbitterschokolade & Superfr\u00fcchten","og_description":"Ein erhabener Kontrast, der durch die S\u00fc\u00dfe von gesalzenem Butterkaramell, die Kraft dunkler Schokolade und den zarten Geschmack von Superfr\u00fcchten entsteht.","og_url":"https:\/\/www.dolfin.be\/de\/produkt\/beutel-125g-zartbitterschokolade-superfruechten\/","og_site_name":"Dolfin","article_modified_time":"2025-09-02T09:34:25+00:00","og_image":[{"width":1200,"height":1200,"url":"https:\/\/www.dolfin.be\/wp-content\/uploads\/2014\/02\/Doypack-superfruits_front_lowres.jpg","type":"image\/jpeg"}],"twitter_card":"summary_large_image","twitter_misc":{"Gesch\u00e4tzte Lesezeit":"1\u00a0Minute"},"schema":{"@context":"https:\/\/schema.org","@graph":[{"@type":"WebPage","@id":"https:\/\/www.dolfin.be\/de\/produkt\/beutel-125g-zartbitterschokolade-superfruechten\/","url":"https:\/\/www.dolfin.be\/de\/produkt\/beutel-125g-zartbitterschokolade-superfruechten\/","name":"Dolfin | Karamell & Schokolade - Beutel 125g - Zartbitterschokolade & Superfr\u00fcchten","isPartOf":{"@id":"https:\/\/www.dolfin.be\/de\/#website"},"primaryImageOfPage":{"@id":"https:\/\/www.dolfin.be\/de\/produkt\/beutel-125g-zartbitterschokolade-superfruechten\/#primaryimage"},"image":{"@id":"https:\/\/www.dolfin.be\/de\/produkt\/beutel-125g-zartbitterschokolade-superfruechten\/#primaryimage"},"thumbnailUrl":"https:\/\/www.dolfin.be\/wp-content\/uploads\/2014\/02\/Doypack-superfruits_front_lowres.jpg","datePublished":"2014-02-11T09:54:35+00:00","dateModified":"2025-09-02T09:34:25+00:00","description":"Ein erhabener Kontrast, der durch die S\u00fc\u00dfe von gesalzenem Butterkaramell, die Kraft dunkler Schokolade und den zarten Geschmack von Superfr\u00fcchten entsteht.","breadcrumb":{"@id":"https:\/\/www.dolfin.be\/de\/produkt\/beutel-125g-zartbitterschokolade-superfruechten\/#breadcrumb"},"inLanguage":"de","potentialAction":[{"@type":"ReadAction","target":["https:\/\/www.dolfin.be\/de\/produkt\/beutel-125g-zartbitterschokolade-superfruechten\/"]}]},{"@type":"ImageObject","inLanguage":"de","@id":"https:\/\/www.dolfin.be\/de\/produkt\/beutel-125g-zartbitterschokolade-superfruechten\/#primaryimage","url":"https:\/\/www.dolfin.be\/wp-content\/uploads\/2014\/02\/Doypack-superfruits_front_lowres.jpg","contentUrl":"https:\/\/www.dolfin.be\/wp-content\/uploads\/2014\/02\/Doypack-superfruits_front_lowres.jpg","width":1200,"height":1200},{"@type":"BreadcrumbList","@id":"https:\/\/www.dolfin.be\/de\/produkt\/beutel-125g-zartbitterschokolade-superfruechten\/#breadcrumb","itemListElement":[{"@type":"ListItem","position":1,"name":"Accueil","item":"https:\/\/www.dolfin.be\/de\/"},{"@type":"ListItem","position":2,"name":"Unsere Produkte","item":"https:\/\/www.dolfin.be\/de\/unsere-produkte\/"},{"@type":"ListItem","position":3,"name":"Beutel 125g &#8211; Zartbitterschokolade &#038; Superfr\u00fcchten"}]},{"@type":"WebSite","@id":"https:\/\/www.dolfin.be\/de\/#website","url":"https:\/\/www.dolfin.be\/de\/","name":"Dolfin","description":"","potentialAction":[{"@type":"SearchAction","target":{"@type":"EntryPoint","urlTemplate":"https:\/\/www.dolfin.be\/de\/?s={search_term_string}"},"query-input":{"@type":"PropertyValueSpecification","valueRequired":true,"valueName":"search_term_string"}}],"inLanguage":"de"}]}},"_links":{"self":[{"href":"https:\/\/www.dolfin.be\/de\/wp-json\/wp\/v2\/product\/5503","targetHints":{"allow":["GET"]}}],"collection":[{"href":"https:\/\/www.dolfin.be\/de\/wp-json\/wp\/v2\/product"}],"about":[{"href":"https:\/\/www.dolfin.be\/de\/wp-json\/wp\/v2\/types\/product"}],"wp:featuredmedia":[{"embeddable":true,"href":"https:\/\/www.dolfin.be\/de\/wp-json\/wp\/v2\/media\/26236"}],"wp:attachment":[{"href":"https:\/\/www.dolfin.be\/de\/wp-json\/wp\/v2\/media?parent=5503"}],"wp:term":[{"taxonomy":"product_brand","embeddable":true,"href":"https:\/\/www.dolfin.be\/de\/wp-json\/wp\/v2\/product_brand?post=5503"},{"taxonomy":"product_cat","embeddable":true,"href":"https:\/\/www.dolfin.be\/de\/wp-json\/wp\/v2\/product_cat?post=5503"},{"taxonomy":"product_tag","embeddable":true,"href":"https:\/\/www.dolfin.be\/de\/wp-json\/wp\/v2\/product_tag?post=5503"}],"curies":[{"name":"wp","href":"https:\/\/api.w.org\/{rel}","templated":true}]}}