{"id":5493,"date":"2014-02-11T10:46:43","date_gmt":"2014-02-11T09:46:43","guid":{"rendered":"https:\/\/dolfin.poush-dev.be\/product\/vollmilchschokolade-und-rote-fruchte\/"},"modified":"2025-09-02T12:28:32","modified_gmt":"2025-09-02T10:28:32","slug":"beutel-125g-milchschokolade-rote-fruechte","status":"publish","type":"product","link":"https:\/\/www.dolfin.be\/de\/produkt\/beutel-125g-milchschokolade-rote-fruechte\/","title":{"rendered":"Beutel 125g \u2013 Milchschokolade &#038; Rote Fr\u00fcchte"},"content":{"rendered":"<p>Rote Fr\u00fcchte tauchen schmackhaft gesalzene Butter Karamell mit ihren frischen und w\u00fcrzigen Noten, die in eine k\u00f6stliche Schokolade Tradition der Milch mischen.<\/p>\n<p><strong>Zutaten <\/strong>: Zucker, Butter (<strong>Milch<\/strong>), rote Fr\u00fcchte 8% (Erdbeere, Himbeere, schwarze Johannisbeere, rote Johannisbeere), Kakaomasse, Kakaobutter, Voll<strong>milch<\/strong>pulver, Glukosesirup, Salz, Emulgator: <strong>Soja<\/strong>lecithin, nat\u00fcrliches Vanillearoma. Der Schokoladen\u00fcberzug enth\u00e4lt mindestens 37% Kakao. Kann N\u00fcssen, Gluten und Sesam enthalten.<\/p>\n","protected":false},"excerpt":{"rendered":"<p>Rote Fr\u00fcchte tauchen schmackhaft gesalzene Butter Karamell mit ihren frischen und w\u00fcrzigen Noten, die in eine k\u00f6stliche Schokolade Tradition der Milch mischen.<\/p>\n","protected":false},"featured_media":26220,"template":"","meta":{"_acf_changed":false,"_et_pb_use_builder":"","_et_pb_old_content":"","_et_gb_content_width":"","inline_featured_image":false},"product_brand":[],"product_cat":[401,393],"product_tag":[],"class_list":{"0":"post-5493","1":"product","2":"type-product","3":"status-publish","4":"has-post-thumbnail","6":"product_cat-dolfin-karamellen","7":"product_cat-karamellbutter-salz-schokolade","9":"first","10":"instock","11":"purchasable","12":"product-type-simple"},"acf":[],"yoast_head":"<!-- This site is optimized with the Yoast SEO plugin v27.3 - https:\/\/yoast.com\/product\/yoast-seo-wordpress\/ -->\n<title>Dolfin | Karamell &amp; Schokolade - Beutel 125g \u2013 Milchschokolade &amp; Rote Fr\u00fcchte<\/title>\n<meta name=\"description\" content=\"Die roten Fr\u00fcchte bringen das gesalzene Butterkaramell dank ihrer frischen und spritzigen Noten zum Funkeln, die sich in die k\u00f6stliche Schokolade mischen\" \/>\n<meta name=\"robots\" content=\"index, follow, max-snippet:-1, max-image-preview:large, max-video-preview:-1\" \/>\n<link rel=\"canonical\" href=\"https:\/\/www.dolfin.be\/de\/produkt\/beutel-125g-milchschokolade-rote-fruechte\/\" \/>\n<meta property=\"og:locale\" content=\"de_DE\" \/>\n<meta property=\"og:type\" content=\"article\" \/>\n<meta property=\"og:title\" content=\"Dolfin | Karamell &amp; Schokolade - Beutel 125g \u2013 Milchschokolade &amp; Rote Fr\u00fcchte\" \/>\n<meta property=\"og:description\" content=\"Die roten Fr\u00fcchte bringen das gesalzene Butterkaramell dank ihrer frischen und spritzigen Noten zum Funkeln, die sich in die k\u00f6stliche Schokolade mischen\" \/>\n<meta property=\"og:url\" content=\"https:\/\/www.dolfin.be\/de\/produkt\/beutel-125g-milchschokolade-rote-fruechte\/\" \/>\n<meta property=\"og:site_name\" content=\"Dolfin\" \/>\n<meta property=\"article:modified_time\" content=\"2025-09-02T10:28:32+00:00\" \/>\n<meta property=\"og:image\" content=\"https:\/\/www.dolfin.be\/wp-content\/uploads\/2014\/02\/Doypack-red-fruits_front_lowres.jpg\" \/>\n\t<meta property=\"og:image:width\" content=\"1200\" \/>\n\t<meta property=\"og:image:height\" content=\"1200\" \/>\n\t<meta property=\"og:image:type\" content=\"image\/jpeg\" \/>\n<meta name=\"twitter:card\" content=\"summary_large_image\" \/>\n<meta name=\"twitter:label1\" content=\"Gesch\u00e4tzte Lesezeit\" \/>\n\t<meta name=\"twitter:data1\" content=\"1\u00a0Minute\" \/>\n<script type=\"application\/ld+json\" class=\"yoast-schema-graph\">{\"@context\":\"https:\\\/\\\/schema.org\",\"@graph\":[{\"@type\":\"WebPage\",\"@id\":\"https:\\\/\\\/www.dolfin.be\\\/de\\\/produkt\\\/beutel-125g-milchschokolade-rote-fruechte\\\/\",\"url\":\"https:\\\/\\\/www.dolfin.be\\\/de\\\/produkt\\\/beutel-125g-milchschokolade-rote-fruechte\\\/\",\"name\":\"Dolfin | Karamell & Schokolade - Beutel 125g \u2013 Milchschokolade & Rote Fr\u00fcchte\",\"isPartOf\":{\"@id\":\"https:\\\/\\\/www.dolfin.be\\\/de\\\/#website\"},\"primaryImageOfPage\":{\"@id\":\"https:\\\/\\\/www.dolfin.be\\\/de\\\/produkt\\\/beutel-125g-milchschokolade-rote-fruechte\\\/#primaryimage\"},\"image\":{\"@id\":\"https:\\\/\\\/www.dolfin.be\\\/de\\\/produkt\\\/beutel-125g-milchschokolade-rote-fruechte\\\/#primaryimage\"},\"thumbnailUrl\":\"https:\\\/\\\/www.dolfin.be\\\/wp-content\\\/uploads\\\/2014\\\/02\\\/Doypack-red-fruits_front_lowres.jpg\",\"datePublished\":\"2014-02-11T09:46:43+00:00\",\"dateModified\":\"2025-09-02T10:28:32+00:00\",\"description\":\"Die roten Fr\u00fcchte bringen das gesalzene Butterkaramell dank ihrer frischen und spritzigen Noten zum Funkeln, die sich in die k\u00f6stliche Schokolade mischen\",\"breadcrumb\":{\"@id\":\"https:\\\/\\\/www.dolfin.be\\\/de\\\/produkt\\\/beutel-125g-milchschokolade-rote-fruechte\\\/#breadcrumb\"},\"inLanguage\":\"de\",\"potentialAction\":[{\"@type\":\"ReadAction\",\"target\":[\"https:\\\/\\\/www.dolfin.be\\\/de\\\/produkt\\\/beutel-125g-milchschokolade-rote-fruechte\\\/\"]}]},{\"@type\":\"ImageObject\",\"inLanguage\":\"de\",\"@id\":\"https:\\\/\\\/www.dolfin.be\\\/de\\\/produkt\\\/beutel-125g-milchschokolade-rote-fruechte\\\/#primaryimage\",\"url\":\"https:\\\/\\\/www.dolfin.be\\\/wp-content\\\/uploads\\\/2014\\\/02\\\/Doypack-red-fruits_front_lowres.jpg\",\"contentUrl\":\"https:\\\/\\\/www.dolfin.be\\\/wp-content\\\/uploads\\\/2014\\\/02\\\/Doypack-red-fruits_front_lowres.jpg\",\"width\":1200,\"height\":1200},{\"@type\":\"BreadcrumbList\",\"@id\":\"https:\\\/\\\/www.dolfin.be\\\/de\\\/produkt\\\/beutel-125g-milchschokolade-rote-fruechte\\\/#breadcrumb\",\"itemListElement\":[{\"@type\":\"ListItem\",\"position\":1,\"name\":\"Accueil\",\"item\":\"https:\\\/\\\/www.dolfin.be\\\/de\\\/\"},{\"@type\":\"ListItem\",\"position\":2,\"name\":\"Unsere Produkte\",\"item\":\"https:\\\/\\\/www.dolfin.be\\\/de\\\/unsere-produkte\\\/\"},{\"@type\":\"ListItem\",\"position\":3,\"name\":\"Beutel 125g \u2013 Milchschokolade &#038; Rote Fr\u00fcchte\"}]},{\"@type\":\"WebSite\",\"@id\":\"https:\\\/\\\/www.dolfin.be\\\/de\\\/#website\",\"url\":\"https:\\\/\\\/www.dolfin.be\\\/de\\\/\",\"name\":\"Dolfin\",\"description\":\"\",\"potentialAction\":[{\"@type\":\"SearchAction\",\"target\":{\"@type\":\"EntryPoint\",\"urlTemplate\":\"https:\\\/\\\/www.dolfin.be\\\/de\\\/?s={search_term_string}\"},\"query-input\":{\"@type\":\"PropertyValueSpecification\",\"valueRequired\":true,\"valueName\":\"search_term_string\"}}],\"inLanguage\":\"de\"}]}<\/script>\n<!-- \/ Yoast SEO plugin. -->","yoast_head_json":{"title":"Dolfin | Karamell & Schokolade - Beutel 125g \u2013 Milchschokolade & Rote Fr\u00fcchte","description":"Die roten Fr\u00fcchte bringen das gesalzene Butterkaramell dank ihrer frischen und spritzigen Noten zum Funkeln, die sich in die k\u00f6stliche Schokolade mischen","robots":{"index":"index","follow":"follow","max-snippet":"max-snippet:-1","max-image-preview":"max-image-preview:large","max-video-preview":"max-video-preview:-1"},"canonical":"https:\/\/www.dolfin.be\/de\/produkt\/beutel-125g-milchschokolade-rote-fruechte\/","og_locale":"de_DE","og_type":"article","og_title":"Dolfin | Karamell & Schokolade - Beutel 125g \u2013 Milchschokolade & Rote Fr\u00fcchte","og_description":"Die roten Fr\u00fcchte bringen das gesalzene Butterkaramell dank ihrer frischen und spritzigen Noten zum Funkeln, die sich in die k\u00f6stliche Schokolade mischen","og_url":"https:\/\/www.dolfin.be\/de\/produkt\/beutel-125g-milchschokolade-rote-fruechte\/","og_site_name":"Dolfin","article_modified_time":"2025-09-02T10:28:32+00:00","og_image":[{"width":1200,"height":1200,"url":"https:\/\/www.dolfin.be\/wp-content\/uploads\/2014\/02\/Doypack-red-fruits_front_lowres.jpg","type":"image\/jpeg"}],"twitter_card":"summary_large_image","twitter_misc":{"Gesch\u00e4tzte Lesezeit":"1\u00a0Minute"},"schema":{"@context":"https:\/\/schema.org","@graph":[{"@type":"WebPage","@id":"https:\/\/www.dolfin.be\/de\/produkt\/beutel-125g-milchschokolade-rote-fruechte\/","url":"https:\/\/www.dolfin.be\/de\/produkt\/beutel-125g-milchschokolade-rote-fruechte\/","name":"Dolfin | Karamell & Schokolade - Beutel 125g \u2013 Milchschokolade & Rote Fr\u00fcchte","isPartOf":{"@id":"https:\/\/www.dolfin.be\/de\/#website"},"primaryImageOfPage":{"@id":"https:\/\/www.dolfin.be\/de\/produkt\/beutel-125g-milchschokolade-rote-fruechte\/#primaryimage"},"image":{"@id":"https:\/\/www.dolfin.be\/de\/produkt\/beutel-125g-milchschokolade-rote-fruechte\/#primaryimage"},"thumbnailUrl":"https:\/\/www.dolfin.be\/wp-content\/uploads\/2014\/02\/Doypack-red-fruits_front_lowres.jpg","datePublished":"2014-02-11T09:46:43+00:00","dateModified":"2025-09-02T10:28:32+00:00","description":"Die roten Fr\u00fcchte bringen das gesalzene Butterkaramell dank ihrer frischen und spritzigen Noten zum Funkeln, die sich in die k\u00f6stliche Schokolade mischen","breadcrumb":{"@id":"https:\/\/www.dolfin.be\/de\/produkt\/beutel-125g-milchschokolade-rote-fruechte\/#breadcrumb"},"inLanguage":"de","potentialAction":[{"@type":"ReadAction","target":["https:\/\/www.dolfin.be\/de\/produkt\/beutel-125g-milchschokolade-rote-fruechte\/"]}]},{"@type":"ImageObject","inLanguage":"de","@id":"https:\/\/www.dolfin.be\/de\/produkt\/beutel-125g-milchschokolade-rote-fruechte\/#primaryimage","url":"https:\/\/www.dolfin.be\/wp-content\/uploads\/2014\/02\/Doypack-red-fruits_front_lowres.jpg","contentUrl":"https:\/\/www.dolfin.be\/wp-content\/uploads\/2014\/02\/Doypack-red-fruits_front_lowres.jpg","width":1200,"height":1200},{"@type":"BreadcrumbList","@id":"https:\/\/www.dolfin.be\/de\/produkt\/beutel-125g-milchschokolade-rote-fruechte\/#breadcrumb","itemListElement":[{"@type":"ListItem","position":1,"name":"Accueil","item":"https:\/\/www.dolfin.be\/de\/"},{"@type":"ListItem","position":2,"name":"Unsere Produkte","item":"https:\/\/www.dolfin.be\/de\/unsere-produkte\/"},{"@type":"ListItem","position":3,"name":"Beutel 125g \u2013 Milchschokolade &#038; Rote Fr\u00fcchte"}]},{"@type":"WebSite","@id":"https:\/\/www.dolfin.be\/de\/#website","url":"https:\/\/www.dolfin.be\/de\/","name":"Dolfin","description":"","potentialAction":[{"@type":"SearchAction","target":{"@type":"EntryPoint","urlTemplate":"https:\/\/www.dolfin.be\/de\/?s={search_term_string}"},"query-input":{"@type":"PropertyValueSpecification","valueRequired":true,"valueName":"search_term_string"}}],"inLanguage":"de"}]}},"_links":{"self":[{"href":"https:\/\/www.dolfin.be\/de\/wp-json\/wp\/v2\/product\/5493","targetHints":{"allow":["GET"]}}],"collection":[{"href":"https:\/\/www.dolfin.be\/de\/wp-json\/wp\/v2\/product"}],"about":[{"href":"https:\/\/www.dolfin.be\/de\/wp-json\/wp\/v2\/types\/product"}],"wp:featuredmedia":[{"embeddable":true,"href":"https:\/\/www.dolfin.be\/de\/wp-json\/wp\/v2\/media\/26220"}],"wp:attachment":[{"href":"https:\/\/www.dolfin.be\/de\/wp-json\/wp\/v2\/media?parent=5493"}],"wp:term":[{"taxonomy":"product_brand","embeddable":true,"href":"https:\/\/www.dolfin.be\/de\/wp-json\/wp\/v2\/product_brand?post=5493"},{"taxonomy":"product_cat","embeddable":true,"href":"https:\/\/www.dolfin.be\/de\/wp-json\/wp\/v2\/product_cat?post=5493"},{"taxonomy":"product_tag","embeddable":true,"href":"https:\/\/www.dolfin.be\/de\/wp-json\/wp\/v2\/product_tag?post=5493"}],"curies":[{"name":"wp","href":"https:\/\/api.w.org\/{rel}","templated":true}]}}