{"id":5343,"date":"2012-05-09T12:58:39","date_gmt":"2012-05-09T10:58:39","guid":{"rendered":"https:\/\/dolfin.poush-dev.be\/product\/lose-schokoladen-minitafeln-mix-zartbitterschocolade\/"},"modified":"2025-06-03T14:43:25","modified_gmt":"2025-06-03T12:43:25","slug":"lose-schokoladen-minitafeln-mix-zartbitterschocolade","status":"publish","type":"product","link":"https:\/\/www.dolfin.be\/de\/produkt\/lose-schokoladen-minitafeln-mix-zartbitterschocolade\/","title":{"rendered":"Lose Schokoladen-Minitafeln &#8211; Mix Zartbitterschocolade"},"content":{"rendered":"<p>Schachtel mit losen Schokoladenquadraten.<\/p>\n<p>Zartbitterschokolade mit 5 Geschmacksrichtungen: rosa Pfeffer, Earl Grey Tee, Orange, Nougatine und 70% Kakao.<\/p>\n<p><strong>Zutaten<\/strong>: Zucker, Kakaomasse, Kakaobutter, Voll<strong>milch<\/strong>pulver, fettarmer Kakao, Nougatine 4% (Zucker, <strong>Haseln\u00fcsse<\/strong>), Earl Grey Tee 2%, Orangenpulver 1%, Rosa Pfeffer 1%, Emulgator: <strong>Soja<\/strong>lecithin, nat\u00fcrliche Aromen, \u00e4therisches \u00d6l. Kakao: 60% und 70% mindestens. Kann Spuren von anderen Schalenfr\u00fcchten, Glutenmilch, Ei und Sesam enthalten.<\/p>\n","protected":false},"excerpt":{"rendered":"<p>Schachtel mit losen Schokoladenquadraten.<\/p>\n<p>Zartbitterschokolade mit 5 Geschmacksrichtungen: rosa Pfeffer, Earl Grey Tee, Orange, Nougatine und 70% Kakao.<\/p>\n","protected":false},"featured_media":3637,"template":"","meta":{"_acf_changed":false,"_et_pb_use_builder":"","_et_pb_old_content":"","_et_gb_content_width":"","inline_featured_image":false},"product_brand":[],"product_cat":[532,398],"product_tag":[],"class_list":{"0":"post-5343","1":"product","2":"type-product","3":"status-publish","4":"has-post-thumbnail","6":"product_cat-5g-bulk-dolfin-de","7":"product_cat-unsere-schokoladenquadrate","9":"first","10":"instock","11":"purchasable","12":"product-type-simple"},"acf":[],"yoast_head":"<!-- This site is optimized with the Yoast SEO plugin v27.3 - https:\/\/yoast.com\/product\/yoast-seo-wordpress\/ -->\n<title>Dolfin | Lose Schokoladen-Minitafeln - Mix Zartbitterschocolade - Made in Belgium<\/title>\n<meta name=\"description\" content=\"Schachtel mit losen Schokoladenquadraten. Zartbitterschokolade mit 5 Geschmacksrichtungen: rosa Pfeffer, Earl Grey Tee, Orange, Nougatine und 70% Kakao.\" \/>\n<meta name=\"robots\" content=\"index, follow, max-snippet:-1, max-image-preview:large, max-video-preview:-1\" \/>\n<link rel=\"canonical\" href=\"https:\/\/www.dolfin.be\/de\/produkt\/lose-schokoladen-minitafeln-mix-zartbitterschocolade\/\" \/>\n<meta property=\"og:locale\" content=\"de_DE\" \/>\n<meta property=\"og:type\" content=\"article\" \/>\n<meta property=\"og:title\" content=\"Dolfin | Lose Schokoladen-Minitafeln - Mix Zartbitterschocolade - Made in Belgium\" \/>\n<meta property=\"og:description\" content=\"Schachtel mit losen Schokoladenquadraten. Zartbitterschokolade mit 5 Geschmacksrichtungen: rosa Pfeffer, Earl Grey Tee, Orange, Nougatine und 70% Kakao.\" \/>\n<meta property=\"og:url\" content=\"https:\/\/www.dolfin.be\/de\/produkt\/lose-schokoladen-minitafeln-mix-zartbitterschocolade\/\" \/>\n<meta property=\"og:site_name\" content=\"Dolfin\" \/>\n<meta property=\"article:modified_time\" content=\"2025-06-03T12:43:25+00:00\" \/>\n<meta property=\"og:image\" content=\"https:\/\/www.dolfin.be\/wp-content\/uploads\/2024\/02\/DO1219_3-4.jpg\" \/>\n\t<meta property=\"og:image:width\" content=\"1001\" \/>\n\t<meta property=\"og:image:height\" content=\"1001\" \/>\n\t<meta property=\"og:image:type\" content=\"image\/jpeg\" \/>\n<meta name=\"twitter:card\" content=\"summary_large_image\" \/>\n<meta name=\"twitter:label1\" content=\"Gesch\u00e4tzte Lesezeit\" \/>\n\t<meta name=\"twitter:data1\" content=\"1\u00a0Minute\" \/>\n<script type=\"application\/ld+json\" class=\"yoast-schema-graph\">{\"@context\":\"https:\\\/\\\/schema.org\",\"@graph\":[{\"@type\":\"WebPage\",\"@id\":\"https:\\\/\\\/www.dolfin.be\\\/de\\\/produkt\\\/lose-schokoladen-minitafeln-mix-zartbitterschocolade\\\/\",\"url\":\"https:\\\/\\\/www.dolfin.be\\\/de\\\/produkt\\\/lose-schokoladen-minitafeln-mix-zartbitterschocolade\\\/\",\"name\":\"Dolfin | Lose Schokoladen-Minitafeln - Mix Zartbitterschocolade - Made in Belgium\",\"isPartOf\":{\"@id\":\"https:\\\/\\\/www.dolfin.be\\\/de\\\/#website\"},\"primaryImageOfPage\":{\"@id\":\"https:\\\/\\\/www.dolfin.be\\\/de\\\/produkt\\\/lose-schokoladen-minitafeln-mix-zartbitterschocolade\\\/#primaryimage\"},\"image\":{\"@id\":\"https:\\\/\\\/www.dolfin.be\\\/de\\\/produkt\\\/lose-schokoladen-minitafeln-mix-zartbitterschocolade\\\/#primaryimage\"},\"thumbnailUrl\":\"https:\\\/\\\/www.dolfin.be\\\/wp-content\\\/uploads\\\/2024\\\/02\\\/DO1219_3-4.jpg\",\"datePublished\":\"2012-05-09T10:58:39+00:00\",\"dateModified\":\"2025-06-03T12:43:25+00:00\",\"description\":\"Schachtel mit losen Schokoladenquadraten. Zartbitterschokolade mit 5 Geschmacksrichtungen: rosa Pfeffer, Earl Grey Tee, Orange, Nougatine und 70% Kakao.\",\"breadcrumb\":{\"@id\":\"https:\\\/\\\/www.dolfin.be\\\/de\\\/produkt\\\/lose-schokoladen-minitafeln-mix-zartbitterschocolade\\\/#breadcrumb\"},\"inLanguage\":\"de\",\"potentialAction\":[{\"@type\":\"ReadAction\",\"target\":[\"https:\\\/\\\/www.dolfin.be\\\/de\\\/produkt\\\/lose-schokoladen-minitafeln-mix-zartbitterschocolade\\\/\"]}]},{\"@type\":\"ImageObject\",\"inLanguage\":\"de\",\"@id\":\"https:\\\/\\\/www.dolfin.be\\\/de\\\/produkt\\\/lose-schokoladen-minitafeln-mix-zartbitterschocolade\\\/#primaryimage\",\"url\":\"https:\\\/\\\/www.dolfin.be\\\/wp-content\\\/uploads\\\/2024\\\/02\\\/DO1219_3-4.jpg\",\"contentUrl\":\"https:\\\/\\\/www.dolfin.be\\\/wp-content\\\/uploads\\\/2024\\\/02\\\/DO1219_3-4.jpg\",\"width\":1001,\"height\":1001},{\"@type\":\"BreadcrumbList\",\"@id\":\"https:\\\/\\\/www.dolfin.be\\\/de\\\/produkt\\\/lose-schokoladen-minitafeln-mix-zartbitterschocolade\\\/#breadcrumb\",\"itemListElement\":[{\"@type\":\"ListItem\",\"position\":1,\"name\":\"Accueil\",\"item\":\"https:\\\/\\\/www.dolfin.be\\\/de\\\/\"},{\"@type\":\"ListItem\",\"position\":2,\"name\":\"Unsere Produkte\",\"item\":\"https:\\\/\\\/www.dolfin.be\\\/de\\\/unsere-produkte\\\/\"},{\"@type\":\"ListItem\",\"position\":3,\"name\":\"Lose Schokoladen-Minitafeln &#8211; Mix Zartbitterschocolade\"}]},{\"@type\":\"WebSite\",\"@id\":\"https:\\\/\\\/www.dolfin.be\\\/de\\\/#website\",\"url\":\"https:\\\/\\\/www.dolfin.be\\\/de\\\/\",\"name\":\"Dolfin\",\"description\":\"\",\"potentialAction\":[{\"@type\":\"SearchAction\",\"target\":{\"@type\":\"EntryPoint\",\"urlTemplate\":\"https:\\\/\\\/www.dolfin.be\\\/de\\\/?s={search_term_string}\"},\"query-input\":{\"@type\":\"PropertyValueSpecification\",\"valueRequired\":true,\"valueName\":\"search_term_string\"}}],\"inLanguage\":\"de\"}]}<\/script>\n<!-- \/ Yoast SEO plugin. -->","yoast_head_json":{"title":"Dolfin | Lose Schokoladen-Minitafeln - Mix Zartbitterschocolade - Made in Belgium","description":"Schachtel mit losen Schokoladenquadraten. Zartbitterschokolade mit 5 Geschmacksrichtungen: rosa Pfeffer, Earl Grey Tee, Orange, Nougatine und 70% Kakao.","robots":{"index":"index","follow":"follow","max-snippet":"max-snippet:-1","max-image-preview":"max-image-preview:large","max-video-preview":"max-video-preview:-1"},"canonical":"https:\/\/www.dolfin.be\/de\/produkt\/lose-schokoladen-minitafeln-mix-zartbitterschocolade\/","og_locale":"de_DE","og_type":"article","og_title":"Dolfin | Lose Schokoladen-Minitafeln - Mix Zartbitterschocolade - Made in Belgium","og_description":"Schachtel mit losen Schokoladenquadraten. Zartbitterschokolade mit 5 Geschmacksrichtungen: rosa Pfeffer, Earl Grey Tee, Orange, Nougatine und 70% Kakao.","og_url":"https:\/\/www.dolfin.be\/de\/produkt\/lose-schokoladen-minitafeln-mix-zartbitterschocolade\/","og_site_name":"Dolfin","article_modified_time":"2025-06-03T12:43:25+00:00","og_image":[{"width":1001,"height":1001,"url":"https:\/\/www.dolfin.be\/wp-content\/uploads\/2024\/02\/DO1219_3-4.jpg","type":"image\/jpeg"}],"twitter_card":"summary_large_image","twitter_misc":{"Gesch\u00e4tzte Lesezeit":"1\u00a0Minute"},"schema":{"@context":"https:\/\/schema.org","@graph":[{"@type":"WebPage","@id":"https:\/\/www.dolfin.be\/de\/produkt\/lose-schokoladen-minitafeln-mix-zartbitterschocolade\/","url":"https:\/\/www.dolfin.be\/de\/produkt\/lose-schokoladen-minitafeln-mix-zartbitterschocolade\/","name":"Dolfin | Lose Schokoladen-Minitafeln - Mix Zartbitterschocolade - Made in Belgium","isPartOf":{"@id":"https:\/\/www.dolfin.be\/de\/#website"},"primaryImageOfPage":{"@id":"https:\/\/www.dolfin.be\/de\/produkt\/lose-schokoladen-minitafeln-mix-zartbitterschocolade\/#primaryimage"},"image":{"@id":"https:\/\/www.dolfin.be\/de\/produkt\/lose-schokoladen-minitafeln-mix-zartbitterschocolade\/#primaryimage"},"thumbnailUrl":"https:\/\/www.dolfin.be\/wp-content\/uploads\/2024\/02\/DO1219_3-4.jpg","datePublished":"2012-05-09T10:58:39+00:00","dateModified":"2025-06-03T12:43:25+00:00","description":"Schachtel mit losen Schokoladenquadraten. Zartbitterschokolade mit 5 Geschmacksrichtungen: rosa Pfeffer, Earl Grey Tee, Orange, Nougatine und 70% Kakao.","breadcrumb":{"@id":"https:\/\/www.dolfin.be\/de\/produkt\/lose-schokoladen-minitafeln-mix-zartbitterschocolade\/#breadcrumb"},"inLanguage":"de","potentialAction":[{"@type":"ReadAction","target":["https:\/\/www.dolfin.be\/de\/produkt\/lose-schokoladen-minitafeln-mix-zartbitterschocolade\/"]}]},{"@type":"ImageObject","inLanguage":"de","@id":"https:\/\/www.dolfin.be\/de\/produkt\/lose-schokoladen-minitafeln-mix-zartbitterschocolade\/#primaryimage","url":"https:\/\/www.dolfin.be\/wp-content\/uploads\/2024\/02\/DO1219_3-4.jpg","contentUrl":"https:\/\/www.dolfin.be\/wp-content\/uploads\/2024\/02\/DO1219_3-4.jpg","width":1001,"height":1001},{"@type":"BreadcrumbList","@id":"https:\/\/www.dolfin.be\/de\/produkt\/lose-schokoladen-minitafeln-mix-zartbitterschocolade\/#breadcrumb","itemListElement":[{"@type":"ListItem","position":1,"name":"Accueil","item":"https:\/\/www.dolfin.be\/de\/"},{"@type":"ListItem","position":2,"name":"Unsere Produkte","item":"https:\/\/www.dolfin.be\/de\/unsere-produkte\/"},{"@type":"ListItem","position":3,"name":"Lose Schokoladen-Minitafeln &#8211; Mix Zartbitterschocolade"}]},{"@type":"WebSite","@id":"https:\/\/www.dolfin.be\/de\/#website","url":"https:\/\/www.dolfin.be\/de\/","name":"Dolfin","description":"","potentialAction":[{"@type":"SearchAction","target":{"@type":"EntryPoint","urlTemplate":"https:\/\/www.dolfin.be\/de\/?s={search_term_string}"},"query-input":{"@type":"PropertyValueSpecification","valueRequired":true,"valueName":"search_term_string"}}],"inLanguage":"de"}]}},"_links":{"self":[{"href":"https:\/\/www.dolfin.be\/de\/wp-json\/wp\/v2\/product\/5343","targetHints":{"allow":["GET"]}}],"collection":[{"href":"https:\/\/www.dolfin.be\/de\/wp-json\/wp\/v2\/product"}],"about":[{"href":"https:\/\/www.dolfin.be\/de\/wp-json\/wp\/v2\/types\/product"}],"wp:featuredmedia":[{"embeddable":true,"href":"https:\/\/www.dolfin.be\/de\/wp-json\/wp\/v2\/media\/3637"}],"wp:attachment":[{"href":"https:\/\/www.dolfin.be\/de\/wp-json\/wp\/v2\/media?parent=5343"}],"wp:term":[{"taxonomy":"product_brand","embeddable":true,"href":"https:\/\/www.dolfin.be\/de\/wp-json\/wp\/v2\/product_brand?post=5343"},{"taxonomy":"product_cat","embeddable":true,"href":"https:\/\/www.dolfin.be\/de\/wp-json\/wp\/v2\/product_cat?post=5343"},{"taxonomy":"product_tag","embeddable":true,"href":"https:\/\/www.dolfin.be\/de\/wp-json\/wp\/v2\/product_tag?post=5343"}],"curies":[{"name":"wp","href":"https:\/\/api.w.org\/{rel}","templated":true}]}}