{"id":5243,"date":"2012-05-08T13:21:10","date_gmt":"2012-05-08T11:21:10","guid":{"rendered":"https:\/\/dolfin.poush-dev.be\/product\/48-schokoladen-minitafeln-panache\/"},"modified":"2025-06-03T16:04:20","modified_gmt":"2025-06-03T14:04:20","slug":"48-schokoladen-minitafeln-panache","status":"publish","type":"product","link":"https:\/\/www.dolfin.be\/de\/produkt\/48-schokoladen-minitafeln-panache\/","title":{"rendered":"48 Schokoladen-Minitafeln &#8220;Panach\u00e9&#8221;"},"content":{"rendered":"<p>Zarte D\u00fcfte und kontrastierende Aromen, alles in einer Box mit \u00fcberraschenden Assoziationen. Ohne M\u00e4\u00dfigung zu genie\u00dfen!<\/p>\n<p>Sortiment von 48 Schokoladen-Quadraten mit 16 verschiedenen Geschmacksrichtungen: Zartbitter 88% Kakao, Zartbitter 70% Kakao, Zartbitter Guerande-Salz, Zartbitter Ingwer, Zartbitter Zitrone, Zartbitter rosa Pfeffer, Zartbitter Orange, Zartbitter gesalzene Mandeln, Zartbitter Earl Grey, Zartbitter Nougatine, Zartbitter rote Fr\u00fcchte &amp; Leinsamen, Vollmilch 37% Kakao, Vollmilch Kaffee, Vollmilch Karamell, Vollmilch Nougatine und Vollmilch dulce de leche &amp; Puffreis.<\/p>\n<p><strong>Zutaten <\/strong>: Kakaomasse, Zucker, Kakaobutter, Voll<strong>Milch<\/strong> in Pound, magerer Kakao, Nougatine 4% (Zucker, <strong>Haseln\u00fcsse<\/strong>), gesalzene <strong>Mandeln <\/strong>4% (<strong>Mandeln<\/strong>, <strong>Soja<\/strong>, <strong>Weizen<\/strong>, salz), karamell 4% (Zucker, Glukosesyrup, Voll<strong>milch<\/strong>pulver, Sahne (<strong>Milch<\/strong>), gesalzene Butter (<strong>Milch<\/strong>), Guerande-Salz, Emulgator : Rapslecithin), Zitronenpulver 4%, rote beeren 3% (Erdbeeren, Himbeeren, schwarze Johannisbeeren, Jjohannisbeeren), Leinsamen 2%, Earl Grey tee 2%, Dulce de leche 2% (Molke (<strong>Milch<\/strong>), Butter (<strong>Milch<\/strong>), Maltodextrin, Zucker, magermilch, nat\u00fcrliches Aroma), Puffreis 2% (Reismehl, Zucker, <strong>Weizen<\/strong>gluten, Palmol, <strong>Weizen<\/strong>malz, salz), Kaffee 2%, Ingwer 1%, rosa Pfeffer 1%, Orangenkonzentrat 1% (Orange, Apfelfasern, Zitrusfasern, essentielle \u00f6le aus Orange, Kurkuma), Guerande-Salz, emulgator : <strong>Soja<\/strong>lecithin, nat\u00fcrliche Aromen, nat\u00fcrliche Vanille. Kakao: 37%, 60%, 70% und 88% mindestens. Kann spuren von anderen N\u00fcssen, Eiern, und Sesam enthalten.<\/p>\n","protected":false},"excerpt":{"rendered":"<p>Zarte D\u00fcfte und kontrastierende Aromen, alles in einer Box mit \u00fcberraschenden Assoziationen. Ohne M\u00e4\u00dfigung zu genie\u00dfen!<\/p>\n<p>Sortiment von 48 Schokoladen-Quadraten mit 16 verschiedenen Geschmacksrichtungen: Zartbitter 88% Kakao, Zartbitter 70% Kakao, Zartbitter Guerande-Salz, Zartbitter Ingwer, Zartbitter Zitrone, Zartbitter rosa Pfeffer, Zartbitter Orange, Zartbitter gesalzene Mandeln, Zartbitter Earl Grey, Zartbitter Nougatine, Zartbitter rote Fr\u00fcchte &amp; Leinsamen, Vollmilch 37% Kakao, Vollmilch Kaffee, Vollmilch Karamell, Vollmilch Nougatine und Vollmilch dulce de leche &amp; Puffreis.<\/p>\n","protected":false},"featured_media":3425,"template":"","meta":{"_acf_changed":false,"_et_pb_use_builder":"","_et_pb_old_content":"","_et_gb_content_width":"","inline_featured_image":false},"product_brand":[],"product_cat":[529,409,403],"product_tag":[],"class_list":{"0":"post-5243","1":"product","2":"type-product","3":"status-publish","4":"has-post-thumbnail","6":"product_cat-dose-48","7":"product_cat-geschenkbox","8":"product_cat-boxen-und-etuis","10":"first","11":"instock","12":"purchasable","13":"product-type-simple"},"acf":[],"yoast_head":"<!-- This site is optimized with the Yoast SEO plugin v27.4 - https:\/\/yoast.com\/product\/yoast-seo-wordpress\/ -->\n<title>Dolfin | 48 Schokoladen-Minitafeln &quot;Panach\u00e9&quot; - Made in Belgium<\/title>\n<meta name=\"description\" content=\"Zarte D\u00fcfte und kontrastierende Aromen, alles in einer Box mit \u00fcberraschenden Assoziationen. Ohne M\u00e4\u00dfigung zu genie\u00dfen!\" \/>\n<meta name=\"robots\" content=\"index, follow, max-snippet:-1, max-image-preview:large, max-video-preview:-1\" \/>\n<link rel=\"canonical\" href=\"https:\/\/www.dolfin.be\/de\/produkt\/48-schokoladen-minitafeln-panache\/\" \/>\n<meta property=\"og:locale\" content=\"de_DE\" \/>\n<meta property=\"og:type\" content=\"article\" \/>\n<meta property=\"og:title\" content=\"Dolfin | 48 Schokoladen-Minitafeln &quot;Panach\u00e9&quot; - Made in Belgium\" \/>\n<meta property=\"og:description\" content=\"Zarte D\u00fcfte und kontrastierende Aromen, alles in einer Box mit \u00fcberraschenden Assoziationen. Ohne M\u00e4\u00dfigung zu genie\u00dfen!\" \/>\n<meta property=\"og:url\" content=\"https:\/\/www.dolfin.be\/de\/produkt\/48-schokoladen-minitafeln-panache\/\" \/>\n<meta property=\"og:site_name\" content=\"Dolfin\" \/>\n<meta property=\"article:modified_time\" content=\"2025-06-03T14:04:20+00:00\" \/>\n<meta property=\"og:image\" content=\"https:\/\/www.dolfin.be\/wp-content\/uploads\/2024\/02\/DO4001_top.jpg\" \/>\n\t<meta property=\"og:image:width\" content=\"1001\" \/>\n\t<meta property=\"og:image:height\" content=\"1001\" \/>\n\t<meta property=\"og:image:type\" content=\"image\/jpeg\" \/>\n<meta name=\"twitter:card\" content=\"summary_large_image\" \/>\n<meta name=\"twitter:label1\" content=\"Gesch\u00e4tzte Lesezeit\" \/>\n\t<meta name=\"twitter:data1\" content=\"2\u00a0Minuten\" \/>\n<script type=\"application\/ld+json\" class=\"yoast-schema-graph\">{\"@context\":\"https:\\\/\\\/schema.org\",\"@graph\":[{\"@type\":\"WebPage\",\"@id\":\"https:\\\/\\\/www.dolfin.be\\\/de\\\/produkt\\\/48-schokoladen-minitafeln-panache\\\/\",\"url\":\"https:\\\/\\\/www.dolfin.be\\\/de\\\/produkt\\\/48-schokoladen-minitafeln-panache\\\/\",\"name\":\"Dolfin | 48 Schokoladen-Minitafeln \\\"Panach\u00e9\\\" - Made in Belgium\",\"isPartOf\":{\"@id\":\"https:\\\/\\\/www.dolfin.be\\\/de\\\/#website\"},\"primaryImageOfPage\":{\"@id\":\"https:\\\/\\\/www.dolfin.be\\\/de\\\/produkt\\\/48-schokoladen-minitafeln-panache\\\/#primaryimage\"},\"image\":{\"@id\":\"https:\\\/\\\/www.dolfin.be\\\/de\\\/produkt\\\/48-schokoladen-minitafeln-panache\\\/#primaryimage\"},\"thumbnailUrl\":\"https:\\\/\\\/www.dolfin.be\\\/wp-content\\\/uploads\\\/2024\\\/02\\\/DO4001_top.jpg\",\"datePublished\":\"2012-05-08T11:21:10+00:00\",\"dateModified\":\"2025-06-03T14:04:20+00:00\",\"description\":\"Zarte D\u00fcfte und kontrastierende Aromen, alles in einer Box mit \u00fcberraschenden Assoziationen. Ohne M\u00e4\u00dfigung zu genie\u00dfen!\",\"breadcrumb\":{\"@id\":\"https:\\\/\\\/www.dolfin.be\\\/de\\\/produkt\\\/48-schokoladen-minitafeln-panache\\\/#breadcrumb\"},\"inLanguage\":\"de\",\"potentialAction\":[{\"@type\":\"ReadAction\",\"target\":[\"https:\\\/\\\/www.dolfin.be\\\/de\\\/produkt\\\/48-schokoladen-minitafeln-panache\\\/\"]}]},{\"@type\":\"ImageObject\",\"inLanguage\":\"de\",\"@id\":\"https:\\\/\\\/www.dolfin.be\\\/de\\\/produkt\\\/48-schokoladen-minitafeln-panache\\\/#primaryimage\",\"url\":\"https:\\\/\\\/www.dolfin.be\\\/wp-content\\\/uploads\\\/2024\\\/02\\\/DO4001_top.jpg\",\"contentUrl\":\"https:\\\/\\\/www.dolfin.be\\\/wp-content\\\/uploads\\\/2024\\\/02\\\/DO4001_top.jpg\",\"width\":1001,\"height\":1001},{\"@type\":\"BreadcrumbList\",\"@id\":\"https:\\\/\\\/www.dolfin.be\\\/de\\\/produkt\\\/48-schokoladen-minitafeln-panache\\\/#breadcrumb\",\"itemListElement\":[{\"@type\":\"ListItem\",\"position\":1,\"name\":\"Accueil\",\"item\":\"https:\\\/\\\/www.dolfin.be\\\/de\\\/\"},{\"@type\":\"ListItem\",\"position\":2,\"name\":\"Unsere Produkte\",\"item\":\"https:\\\/\\\/www.dolfin.be\\\/de\\\/unsere-produkte\\\/\"},{\"@type\":\"ListItem\",\"position\":3,\"name\":\"48 Schokoladen-Minitafeln &#8220;Panach\u00e9&#8221;\"}]},{\"@type\":\"WebSite\",\"@id\":\"https:\\\/\\\/www.dolfin.be\\\/de\\\/#website\",\"url\":\"https:\\\/\\\/www.dolfin.be\\\/de\\\/\",\"name\":\"Dolfin\",\"description\":\"\",\"potentialAction\":[{\"@type\":\"SearchAction\",\"target\":{\"@type\":\"EntryPoint\",\"urlTemplate\":\"https:\\\/\\\/www.dolfin.be\\\/de\\\/?s={search_term_string}\"},\"query-input\":{\"@type\":\"PropertyValueSpecification\",\"valueRequired\":true,\"valueName\":\"search_term_string\"}}],\"inLanguage\":\"de\"}]}<\/script>\n<!-- \/ Yoast SEO plugin. -->","yoast_head_json":{"title":"Dolfin | 48 Schokoladen-Minitafeln \"Panach\u00e9\" - Made in Belgium","description":"Zarte D\u00fcfte und kontrastierende Aromen, alles in einer Box mit \u00fcberraschenden Assoziationen. Ohne M\u00e4\u00dfigung zu genie\u00dfen!","robots":{"index":"index","follow":"follow","max-snippet":"max-snippet:-1","max-image-preview":"max-image-preview:large","max-video-preview":"max-video-preview:-1"},"canonical":"https:\/\/www.dolfin.be\/de\/produkt\/48-schokoladen-minitafeln-panache\/","og_locale":"de_DE","og_type":"article","og_title":"Dolfin | 48 Schokoladen-Minitafeln \"Panach\u00e9\" - Made in Belgium","og_description":"Zarte D\u00fcfte und kontrastierende Aromen, alles in einer Box mit \u00fcberraschenden Assoziationen. Ohne M\u00e4\u00dfigung zu genie\u00dfen!","og_url":"https:\/\/www.dolfin.be\/de\/produkt\/48-schokoladen-minitafeln-panache\/","og_site_name":"Dolfin","article_modified_time":"2025-06-03T14:04:20+00:00","og_image":[{"width":1001,"height":1001,"url":"https:\/\/www.dolfin.be\/wp-content\/uploads\/2024\/02\/DO4001_top.jpg","type":"image\/jpeg"}],"twitter_card":"summary_large_image","twitter_misc":{"Gesch\u00e4tzte Lesezeit":"2\u00a0Minuten"},"schema":{"@context":"https:\/\/schema.org","@graph":[{"@type":"WebPage","@id":"https:\/\/www.dolfin.be\/de\/produkt\/48-schokoladen-minitafeln-panache\/","url":"https:\/\/www.dolfin.be\/de\/produkt\/48-schokoladen-minitafeln-panache\/","name":"Dolfin | 48 Schokoladen-Minitafeln \"Panach\u00e9\" - Made in Belgium","isPartOf":{"@id":"https:\/\/www.dolfin.be\/de\/#website"},"primaryImageOfPage":{"@id":"https:\/\/www.dolfin.be\/de\/produkt\/48-schokoladen-minitafeln-panache\/#primaryimage"},"image":{"@id":"https:\/\/www.dolfin.be\/de\/produkt\/48-schokoladen-minitafeln-panache\/#primaryimage"},"thumbnailUrl":"https:\/\/www.dolfin.be\/wp-content\/uploads\/2024\/02\/DO4001_top.jpg","datePublished":"2012-05-08T11:21:10+00:00","dateModified":"2025-06-03T14:04:20+00:00","description":"Zarte D\u00fcfte und kontrastierende Aromen, alles in einer Box mit \u00fcberraschenden Assoziationen. Ohne M\u00e4\u00dfigung zu genie\u00dfen!","breadcrumb":{"@id":"https:\/\/www.dolfin.be\/de\/produkt\/48-schokoladen-minitafeln-panache\/#breadcrumb"},"inLanguage":"de","potentialAction":[{"@type":"ReadAction","target":["https:\/\/www.dolfin.be\/de\/produkt\/48-schokoladen-minitafeln-panache\/"]}]},{"@type":"ImageObject","inLanguage":"de","@id":"https:\/\/www.dolfin.be\/de\/produkt\/48-schokoladen-minitafeln-panache\/#primaryimage","url":"https:\/\/www.dolfin.be\/wp-content\/uploads\/2024\/02\/DO4001_top.jpg","contentUrl":"https:\/\/www.dolfin.be\/wp-content\/uploads\/2024\/02\/DO4001_top.jpg","width":1001,"height":1001},{"@type":"BreadcrumbList","@id":"https:\/\/www.dolfin.be\/de\/produkt\/48-schokoladen-minitafeln-panache\/#breadcrumb","itemListElement":[{"@type":"ListItem","position":1,"name":"Accueil","item":"https:\/\/www.dolfin.be\/de\/"},{"@type":"ListItem","position":2,"name":"Unsere Produkte","item":"https:\/\/www.dolfin.be\/de\/unsere-produkte\/"},{"@type":"ListItem","position":3,"name":"48 Schokoladen-Minitafeln &#8220;Panach\u00e9&#8221;"}]},{"@type":"WebSite","@id":"https:\/\/www.dolfin.be\/de\/#website","url":"https:\/\/www.dolfin.be\/de\/","name":"Dolfin","description":"","potentialAction":[{"@type":"SearchAction","target":{"@type":"EntryPoint","urlTemplate":"https:\/\/www.dolfin.be\/de\/?s={search_term_string}"},"query-input":{"@type":"PropertyValueSpecification","valueRequired":true,"valueName":"search_term_string"}}],"inLanguage":"de"}]}},"_links":{"self":[{"href":"https:\/\/www.dolfin.be\/de\/wp-json\/wp\/v2\/product\/5243","targetHints":{"allow":["GET"]}}],"collection":[{"href":"https:\/\/www.dolfin.be\/de\/wp-json\/wp\/v2\/product"}],"about":[{"href":"https:\/\/www.dolfin.be\/de\/wp-json\/wp\/v2\/types\/product"}],"wp:featuredmedia":[{"embeddable":true,"href":"https:\/\/www.dolfin.be\/de\/wp-json\/wp\/v2\/media\/3425"}],"wp:attachment":[{"href":"https:\/\/www.dolfin.be\/de\/wp-json\/wp\/v2\/media?parent=5243"}],"wp:term":[{"taxonomy":"product_brand","embeddable":true,"href":"https:\/\/www.dolfin.be\/de\/wp-json\/wp\/v2\/product_brand?post=5243"},{"taxonomy":"product_cat","embeddable":true,"href":"https:\/\/www.dolfin.be\/de\/wp-json\/wp\/v2\/product_cat?post=5243"},{"taxonomy":"product_tag","embeddable":true,"href":"https:\/\/www.dolfin.be\/de\/wp-json\/wp\/v2\/product_tag?post=5243"}],"curies":[{"name":"wp","href":"https:\/\/api.w.org\/{rel}","templated":true}]}}