{"id":5191,"date":"2012-05-08T11:40:49","date_gmt":"2012-05-08T09:40:49","guid":{"rendered":"https:\/\/dolfin.poush-dev.be\/product\/lose-minitafeln-vollmich-karamel\/"},"modified":"2025-10-20T14:29:33","modified_gmt":"2025-10-20T12:29:33","slug":"lose-minitafeln-vollmilch-karamel","status":"publish","type":"product","link":"https:\/\/www.dolfin.be\/de\/produkt\/lose-minitafeln-vollmilch-karamel\/","title":{"rendered":"Lose Minitafeln &#8211; Vollmilch &#038; Karamel"},"content":{"rendered":"<p>Eine k\u00f6stliche Mischung aus unwiderstehlich durchdrungen reich, s\u00fc\u00df Ehe Vollmilchschokolade und Toffee.<\/p>\n<p><strong>Zutaten <\/strong>: Zucker, Kakaomasse, Kakaobutter, Voll<strong>milch<\/strong>pulver, caramel 4% (Zucker, Glukosesirup, Voll<strong>milch<\/strong>pulver, Sahne (<strong>Milch<\/strong>), gesalzene Butter (<strong>Milch<\/strong>), Guerande Salz, Emulgator: Rapslecithin), Emulgator: <strong>Soja<\/strong>lecithin, Guerande-Salz, nat\u00fcrliche Aromen. Kakao: 37% mindestens. Kann Spuren von N\u00fcssen, Gluten, Eiern und Sesam enthalten.<\/p>\n","protected":false},"excerpt":{"rendered":"<p>Eine k\u00f6stliche Mischung aus unwiderstehlich durchdrungen reich, s\u00fc\u00df Ehe Vollmilchschokolade und Toffee.<\/p>\n","protected":false},"featured_media":3342,"template":"","meta":{"_acf_changed":false,"_et_pb_use_builder":"","_et_pb_old_content":"","_et_gb_content_width":"","inline_featured_image":false},"product_brand":[],"product_cat":[430,520,398],"product_tag":[],"class_list":{"0":"post-5191","1":"product","2":"type-product","3":"status-publish","4":"has-post-thumbnail","6":"product_cat-mini-tabletten-10g-unsere-schokoladenquadrate","7":"product_cat-sortimente","8":"product_cat-unsere-schokoladenquadrate","10":"first","11":"instock","12":"purchasable","13":"product-type-simple"},"acf":[],"yoast_head":"<!-- This site is optimized with the Yoast SEO plugin v27.4 - https:\/\/yoast.com\/product\/yoast-seo-wordpress\/ -->\n<title>Dolfin | Lose Minitafeln - Vollmilch &amp; Karamel - Made in Belgium<\/title>\n<meta name=\"description\" content=\"Eine unwiderstehliche Gourmet-Mischung, durchdrungen von der reichen und s\u00fc\u00dfen Verbindung von Vollmilchschokolade und Butterscotch.\" \/>\n<meta name=\"robots\" content=\"index, follow, max-snippet:-1, max-image-preview:large, max-video-preview:-1\" \/>\n<link rel=\"canonical\" href=\"https:\/\/www.dolfin.be\/de\/produkt\/lose-minitafeln-vollmilch-karamel\/\" \/>\n<meta property=\"og:locale\" content=\"de_DE\" \/>\n<meta property=\"og:type\" content=\"article\" \/>\n<meta property=\"og:title\" content=\"Dolfin | Lose Minitafeln - Vollmilch &amp; Karamel - Made in Belgium\" \/>\n<meta property=\"og:description\" content=\"Eine unwiderstehliche Gourmet-Mischung, durchdrungen von der reichen und s\u00fc\u00dfen Verbindung von Vollmilchschokolade und Butterscotch.\" \/>\n<meta property=\"og:url\" content=\"https:\/\/www.dolfin.be\/de\/produkt\/lose-minitafeln-vollmilch-karamel\/\" \/>\n<meta property=\"og:site_name\" content=\"Dolfin\" \/>\n<meta property=\"article:modified_time\" content=\"2025-10-20T12:29:33+00:00\" \/>\n<meta property=\"og:image\" content=\"https:\/\/www.dolfin.be\/wp-content\/uploads\/2024\/02\/DO1372_3-4.jpg\" \/>\n\t<meta property=\"og:image:width\" content=\"1001\" \/>\n\t<meta property=\"og:image:height\" content=\"1001\" \/>\n\t<meta property=\"og:image:type\" content=\"image\/jpeg\" \/>\n<meta name=\"twitter:card\" content=\"summary_large_image\" \/>\n<meta name=\"twitter:label1\" content=\"Gesch\u00e4tzte Lesezeit\" \/>\n\t<meta name=\"twitter:data1\" content=\"1\u00a0Minute\" \/>\n<script type=\"application\/ld+json\" class=\"yoast-schema-graph\">{\"@context\":\"https:\\\/\\\/schema.org\",\"@graph\":[{\"@type\":\"WebPage\",\"@id\":\"https:\\\/\\\/www.dolfin.be\\\/de\\\/produkt\\\/lose-minitafeln-vollmilch-karamel\\\/\",\"url\":\"https:\\\/\\\/www.dolfin.be\\\/de\\\/produkt\\\/lose-minitafeln-vollmilch-karamel\\\/\",\"name\":\"Dolfin | Lose Minitafeln - Vollmilch & Karamel - Made in Belgium\",\"isPartOf\":{\"@id\":\"https:\\\/\\\/www.dolfin.be\\\/de\\\/#website\"},\"primaryImageOfPage\":{\"@id\":\"https:\\\/\\\/www.dolfin.be\\\/de\\\/produkt\\\/lose-minitafeln-vollmilch-karamel\\\/#primaryimage\"},\"image\":{\"@id\":\"https:\\\/\\\/www.dolfin.be\\\/de\\\/produkt\\\/lose-minitafeln-vollmilch-karamel\\\/#primaryimage\"},\"thumbnailUrl\":\"https:\\\/\\\/www.dolfin.be\\\/wp-content\\\/uploads\\\/2024\\\/02\\\/DO1372_3-4.jpg\",\"datePublished\":\"2012-05-08T09:40:49+00:00\",\"dateModified\":\"2025-10-20T12:29:33+00:00\",\"description\":\"Eine unwiderstehliche Gourmet-Mischung, durchdrungen von der reichen und s\u00fc\u00dfen Verbindung von Vollmilchschokolade und Butterscotch.\",\"breadcrumb\":{\"@id\":\"https:\\\/\\\/www.dolfin.be\\\/de\\\/produkt\\\/lose-minitafeln-vollmilch-karamel\\\/#breadcrumb\"},\"inLanguage\":\"de\",\"potentialAction\":[{\"@type\":\"ReadAction\",\"target\":[\"https:\\\/\\\/www.dolfin.be\\\/de\\\/produkt\\\/lose-minitafeln-vollmilch-karamel\\\/\"]}]},{\"@type\":\"ImageObject\",\"inLanguage\":\"de\",\"@id\":\"https:\\\/\\\/www.dolfin.be\\\/de\\\/produkt\\\/lose-minitafeln-vollmilch-karamel\\\/#primaryimage\",\"url\":\"https:\\\/\\\/www.dolfin.be\\\/wp-content\\\/uploads\\\/2024\\\/02\\\/DO1372_3-4.jpg\",\"contentUrl\":\"https:\\\/\\\/www.dolfin.be\\\/wp-content\\\/uploads\\\/2024\\\/02\\\/DO1372_3-4.jpg\",\"width\":1001,\"height\":1001},{\"@type\":\"BreadcrumbList\",\"@id\":\"https:\\\/\\\/www.dolfin.be\\\/de\\\/produkt\\\/lose-minitafeln-vollmilch-karamel\\\/#breadcrumb\",\"itemListElement\":[{\"@type\":\"ListItem\",\"position\":1,\"name\":\"Accueil\",\"item\":\"https:\\\/\\\/www.dolfin.be\\\/de\\\/\"},{\"@type\":\"ListItem\",\"position\":2,\"name\":\"Unsere Produkte\",\"item\":\"https:\\\/\\\/www.dolfin.be\\\/de\\\/unsere-produkte\\\/\"},{\"@type\":\"ListItem\",\"position\":3,\"name\":\"Lose Minitafeln &#8211; Vollmilch &#038; Karamel\"}]},{\"@type\":\"WebSite\",\"@id\":\"https:\\\/\\\/www.dolfin.be\\\/de\\\/#website\",\"url\":\"https:\\\/\\\/www.dolfin.be\\\/de\\\/\",\"name\":\"Dolfin\",\"description\":\"\",\"potentialAction\":[{\"@type\":\"SearchAction\",\"target\":{\"@type\":\"EntryPoint\",\"urlTemplate\":\"https:\\\/\\\/www.dolfin.be\\\/de\\\/?s={search_term_string}\"},\"query-input\":{\"@type\":\"PropertyValueSpecification\",\"valueRequired\":true,\"valueName\":\"search_term_string\"}}],\"inLanguage\":\"de\"}]}<\/script>\n<!-- \/ Yoast SEO plugin. -->","yoast_head_json":{"title":"Dolfin | Lose Minitafeln - Vollmilch & Karamel - Made in Belgium","description":"Eine unwiderstehliche Gourmet-Mischung, durchdrungen von der reichen und s\u00fc\u00dfen Verbindung von Vollmilchschokolade und Butterscotch.","robots":{"index":"index","follow":"follow","max-snippet":"max-snippet:-1","max-image-preview":"max-image-preview:large","max-video-preview":"max-video-preview:-1"},"canonical":"https:\/\/www.dolfin.be\/de\/produkt\/lose-minitafeln-vollmilch-karamel\/","og_locale":"de_DE","og_type":"article","og_title":"Dolfin | Lose Minitafeln - Vollmilch & Karamel - Made in Belgium","og_description":"Eine unwiderstehliche Gourmet-Mischung, durchdrungen von der reichen und s\u00fc\u00dfen Verbindung von Vollmilchschokolade und Butterscotch.","og_url":"https:\/\/www.dolfin.be\/de\/produkt\/lose-minitafeln-vollmilch-karamel\/","og_site_name":"Dolfin","article_modified_time":"2025-10-20T12:29:33+00:00","og_image":[{"width":1001,"height":1001,"url":"https:\/\/www.dolfin.be\/wp-content\/uploads\/2024\/02\/DO1372_3-4.jpg","type":"image\/jpeg"}],"twitter_card":"summary_large_image","twitter_misc":{"Gesch\u00e4tzte Lesezeit":"1\u00a0Minute"},"schema":{"@context":"https:\/\/schema.org","@graph":[{"@type":"WebPage","@id":"https:\/\/www.dolfin.be\/de\/produkt\/lose-minitafeln-vollmilch-karamel\/","url":"https:\/\/www.dolfin.be\/de\/produkt\/lose-minitafeln-vollmilch-karamel\/","name":"Dolfin | Lose Minitafeln - Vollmilch & Karamel - Made in Belgium","isPartOf":{"@id":"https:\/\/www.dolfin.be\/de\/#website"},"primaryImageOfPage":{"@id":"https:\/\/www.dolfin.be\/de\/produkt\/lose-minitafeln-vollmilch-karamel\/#primaryimage"},"image":{"@id":"https:\/\/www.dolfin.be\/de\/produkt\/lose-minitafeln-vollmilch-karamel\/#primaryimage"},"thumbnailUrl":"https:\/\/www.dolfin.be\/wp-content\/uploads\/2024\/02\/DO1372_3-4.jpg","datePublished":"2012-05-08T09:40:49+00:00","dateModified":"2025-10-20T12:29:33+00:00","description":"Eine unwiderstehliche Gourmet-Mischung, durchdrungen von der reichen und s\u00fc\u00dfen Verbindung von Vollmilchschokolade und Butterscotch.","breadcrumb":{"@id":"https:\/\/www.dolfin.be\/de\/produkt\/lose-minitafeln-vollmilch-karamel\/#breadcrumb"},"inLanguage":"de","potentialAction":[{"@type":"ReadAction","target":["https:\/\/www.dolfin.be\/de\/produkt\/lose-minitafeln-vollmilch-karamel\/"]}]},{"@type":"ImageObject","inLanguage":"de","@id":"https:\/\/www.dolfin.be\/de\/produkt\/lose-minitafeln-vollmilch-karamel\/#primaryimage","url":"https:\/\/www.dolfin.be\/wp-content\/uploads\/2024\/02\/DO1372_3-4.jpg","contentUrl":"https:\/\/www.dolfin.be\/wp-content\/uploads\/2024\/02\/DO1372_3-4.jpg","width":1001,"height":1001},{"@type":"BreadcrumbList","@id":"https:\/\/www.dolfin.be\/de\/produkt\/lose-minitafeln-vollmilch-karamel\/#breadcrumb","itemListElement":[{"@type":"ListItem","position":1,"name":"Accueil","item":"https:\/\/www.dolfin.be\/de\/"},{"@type":"ListItem","position":2,"name":"Unsere Produkte","item":"https:\/\/www.dolfin.be\/de\/unsere-produkte\/"},{"@type":"ListItem","position":3,"name":"Lose Minitafeln &#8211; Vollmilch &#038; Karamel"}]},{"@type":"WebSite","@id":"https:\/\/www.dolfin.be\/de\/#website","url":"https:\/\/www.dolfin.be\/de\/","name":"Dolfin","description":"","potentialAction":[{"@type":"SearchAction","target":{"@type":"EntryPoint","urlTemplate":"https:\/\/www.dolfin.be\/de\/?s={search_term_string}"},"query-input":{"@type":"PropertyValueSpecification","valueRequired":true,"valueName":"search_term_string"}}],"inLanguage":"de"}]}},"_links":{"self":[{"href":"https:\/\/www.dolfin.be\/de\/wp-json\/wp\/v2\/product\/5191","targetHints":{"allow":["GET"]}}],"collection":[{"href":"https:\/\/www.dolfin.be\/de\/wp-json\/wp\/v2\/product"}],"about":[{"href":"https:\/\/www.dolfin.be\/de\/wp-json\/wp\/v2\/types\/product"}],"wp:featuredmedia":[{"embeddable":true,"href":"https:\/\/www.dolfin.be\/de\/wp-json\/wp\/v2\/media\/3342"}],"wp:attachment":[{"href":"https:\/\/www.dolfin.be\/de\/wp-json\/wp\/v2\/media?parent=5191"}],"wp:term":[{"taxonomy":"product_brand","embeddable":true,"href":"https:\/\/www.dolfin.be\/de\/wp-json\/wp\/v2\/product_brand?post=5191"},{"taxonomy":"product_cat","embeddable":true,"href":"https:\/\/www.dolfin.be\/de\/wp-json\/wp\/v2\/product_cat?post=5191"},{"taxonomy":"product_tag","embeddable":true,"href":"https:\/\/www.dolfin.be\/de\/wp-json\/wp\/v2\/product_tag?post=5191"}],"curies":[{"name":"wp","href":"https:\/\/api.w.org\/{rel}","templated":true}]}}