{"id":5176,"date":"2012-05-08T09:00:20","date_gmt":"2012-05-08T07:00:20","guid":{"rendered":"https:\/\/dolfin.poush-dev.be\/product\/48-minitafeln-travel-box\/"},"modified":"2025-06-04T14:10:54","modified_gmt":"2025-06-04T12:10:54","slug":"48-minitafeln-travel-box","status":"publish","type":"product","link":"https:\/\/www.dolfin.be\/de\/produkt\/48-minitafeln-travel-box\/","title":{"rendered":"48 Minitafeln &#8220;Travel Box&#8221;"},"content":{"rendered":"<p>Teilen, Gro\u00dfz\u00fcgigkeit, spielerische Raffinesse und K\u00f6stlichkeiten stehen in unserer Travel Box auf dem Speiseplan. Begeben Sie sich auf eine schmackhafte Reise, schlie\u00dfen Sie die Augen, riechen, genie\u00dfen Sie &#8230;<\/p>\n<p>Sortiment von 48 Tabletten mit 8 verschiedenen Geschmacksrichtungen: Zartbitter 88% Kakao, Zartbitter Guerande-Salz, Zartbitter Orange, Zartbitter Zitrone &amp; Ingwer, Vollmilch 37% Kakao, Vollmilch Karamell, Vollmilch Haselnuss und Vollmilch Kaffee.<\/p>\n<p><strong>Zutaten <\/strong>: Kakaopaste, Zucker, Kakaobutter, <strong>Milch<\/strong>pulver, magerer Kakao, <strong>Haseln\u00fcsse <\/strong>4%, <strong>Mandeln <\/strong>4%, Karamell 4% (Zucker, Glukosesirup, Voll<strong>milch<\/strong>pulver, Sahne (<strong>Milch<\/strong>), gesalzene Butter (<strong>Milch<\/strong>), Guerande-Salz, Emulgator: Rapslecithin), Orange 3%, Zitrone 2,5%, Kaffee 2%, Ingwer 1%, Guerande-Salz 0,2%, Emulgator: <strong>Soja<\/strong>lecithin, nat\u00fcrliche Aromen. Kakao : 37%, 60% oder 88% mindestens. Kann Spuren von anderen N\u00fcssen, Gluten, Eiern und Sesam enthalten.<\/p>\n","protected":false},"excerpt":{"rendered":"<p>Teilen, Gro\u00dfz\u00fcgigkeit, spielerische Raffinesse und K\u00f6stlichkeiten stehen in unserer Travel Box auf dem Speiseplan. Begeben Sie sich auf eine schmackhafte Reise, schlie\u00dfen Sie die Augen, riechen, genie\u00dfen Sie &#8230;<\/p>\n<p>Sortiment von 48 Tabletten mit 8 verschiedenen Geschmacksrichtungen: Zartbitter 88% Kakao, Zartbitter Guerande-Salz, Zartbitter Orange, Zartbitter Zitrone &amp; Ingwer, Vollmilch 37% Kakao, Vollmilch Karamell, Vollmilch Haselnuss und Vollmilch Kaffee.<\/p>\n","protected":false},"featured_media":32019,"template":"","meta":{"_acf_changed":false,"_et_pb_use_builder":"","_et_pb_old_content":"","_et_gb_content_width":"","inline_featured_image":false},"product_brand":[],"product_cat":[426,529,409,518,403],"product_tag":[],"class_list":{"0":"post-5176","1":"product","2":"type-product","3":"status-publish","4":"has-post-thumbnail","6":"product_cat-10g-tabletten-geschenkbox","7":"product_cat-dose-48","8":"product_cat-geschenkbox","9":"product_cat-schokoladenquadrate-geschenk","10":"product_cat-boxen-und-etuis","12":"first","13":"instock","14":"purchasable","15":"product-type-simple"},"acf":[],"yoast_head":"<!-- This site is optimized with the Yoast SEO plugin v27.4 - https:\/\/yoast.com\/product\/yoast-seo-wordpress\/ -->\n<title>Dolfin | 48 Minitafeln &quot;Travel Box&quot; - Made in Belgium<\/title>\n<meta name=\"description\" content=\"Teilen, Gro\u00dfz\u00fcgigkeit, spielerische Raffinesse und K\u00f6stlichkeiten stehen in unserer Travel Box auf dem Speiseplan. Begeben Sie sich auf eine leckere Reise!\" \/>\n<meta name=\"robots\" content=\"index, follow, max-snippet:-1, max-image-preview:large, max-video-preview:-1\" \/>\n<link rel=\"canonical\" href=\"https:\/\/www.dolfin.be\/de\/produkt\/48-minitafeln-travel-box\/\" \/>\n<meta property=\"og:locale\" content=\"de_DE\" \/>\n<meta property=\"og:type\" content=\"article\" \/>\n<meta property=\"og:title\" content=\"Dolfin | 48 Minitafeln &quot;Travel Box&quot; - Made in Belgium\" \/>\n<meta property=\"og:description\" content=\"Teilen, Gro\u00dfz\u00fcgigkeit, spielerische Raffinesse und K\u00f6stlichkeiten stehen in unserer Travel Box auf dem Speiseplan. Begeben Sie sich auf eine leckere Reise!\" \/>\n<meta property=\"og:url\" content=\"https:\/\/www.dolfin.be\/de\/produkt\/48-minitafeln-travel-box\/\" \/>\n<meta property=\"og:site_name\" content=\"Dolfin\" \/>\n<meta property=\"article:modified_time\" content=\"2025-06-04T12:10:54+00:00\" \/>\n<meta property=\"og:image\" content=\"https:\/\/www.dolfin.be\/wp-content\/uploads\/2024\/02\/DO2514_top.jpg\" \/>\n\t<meta property=\"og:image:width\" content=\"1001\" \/>\n\t<meta property=\"og:image:height\" content=\"1001\" \/>\n\t<meta property=\"og:image:type\" content=\"image\/jpeg\" \/>\n<meta name=\"twitter:card\" content=\"summary_large_image\" \/>\n<meta name=\"twitter:label1\" content=\"Gesch\u00e4tzte Lesezeit\" \/>\n\t<meta name=\"twitter:data1\" content=\"1\u00a0Minute\" \/>\n<script type=\"application\/ld+json\" class=\"yoast-schema-graph\">{\"@context\":\"https:\\\/\\\/schema.org\",\"@graph\":[{\"@type\":\"WebPage\",\"@id\":\"https:\\\/\\\/www.dolfin.be\\\/de\\\/produkt\\\/48-minitafeln-travel-box\\\/\",\"url\":\"https:\\\/\\\/www.dolfin.be\\\/de\\\/produkt\\\/48-minitafeln-travel-box\\\/\",\"name\":\"Dolfin | 48 Minitafeln \\\"Travel Box\\\" - Made in Belgium\",\"isPartOf\":{\"@id\":\"https:\\\/\\\/www.dolfin.be\\\/de\\\/#website\"},\"primaryImageOfPage\":{\"@id\":\"https:\\\/\\\/www.dolfin.be\\\/de\\\/produkt\\\/48-minitafeln-travel-box\\\/#primaryimage\"},\"image\":{\"@id\":\"https:\\\/\\\/www.dolfin.be\\\/de\\\/produkt\\\/48-minitafeln-travel-box\\\/#primaryimage\"},\"thumbnailUrl\":\"https:\\\/\\\/www.dolfin.be\\\/wp-content\\\/uploads\\\/2012\\\/05\\\/Copie-de-DSCF74152.jpg\",\"datePublished\":\"2012-05-08T07:00:20+00:00\",\"dateModified\":\"2025-06-04T12:10:54+00:00\",\"description\":\"Teilen, Gro\u00dfz\u00fcgigkeit, spielerische Raffinesse und K\u00f6stlichkeiten stehen in unserer Travel Box auf dem Speiseplan. Begeben Sie sich auf eine leckere Reise!\",\"breadcrumb\":{\"@id\":\"https:\\\/\\\/www.dolfin.be\\\/de\\\/produkt\\\/48-minitafeln-travel-box\\\/#breadcrumb\"},\"inLanguage\":\"de\",\"potentialAction\":[{\"@type\":\"ReadAction\",\"target\":[\"https:\\\/\\\/www.dolfin.be\\\/de\\\/produkt\\\/48-minitafeln-travel-box\\\/\"]}]},{\"@type\":\"ImageObject\",\"inLanguage\":\"de\",\"@id\":\"https:\\\/\\\/www.dolfin.be\\\/de\\\/produkt\\\/48-minitafeln-travel-box\\\/#primaryimage\",\"url\":\"https:\\\/\\\/www.dolfin.be\\\/wp-content\\\/uploads\\\/2012\\\/05\\\/Copie-de-DSCF74152.jpg\",\"contentUrl\":\"https:\\\/\\\/www.dolfin.be\\\/wp-content\\\/uploads\\\/2012\\\/05\\\/Copie-de-DSCF74152.jpg\",\"width\":960,\"height\":1200},{\"@type\":\"BreadcrumbList\",\"@id\":\"https:\\\/\\\/www.dolfin.be\\\/de\\\/produkt\\\/48-minitafeln-travel-box\\\/#breadcrumb\",\"itemListElement\":[{\"@type\":\"ListItem\",\"position\":1,\"name\":\"Accueil\",\"item\":\"https:\\\/\\\/www.dolfin.be\\\/de\\\/\"},{\"@type\":\"ListItem\",\"position\":2,\"name\":\"Unsere Produkte\",\"item\":\"https:\\\/\\\/www.dolfin.be\\\/de\\\/unsere-produkte\\\/\"},{\"@type\":\"ListItem\",\"position\":3,\"name\":\"48 Minitafeln &#8220;Travel Box&#8221;\"}]},{\"@type\":\"WebSite\",\"@id\":\"https:\\\/\\\/www.dolfin.be\\\/de\\\/#website\",\"url\":\"https:\\\/\\\/www.dolfin.be\\\/de\\\/\",\"name\":\"Dolfin\",\"description\":\"\",\"potentialAction\":[{\"@type\":\"SearchAction\",\"target\":{\"@type\":\"EntryPoint\",\"urlTemplate\":\"https:\\\/\\\/www.dolfin.be\\\/de\\\/?s={search_term_string}\"},\"query-input\":{\"@type\":\"PropertyValueSpecification\",\"valueRequired\":true,\"valueName\":\"search_term_string\"}}],\"inLanguage\":\"de\"}]}<\/script>\n<!-- \/ Yoast SEO plugin. -->","yoast_head_json":{"title":"Dolfin | 48 Minitafeln \"Travel Box\" - Made in Belgium","description":"Teilen, Gro\u00dfz\u00fcgigkeit, spielerische Raffinesse und K\u00f6stlichkeiten stehen in unserer Travel Box auf dem Speiseplan. Begeben Sie sich auf eine leckere Reise!","robots":{"index":"index","follow":"follow","max-snippet":"max-snippet:-1","max-image-preview":"max-image-preview:large","max-video-preview":"max-video-preview:-1"},"canonical":"https:\/\/www.dolfin.be\/de\/produkt\/48-minitafeln-travel-box\/","og_locale":"de_DE","og_type":"article","og_title":"Dolfin | 48 Minitafeln \"Travel Box\" - Made in Belgium","og_description":"Teilen, Gro\u00dfz\u00fcgigkeit, spielerische Raffinesse und K\u00f6stlichkeiten stehen in unserer Travel Box auf dem Speiseplan. Begeben Sie sich auf eine leckere Reise!","og_url":"https:\/\/www.dolfin.be\/de\/produkt\/48-minitafeln-travel-box\/","og_site_name":"Dolfin","article_modified_time":"2025-06-04T12:10:54+00:00","og_image":[{"width":1001,"height":1001,"url":"https:\/\/www.dolfin.be\/wp-content\/uploads\/2024\/02\/DO2514_top.jpg","type":"image\/jpeg"}],"twitter_card":"summary_large_image","twitter_misc":{"Gesch\u00e4tzte Lesezeit":"1\u00a0Minute"},"schema":{"@context":"https:\/\/schema.org","@graph":[{"@type":"WebPage","@id":"https:\/\/www.dolfin.be\/de\/produkt\/48-minitafeln-travel-box\/","url":"https:\/\/www.dolfin.be\/de\/produkt\/48-minitafeln-travel-box\/","name":"Dolfin | 48 Minitafeln \"Travel Box\" - Made in Belgium","isPartOf":{"@id":"https:\/\/www.dolfin.be\/de\/#website"},"primaryImageOfPage":{"@id":"https:\/\/www.dolfin.be\/de\/produkt\/48-minitafeln-travel-box\/#primaryimage"},"image":{"@id":"https:\/\/www.dolfin.be\/de\/produkt\/48-minitafeln-travel-box\/#primaryimage"},"thumbnailUrl":"https:\/\/www.dolfin.be\/wp-content\/uploads\/2012\/05\/Copie-de-DSCF74152.jpg","datePublished":"2012-05-08T07:00:20+00:00","dateModified":"2025-06-04T12:10:54+00:00","description":"Teilen, Gro\u00dfz\u00fcgigkeit, spielerische Raffinesse und K\u00f6stlichkeiten stehen in unserer Travel Box auf dem Speiseplan. Begeben Sie sich auf eine leckere Reise!","breadcrumb":{"@id":"https:\/\/www.dolfin.be\/de\/produkt\/48-minitafeln-travel-box\/#breadcrumb"},"inLanguage":"de","potentialAction":[{"@type":"ReadAction","target":["https:\/\/www.dolfin.be\/de\/produkt\/48-minitafeln-travel-box\/"]}]},{"@type":"ImageObject","inLanguage":"de","@id":"https:\/\/www.dolfin.be\/de\/produkt\/48-minitafeln-travel-box\/#primaryimage","url":"https:\/\/www.dolfin.be\/wp-content\/uploads\/2012\/05\/Copie-de-DSCF74152.jpg","contentUrl":"https:\/\/www.dolfin.be\/wp-content\/uploads\/2012\/05\/Copie-de-DSCF74152.jpg","width":960,"height":1200},{"@type":"BreadcrumbList","@id":"https:\/\/www.dolfin.be\/de\/produkt\/48-minitafeln-travel-box\/#breadcrumb","itemListElement":[{"@type":"ListItem","position":1,"name":"Accueil","item":"https:\/\/www.dolfin.be\/de\/"},{"@type":"ListItem","position":2,"name":"Unsere Produkte","item":"https:\/\/www.dolfin.be\/de\/unsere-produkte\/"},{"@type":"ListItem","position":3,"name":"48 Minitafeln &#8220;Travel Box&#8221;"}]},{"@type":"WebSite","@id":"https:\/\/www.dolfin.be\/de\/#website","url":"https:\/\/www.dolfin.be\/de\/","name":"Dolfin","description":"","potentialAction":[{"@type":"SearchAction","target":{"@type":"EntryPoint","urlTemplate":"https:\/\/www.dolfin.be\/de\/?s={search_term_string}"},"query-input":{"@type":"PropertyValueSpecification","valueRequired":true,"valueName":"search_term_string"}}],"inLanguage":"de"}]}},"_links":{"self":[{"href":"https:\/\/www.dolfin.be\/de\/wp-json\/wp\/v2\/product\/5176","targetHints":{"allow":["GET"]}}],"collection":[{"href":"https:\/\/www.dolfin.be\/de\/wp-json\/wp\/v2\/product"}],"about":[{"href":"https:\/\/www.dolfin.be\/de\/wp-json\/wp\/v2\/types\/product"}],"wp:featuredmedia":[{"embeddable":true,"href":"https:\/\/www.dolfin.be\/de\/wp-json\/wp\/v2\/media\/32019"}],"wp:attachment":[{"href":"https:\/\/www.dolfin.be\/de\/wp-json\/wp\/v2\/media?parent=5176"}],"wp:term":[{"taxonomy":"product_brand","embeddable":true,"href":"https:\/\/www.dolfin.be\/de\/wp-json\/wp\/v2\/product_brand?post=5176"},{"taxonomy":"product_cat","embeddable":true,"href":"https:\/\/www.dolfin.be\/de\/wp-json\/wp\/v2\/product_cat?post=5176"},{"taxonomy":"product_tag","embeddable":true,"href":"https:\/\/www.dolfin.be\/de\/wp-json\/wp\/v2\/product_tag?post=5176"}],"curies":[{"name":"wp","href":"https:\/\/api.w.org\/{rel}","templated":true}]}}