{"id":31773,"date":"2026-02-10T11:26:48","date_gmt":"2026-02-10T10:26:48","guid":{"rendered":"https:\/\/www.dolfin.be\/product\/oranges-summer-vintage-collection\/"},"modified":"2026-02-10T12:16:10","modified_gmt":"2026-02-10T11:16:10","slug":"orangen-vintage-summer-collection","status":"publish","type":"product","link":"https:\/\/www.dolfin.be\/de\/produkt\/orangen-vintage-summer-collection\/","title":{"rendered":"Orangen &#8211; Vintage Summer Collection"},"content":{"rendered":"<p>Entlang einer kurvenreichen Stra\u00dfe am Meer trifft die Intensit\u00e4t dunkler Schokolade auf die frische, leicht s\u00e4uerliche Note der Orange. Ein lebendiges, sonniges Gleichgewicht, inspiriert von mediterranen Landschaften und sommerlichen Auszeiten.<\/p>\n<p><strong>Zutaten<\/strong> : Kakaomasse, Zucker, kandierte Orange 3,6% (Orange, Zucker, Glukosesirup), Kakaobutter, Emulgator: Sojalecithin, nat\u00fcrliche Vanille- und Orangenaromen. Kakao : 60% mindestens. Kann N\u00fcsse, Eiern, Milch, Gluten und Sesam enthalten.<\/p>\n","protected":false},"excerpt":{"rendered":"<p>Zartbitterschokolade &#8211; Orangen<\/p>\n<p>Entlang einer kurvenreichen Stra\u00dfe am Meer trifft die Intensit\u00e4t dunkler Schokolade auf die frische, leicht s\u00e4uerliche Note der Orange. Ein lebendiges, sonniges Gleichgewicht, inspiriert von mediterranen Landschaften und sommerlichen Auszeiten.<\/p>\n","protected":false},"featured_media":31762,"template":"","meta":{"_acf_changed":false,"_et_pb_use_builder":"","_et_pb_old_content":"","_et_gb_content_width":"","inline_featured_image":false},"product_brand":[],"product_cat":[596],"product_tag":[],"class_list":{"0":"post-31773","1":"product","2":"type-product","3":"status-publish","4":"has-post-thumbnail","6":"product_cat-vintage-collection-de","8":"first","9":"instock","10":"shipping-taxable","11":"purchasable","12":"product-type-simple"},"acf":[],"yoast_head":"<!-- This site is optimized with the Yoast SEO plugin v27.3 - https:\/\/yoast.com\/product\/yoast-seo-wordpress\/ -->\n<title>Orangen - Vintage Summer Collection | Dolfin<\/title>\n<meta name=\"description\" content=\"Entlang einer kurvenreichen Stra\u00dfe am Meer trifft die Intensit\u00e4t dunkler Schokolade auf die frische, leicht s\u00e4uerliche Note der Orange. Ein lebendiges, sonniges Gleichgewicht, inspiriert von mediterranen Landschaften und sommerlichen Auszeiten.\" \/>\n<meta name=\"robots\" content=\"index, follow, max-snippet:-1, max-image-preview:large, max-video-preview:-1\" \/>\n<link rel=\"canonical\" href=\"https:\/\/www.dolfin.be\/de\/produkt\/orangen-vintage-summer-collection\/\" \/>\n<meta property=\"og:locale\" content=\"de_DE\" \/>\n<meta property=\"og:type\" content=\"article\" \/>\n<meta property=\"og:title\" content=\"Orangen - Vintage Summer Collection | Dolfin\" \/>\n<meta property=\"og:description\" content=\"Entlang einer kurvenreichen Stra\u00dfe am Meer trifft die Intensit\u00e4t dunkler Schokolade auf die frische, leicht s\u00e4uerliche Note der Orange. Ein lebendiges, sonniges Gleichgewicht, inspiriert von mediterranen Landschaften und sommerlichen Auszeiten.\" \/>\n<meta property=\"og:url\" content=\"https:\/\/www.dolfin.be\/de\/produkt\/orangen-vintage-summer-collection\/\" \/>\n<meta property=\"og:site_name\" content=\"Dolfin\" \/>\n<meta property=\"article:modified_time\" content=\"2026-02-10T11:16:10+00:00\" \/>\n<meta property=\"og:image\" content=\"https:\/\/www.dolfin.be\/wp-content\/uploads\/2026\/02\/Tablette-Summer-Vintage-Dark-oranges_front_lr.jpg\" \/>\n\t<meta property=\"og:image:width\" content=\"1200\" \/>\n\t<meta property=\"og:image:height\" content=\"1200\" \/>\n\t<meta property=\"og:image:type\" content=\"image\/jpeg\" \/>\n<meta name=\"twitter:card\" content=\"summary_large_image\" \/>\n<meta name=\"twitter:label1\" content=\"Gesch\u00e4tzte Lesezeit\" \/>\n\t<meta name=\"twitter:data1\" content=\"1\u00a0Minute\" \/>\n<script type=\"application\/ld+json\" class=\"yoast-schema-graph\">{\"@context\":\"https:\\\/\\\/schema.org\",\"@graph\":[{\"@type\":\"WebPage\",\"@id\":\"https:\\\/\\\/www.dolfin.be\\\/de\\\/produkt\\\/orangen-vintage-summer-collection\\\/\",\"url\":\"https:\\\/\\\/www.dolfin.be\\\/de\\\/produkt\\\/orangen-vintage-summer-collection\\\/\",\"name\":\"Orangen - Vintage Summer Collection | Dolfin\",\"isPartOf\":{\"@id\":\"https:\\\/\\\/www.dolfin.be\\\/de\\\/#website\"},\"primaryImageOfPage\":{\"@id\":\"https:\\\/\\\/www.dolfin.be\\\/de\\\/produkt\\\/orangen-vintage-summer-collection\\\/#primaryimage\"},\"image\":{\"@id\":\"https:\\\/\\\/www.dolfin.be\\\/de\\\/produkt\\\/orangen-vintage-summer-collection\\\/#primaryimage\"},\"thumbnailUrl\":\"https:\\\/\\\/www.dolfin.be\\\/wp-content\\\/uploads\\\/2026\\\/02\\\/Tablette-Summer-Vintage-Dark-oranges_front_lr.jpg\",\"datePublished\":\"2026-02-10T10:26:48+00:00\",\"dateModified\":\"2026-02-10T11:16:10+00:00\",\"description\":\"Entlang einer kurvenreichen Stra\u00dfe am Meer trifft die Intensit\u00e4t dunkler Schokolade auf die frische, leicht s\u00e4uerliche Note der Orange. Ein lebendiges, sonniges Gleichgewicht, inspiriert von mediterranen Landschaften und sommerlichen Auszeiten.\",\"breadcrumb\":{\"@id\":\"https:\\\/\\\/www.dolfin.be\\\/de\\\/produkt\\\/orangen-vintage-summer-collection\\\/#breadcrumb\"},\"inLanguage\":\"de\",\"potentialAction\":[{\"@type\":\"ReadAction\",\"target\":[\"https:\\\/\\\/www.dolfin.be\\\/de\\\/produkt\\\/orangen-vintage-summer-collection\\\/\"]}]},{\"@type\":\"ImageObject\",\"inLanguage\":\"de\",\"@id\":\"https:\\\/\\\/www.dolfin.be\\\/de\\\/produkt\\\/orangen-vintage-summer-collection\\\/#primaryimage\",\"url\":\"https:\\\/\\\/www.dolfin.be\\\/wp-content\\\/uploads\\\/2026\\\/02\\\/Tablette-Summer-Vintage-Dark-oranges_front_lr.jpg\",\"contentUrl\":\"https:\\\/\\\/www.dolfin.be\\\/wp-content\\\/uploads\\\/2026\\\/02\\\/Tablette-Summer-Vintage-Dark-oranges_front_lr.jpg\",\"width\":1200,\"height\":1200},{\"@type\":\"BreadcrumbList\",\"@id\":\"https:\\\/\\\/www.dolfin.be\\\/de\\\/produkt\\\/orangen-vintage-summer-collection\\\/#breadcrumb\",\"itemListElement\":[{\"@type\":\"ListItem\",\"position\":1,\"name\":\"Accueil\",\"item\":\"https:\\\/\\\/www.dolfin.be\\\/de\\\/\"},{\"@type\":\"ListItem\",\"position\":2,\"name\":\"Unsere Produkte\",\"item\":\"https:\\\/\\\/www.dolfin.be\\\/de\\\/unsere-produkte\\\/\"},{\"@type\":\"ListItem\",\"position\":3,\"name\":\"Orangen &#8211; Vintage Summer Collection\"}]},{\"@type\":\"WebSite\",\"@id\":\"https:\\\/\\\/www.dolfin.be\\\/de\\\/#website\",\"url\":\"https:\\\/\\\/www.dolfin.be\\\/de\\\/\",\"name\":\"Dolfin\",\"description\":\"\",\"potentialAction\":[{\"@type\":\"SearchAction\",\"target\":{\"@type\":\"EntryPoint\",\"urlTemplate\":\"https:\\\/\\\/www.dolfin.be\\\/de\\\/?s={search_term_string}\"},\"query-input\":{\"@type\":\"PropertyValueSpecification\",\"valueRequired\":true,\"valueName\":\"search_term_string\"}}],\"inLanguage\":\"de\"}]}<\/script>\n<!-- \/ Yoast SEO plugin. -->","yoast_head_json":{"title":"Orangen - Vintage Summer Collection | Dolfin","description":"Entlang einer kurvenreichen Stra\u00dfe am Meer trifft die Intensit\u00e4t dunkler Schokolade auf die frische, leicht s\u00e4uerliche Note der Orange. Ein lebendiges, sonniges Gleichgewicht, inspiriert von mediterranen Landschaften und sommerlichen Auszeiten.","robots":{"index":"index","follow":"follow","max-snippet":"max-snippet:-1","max-image-preview":"max-image-preview:large","max-video-preview":"max-video-preview:-1"},"canonical":"https:\/\/www.dolfin.be\/de\/produkt\/orangen-vintage-summer-collection\/","og_locale":"de_DE","og_type":"article","og_title":"Orangen - Vintage Summer Collection | Dolfin","og_description":"Entlang einer kurvenreichen Stra\u00dfe am Meer trifft die Intensit\u00e4t dunkler Schokolade auf die frische, leicht s\u00e4uerliche Note der Orange. Ein lebendiges, sonniges Gleichgewicht, inspiriert von mediterranen Landschaften und sommerlichen Auszeiten.","og_url":"https:\/\/www.dolfin.be\/de\/produkt\/orangen-vintage-summer-collection\/","og_site_name":"Dolfin","article_modified_time":"2026-02-10T11:16:10+00:00","og_image":[{"width":1200,"height":1200,"url":"https:\/\/www.dolfin.be\/wp-content\/uploads\/2026\/02\/Tablette-Summer-Vintage-Dark-oranges_front_lr.jpg","type":"image\/jpeg"}],"twitter_card":"summary_large_image","twitter_misc":{"Gesch\u00e4tzte Lesezeit":"1\u00a0Minute"},"schema":{"@context":"https:\/\/schema.org","@graph":[{"@type":"WebPage","@id":"https:\/\/www.dolfin.be\/de\/produkt\/orangen-vintage-summer-collection\/","url":"https:\/\/www.dolfin.be\/de\/produkt\/orangen-vintage-summer-collection\/","name":"Orangen - Vintage Summer Collection | Dolfin","isPartOf":{"@id":"https:\/\/www.dolfin.be\/de\/#website"},"primaryImageOfPage":{"@id":"https:\/\/www.dolfin.be\/de\/produkt\/orangen-vintage-summer-collection\/#primaryimage"},"image":{"@id":"https:\/\/www.dolfin.be\/de\/produkt\/orangen-vintage-summer-collection\/#primaryimage"},"thumbnailUrl":"https:\/\/www.dolfin.be\/wp-content\/uploads\/2026\/02\/Tablette-Summer-Vintage-Dark-oranges_front_lr.jpg","datePublished":"2026-02-10T10:26:48+00:00","dateModified":"2026-02-10T11:16:10+00:00","description":"Entlang einer kurvenreichen Stra\u00dfe am Meer trifft die Intensit\u00e4t dunkler Schokolade auf die frische, leicht s\u00e4uerliche Note der Orange. Ein lebendiges, sonniges Gleichgewicht, inspiriert von mediterranen Landschaften und sommerlichen Auszeiten.","breadcrumb":{"@id":"https:\/\/www.dolfin.be\/de\/produkt\/orangen-vintage-summer-collection\/#breadcrumb"},"inLanguage":"de","potentialAction":[{"@type":"ReadAction","target":["https:\/\/www.dolfin.be\/de\/produkt\/orangen-vintage-summer-collection\/"]}]},{"@type":"ImageObject","inLanguage":"de","@id":"https:\/\/www.dolfin.be\/de\/produkt\/orangen-vintage-summer-collection\/#primaryimage","url":"https:\/\/www.dolfin.be\/wp-content\/uploads\/2026\/02\/Tablette-Summer-Vintage-Dark-oranges_front_lr.jpg","contentUrl":"https:\/\/www.dolfin.be\/wp-content\/uploads\/2026\/02\/Tablette-Summer-Vintage-Dark-oranges_front_lr.jpg","width":1200,"height":1200},{"@type":"BreadcrumbList","@id":"https:\/\/www.dolfin.be\/de\/produkt\/orangen-vintage-summer-collection\/#breadcrumb","itemListElement":[{"@type":"ListItem","position":1,"name":"Accueil","item":"https:\/\/www.dolfin.be\/de\/"},{"@type":"ListItem","position":2,"name":"Unsere Produkte","item":"https:\/\/www.dolfin.be\/de\/unsere-produkte\/"},{"@type":"ListItem","position":3,"name":"Orangen &#8211; Vintage Summer Collection"}]},{"@type":"WebSite","@id":"https:\/\/www.dolfin.be\/de\/#website","url":"https:\/\/www.dolfin.be\/de\/","name":"Dolfin","description":"","potentialAction":[{"@type":"SearchAction","target":{"@type":"EntryPoint","urlTemplate":"https:\/\/www.dolfin.be\/de\/?s={search_term_string}"},"query-input":{"@type":"PropertyValueSpecification","valueRequired":true,"valueName":"search_term_string"}}],"inLanguage":"de"}]}},"_links":{"self":[{"href":"https:\/\/www.dolfin.be\/de\/wp-json\/wp\/v2\/product\/31773","targetHints":{"allow":["GET"]}}],"collection":[{"href":"https:\/\/www.dolfin.be\/de\/wp-json\/wp\/v2\/product"}],"about":[{"href":"https:\/\/www.dolfin.be\/de\/wp-json\/wp\/v2\/types\/product"}],"wp:featuredmedia":[{"embeddable":true,"href":"https:\/\/www.dolfin.be\/de\/wp-json\/wp\/v2\/media\/31762"}],"wp:attachment":[{"href":"https:\/\/www.dolfin.be\/de\/wp-json\/wp\/v2\/media?parent=31773"}],"wp:term":[{"taxonomy":"product_brand","embeddable":true,"href":"https:\/\/www.dolfin.be\/de\/wp-json\/wp\/v2\/product_brand?post=31773"},{"taxonomy":"product_cat","embeddable":true,"href":"https:\/\/www.dolfin.be\/de\/wp-json\/wp\/v2\/product_cat?post=31773"},{"taxonomy":"product_tag","embeddable":true,"href":"https:\/\/www.dolfin.be\/de\/wp-json\/wp\/v2\/product_tag?post=31773"}],"curies":[{"name":"wp","href":"https:\/\/api.w.org\/{rel}","templated":true}]}}