{"id":31751,"date":"2026-02-10T11:12:17","date_gmt":"2026-02-10T10:12:17","guid":{"rendered":"https:\/\/www.dolfin.be\/product\/caramel-au-beurre-sale-vintage-summer-collection\/"},"modified":"2026-02-10T12:23:16","modified_gmt":"2026-02-10T11:23:16","slug":"karamel-mit-gesalzener-butter-vintage-summer-collection","status":"publish","type":"product","link":"https:\/\/www.dolfin.be\/de\/produkt\/karamel-mit-gesalzener-butter-vintage-summer-collection\/","title":{"rendered":"Karamel mit gesalzener butter &#8211; Vintage Summer Collection"},"content":{"rendered":"<p>Unter einem strahlend blauen Himmel, mit Blick auf einen von Sonnenschirmen ges\u00e4umten Strand, vereint sich zartschmelzende Milchschokolade mit einer cremigen gesalzenen Butterkaramell. Ein sonniges, wohltuendes Rezept, zugleich sanft und intensiv gourmand.<\/p>\n<p><strong>Zutaten<\/strong> : Zucker, Kakaomasse, Kakaobutter, Vollmilchpulver, Salzbutterkaramell 10% (Zucker, Glukosesirup, Sahne (milch) aus der Normandie, Halbsalzige Isigny-Butter g.U. (milch) 4,1%, Magermilchpulver, fleur de sel aus Guerande 1,6%), Emulgator: Sojalecithin, Guerande-Salz, nat\u00fcrliche Aromen, nat\u00fcrliches Vanillearoma. Kakao : 37% mindestens. Kann N\u00fcsse, Gluten, Eiern und Sesam enthalten.<\/p>\n","protected":false},"excerpt":{"rendered":"<p>Vollmilchschokolade &#8211; Karamel mit gesalzener butter<\/p>\n<p>Unter einem strahlend blauen Himmel, mit Blick auf einen von Sonnenschirmen ges\u00e4umten Strand, vereint sich zartschmelzende Milchschokolade mit einer cremigen gesalzenen Butterkaramell. Ein sonniges, wohltuendes Rezept, zugleich sanft und intensiv gourmand.<\/p>\n","protected":false},"featured_media":31738,"template":"","meta":{"_acf_changed":false,"_et_pb_use_builder":"","_et_pb_old_content":"","_et_gb_content_width":"","inline_featured_image":false},"product_brand":[],"product_cat":[596],"product_tag":[],"class_list":{"0":"post-31751","1":"product","2":"type-product","3":"status-publish","4":"has-post-thumbnail","6":"product_cat-vintage-collection-de","8":"first","9":"instock","10":"shipping-taxable","11":"purchasable","12":"product-type-simple"},"acf":[],"yoast_head":"<!-- This site is optimized with the Yoast SEO plugin v27.3 - https:\/\/yoast.com\/product\/yoast-seo-wordpress\/ -->\n<title>Karamel mit gesalzener butter - Vintage Summer Collection | Dolfin<\/title>\n<meta name=\"description\" content=\"Unter einem strahlend blauen Himmel, mit Blick auf einen von Sonnenschirmen ges\u00e4umten Strand, vereint sich zartschmelzende Milchschokolade mit einer cremigen gesalzenen Butterkaramell. Ein sonniges, wohltuendes Rezept, zugleich sanft und intensiv gourmand.\" \/>\n<meta name=\"robots\" content=\"index, follow, max-snippet:-1, max-image-preview:large, max-video-preview:-1\" \/>\n<link rel=\"canonical\" href=\"https:\/\/www.dolfin.be\/de\/produkt\/karamel-mit-gesalzener-butter-vintage-summer-collection\/\" \/>\n<meta property=\"og:locale\" content=\"de_DE\" \/>\n<meta property=\"og:type\" content=\"article\" \/>\n<meta property=\"og:title\" content=\"Karamel mit gesalzener butter - Vintage Summer Collection | Dolfin\" \/>\n<meta property=\"og:description\" content=\"Unter einem strahlend blauen Himmel, mit Blick auf einen von Sonnenschirmen ges\u00e4umten Strand, vereint sich zartschmelzende Milchschokolade mit einer cremigen gesalzenen Butterkaramell. Ein sonniges, wohltuendes Rezept, zugleich sanft und intensiv gourmand.\" \/>\n<meta property=\"og:url\" content=\"https:\/\/www.dolfin.be\/de\/produkt\/karamel-mit-gesalzener-butter-vintage-summer-collection\/\" \/>\n<meta property=\"og:site_name\" content=\"Dolfin\" \/>\n<meta property=\"article:modified_time\" content=\"2026-02-10T11:23:16+00:00\" \/>\n<meta property=\"og:image\" content=\"https:\/\/www.dolfin.be\/wp-content\/uploads\/2026\/02\/Tablette-Summer-Vintage-Milk-salted-butter-caramel_front_lr.jpg\" \/>\n\t<meta property=\"og:image:width\" content=\"1200\" \/>\n\t<meta property=\"og:image:height\" content=\"1200\" \/>\n\t<meta property=\"og:image:type\" content=\"image\/jpeg\" \/>\n<meta name=\"twitter:card\" content=\"summary_large_image\" \/>\n<meta name=\"twitter:label1\" content=\"Gesch\u00e4tzte Lesezeit\" \/>\n\t<meta name=\"twitter:data1\" content=\"1\u00a0Minute\" \/>\n<script type=\"application\/ld+json\" class=\"yoast-schema-graph\">{\"@context\":\"https:\\\/\\\/schema.org\",\"@graph\":[{\"@type\":\"WebPage\",\"@id\":\"https:\\\/\\\/www.dolfin.be\\\/de\\\/produkt\\\/karamel-mit-gesalzener-butter-vintage-summer-collection\\\/\",\"url\":\"https:\\\/\\\/www.dolfin.be\\\/de\\\/produkt\\\/karamel-mit-gesalzener-butter-vintage-summer-collection\\\/\",\"name\":\"Karamel mit gesalzener butter - Vintage Summer Collection | Dolfin\",\"isPartOf\":{\"@id\":\"https:\\\/\\\/www.dolfin.be\\\/de\\\/#website\"},\"primaryImageOfPage\":{\"@id\":\"https:\\\/\\\/www.dolfin.be\\\/de\\\/produkt\\\/karamel-mit-gesalzener-butter-vintage-summer-collection\\\/#primaryimage\"},\"image\":{\"@id\":\"https:\\\/\\\/www.dolfin.be\\\/de\\\/produkt\\\/karamel-mit-gesalzener-butter-vintage-summer-collection\\\/#primaryimage\"},\"thumbnailUrl\":\"https:\\\/\\\/www.dolfin.be\\\/wp-content\\\/uploads\\\/2026\\\/02\\\/Tablette-Summer-Vintage-Milk-salted-butter-caramel_front_lr.jpg\",\"datePublished\":\"2026-02-10T10:12:17+00:00\",\"dateModified\":\"2026-02-10T11:23:16+00:00\",\"description\":\"Unter einem strahlend blauen Himmel, mit Blick auf einen von Sonnenschirmen ges\u00e4umten Strand, vereint sich zartschmelzende Milchschokolade mit einer cremigen gesalzenen Butterkaramell. Ein sonniges, wohltuendes Rezept, zugleich sanft und intensiv gourmand.\",\"breadcrumb\":{\"@id\":\"https:\\\/\\\/www.dolfin.be\\\/de\\\/produkt\\\/karamel-mit-gesalzener-butter-vintage-summer-collection\\\/#breadcrumb\"},\"inLanguage\":\"de\",\"potentialAction\":[{\"@type\":\"ReadAction\",\"target\":[\"https:\\\/\\\/www.dolfin.be\\\/de\\\/produkt\\\/karamel-mit-gesalzener-butter-vintage-summer-collection\\\/\"]}]},{\"@type\":\"ImageObject\",\"inLanguage\":\"de\",\"@id\":\"https:\\\/\\\/www.dolfin.be\\\/de\\\/produkt\\\/karamel-mit-gesalzener-butter-vintage-summer-collection\\\/#primaryimage\",\"url\":\"https:\\\/\\\/www.dolfin.be\\\/wp-content\\\/uploads\\\/2026\\\/02\\\/Tablette-Summer-Vintage-Milk-salted-butter-caramel_front_lr.jpg\",\"contentUrl\":\"https:\\\/\\\/www.dolfin.be\\\/wp-content\\\/uploads\\\/2026\\\/02\\\/Tablette-Summer-Vintage-Milk-salted-butter-caramel_front_lr.jpg\",\"width\":1200,\"height\":1200},{\"@type\":\"BreadcrumbList\",\"@id\":\"https:\\\/\\\/www.dolfin.be\\\/de\\\/produkt\\\/karamel-mit-gesalzener-butter-vintage-summer-collection\\\/#breadcrumb\",\"itemListElement\":[{\"@type\":\"ListItem\",\"position\":1,\"name\":\"Accueil\",\"item\":\"https:\\\/\\\/www.dolfin.be\\\/de\\\/\"},{\"@type\":\"ListItem\",\"position\":2,\"name\":\"Unsere Produkte\",\"item\":\"https:\\\/\\\/www.dolfin.be\\\/de\\\/unsere-produkte\\\/\"},{\"@type\":\"ListItem\",\"position\":3,\"name\":\"Karamel mit gesalzener butter &#8211; Vintage Summer Collection\"}]},{\"@type\":\"WebSite\",\"@id\":\"https:\\\/\\\/www.dolfin.be\\\/de\\\/#website\",\"url\":\"https:\\\/\\\/www.dolfin.be\\\/de\\\/\",\"name\":\"Dolfin\",\"description\":\"\",\"potentialAction\":[{\"@type\":\"SearchAction\",\"target\":{\"@type\":\"EntryPoint\",\"urlTemplate\":\"https:\\\/\\\/www.dolfin.be\\\/de\\\/?s={search_term_string}\"},\"query-input\":{\"@type\":\"PropertyValueSpecification\",\"valueRequired\":true,\"valueName\":\"search_term_string\"}}],\"inLanguage\":\"de\"}]}<\/script>\n<!-- \/ Yoast SEO plugin. -->","yoast_head_json":{"title":"Karamel mit gesalzener butter - Vintage Summer Collection | Dolfin","description":"Unter einem strahlend blauen Himmel, mit Blick auf einen von Sonnenschirmen ges\u00e4umten Strand, vereint sich zartschmelzende Milchschokolade mit einer cremigen gesalzenen Butterkaramell. Ein sonniges, wohltuendes Rezept, zugleich sanft und intensiv gourmand.","robots":{"index":"index","follow":"follow","max-snippet":"max-snippet:-1","max-image-preview":"max-image-preview:large","max-video-preview":"max-video-preview:-1"},"canonical":"https:\/\/www.dolfin.be\/de\/produkt\/karamel-mit-gesalzener-butter-vintage-summer-collection\/","og_locale":"de_DE","og_type":"article","og_title":"Karamel mit gesalzener butter - Vintage Summer Collection | Dolfin","og_description":"Unter einem strahlend blauen Himmel, mit Blick auf einen von Sonnenschirmen ges\u00e4umten Strand, vereint sich zartschmelzende Milchschokolade mit einer cremigen gesalzenen Butterkaramell. Ein sonniges, wohltuendes Rezept, zugleich sanft und intensiv gourmand.","og_url":"https:\/\/www.dolfin.be\/de\/produkt\/karamel-mit-gesalzener-butter-vintage-summer-collection\/","og_site_name":"Dolfin","article_modified_time":"2026-02-10T11:23:16+00:00","og_image":[{"width":1200,"height":1200,"url":"https:\/\/www.dolfin.be\/wp-content\/uploads\/2026\/02\/Tablette-Summer-Vintage-Milk-salted-butter-caramel_front_lr.jpg","type":"image\/jpeg"}],"twitter_card":"summary_large_image","twitter_misc":{"Gesch\u00e4tzte Lesezeit":"1\u00a0Minute"},"schema":{"@context":"https:\/\/schema.org","@graph":[{"@type":"WebPage","@id":"https:\/\/www.dolfin.be\/de\/produkt\/karamel-mit-gesalzener-butter-vintage-summer-collection\/","url":"https:\/\/www.dolfin.be\/de\/produkt\/karamel-mit-gesalzener-butter-vintage-summer-collection\/","name":"Karamel mit gesalzener butter - Vintage Summer Collection | Dolfin","isPartOf":{"@id":"https:\/\/www.dolfin.be\/de\/#website"},"primaryImageOfPage":{"@id":"https:\/\/www.dolfin.be\/de\/produkt\/karamel-mit-gesalzener-butter-vintage-summer-collection\/#primaryimage"},"image":{"@id":"https:\/\/www.dolfin.be\/de\/produkt\/karamel-mit-gesalzener-butter-vintage-summer-collection\/#primaryimage"},"thumbnailUrl":"https:\/\/www.dolfin.be\/wp-content\/uploads\/2026\/02\/Tablette-Summer-Vintage-Milk-salted-butter-caramel_front_lr.jpg","datePublished":"2026-02-10T10:12:17+00:00","dateModified":"2026-02-10T11:23:16+00:00","description":"Unter einem strahlend blauen Himmel, mit Blick auf einen von Sonnenschirmen ges\u00e4umten Strand, vereint sich zartschmelzende Milchschokolade mit einer cremigen gesalzenen Butterkaramell. Ein sonniges, wohltuendes Rezept, zugleich sanft und intensiv gourmand.","breadcrumb":{"@id":"https:\/\/www.dolfin.be\/de\/produkt\/karamel-mit-gesalzener-butter-vintage-summer-collection\/#breadcrumb"},"inLanguage":"de","potentialAction":[{"@type":"ReadAction","target":["https:\/\/www.dolfin.be\/de\/produkt\/karamel-mit-gesalzener-butter-vintage-summer-collection\/"]}]},{"@type":"ImageObject","inLanguage":"de","@id":"https:\/\/www.dolfin.be\/de\/produkt\/karamel-mit-gesalzener-butter-vintage-summer-collection\/#primaryimage","url":"https:\/\/www.dolfin.be\/wp-content\/uploads\/2026\/02\/Tablette-Summer-Vintage-Milk-salted-butter-caramel_front_lr.jpg","contentUrl":"https:\/\/www.dolfin.be\/wp-content\/uploads\/2026\/02\/Tablette-Summer-Vintage-Milk-salted-butter-caramel_front_lr.jpg","width":1200,"height":1200},{"@type":"BreadcrumbList","@id":"https:\/\/www.dolfin.be\/de\/produkt\/karamel-mit-gesalzener-butter-vintage-summer-collection\/#breadcrumb","itemListElement":[{"@type":"ListItem","position":1,"name":"Accueil","item":"https:\/\/www.dolfin.be\/de\/"},{"@type":"ListItem","position":2,"name":"Unsere Produkte","item":"https:\/\/www.dolfin.be\/de\/unsere-produkte\/"},{"@type":"ListItem","position":3,"name":"Karamel mit gesalzener butter &#8211; Vintage Summer Collection"}]},{"@type":"WebSite","@id":"https:\/\/www.dolfin.be\/de\/#website","url":"https:\/\/www.dolfin.be\/de\/","name":"Dolfin","description":"","potentialAction":[{"@type":"SearchAction","target":{"@type":"EntryPoint","urlTemplate":"https:\/\/www.dolfin.be\/de\/?s={search_term_string}"},"query-input":{"@type":"PropertyValueSpecification","valueRequired":true,"valueName":"search_term_string"}}],"inLanguage":"de"}]}},"_links":{"self":[{"href":"https:\/\/www.dolfin.be\/de\/wp-json\/wp\/v2\/product\/31751","targetHints":{"allow":["GET"]}}],"collection":[{"href":"https:\/\/www.dolfin.be\/de\/wp-json\/wp\/v2\/product"}],"about":[{"href":"https:\/\/www.dolfin.be\/de\/wp-json\/wp\/v2\/types\/product"}],"wp:featuredmedia":[{"embeddable":true,"href":"https:\/\/www.dolfin.be\/de\/wp-json\/wp\/v2\/media\/31738"}],"wp:attachment":[{"href":"https:\/\/www.dolfin.be\/de\/wp-json\/wp\/v2\/media?parent=31751"}],"wp:term":[{"taxonomy":"product_brand","embeddable":true,"href":"https:\/\/www.dolfin.be\/de\/wp-json\/wp\/v2\/product_brand?post=31751"},{"taxonomy":"product_cat","embeddable":true,"href":"https:\/\/www.dolfin.be\/de\/wp-json\/wp\/v2\/product_cat?post=31751"},{"taxonomy":"product_tag","embeddable":true,"href":"https:\/\/www.dolfin.be\/de\/wp-json\/wp\/v2\/product_tag?post=31751"}],"curies":[{"name":"wp","href":"https:\/\/api.w.org\/{rel}","templated":true}]}}