{"id":30931,"date":"2026-02-04T14:06:01","date_gmt":"2026-02-04T13:06:01","guid":{"rendered":"https:\/\/www.dolfin.be\/product\/coffret-il-etait-une-feve\/"},"modified":"2026-02-04T14:36:08","modified_gmt":"2026-02-04T13:36:08","slug":"once-upon-a-bean-geschenkbox","status":"publish","type":"product","link":"https:\/\/www.dolfin.be\/de\/produkt\/once-upon-a-bean-geschenkbox\/","title":{"rendered":"Once Upon a Bean Geschenkbox"},"content":{"rendered":"<p>Dieses Geschenkset zu \u00f6ffnen bedeutet, der kleinen Bohne auf ihrem Abenteuer bis zum magischsten Moment zu folgen: wenn sie, zum Napolitain geworden, endlich verkostet werden darf.<\/p>\n<p>Ein Schokoladenm\u00e4rchen zum Genie\u00dfen \u2026 St\u00fcck f\u00fcr St\u00fcck.<\/p>\n<p><strong>Zutaten<\/strong> : Zucker, Kakaopaste, Kakaobutter, Vollmilchpulver, Nougatine 4% (Zucker, Haseln\u00fcsse), Karamell 4% (Zucker, Glukosesyrup, Vollmilchpulver, Sahne (Milch), gesalzene Butter (Milch), Guerande-Salz, Emulgator : Rapslecithin), Spritzgeb\u00e4ck 3% (Weizenmehl, Zucker, Butter (Milch), Salz), emulgator : Sojalecithin, Guerande-Salz 0,5%, nat\u00fcrliches Vanillearoma, nat\u00fcrliche Aromen. Kakao : 37%, 60% und 70% mindestens. Kann andere N\u00fcsse, Eiern und Sesam enthalten.<\/p>\n","protected":false},"excerpt":{"rendered":"<p><strong>Es war einmal<\/strong>, hoch oben in den Zweigen eines tr\u00e4umenden Kakaobaums, hingen bunte Kakaoschoten. Jede von ihnen barg Kakaobohnen mit ganz eigenen Charakteren: verspielt, flei\u00dfig, mutig \u2026 doch alle teilten sie dasselbe au\u00dfergew\u00f6hnliche Schicksal.<\/p>\n<p>Eines Tages wurde eine von ihnen gepfl\u00fcckt und begab sich auf eine wundervolle Reise. Kaum aus ihrer Schote erwacht, schloss sie sich einer fr\u00f6hlichen Gruppe von Bohnen auf dem Weg zur gro\u00dfen Verwandlung an. Fermentation, Trocknung, R\u00f6stung \u2026 jeder Schritt wurde zu einem Abenteuer, jede Begegnung zu einem neuen Kapitel der Geschichte.<\/p>\n<p>Geleitet vom Know-how von Dolfin verwandelten sich diese kleinen Bohnen nach und nach: zuerst in duftende Kakaonibs, dann in eine zartschmelzende Schokoladenmasse, bis sie schlie\u00dflich zu k\u00f6stlichen Schokoladentafeln wurden \u2013 bereit, genossen zu werden.<\/p>\n<p>Um diese Odyssee zu erz\u00e4hlen, tat sich Dolfin mit <strong>Elium<\/strong>, einer franco-belgischen K\u00fcnstlerin und Designerin, zusammen, die jeder Etappe der Reise ein Gesicht und Bewegung verlieh. So entstand <strong>Once Upon a Bean<\/strong>: eine limitierte Geschenkbox mit 32 Napolitains, konzipiert wie ein Comic, in dem Kakaoschoten, Bohnen und Schokoladentafeln vor Ihren Augen zum Leben erwachen.<\/p>\n<p>Diese genussvolle Reise entfaltet sich in vier ikonischen Geschmacksrichtungen: die goldene Sanftheit von Milchschokolade mit gesalzener Butterkaramell, der verspielte Crunch von Milchschokolade mit Nougatine, die wohltuende Zartheit von dunkler Schokolade mit M\u00fcrbteigkeks sowie die raffinierte Intensit\u00e4t von dunkler Schokolade mit 70 % Kakao und Gu\u00e9rande-Meersalz.<\/p>\n<p>Vom Surrealismus gepr\u00e4gt ist <strong>Elium<\/strong> eine K\u00fcnstlerin und Designerin, die Geschichten erz\u00e4hlt und Welten inszeniert, in denen Handwerk mit der Fantasie in Dialog tritt. Ihre Arbeit lebt in Filmen, Schaufenstern und Kooperationen mit Luxusmarken sowie in Verpackungen und Illustrationen \u2013 stets getragen von Humor, Poesie und Storytelling.<br \/>\n@elium___<\/p>\n","protected":false},"featured_media":30920,"template":"","meta":{"_acf_changed":false,"_et_pb_use_builder":"","_et_pb_old_content":"","_et_gb_content_width":"","inline_featured_image":false},"product_brand":[],"product_cat":[403],"product_tag":[],"class_list":{"0":"post-30931","1":"product","2":"type-product","3":"status-publish","4":"has-post-thumbnail","6":"product_cat-boxen-und-etuis","8":"first","9":"instock","10":"shipping-taxable","11":"purchasable","12":"product-type-simple"},"acf":[],"yoast_head":"<!-- This site is optimized with the Yoast SEO plugin v27.4 - https:\/\/yoast.com\/product\/yoast-seo-wordpress\/ -->\n<title>Once Upon a Bean Geschenkbox | Dolfin<\/title>\n<meta name=\"description\" content=\"Once Upon a Bean: eine limitierte Geschenkbox mit 32 Napolitains, konzipiert wie ein Comic, in dem Kakaoschoten, Bohnen und Schokoladentafeln vor Ihren Augen zum Leben erwachen.\" \/>\n<meta name=\"robots\" content=\"index, follow, max-snippet:-1, max-image-preview:large, max-video-preview:-1\" \/>\n<link rel=\"canonical\" href=\"https:\/\/www.dolfin.be\/de\/produkt\/once-upon-a-bean-geschenkbox\/\" \/>\n<meta property=\"og:locale\" content=\"de_DE\" \/>\n<meta property=\"og:type\" content=\"article\" \/>\n<meta property=\"og:title\" content=\"Once Upon a Bean Geschenkbox | Dolfin\" \/>\n<meta property=\"og:description\" content=\"Once Upon a Bean: eine limitierte Geschenkbox mit 32 Napolitains, konzipiert wie ein Comic, in dem Kakaoschoten, Bohnen und Schokoladentafeln vor Ihren Augen zum Leben erwachen.\" \/>\n<meta property=\"og:url\" content=\"https:\/\/www.dolfin.be\/de\/produkt\/once-upon-a-bean-geschenkbox\/\" \/>\n<meta property=\"og:site_name\" content=\"Dolfin\" \/>\n<meta property=\"article:modified_time\" content=\"2026-02-04T13:36:08+00:00\" \/>\n<meta property=\"og:image\" content=\"https:\/\/www.dolfin.be\/wp-content\/uploads\/2026\/02\/Coffret-Once-Upon-a-Bean_front_closed_lr.jpg\" \/>\n\t<meta property=\"og:image:width\" content=\"1200\" \/>\n\t<meta property=\"og:image:height\" content=\"1200\" \/>\n\t<meta property=\"og:image:type\" content=\"image\/jpeg\" \/>\n<meta name=\"twitter:card\" content=\"summary_large_image\" \/>\n<meta name=\"twitter:label1\" content=\"Gesch\u00e4tzte Lesezeit\" \/>\n\t<meta name=\"twitter:data1\" content=\"1\u00a0Minute\" \/>\n<script type=\"application\/ld+json\" class=\"yoast-schema-graph\">{\"@context\":\"https:\\\/\\\/schema.org\",\"@graph\":[{\"@type\":\"WebPage\",\"@id\":\"https:\\\/\\\/www.dolfin.be\\\/de\\\/produkt\\\/once-upon-a-bean-geschenkbox\\\/\",\"url\":\"https:\\\/\\\/www.dolfin.be\\\/de\\\/produkt\\\/once-upon-a-bean-geschenkbox\\\/\",\"name\":\"Once Upon a Bean Geschenkbox | Dolfin\",\"isPartOf\":{\"@id\":\"https:\\\/\\\/www.dolfin.be\\\/de\\\/#website\"},\"primaryImageOfPage\":{\"@id\":\"https:\\\/\\\/www.dolfin.be\\\/de\\\/produkt\\\/once-upon-a-bean-geschenkbox\\\/#primaryimage\"},\"image\":{\"@id\":\"https:\\\/\\\/www.dolfin.be\\\/de\\\/produkt\\\/once-upon-a-bean-geschenkbox\\\/#primaryimage\"},\"thumbnailUrl\":\"https:\\\/\\\/www.dolfin.be\\\/wp-content\\\/uploads\\\/2026\\\/02\\\/Coffret-Once-Upon-a-Bean_front_closed_lr.jpg\",\"datePublished\":\"2026-02-04T13:06:01+00:00\",\"dateModified\":\"2026-02-04T13:36:08+00:00\",\"description\":\"Once Upon a Bean: eine limitierte Geschenkbox mit 32 Napolitains, konzipiert wie ein Comic, in dem Kakaoschoten, Bohnen und Schokoladentafeln vor Ihren Augen zum Leben erwachen.\",\"breadcrumb\":{\"@id\":\"https:\\\/\\\/www.dolfin.be\\\/de\\\/produkt\\\/once-upon-a-bean-geschenkbox\\\/#breadcrumb\"},\"inLanguage\":\"de\",\"potentialAction\":[{\"@type\":\"ReadAction\",\"target\":[\"https:\\\/\\\/www.dolfin.be\\\/de\\\/produkt\\\/once-upon-a-bean-geschenkbox\\\/\"]}]},{\"@type\":\"ImageObject\",\"inLanguage\":\"de\",\"@id\":\"https:\\\/\\\/www.dolfin.be\\\/de\\\/produkt\\\/once-upon-a-bean-geschenkbox\\\/#primaryimage\",\"url\":\"https:\\\/\\\/www.dolfin.be\\\/wp-content\\\/uploads\\\/2026\\\/02\\\/Coffret-Once-Upon-a-Bean_front_closed_lr.jpg\",\"contentUrl\":\"https:\\\/\\\/www.dolfin.be\\\/wp-content\\\/uploads\\\/2026\\\/02\\\/Coffret-Once-Upon-a-Bean_front_closed_lr.jpg\",\"width\":1200,\"height\":1200},{\"@type\":\"BreadcrumbList\",\"@id\":\"https:\\\/\\\/www.dolfin.be\\\/de\\\/produkt\\\/once-upon-a-bean-geschenkbox\\\/#breadcrumb\",\"itemListElement\":[{\"@type\":\"ListItem\",\"position\":1,\"name\":\"Accueil\",\"item\":\"https:\\\/\\\/www.dolfin.be\\\/de\\\/\"},{\"@type\":\"ListItem\",\"position\":2,\"name\":\"Unsere Produkte\",\"item\":\"https:\\\/\\\/www.dolfin.be\\\/de\\\/unsere-produkte\\\/\"},{\"@type\":\"ListItem\",\"position\":3,\"name\":\"Once Upon a Bean Geschenkbox\"}]},{\"@type\":\"WebSite\",\"@id\":\"https:\\\/\\\/www.dolfin.be\\\/de\\\/#website\",\"url\":\"https:\\\/\\\/www.dolfin.be\\\/de\\\/\",\"name\":\"Dolfin\",\"description\":\"\",\"potentialAction\":[{\"@type\":\"SearchAction\",\"target\":{\"@type\":\"EntryPoint\",\"urlTemplate\":\"https:\\\/\\\/www.dolfin.be\\\/de\\\/?s={search_term_string}\"},\"query-input\":{\"@type\":\"PropertyValueSpecification\",\"valueRequired\":true,\"valueName\":\"search_term_string\"}}],\"inLanguage\":\"de\"}]}<\/script>\n<!-- \/ Yoast SEO plugin. -->","yoast_head_json":{"title":"Once Upon a Bean Geschenkbox | Dolfin","description":"Once Upon a Bean: eine limitierte Geschenkbox mit 32 Napolitains, konzipiert wie ein Comic, in dem Kakaoschoten, Bohnen und Schokoladentafeln vor Ihren Augen zum Leben erwachen.","robots":{"index":"index","follow":"follow","max-snippet":"max-snippet:-1","max-image-preview":"max-image-preview:large","max-video-preview":"max-video-preview:-1"},"canonical":"https:\/\/www.dolfin.be\/de\/produkt\/once-upon-a-bean-geschenkbox\/","og_locale":"de_DE","og_type":"article","og_title":"Once Upon a Bean Geschenkbox | Dolfin","og_description":"Once Upon a Bean: eine limitierte Geschenkbox mit 32 Napolitains, konzipiert wie ein Comic, in dem Kakaoschoten, Bohnen und Schokoladentafeln vor Ihren Augen zum Leben erwachen.","og_url":"https:\/\/www.dolfin.be\/de\/produkt\/once-upon-a-bean-geschenkbox\/","og_site_name":"Dolfin","article_modified_time":"2026-02-04T13:36:08+00:00","og_image":[{"width":1200,"height":1200,"url":"https:\/\/www.dolfin.be\/wp-content\/uploads\/2026\/02\/Coffret-Once-Upon-a-Bean_front_closed_lr.jpg","type":"image\/jpeg"}],"twitter_card":"summary_large_image","twitter_misc":{"Gesch\u00e4tzte Lesezeit":"1\u00a0Minute"},"schema":{"@context":"https:\/\/schema.org","@graph":[{"@type":"WebPage","@id":"https:\/\/www.dolfin.be\/de\/produkt\/once-upon-a-bean-geschenkbox\/","url":"https:\/\/www.dolfin.be\/de\/produkt\/once-upon-a-bean-geschenkbox\/","name":"Once Upon a Bean Geschenkbox | Dolfin","isPartOf":{"@id":"https:\/\/www.dolfin.be\/de\/#website"},"primaryImageOfPage":{"@id":"https:\/\/www.dolfin.be\/de\/produkt\/once-upon-a-bean-geschenkbox\/#primaryimage"},"image":{"@id":"https:\/\/www.dolfin.be\/de\/produkt\/once-upon-a-bean-geschenkbox\/#primaryimage"},"thumbnailUrl":"https:\/\/www.dolfin.be\/wp-content\/uploads\/2026\/02\/Coffret-Once-Upon-a-Bean_front_closed_lr.jpg","datePublished":"2026-02-04T13:06:01+00:00","dateModified":"2026-02-04T13:36:08+00:00","description":"Once Upon a Bean: eine limitierte Geschenkbox mit 32 Napolitains, konzipiert wie ein Comic, in dem Kakaoschoten, Bohnen und Schokoladentafeln vor Ihren Augen zum Leben erwachen.","breadcrumb":{"@id":"https:\/\/www.dolfin.be\/de\/produkt\/once-upon-a-bean-geschenkbox\/#breadcrumb"},"inLanguage":"de","potentialAction":[{"@type":"ReadAction","target":["https:\/\/www.dolfin.be\/de\/produkt\/once-upon-a-bean-geschenkbox\/"]}]},{"@type":"ImageObject","inLanguage":"de","@id":"https:\/\/www.dolfin.be\/de\/produkt\/once-upon-a-bean-geschenkbox\/#primaryimage","url":"https:\/\/www.dolfin.be\/wp-content\/uploads\/2026\/02\/Coffret-Once-Upon-a-Bean_front_closed_lr.jpg","contentUrl":"https:\/\/www.dolfin.be\/wp-content\/uploads\/2026\/02\/Coffret-Once-Upon-a-Bean_front_closed_lr.jpg","width":1200,"height":1200},{"@type":"BreadcrumbList","@id":"https:\/\/www.dolfin.be\/de\/produkt\/once-upon-a-bean-geschenkbox\/#breadcrumb","itemListElement":[{"@type":"ListItem","position":1,"name":"Accueil","item":"https:\/\/www.dolfin.be\/de\/"},{"@type":"ListItem","position":2,"name":"Unsere Produkte","item":"https:\/\/www.dolfin.be\/de\/unsere-produkte\/"},{"@type":"ListItem","position":3,"name":"Once Upon a Bean Geschenkbox"}]},{"@type":"WebSite","@id":"https:\/\/www.dolfin.be\/de\/#website","url":"https:\/\/www.dolfin.be\/de\/","name":"Dolfin","description":"","potentialAction":[{"@type":"SearchAction","target":{"@type":"EntryPoint","urlTemplate":"https:\/\/www.dolfin.be\/de\/?s={search_term_string}"},"query-input":{"@type":"PropertyValueSpecification","valueRequired":true,"valueName":"search_term_string"}}],"inLanguage":"de"}]}},"_links":{"self":[{"href":"https:\/\/www.dolfin.be\/de\/wp-json\/wp\/v2\/product\/30931","targetHints":{"allow":["GET"]}}],"collection":[{"href":"https:\/\/www.dolfin.be\/de\/wp-json\/wp\/v2\/product"}],"about":[{"href":"https:\/\/www.dolfin.be\/de\/wp-json\/wp\/v2\/types\/product"}],"wp:featuredmedia":[{"embeddable":true,"href":"https:\/\/www.dolfin.be\/de\/wp-json\/wp\/v2\/media\/30920"}],"wp:attachment":[{"href":"https:\/\/www.dolfin.be\/de\/wp-json\/wp\/v2\/media?parent=30931"}],"wp:term":[{"taxonomy":"product_brand","embeddable":true,"href":"https:\/\/www.dolfin.be\/de\/wp-json\/wp\/v2\/product_brand?post=30931"},{"taxonomy":"product_cat","embeddable":true,"href":"https:\/\/www.dolfin.be\/de\/wp-json\/wp\/v2\/product_cat?post=30931"},{"taxonomy":"product_tag","embeddable":true,"href":"https:\/\/www.dolfin.be\/de\/wp-json\/wp\/v2\/product_tag?post=30931"}],"curies":[{"name":"wp","href":"https:\/\/api.w.org\/{rel}","templated":true}]}}