{"id":26308,"date":"2025-09-02T14:38:33","date_gmt":"2025-09-02T12:38:33","guid":{"rendered":"https:\/\/www.dolfin.be\/product\/calendrier-de-lavent-couronne-de-noel\/"},"modified":"2026-01-15T09:48:32","modified_gmt":"2026-01-15T08:48:32","slug":"adventskalender-weihnachtskranz","status":"publish","type":"product","link":"https:\/\/www.dolfin.be\/de\/produkt\/adventskalender-weihnachtskranz\/","title":{"rendered":"Adventskalender \u2013 Weihnachtskranz"},"content":{"rendered":"<p>Ein Weihnachtskranz in Rot-, Rosa- und Gr\u00fcnt\u00f6nen, pr\u00e4sentiert als eine wahre visuelle Einladung, in die zauberhafte Weihnachtswelt einzutreten.<\/p>\n<p>Zartbitterschokolade 70% Kakao &#8211; Zartbitterschokolade mit gesalzenen Mandeln &#8211; Zartbitterschokolade mit Orange &#8211; Vollmilchschokolade 37% Kakao &#8211; Vollmilchschokolade mit Karamell &#8211; Vollmilchschokolade mit Spekulatius<\/p>\n<p><strong>Zutaten<\/strong> : Kakaopaste, Zucker, Kakaobutter, Voll<strong>milch<\/strong>pulver, gesalzene <strong>Mandeln<\/strong> 4% (<strong>Mandeln<\/strong>, <strong>Soja<\/strong>, Weizen, Salz), Karamell 4% (Zucker, Glukosesirup, Voll<strong>milch<\/strong>pulver, Sahne (<strong>Milch<\/strong>), gesalzene Butter (<strong>Milch<\/strong>), Guerande-Salz, Emulgator: Raps-Lecithin), Spekulatius 3%(<strong>Weizen<\/strong>mehl, R\u00fcbenzucker, pflanzliche Fette (Kokosnuss, Sonnenblume), R\u00fcbensirup, Vollei, Ceylon-Zimt, Gew\u00fcrze, Natriumcarbonat (Backpulver)), Orangenpulver 1%, Emulgator: Sojalecithin, nat\u00fcrliche Aromen, Guerande-Salz, nat\u00fcrliches Vanillearoma, nat\u00fcrliches Orangenaroma. Kakao : 37%, 60% und 70% mindestens. Kann andere N\u00fcsse und Sesam enthalten.<\/p>\n","protected":false},"excerpt":{"rendered":"<p>Bei Dolfin glauben wir, dass jeder Tag im Advent eine Gelegenheit ist, zu genie\u00dfen, Freude zu teilen und die S\u00fc\u00dfe der Jahreszeit zu erleben. Deshalb sind wir stolz darauf, Ihnen unseren Adventskalender zu pr\u00e4sentieren \u2013 gekleidet in Rot-, Rosa- und Gr\u00fcnt\u00f6nen und gestaltet als eine wahre visuelle Einladung, in die zauberhafte Welt von Weihnachten einzutauchen.<\/p>\n","protected":false},"featured_media":26301,"template":"","meta":{"_acf_changed":false,"_et_pb_use_builder":"","_et_pb_old_content":"","_et_gb_content_width":"","inline_featured_image":false},"product_brand":[],"product_cat":[409,518,403,411],"product_tag":[],"class_list":{"0":"post-26308","1":"product","2":"type-product","3":"status-publish","4":"has-post-thumbnail","6":"product_cat-geschenkbox","7":"product_cat-schokoladenquadrate-geschenk","8":"product_cat-boxen-und-etuis","9":"product_cat-winterschokolade","11":"first","12":"outofstock","13":"shipping-taxable","14":"purchasable","15":"product-type-simple"},"acf":[],"yoast_head":"<!-- This site is optimized with the Yoast SEO plugin v27.5 - https:\/\/yoast.com\/product\/yoast-seo-wordpress\/ -->\n<title>Adventskalender \u2013 Weihnachtskranz | Dolfin<\/title>\n<meta name=\"description\" content=\"Ein Weihnachtskranz in Rot-, Rosa- und Gr\u00fcnt\u00f6nen, pr\u00e4sentiert als eine wahre visuelle Einladung, in die zauberhafte Weihnachtswelt einzutreten.\" \/>\n<meta name=\"robots\" content=\"index, follow, max-snippet:-1, max-image-preview:large, max-video-preview:-1\" \/>\n<link rel=\"canonical\" href=\"https:\/\/www.dolfin.be\/de\/produkt\/adventskalender-weihnachtskranz\/\" \/>\n<meta property=\"og:locale\" content=\"de_DE\" \/>\n<meta property=\"og:type\" content=\"article\" \/>\n<meta property=\"og:title\" content=\"Adventskalender \u2013 Weihnachtskranz | Dolfin\" \/>\n<meta property=\"og:description\" content=\"Ein Weihnachtskranz in Rot-, Rosa- und Gr\u00fcnt\u00f6nen, pr\u00e4sentiert als eine wahre visuelle Einladung, in die zauberhafte Weihnachtswelt einzutreten.\" \/>\n<meta property=\"og:url\" content=\"https:\/\/www.dolfin.be\/de\/produkt\/adventskalender-weihnachtskranz\/\" \/>\n<meta property=\"og:site_name\" content=\"Dolfin\" \/>\n<meta property=\"article:modified_time\" content=\"2026-01-15T08:48:32+00:00\" \/>\n<meta property=\"og:image\" content=\"https:\/\/www.dolfin.be\/wp-content\/uploads\/2025\/09\/IMG_2211-2.jpg\" \/>\n\t<meta property=\"og:image:width\" content=\"960\" \/>\n\t<meta property=\"og:image:height\" content=\"1200\" \/>\n\t<meta property=\"og:image:type\" content=\"image\/jpeg\" \/>\n<meta name=\"twitter:card\" content=\"summary_large_image\" \/>\n<meta name=\"twitter:label1\" content=\"Gesch\u00e4tzte Lesezeit\" \/>\n\t<meta name=\"twitter:data1\" content=\"1\u00a0Minute\" \/>\n<script type=\"application\/ld+json\" class=\"yoast-schema-graph\">{\"@context\":\"https:\\\/\\\/schema.org\",\"@graph\":[{\"@type\":\"WebPage\",\"@id\":\"https:\\\/\\\/www.dolfin.be\\\/de\\\/produkt\\\/adventskalender-weihnachtskranz\\\/\",\"url\":\"https:\\\/\\\/www.dolfin.be\\\/de\\\/produkt\\\/adventskalender-weihnachtskranz\\\/\",\"name\":\"Adventskalender \u2013 Weihnachtskranz | Dolfin\",\"isPartOf\":{\"@id\":\"https:\\\/\\\/www.dolfin.be\\\/de\\\/#website\"},\"primaryImageOfPage\":{\"@id\":\"https:\\\/\\\/www.dolfin.be\\\/de\\\/produkt\\\/adventskalender-weihnachtskranz\\\/#primaryimage\"},\"image\":{\"@id\":\"https:\\\/\\\/www.dolfin.be\\\/de\\\/produkt\\\/adventskalender-weihnachtskranz\\\/#primaryimage\"},\"thumbnailUrl\":\"https:\\\/\\\/www.dolfin.be\\\/wp-content\\\/uploads\\\/2025\\\/09\\\/IMG_2211-2.jpg\",\"datePublished\":\"2025-09-02T12:38:33+00:00\",\"dateModified\":\"2026-01-15T08:48:32+00:00\",\"description\":\"Ein Weihnachtskranz in Rot-, Rosa- und Gr\u00fcnt\u00f6nen, pr\u00e4sentiert als eine wahre visuelle Einladung, in die zauberhafte Weihnachtswelt einzutreten.\",\"breadcrumb\":{\"@id\":\"https:\\\/\\\/www.dolfin.be\\\/de\\\/produkt\\\/adventskalender-weihnachtskranz\\\/#breadcrumb\"},\"inLanguage\":\"de\",\"potentialAction\":[{\"@type\":\"ReadAction\",\"target\":[\"https:\\\/\\\/www.dolfin.be\\\/de\\\/produkt\\\/adventskalender-weihnachtskranz\\\/\"]}]},{\"@type\":\"ImageObject\",\"inLanguage\":\"de\",\"@id\":\"https:\\\/\\\/www.dolfin.be\\\/de\\\/produkt\\\/adventskalender-weihnachtskranz\\\/#primaryimage\",\"url\":\"https:\\\/\\\/www.dolfin.be\\\/wp-content\\\/uploads\\\/2025\\\/09\\\/IMG_2211-2.jpg\",\"contentUrl\":\"https:\\\/\\\/www.dolfin.be\\\/wp-content\\\/uploads\\\/2025\\\/09\\\/IMG_2211-2.jpg\",\"width\":960,\"height\":1200},{\"@type\":\"BreadcrumbList\",\"@id\":\"https:\\\/\\\/www.dolfin.be\\\/de\\\/produkt\\\/adventskalender-weihnachtskranz\\\/#breadcrumb\",\"itemListElement\":[{\"@type\":\"ListItem\",\"position\":1,\"name\":\"Accueil\",\"item\":\"https:\\\/\\\/www.dolfin.be\\\/de\\\/\"},{\"@type\":\"ListItem\",\"position\":2,\"name\":\"Unsere Produkte\",\"item\":\"https:\\\/\\\/www.dolfin.be\\\/de\\\/unsere-produkte\\\/\"},{\"@type\":\"ListItem\",\"position\":3,\"name\":\"Adventskalender \u2013 Weihnachtskranz\"}]},{\"@type\":\"WebSite\",\"@id\":\"https:\\\/\\\/www.dolfin.be\\\/de\\\/#website\",\"url\":\"https:\\\/\\\/www.dolfin.be\\\/de\\\/\",\"name\":\"Dolfin\",\"description\":\"\",\"potentialAction\":[{\"@type\":\"SearchAction\",\"target\":{\"@type\":\"EntryPoint\",\"urlTemplate\":\"https:\\\/\\\/www.dolfin.be\\\/de\\\/?s={search_term_string}\"},\"query-input\":{\"@type\":\"PropertyValueSpecification\",\"valueRequired\":true,\"valueName\":\"search_term_string\"}}],\"inLanguage\":\"de\"}]}<\/script>\n<!-- \/ Yoast SEO plugin. -->","yoast_head_json":{"title":"Adventskalender \u2013 Weihnachtskranz | Dolfin","description":"Ein Weihnachtskranz in Rot-, Rosa- und Gr\u00fcnt\u00f6nen, pr\u00e4sentiert als eine wahre visuelle Einladung, in die zauberhafte Weihnachtswelt einzutreten.","robots":{"index":"index","follow":"follow","max-snippet":"max-snippet:-1","max-image-preview":"max-image-preview:large","max-video-preview":"max-video-preview:-1"},"canonical":"https:\/\/www.dolfin.be\/de\/produkt\/adventskalender-weihnachtskranz\/","og_locale":"de_DE","og_type":"article","og_title":"Adventskalender \u2013 Weihnachtskranz | Dolfin","og_description":"Ein Weihnachtskranz in Rot-, Rosa- und Gr\u00fcnt\u00f6nen, pr\u00e4sentiert als eine wahre visuelle Einladung, in die zauberhafte Weihnachtswelt einzutreten.","og_url":"https:\/\/www.dolfin.be\/de\/produkt\/adventskalender-weihnachtskranz\/","og_site_name":"Dolfin","article_modified_time":"2026-01-15T08:48:32+00:00","og_image":[{"width":960,"height":1200,"url":"https:\/\/www.dolfin.be\/wp-content\/uploads\/2025\/09\/IMG_2211-2.jpg","type":"image\/jpeg"}],"twitter_card":"summary_large_image","twitter_misc":{"Gesch\u00e4tzte Lesezeit":"1\u00a0Minute"},"schema":{"@context":"https:\/\/schema.org","@graph":[{"@type":"WebPage","@id":"https:\/\/www.dolfin.be\/de\/produkt\/adventskalender-weihnachtskranz\/","url":"https:\/\/www.dolfin.be\/de\/produkt\/adventskalender-weihnachtskranz\/","name":"Adventskalender \u2013 Weihnachtskranz | Dolfin","isPartOf":{"@id":"https:\/\/www.dolfin.be\/de\/#website"},"primaryImageOfPage":{"@id":"https:\/\/www.dolfin.be\/de\/produkt\/adventskalender-weihnachtskranz\/#primaryimage"},"image":{"@id":"https:\/\/www.dolfin.be\/de\/produkt\/adventskalender-weihnachtskranz\/#primaryimage"},"thumbnailUrl":"https:\/\/www.dolfin.be\/wp-content\/uploads\/2025\/09\/IMG_2211-2.jpg","datePublished":"2025-09-02T12:38:33+00:00","dateModified":"2026-01-15T08:48:32+00:00","description":"Ein Weihnachtskranz in Rot-, Rosa- und Gr\u00fcnt\u00f6nen, pr\u00e4sentiert als eine wahre visuelle Einladung, in die zauberhafte Weihnachtswelt einzutreten.","breadcrumb":{"@id":"https:\/\/www.dolfin.be\/de\/produkt\/adventskalender-weihnachtskranz\/#breadcrumb"},"inLanguage":"de","potentialAction":[{"@type":"ReadAction","target":["https:\/\/www.dolfin.be\/de\/produkt\/adventskalender-weihnachtskranz\/"]}]},{"@type":"ImageObject","inLanguage":"de","@id":"https:\/\/www.dolfin.be\/de\/produkt\/adventskalender-weihnachtskranz\/#primaryimage","url":"https:\/\/www.dolfin.be\/wp-content\/uploads\/2025\/09\/IMG_2211-2.jpg","contentUrl":"https:\/\/www.dolfin.be\/wp-content\/uploads\/2025\/09\/IMG_2211-2.jpg","width":960,"height":1200},{"@type":"BreadcrumbList","@id":"https:\/\/www.dolfin.be\/de\/produkt\/adventskalender-weihnachtskranz\/#breadcrumb","itemListElement":[{"@type":"ListItem","position":1,"name":"Accueil","item":"https:\/\/www.dolfin.be\/de\/"},{"@type":"ListItem","position":2,"name":"Unsere Produkte","item":"https:\/\/www.dolfin.be\/de\/unsere-produkte\/"},{"@type":"ListItem","position":3,"name":"Adventskalender \u2013 Weihnachtskranz"}]},{"@type":"WebSite","@id":"https:\/\/www.dolfin.be\/de\/#website","url":"https:\/\/www.dolfin.be\/de\/","name":"Dolfin","description":"","potentialAction":[{"@type":"SearchAction","target":{"@type":"EntryPoint","urlTemplate":"https:\/\/www.dolfin.be\/de\/?s={search_term_string}"},"query-input":{"@type":"PropertyValueSpecification","valueRequired":true,"valueName":"search_term_string"}}],"inLanguage":"de"}]}},"_links":{"self":[{"href":"https:\/\/www.dolfin.be\/de\/wp-json\/wp\/v2\/product\/26308","targetHints":{"allow":["GET"]}}],"collection":[{"href":"https:\/\/www.dolfin.be\/de\/wp-json\/wp\/v2\/product"}],"about":[{"href":"https:\/\/www.dolfin.be\/de\/wp-json\/wp\/v2\/types\/product"}],"wp:featuredmedia":[{"embeddable":true,"href":"https:\/\/www.dolfin.be\/de\/wp-json\/wp\/v2\/media\/26301"}],"wp:attachment":[{"href":"https:\/\/www.dolfin.be\/de\/wp-json\/wp\/v2\/media?parent=26308"}],"wp:term":[{"taxonomy":"product_brand","embeddable":true,"href":"https:\/\/www.dolfin.be\/de\/wp-json\/wp\/v2\/product_brand?post=26308"},{"taxonomy":"product_cat","embeddable":true,"href":"https:\/\/www.dolfin.be\/de\/wp-json\/wp\/v2\/product_cat?post=26308"},{"taxonomy":"product_tag","embeddable":true,"href":"https:\/\/www.dolfin.be\/de\/wp-json\/wp\/v2\/product_tag?post=26308"}],"curies":[{"name":"wp","href":"https:\/\/api.w.org\/{rel}","templated":true}]}}