{"id":23274,"date":"2025-04-02T14:32:34","date_gmt":"2025-04-02T12:32:34","guid":{"rendered":"https:\/\/www.dolfin.be\/product\/reglisse\/"},"modified":"2025-04-08T10:22:12","modified_gmt":"2025-04-08T08:22:12","slug":"lakritz","status":"publish","type":"product","link":"https:\/\/www.dolfin.be\/de\/produkt\/lakritz\/","title":{"rendered":"Lakritz"},"content":{"rendered":"<p>Die S\u00fc\u00dfe der Milchschokolade vereint sich mit den warmen, leicht w\u00fcrzigen Noten des Lakritzes und schafft eine harmonische Geschmackskomposition, die sowohl subtil als auch k\u00f6stlich ist.<\/p>\n<p><strong>Zutaten<\/strong> : Zucker, Kakaomasse, Kakaobutter, Vollmilchpulver, Emulgator : Sojalecithin, Lakritzpulver 0,5%, nat\u00fcrliches Vanillearoma, nat\u00fcrliches Lakritzaroma. Kakao : 37% mindestens. Kann N\u00fcsse, Gluten, Eiern und Sesam enthalten.<\/p>\n","protected":false},"excerpt":{"rendered":"<p>Lassen Sie sich von der \u00fcberraschenden Verbindung von Schokolade und Lakritz in dieser au\u00dfergew\u00f6hnlichen Tafel verf\u00fchren. Die S\u00fc\u00dfe der Milchschokolade vereint sich mit den warmen, leicht w\u00fcrzigen Noten des Lakritzes und schafft eine harmonische Geschmackskomposition, die sowohl subtil als auch k\u00f6stlich ist.<\/p>\n","protected":false},"featured_media":23263,"template":"","meta":{"_acf_changed":false,"_et_pb_use_builder":"","_et_pb_old_content":"","_et_gb_content_width":"","inline_featured_image":false},"product_brand":[],"product_cat":[421,533,392],"product_tag":[],"class_list":{"0":"post-23274","1":"product","2":"type-product","3":"status-publish","4":"has-post-thumbnail","6":"product_cat-dolfin-kollektion","7":"product_cat-grosse-tafeln-70g","8":"product_cat-schokoladentafeln","10":"first","11":"instock","12":"shipping-taxable","13":"purchasable","14":"product-type-simple"},"acf":[],"yoast_head":"<!-- This site is optimized with the Yoast SEO plugin v27.4 - https:\/\/yoast.com\/product\/yoast-seo-wordpress\/ -->\n<title>Lakritz | Dolfin<\/title>\n<meta name=\"description\" content=\"Die S\u00fc\u00dfe der Milchschokolade vereint sich mit den warmen, leicht w\u00fcrzigen Noten des Lakritzes und schafft eine harmonische Geschmackskomposition, die sowohl subtil als auch k\u00f6stlich ist.\" \/>\n<meta name=\"robots\" content=\"index, follow, max-snippet:-1, max-image-preview:large, max-video-preview:-1\" \/>\n<link rel=\"canonical\" href=\"https:\/\/www.dolfin.be\/de\/produkt\/lakritz\/\" \/>\n<meta property=\"og:locale\" content=\"de_DE\" \/>\n<meta property=\"og:type\" content=\"article\" \/>\n<meta property=\"og:title\" content=\"Lakritz | Dolfin\" \/>\n<meta property=\"og:description\" content=\"Die S\u00fc\u00dfe der Milchschokolade vereint sich mit den warmen, leicht w\u00fcrzigen Noten des Lakritzes und schafft eine harmonische Geschmackskomposition, die sowohl subtil als auch k\u00f6stlich ist.\" \/>\n<meta property=\"og:url\" content=\"https:\/\/www.dolfin.be\/de\/produkt\/lakritz\/\" \/>\n<meta property=\"og:site_name\" content=\"Dolfin\" \/>\n<meta property=\"article:modified_time\" content=\"2025-04-08T08:22:12+00:00\" \/>\n<meta property=\"og:image\" content=\"https:\/\/www.dolfin.be\/wp-content\/uploads\/2025\/04\/Reglisse_front_lr.jpg\" \/>\n\t<meta property=\"og:image:width\" content=\"1200\" \/>\n\t<meta property=\"og:image:height\" content=\"1200\" \/>\n\t<meta property=\"og:image:type\" content=\"image\/jpeg\" \/>\n<meta name=\"twitter:card\" content=\"summary_large_image\" \/>\n<meta name=\"twitter:label1\" content=\"Gesch\u00e4tzte Lesezeit\" \/>\n\t<meta name=\"twitter:data1\" content=\"1\u00a0Minute\" \/>\n<script type=\"application\/ld+json\" class=\"yoast-schema-graph\">{\"@context\":\"https:\\\/\\\/schema.org\",\"@graph\":[{\"@type\":\"WebPage\",\"@id\":\"https:\\\/\\\/www.dolfin.be\\\/de\\\/produkt\\\/lakritz\\\/\",\"url\":\"https:\\\/\\\/www.dolfin.be\\\/de\\\/produkt\\\/lakritz\\\/\",\"name\":\"Lakritz | Dolfin\",\"isPartOf\":{\"@id\":\"https:\\\/\\\/www.dolfin.be\\\/de\\\/#website\"},\"primaryImageOfPage\":{\"@id\":\"https:\\\/\\\/www.dolfin.be\\\/de\\\/produkt\\\/lakritz\\\/#primaryimage\"},\"image\":{\"@id\":\"https:\\\/\\\/www.dolfin.be\\\/de\\\/produkt\\\/lakritz\\\/#primaryimage\"},\"thumbnailUrl\":\"https:\\\/\\\/www.dolfin.be\\\/wp-content\\\/uploads\\\/2025\\\/04\\\/Reglisse_front_lr.jpg\",\"datePublished\":\"2025-04-02T12:32:34+00:00\",\"dateModified\":\"2025-04-08T08:22:12+00:00\",\"description\":\"Die S\u00fc\u00dfe der Milchschokolade vereint sich mit den warmen, leicht w\u00fcrzigen Noten des Lakritzes und schafft eine harmonische Geschmackskomposition, die sowohl subtil als auch k\u00f6stlich ist.\",\"breadcrumb\":{\"@id\":\"https:\\\/\\\/www.dolfin.be\\\/de\\\/produkt\\\/lakritz\\\/#breadcrumb\"},\"inLanguage\":\"de\",\"potentialAction\":[{\"@type\":\"ReadAction\",\"target\":[\"https:\\\/\\\/www.dolfin.be\\\/de\\\/produkt\\\/lakritz\\\/\"]}]},{\"@type\":\"ImageObject\",\"inLanguage\":\"de\",\"@id\":\"https:\\\/\\\/www.dolfin.be\\\/de\\\/produkt\\\/lakritz\\\/#primaryimage\",\"url\":\"https:\\\/\\\/www.dolfin.be\\\/wp-content\\\/uploads\\\/2025\\\/04\\\/Reglisse_front_lr.jpg\",\"contentUrl\":\"https:\\\/\\\/www.dolfin.be\\\/wp-content\\\/uploads\\\/2025\\\/04\\\/Reglisse_front_lr.jpg\",\"width\":1200,\"height\":1200},{\"@type\":\"BreadcrumbList\",\"@id\":\"https:\\\/\\\/www.dolfin.be\\\/de\\\/produkt\\\/lakritz\\\/#breadcrumb\",\"itemListElement\":[{\"@type\":\"ListItem\",\"position\":1,\"name\":\"Accueil\",\"item\":\"https:\\\/\\\/www.dolfin.be\\\/de\\\/\"},{\"@type\":\"ListItem\",\"position\":2,\"name\":\"Unsere Produkte\",\"item\":\"https:\\\/\\\/www.dolfin.be\\\/de\\\/unsere-produkte\\\/\"},{\"@type\":\"ListItem\",\"position\":3,\"name\":\"Lakritz\"}]},{\"@type\":\"WebSite\",\"@id\":\"https:\\\/\\\/www.dolfin.be\\\/de\\\/#website\",\"url\":\"https:\\\/\\\/www.dolfin.be\\\/de\\\/\",\"name\":\"Dolfin\",\"description\":\"\",\"potentialAction\":[{\"@type\":\"SearchAction\",\"target\":{\"@type\":\"EntryPoint\",\"urlTemplate\":\"https:\\\/\\\/www.dolfin.be\\\/de\\\/?s={search_term_string}\"},\"query-input\":{\"@type\":\"PropertyValueSpecification\",\"valueRequired\":true,\"valueName\":\"search_term_string\"}}],\"inLanguage\":\"de\"}]}<\/script>\n<!-- \/ Yoast SEO plugin. -->","yoast_head_json":{"title":"Lakritz | Dolfin","description":"Die S\u00fc\u00dfe der Milchschokolade vereint sich mit den warmen, leicht w\u00fcrzigen Noten des Lakritzes und schafft eine harmonische Geschmackskomposition, die sowohl subtil als auch k\u00f6stlich ist.","robots":{"index":"index","follow":"follow","max-snippet":"max-snippet:-1","max-image-preview":"max-image-preview:large","max-video-preview":"max-video-preview:-1"},"canonical":"https:\/\/www.dolfin.be\/de\/produkt\/lakritz\/","og_locale":"de_DE","og_type":"article","og_title":"Lakritz | Dolfin","og_description":"Die S\u00fc\u00dfe der Milchschokolade vereint sich mit den warmen, leicht w\u00fcrzigen Noten des Lakritzes und schafft eine harmonische Geschmackskomposition, die sowohl subtil als auch k\u00f6stlich ist.","og_url":"https:\/\/www.dolfin.be\/de\/produkt\/lakritz\/","og_site_name":"Dolfin","article_modified_time":"2025-04-08T08:22:12+00:00","og_image":[{"width":1200,"height":1200,"url":"https:\/\/www.dolfin.be\/wp-content\/uploads\/2025\/04\/Reglisse_front_lr.jpg","type":"image\/jpeg"}],"twitter_card":"summary_large_image","twitter_misc":{"Gesch\u00e4tzte Lesezeit":"1\u00a0Minute"},"schema":{"@context":"https:\/\/schema.org","@graph":[{"@type":"WebPage","@id":"https:\/\/www.dolfin.be\/de\/produkt\/lakritz\/","url":"https:\/\/www.dolfin.be\/de\/produkt\/lakritz\/","name":"Lakritz | Dolfin","isPartOf":{"@id":"https:\/\/www.dolfin.be\/de\/#website"},"primaryImageOfPage":{"@id":"https:\/\/www.dolfin.be\/de\/produkt\/lakritz\/#primaryimage"},"image":{"@id":"https:\/\/www.dolfin.be\/de\/produkt\/lakritz\/#primaryimage"},"thumbnailUrl":"https:\/\/www.dolfin.be\/wp-content\/uploads\/2025\/04\/Reglisse_front_lr.jpg","datePublished":"2025-04-02T12:32:34+00:00","dateModified":"2025-04-08T08:22:12+00:00","description":"Die S\u00fc\u00dfe der Milchschokolade vereint sich mit den warmen, leicht w\u00fcrzigen Noten des Lakritzes und schafft eine harmonische Geschmackskomposition, die sowohl subtil als auch k\u00f6stlich ist.","breadcrumb":{"@id":"https:\/\/www.dolfin.be\/de\/produkt\/lakritz\/#breadcrumb"},"inLanguage":"de","potentialAction":[{"@type":"ReadAction","target":["https:\/\/www.dolfin.be\/de\/produkt\/lakritz\/"]}]},{"@type":"ImageObject","inLanguage":"de","@id":"https:\/\/www.dolfin.be\/de\/produkt\/lakritz\/#primaryimage","url":"https:\/\/www.dolfin.be\/wp-content\/uploads\/2025\/04\/Reglisse_front_lr.jpg","contentUrl":"https:\/\/www.dolfin.be\/wp-content\/uploads\/2025\/04\/Reglisse_front_lr.jpg","width":1200,"height":1200},{"@type":"BreadcrumbList","@id":"https:\/\/www.dolfin.be\/de\/produkt\/lakritz\/#breadcrumb","itemListElement":[{"@type":"ListItem","position":1,"name":"Accueil","item":"https:\/\/www.dolfin.be\/de\/"},{"@type":"ListItem","position":2,"name":"Unsere Produkte","item":"https:\/\/www.dolfin.be\/de\/unsere-produkte\/"},{"@type":"ListItem","position":3,"name":"Lakritz"}]},{"@type":"WebSite","@id":"https:\/\/www.dolfin.be\/de\/#website","url":"https:\/\/www.dolfin.be\/de\/","name":"Dolfin","description":"","potentialAction":[{"@type":"SearchAction","target":{"@type":"EntryPoint","urlTemplate":"https:\/\/www.dolfin.be\/de\/?s={search_term_string}"},"query-input":{"@type":"PropertyValueSpecification","valueRequired":true,"valueName":"search_term_string"}}],"inLanguage":"de"}]}},"_links":{"self":[{"href":"https:\/\/www.dolfin.be\/de\/wp-json\/wp\/v2\/product\/23274","targetHints":{"allow":["GET"]}}],"collection":[{"href":"https:\/\/www.dolfin.be\/de\/wp-json\/wp\/v2\/product"}],"about":[{"href":"https:\/\/www.dolfin.be\/de\/wp-json\/wp\/v2\/types\/product"}],"wp:featuredmedia":[{"embeddable":true,"href":"https:\/\/www.dolfin.be\/de\/wp-json\/wp\/v2\/media\/23263"}],"wp:attachment":[{"href":"https:\/\/www.dolfin.be\/de\/wp-json\/wp\/v2\/media?parent=23274"}],"wp:term":[{"taxonomy":"product_brand","embeddable":true,"href":"https:\/\/www.dolfin.be\/de\/wp-json\/wp\/v2\/product_brand?post=23274"},{"taxonomy":"product_cat","embeddable":true,"href":"https:\/\/www.dolfin.be\/de\/wp-json\/wp\/v2\/product_cat?post=23274"},{"taxonomy":"product_tag","embeddable":true,"href":"https:\/\/www.dolfin.be\/de\/wp-json\/wp\/v2\/product_tag?post=23274"}],"curies":[{"name":"wp","href":"https:\/\/api.w.org\/{rel}","templated":true}]}}