{"id":22369,"date":"2025-02-17T15:09:30","date_gmt":"2025-02-17T14:09:30","guid":{"rendered":"https:\/\/www.dolfin.be\/product\/cereales-soufflees-enrobees-de-chocolat-noir\/"},"modified":"2025-04-08T10:32:29","modified_gmt":"2025-04-08T08:32:29","slug":"knuspermuesli-mit-zartbitterschokolade","status":"publish","type":"product","link":"https:\/\/www.dolfin.be\/de\/produkt\/knuspermuesli-mit-zartbitterschokolade\/","title":{"rendered":"Knusperm\u00fcsli mit Zartbitterschokolade"},"content":{"rendered":"<p><strong>Zutaten<\/strong>: Zartbitterschokolade 83% (Kakao: 60% mindestens) (Kakaomasse, Kakaobutter, Zucker, Emulgator: Sojalecithin), Knusperm\u00fcsli 14% (Weizenmehl, Weizengluten, Zucker, Weizenmalz, Backpulver: Natriumbicarbonat, Salz), Glasur (Glukosesirup, Zucker, \u00dcberzugsmittel: Schellack, Akaziengummi). Kann N\u00fcsse, Milch, Erdn\u00fcsse und Eiern enthalten.<\/p>\n","protected":false},"excerpt":{"rendered":"<p>Knusprige Getreideperlen umh\u00fcllt mit k\u00f6stlicher Zartbitterschokolade. Kannst du der Versuchung dieser exquisiten K\u00fcgelchen widerstehen?<\/p>\n","protected":false},"featured_media":22331,"template":"","meta":{"_acf_changed":false,"_et_pb_use_builder":"","_et_pb_old_content":"","_et_gb_content_width":"","inline_featured_image":false},"product_brand":[],"product_cat":[394],"product_tag":[],"class_list":{"0":"post-22369","1":"product","2":"type-product","3":"status-publish","4":"has-post-thumbnail","6":"product_cat-schokoladenkugeln","8":"first","9":"instock","10":"shipping-taxable","11":"purchasable","12":"product-type-simple"},"acf":[],"yoast_head":"<!-- This site is optimized with the Yoast SEO plugin v27.4 - https:\/\/yoast.com\/product\/yoast-seo-wordpress\/ -->\n<title>Knusperm\u00fcsli mit Zartbitterschokolade | Dolfin<\/title>\n<meta name=\"description\" content=\"Knusprige Getreideperlen umh\u00fcllt mit k\u00f6stlicher Zartbitterschokolade. Kannst du der Versuchung dieser exquisiten K\u00fcgelchen widerstehen?\" \/>\n<meta name=\"robots\" content=\"index, follow, max-snippet:-1, max-image-preview:large, max-video-preview:-1\" \/>\n<link rel=\"canonical\" href=\"https:\/\/www.dolfin.be\/de\/produkt\/knuspermuesli-mit-zartbitterschokolade\/\" \/>\n<meta property=\"og:locale\" content=\"de_DE\" \/>\n<meta property=\"og:type\" content=\"article\" \/>\n<meta property=\"og:title\" content=\"Knusperm\u00fcsli mit Zartbitterschokolade | Dolfin\" \/>\n<meta property=\"og:description\" content=\"Knusprige Getreideperlen umh\u00fcllt mit k\u00f6stlicher Zartbitterschokolade. Kannst du der Versuchung dieser exquisiten K\u00fcgelchen widerstehen?\" \/>\n<meta property=\"og:url\" content=\"https:\/\/www.dolfin.be\/de\/produkt\/knuspermuesli-mit-zartbitterschokolade\/\" \/>\n<meta property=\"og:site_name\" content=\"Dolfin\" \/>\n<meta property=\"article:modified_time\" content=\"2025-04-08T08:32:29+00:00\" \/>\n<meta property=\"og:image\" content=\"https:\/\/www.dolfin.be\/wp-content\/uploads\/2025\/02\/IMG_7682-e1744018424723.jpg\" \/>\n\t<meta property=\"og:image:width\" content=\"960\" \/>\n\t<meta property=\"og:image:height\" content=\"1200\" \/>\n\t<meta property=\"og:image:type\" content=\"image\/jpeg\" \/>\n<meta name=\"twitter:card\" content=\"summary_large_image\" \/>\n<meta name=\"twitter:label1\" content=\"Gesch\u00e4tzte Lesezeit\" \/>\n\t<meta name=\"twitter:data1\" content=\"1\u00a0Minute\" \/>\n<script type=\"application\/ld+json\" class=\"yoast-schema-graph\">{\"@context\":\"https:\\\/\\\/schema.org\",\"@graph\":[{\"@type\":\"WebPage\",\"@id\":\"https:\\\/\\\/www.dolfin.be\\\/de\\\/produkt\\\/knuspermuesli-mit-zartbitterschokolade\\\/\",\"url\":\"https:\\\/\\\/www.dolfin.be\\\/de\\\/produkt\\\/knuspermuesli-mit-zartbitterschokolade\\\/\",\"name\":\"Knusperm\u00fcsli mit Zartbitterschokolade | Dolfin\",\"isPartOf\":{\"@id\":\"https:\\\/\\\/www.dolfin.be\\\/de\\\/#website\"},\"primaryImageOfPage\":{\"@id\":\"https:\\\/\\\/www.dolfin.be\\\/de\\\/produkt\\\/knuspermuesli-mit-zartbitterschokolade\\\/#primaryimage\"},\"image\":{\"@id\":\"https:\\\/\\\/www.dolfin.be\\\/de\\\/produkt\\\/knuspermuesli-mit-zartbitterschokolade\\\/#primaryimage\"},\"thumbnailUrl\":\"https:\\\/\\\/www.dolfin.be\\\/wp-content\\\/uploads\\\/2025\\\/02\\\/IMG_7682-e1744018424723.jpg\",\"datePublished\":\"2025-02-17T14:09:30+00:00\",\"dateModified\":\"2025-04-08T08:32:29+00:00\",\"description\":\"Knusprige Getreideperlen umh\u00fcllt mit k\u00f6stlicher Zartbitterschokolade. Kannst du der Versuchung dieser exquisiten K\u00fcgelchen widerstehen?\",\"breadcrumb\":{\"@id\":\"https:\\\/\\\/www.dolfin.be\\\/de\\\/produkt\\\/knuspermuesli-mit-zartbitterschokolade\\\/#breadcrumb\"},\"inLanguage\":\"de\",\"potentialAction\":[{\"@type\":\"ReadAction\",\"target\":[\"https:\\\/\\\/www.dolfin.be\\\/de\\\/produkt\\\/knuspermuesli-mit-zartbitterschokolade\\\/\"]}]},{\"@type\":\"ImageObject\",\"inLanguage\":\"de\",\"@id\":\"https:\\\/\\\/www.dolfin.be\\\/de\\\/produkt\\\/knuspermuesli-mit-zartbitterschokolade\\\/#primaryimage\",\"url\":\"https:\\\/\\\/www.dolfin.be\\\/wp-content\\\/uploads\\\/2025\\\/02\\\/IMG_7682-e1744018424723.jpg\",\"contentUrl\":\"https:\\\/\\\/www.dolfin.be\\\/wp-content\\\/uploads\\\/2025\\\/02\\\/IMG_7682-e1744018424723.jpg\",\"width\":960,\"height\":1200},{\"@type\":\"BreadcrumbList\",\"@id\":\"https:\\\/\\\/www.dolfin.be\\\/de\\\/produkt\\\/knuspermuesli-mit-zartbitterschokolade\\\/#breadcrumb\",\"itemListElement\":[{\"@type\":\"ListItem\",\"position\":1,\"name\":\"Accueil\",\"item\":\"https:\\\/\\\/www.dolfin.be\\\/de\\\/\"},{\"@type\":\"ListItem\",\"position\":2,\"name\":\"Unsere Produkte\",\"item\":\"https:\\\/\\\/www.dolfin.be\\\/de\\\/unsere-produkte\\\/\"},{\"@type\":\"ListItem\",\"position\":3,\"name\":\"Knusperm\u00fcsli mit Zartbitterschokolade\"}]},{\"@type\":\"WebSite\",\"@id\":\"https:\\\/\\\/www.dolfin.be\\\/de\\\/#website\",\"url\":\"https:\\\/\\\/www.dolfin.be\\\/de\\\/\",\"name\":\"Dolfin\",\"description\":\"\",\"potentialAction\":[{\"@type\":\"SearchAction\",\"target\":{\"@type\":\"EntryPoint\",\"urlTemplate\":\"https:\\\/\\\/www.dolfin.be\\\/de\\\/?s={search_term_string}\"},\"query-input\":{\"@type\":\"PropertyValueSpecification\",\"valueRequired\":true,\"valueName\":\"search_term_string\"}}],\"inLanguage\":\"de\"}]}<\/script>\n<!-- \/ Yoast SEO plugin. -->","yoast_head_json":{"title":"Knusperm\u00fcsli mit Zartbitterschokolade | Dolfin","description":"Knusprige Getreideperlen umh\u00fcllt mit k\u00f6stlicher Zartbitterschokolade. Kannst du der Versuchung dieser exquisiten K\u00fcgelchen widerstehen?","robots":{"index":"index","follow":"follow","max-snippet":"max-snippet:-1","max-image-preview":"max-image-preview:large","max-video-preview":"max-video-preview:-1"},"canonical":"https:\/\/www.dolfin.be\/de\/produkt\/knuspermuesli-mit-zartbitterschokolade\/","og_locale":"de_DE","og_type":"article","og_title":"Knusperm\u00fcsli mit Zartbitterschokolade | Dolfin","og_description":"Knusprige Getreideperlen umh\u00fcllt mit k\u00f6stlicher Zartbitterschokolade. Kannst du der Versuchung dieser exquisiten K\u00fcgelchen widerstehen?","og_url":"https:\/\/www.dolfin.be\/de\/produkt\/knuspermuesli-mit-zartbitterschokolade\/","og_site_name":"Dolfin","article_modified_time":"2025-04-08T08:32:29+00:00","og_image":[{"width":960,"height":1200,"url":"https:\/\/www.dolfin.be\/wp-content\/uploads\/2025\/02\/IMG_7682-e1744018424723.jpg","type":"image\/jpeg"}],"twitter_card":"summary_large_image","twitter_misc":{"Gesch\u00e4tzte Lesezeit":"1\u00a0Minute"},"schema":{"@context":"https:\/\/schema.org","@graph":[{"@type":"WebPage","@id":"https:\/\/www.dolfin.be\/de\/produkt\/knuspermuesli-mit-zartbitterschokolade\/","url":"https:\/\/www.dolfin.be\/de\/produkt\/knuspermuesli-mit-zartbitterschokolade\/","name":"Knusperm\u00fcsli mit Zartbitterschokolade | Dolfin","isPartOf":{"@id":"https:\/\/www.dolfin.be\/de\/#website"},"primaryImageOfPage":{"@id":"https:\/\/www.dolfin.be\/de\/produkt\/knuspermuesli-mit-zartbitterschokolade\/#primaryimage"},"image":{"@id":"https:\/\/www.dolfin.be\/de\/produkt\/knuspermuesli-mit-zartbitterschokolade\/#primaryimage"},"thumbnailUrl":"https:\/\/www.dolfin.be\/wp-content\/uploads\/2025\/02\/IMG_7682-e1744018424723.jpg","datePublished":"2025-02-17T14:09:30+00:00","dateModified":"2025-04-08T08:32:29+00:00","description":"Knusprige Getreideperlen umh\u00fcllt mit k\u00f6stlicher Zartbitterschokolade. Kannst du der Versuchung dieser exquisiten K\u00fcgelchen widerstehen?","breadcrumb":{"@id":"https:\/\/www.dolfin.be\/de\/produkt\/knuspermuesli-mit-zartbitterschokolade\/#breadcrumb"},"inLanguage":"de","potentialAction":[{"@type":"ReadAction","target":["https:\/\/www.dolfin.be\/de\/produkt\/knuspermuesli-mit-zartbitterschokolade\/"]}]},{"@type":"ImageObject","inLanguage":"de","@id":"https:\/\/www.dolfin.be\/de\/produkt\/knuspermuesli-mit-zartbitterschokolade\/#primaryimage","url":"https:\/\/www.dolfin.be\/wp-content\/uploads\/2025\/02\/IMG_7682-e1744018424723.jpg","contentUrl":"https:\/\/www.dolfin.be\/wp-content\/uploads\/2025\/02\/IMG_7682-e1744018424723.jpg","width":960,"height":1200},{"@type":"BreadcrumbList","@id":"https:\/\/www.dolfin.be\/de\/produkt\/knuspermuesli-mit-zartbitterschokolade\/#breadcrumb","itemListElement":[{"@type":"ListItem","position":1,"name":"Accueil","item":"https:\/\/www.dolfin.be\/de\/"},{"@type":"ListItem","position":2,"name":"Unsere Produkte","item":"https:\/\/www.dolfin.be\/de\/unsere-produkte\/"},{"@type":"ListItem","position":3,"name":"Knusperm\u00fcsli mit Zartbitterschokolade"}]},{"@type":"WebSite","@id":"https:\/\/www.dolfin.be\/de\/#website","url":"https:\/\/www.dolfin.be\/de\/","name":"Dolfin","description":"","potentialAction":[{"@type":"SearchAction","target":{"@type":"EntryPoint","urlTemplate":"https:\/\/www.dolfin.be\/de\/?s={search_term_string}"},"query-input":{"@type":"PropertyValueSpecification","valueRequired":true,"valueName":"search_term_string"}}],"inLanguage":"de"}]}},"_links":{"self":[{"href":"https:\/\/www.dolfin.be\/de\/wp-json\/wp\/v2\/product\/22369","targetHints":{"allow":["GET"]}}],"collection":[{"href":"https:\/\/www.dolfin.be\/de\/wp-json\/wp\/v2\/product"}],"about":[{"href":"https:\/\/www.dolfin.be\/de\/wp-json\/wp\/v2\/types\/product"}],"wp:featuredmedia":[{"embeddable":true,"href":"https:\/\/www.dolfin.be\/de\/wp-json\/wp\/v2\/media\/22331"}],"wp:attachment":[{"href":"https:\/\/www.dolfin.be\/de\/wp-json\/wp\/v2\/media?parent=22369"}],"wp:term":[{"taxonomy":"product_brand","embeddable":true,"href":"https:\/\/www.dolfin.be\/de\/wp-json\/wp\/v2\/product_brand?post=22369"},{"taxonomy":"product_cat","embeddable":true,"href":"https:\/\/www.dolfin.be\/de\/wp-json\/wp\/v2\/product_cat?post=22369"},{"taxonomy":"product_tag","embeddable":true,"href":"https:\/\/www.dolfin.be\/de\/wp-json\/wp\/v2\/product_tag?post=22369"}],"curies":[{"name":"wp","href":"https:\/\/api.w.org\/{rel}","templated":true}]}}