{"id":22348,"date":"2025-02-17T12:52:48","date_gmt":"2025-02-17T11:52:48","guid":{"rendered":"https:\/\/www.dolfin.be\/product\/amandes-enrobees-de-chocolat-au-lait-2\/"},"modified":"2025-04-08T10:37:47","modified_gmt":"2025-04-08T08:37:47","slug":"mandeln-in-milchschokolade","status":"publish","type":"product","link":"https:\/\/www.dolfin.be\/de\/produkt\/mandeln-in-milchschokolade\/","title":{"rendered":"Mandeln in Milchschokolade"},"content":{"rendered":"<p><strong>Zutaten<\/strong>: Vollmilchschokolade 66% (Kakao: 28% mindestens) (Zucker, Vollmilchpulver, Kakaobutter, Kakaomasse, Emulgator: Sojalecithin, nat\u00fcrliches Vanillearoma), ger\u00f6stete Mandeln 33%, Glasur (Glukosesirup, Zucker, \u00dcberzugsmittel: Schellack, Akaziengummi). Kann andere N\u00fcsse, Gluten, Erdn\u00fcsse und Eiern enthalten.<\/p>\n","protected":false},"excerpt":{"rendered":"<p>Ger\u00f6stete Mandeln, zugleich knackig und zart, gro\u00dfz\u00fcgig umh\u00fcllt von einer k\u00f6stlichen Schicht cremiger Milchschokolade. Ein echter Klassiker!<\/p>\n","protected":false},"featured_media":22335,"template":"","meta":{"_acf_changed":false,"_et_pb_use_builder":"","_et_pb_old_content":"","_et_gb_content_width":"","inline_featured_image":false},"product_brand":[],"product_cat":[394],"product_tag":[],"class_list":{"0":"post-22348","1":"product","2":"type-product","3":"status-publish","4":"has-post-thumbnail","6":"product_cat-schokoladenkugeln","8":"first","9":"instock","10":"shipping-taxable","11":"purchasable","12":"product-type-simple"},"acf":[],"yoast_head":"<!-- This site is optimized with the Yoast SEO plugin v27.5 - https:\/\/yoast.com\/product\/yoast-seo-wordpress\/ -->\n<title>Mandeln in Milchschokolade | Dolfin<\/title>\n<meta name=\"description\" content=\"Ger\u00f6stete Mandeln, zugleich knackig und zart, gro\u00dfz\u00fcgig umh\u00fcllt von einer k\u00f6stlichen Schicht cremiger Milchschokolade. Ein echter Klassiker!\" \/>\n<meta name=\"robots\" content=\"index, follow, max-snippet:-1, max-image-preview:large, max-video-preview:-1\" \/>\n<link rel=\"canonical\" href=\"https:\/\/www.dolfin.be\/de\/produkt\/mandeln-in-milchschokolade\/\" \/>\n<meta property=\"og:locale\" content=\"de_DE\" \/>\n<meta property=\"og:type\" content=\"article\" \/>\n<meta property=\"og:title\" content=\"Mandeln in Milchschokolade | Dolfin\" \/>\n<meta property=\"og:description\" content=\"Ger\u00f6stete Mandeln, zugleich knackig und zart, gro\u00dfz\u00fcgig umh\u00fcllt von einer k\u00f6stlichen Schicht cremiger Milchschokolade. Ein echter Klassiker!\" \/>\n<meta property=\"og:url\" content=\"https:\/\/www.dolfin.be\/de\/produkt\/mandeln-in-milchschokolade\/\" \/>\n<meta property=\"og:site_name\" content=\"Dolfin\" \/>\n<meta property=\"article:modified_time\" content=\"2025-04-08T08:37:47+00:00\" \/>\n<meta property=\"og:image\" content=\"https:\/\/www.dolfin.be\/wp-content\/uploads\/2025\/02\/IMG_7684-e1744019007274.jpg\" \/>\n\t<meta property=\"og:image:width\" content=\"960\" \/>\n\t<meta property=\"og:image:height\" content=\"1200\" \/>\n\t<meta property=\"og:image:type\" content=\"image\/jpeg\" \/>\n<meta name=\"twitter:card\" content=\"summary_large_image\" \/>\n<meta name=\"twitter:label1\" content=\"Gesch\u00e4tzte Lesezeit\" \/>\n\t<meta name=\"twitter:data1\" content=\"1\u00a0Minute\" \/>\n<script type=\"application\/ld+json\" class=\"yoast-schema-graph\">{\"@context\":\"https:\\\/\\\/schema.org\",\"@graph\":[{\"@type\":\"WebPage\",\"@id\":\"https:\\\/\\\/www.dolfin.be\\\/de\\\/produkt\\\/mandeln-in-milchschokolade\\\/\",\"url\":\"https:\\\/\\\/www.dolfin.be\\\/de\\\/produkt\\\/mandeln-in-milchschokolade\\\/\",\"name\":\"Mandeln in Milchschokolade | Dolfin\",\"isPartOf\":{\"@id\":\"https:\\\/\\\/www.dolfin.be\\\/de\\\/#website\"},\"primaryImageOfPage\":{\"@id\":\"https:\\\/\\\/www.dolfin.be\\\/de\\\/produkt\\\/mandeln-in-milchschokolade\\\/#primaryimage\"},\"image\":{\"@id\":\"https:\\\/\\\/www.dolfin.be\\\/de\\\/produkt\\\/mandeln-in-milchschokolade\\\/#primaryimage\"},\"thumbnailUrl\":\"https:\\\/\\\/www.dolfin.be\\\/wp-content\\\/uploads\\\/2025\\\/02\\\/IMG_7684-e1744019007274.jpg\",\"datePublished\":\"2025-02-17T11:52:48+00:00\",\"dateModified\":\"2025-04-08T08:37:47+00:00\",\"description\":\"Ger\u00f6stete Mandeln, zugleich knackig und zart, gro\u00dfz\u00fcgig umh\u00fcllt von einer k\u00f6stlichen Schicht cremiger Milchschokolade. Ein echter Klassiker!\",\"breadcrumb\":{\"@id\":\"https:\\\/\\\/www.dolfin.be\\\/de\\\/produkt\\\/mandeln-in-milchschokolade\\\/#breadcrumb\"},\"inLanguage\":\"de\",\"potentialAction\":[{\"@type\":\"ReadAction\",\"target\":[\"https:\\\/\\\/www.dolfin.be\\\/de\\\/produkt\\\/mandeln-in-milchschokolade\\\/\"]}]},{\"@type\":\"ImageObject\",\"inLanguage\":\"de\",\"@id\":\"https:\\\/\\\/www.dolfin.be\\\/de\\\/produkt\\\/mandeln-in-milchschokolade\\\/#primaryimage\",\"url\":\"https:\\\/\\\/www.dolfin.be\\\/wp-content\\\/uploads\\\/2025\\\/02\\\/IMG_7684-e1744019007274.jpg\",\"contentUrl\":\"https:\\\/\\\/www.dolfin.be\\\/wp-content\\\/uploads\\\/2025\\\/02\\\/IMG_7684-e1744019007274.jpg\",\"width\":960,\"height\":1200},{\"@type\":\"BreadcrumbList\",\"@id\":\"https:\\\/\\\/www.dolfin.be\\\/de\\\/produkt\\\/mandeln-in-milchschokolade\\\/#breadcrumb\",\"itemListElement\":[{\"@type\":\"ListItem\",\"position\":1,\"name\":\"Accueil\",\"item\":\"https:\\\/\\\/www.dolfin.be\\\/de\\\/\"},{\"@type\":\"ListItem\",\"position\":2,\"name\":\"Unsere Produkte\",\"item\":\"https:\\\/\\\/www.dolfin.be\\\/de\\\/unsere-produkte\\\/\"},{\"@type\":\"ListItem\",\"position\":3,\"name\":\"Mandeln in Milchschokolade\"}]},{\"@type\":\"WebSite\",\"@id\":\"https:\\\/\\\/www.dolfin.be\\\/de\\\/#website\",\"url\":\"https:\\\/\\\/www.dolfin.be\\\/de\\\/\",\"name\":\"Dolfin\",\"description\":\"\",\"potentialAction\":[{\"@type\":\"SearchAction\",\"target\":{\"@type\":\"EntryPoint\",\"urlTemplate\":\"https:\\\/\\\/www.dolfin.be\\\/de\\\/?s={search_term_string}\"},\"query-input\":{\"@type\":\"PropertyValueSpecification\",\"valueRequired\":true,\"valueName\":\"search_term_string\"}}],\"inLanguage\":\"de\"}]}<\/script>\n<!-- \/ Yoast SEO plugin. -->","yoast_head_json":{"title":"Mandeln in Milchschokolade | Dolfin","description":"Ger\u00f6stete Mandeln, zugleich knackig und zart, gro\u00dfz\u00fcgig umh\u00fcllt von einer k\u00f6stlichen Schicht cremiger Milchschokolade. Ein echter Klassiker!","robots":{"index":"index","follow":"follow","max-snippet":"max-snippet:-1","max-image-preview":"max-image-preview:large","max-video-preview":"max-video-preview:-1"},"canonical":"https:\/\/www.dolfin.be\/de\/produkt\/mandeln-in-milchschokolade\/","og_locale":"de_DE","og_type":"article","og_title":"Mandeln in Milchschokolade | Dolfin","og_description":"Ger\u00f6stete Mandeln, zugleich knackig und zart, gro\u00dfz\u00fcgig umh\u00fcllt von einer k\u00f6stlichen Schicht cremiger Milchschokolade. Ein echter Klassiker!","og_url":"https:\/\/www.dolfin.be\/de\/produkt\/mandeln-in-milchschokolade\/","og_site_name":"Dolfin","article_modified_time":"2025-04-08T08:37:47+00:00","og_image":[{"width":960,"height":1200,"url":"https:\/\/www.dolfin.be\/wp-content\/uploads\/2025\/02\/IMG_7684-e1744019007274.jpg","type":"image\/jpeg"}],"twitter_card":"summary_large_image","twitter_misc":{"Gesch\u00e4tzte Lesezeit":"1\u00a0Minute"},"schema":{"@context":"https:\/\/schema.org","@graph":[{"@type":"WebPage","@id":"https:\/\/www.dolfin.be\/de\/produkt\/mandeln-in-milchschokolade\/","url":"https:\/\/www.dolfin.be\/de\/produkt\/mandeln-in-milchschokolade\/","name":"Mandeln in Milchschokolade | Dolfin","isPartOf":{"@id":"https:\/\/www.dolfin.be\/de\/#website"},"primaryImageOfPage":{"@id":"https:\/\/www.dolfin.be\/de\/produkt\/mandeln-in-milchschokolade\/#primaryimage"},"image":{"@id":"https:\/\/www.dolfin.be\/de\/produkt\/mandeln-in-milchschokolade\/#primaryimage"},"thumbnailUrl":"https:\/\/www.dolfin.be\/wp-content\/uploads\/2025\/02\/IMG_7684-e1744019007274.jpg","datePublished":"2025-02-17T11:52:48+00:00","dateModified":"2025-04-08T08:37:47+00:00","description":"Ger\u00f6stete Mandeln, zugleich knackig und zart, gro\u00dfz\u00fcgig umh\u00fcllt von einer k\u00f6stlichen Schicht cremiger Milchschokolade. Ein echter Klassiker!","breadcrumb":{"@id":"https:\/\/www.dolfin.be\/de\/produkt\/mandeln-in-milchschokolade\/#breadcrumb"},"inLanguage":"de","potentialAction":[{"@type":"ReadAction","target":["https:\/\/www.dolfin.be\/de\/produkt\/mandeln-in-milchschokolade\/"]}]},{"@type":"ImageObject","inLanguage":"de","@id":"https:\/\/www.dolfin.be\/de\/produkt\/mandeln-in-milchschokolade\/#primaryimage","url":"https:\/\/www.dolfin.be\/wp-content\/uploads\/2025\/02\/IMG_7684-e1744019007274.jpg","contentUrl":"https:\/\/www.dolfin.be\/wp-content\/uploads\/2025\/02\/IMG_7684-e1744019007274.jpg","width":960,"height":1200},{"@type":"BreadcrumbList","@id":"https:\/\/www.dolfin.be\/de\/produkt\/mandeln-in-milchschokolade\/#breadcrumb","itemListElement":[{"@type":"ListItem","position":1,"name":"Accueil","item":"https:\/\/www.dolfin.be\/de\/"},{"@type":"ListItem","position":2,"name":"Unsere Produkte","item":"https:\/\/www.dolfin.be\/de\/unsere-produkte\/"},{"@type":"ListItem","position":3,"name":"Mandeln in Milchschokolade"}]},{"@type":"WebSite","@id":"https:\/\/www.dolfin.be\/de\/#website","url":"https:\/\/www.dolfin.be\/de\/","name":"Dolfin","description":"","potentialAction":[{"@type":"SearchAction","target":{"@type":"EntryPoint","urlTemplate":"https:\/\/www.dolfin.be\/de\/?s={search_term_string}"},"query-input":{"@type":"PropertyValueSpecification","valueRequired":true,"valueName":"search_term_string"}}],"inLanguage":"de"}]}},"_links":{"self":[{"href":"https:\/\/www.dolfin.be\/de\/wp-json\/wp\/v2\/product\/22348","targetHints":{"allow":["GET"]}}],"collection":[{"href":"https:\/\/www.dolfin.be\/de\/wp-json\/wp\/v2\/product"}],"about":[{"href":"https:\/\/www.dolfin.be\/de\/wp-json\/wp\/v2\/types\/product"}],"wp:featuredmedia":[{"embeddable":true,"href":"https:\/\/www.dolfin.be\/de\/wp-json\/wp\/v2\/media\/22335"}],"wp:attachment":[{"href":"https:\/\/www.dolfin.be\/de\/wp-json\/wp\/v2\/media?parent=22348"}],"wp:term":[{"taxonomy":"product_brand","embeddable":true,"href":"https:\/\/www.dolfin.be\/de\/wp-json\/wp\/v2\/product_brand?post=22348"},{"taxonomy":"product_cat","embeddable":true,"href":"https:\/\/www.dolfin.be\/de\/wp-json\/wp\/v2\/product_cat?post=22348"},{"taxonomy":"product_tag","embeddable":true,"href":"https:\/\/www.dolfin.be\/de\/wp-json\/wp\/v2\/product_tag?post=22348"}],"curies":[{"name":"wp","href":"https:\/\/api.w.org\/{rel}","templated":true}]}}