{"id":22159,"date":"2025-02-11T11:54:56","date_gmt":"2025-02-11T10:54:56","guid":{"rendered":"https:\/\/www.dolfin.be\/product\/tablettes-en-vrac-origines\/"},"modified":"2025-10-22T11:52:09","modified_gmt":"2025-10-22T09:52:09","slug":"lose-minitafeln-herkunfts","status":"publish","type":"product","link":"https:\/\/www.dolfin.be\/de\/produkt\/lose-minitafeln-herkunfts\/","title":{"rendered":"Lose Minitafeln &#8211; Herkunfts"},"content":{"rendered":"<p>6 Geschmack : Vollmilch Venezuela 43%, Vollmilch Vietnam 45%, Zartbitter Kamerun 66%, Zartbitter Philippinen 68%, Zartbitter Papua-Neuguinea 73% und Zartbitter Uganda 80%.<\/p>\n<p><strong>Zutaten<\/strong>: Zucker, Kakaobutter, Kakaomasse aus Uganda, Kakaomasse aus Papua-Neuguinea, Kakaomasse aus den Philippinen, Vollmilchpulver, Kakaomasse aus Venezuela, Kakaomasse aus Vietnam, Emulgator: Sojalecithin, nat\u00fcrliches Vanillearoma, nat\u00fcrliches Vanillepulver. Kakao: 80%, 73%, 68%, 66%, 45% und 43%. Kann N\u00fcsse, Eiern, Sesam und Gluten enthalten.<\/p>\n","protected":false},"excerpt":{"rendered":"<p>Begeben Sie sich mit unserer Box \u201eOrigines\u201c zum Abwiegen auf eine Reise um die Welt. Diese Box enth\u00e4lt unsere sechs au\u00dfergew\u00f6hnlichen Originalschokoladen im 10 g-Format, die jeweils einen einzigartigen und authentischen Geschmack enth\u00fcllen. Lassen Sie sich von dieser Mischung verschiedener Anbaugebiete \u00fcberraschen, die in einer einzigen Schachtel vereint sind. Perfekt f\u00fcr abwechslungsreiche Schokoladengen\u00fcsse \u2013 eine Tafel nach der anderen.<\/p>\n","protected":false},"featured_media":22156,"template":"","meta":{"_acf_changed":false,"_et_pb_use_builder":"","_et_pb_old_content":"","_et_gb_content_width":"","inline_featured_image":false},"product_brand":[],"product_cat":[430,398],"product_tag":[],"class_list":{"0":"post-22159","1":"product","2":"type-product","3":"status-publish","4":"has-post-thumbnail","6":"product_cat-mini-tabletten-10g-unsere-schokoladenquadrate","7":"product_cat-unsere-schokoladenquadrate","9":"first","10":"instock","11":"shipping-taxable","12":"purchasable","13":"product-type-simple"},"acf":[],"yoast_head":"<!-- This site is optimized with the Yoast SEO plugin v27.4 - https:\/\/yoast.com\/product\/yoast-seo-wordpress\/ -->\n<title>Lose Minitafeln - Herkunfts | Dolfin<\/title>\n<meta name=\"description\" content=\"Begeben Sie sich mit unserer Box \u201eOrigines\u201c zum.\" \/>\n<meta name=\"robots\" content=\"index, follow, max-snippet:-1, max-image-preview:large, max-video-preview:-1\" \/>\n<link rel=\"canonical\" href=\"https:\/\/www.dolfin.be\/de\/produkt\/lose-minitafeln-herkunfts\/\" \/>\n<meta property=\"og:locale\" content=\"de_DE\" \/>\n<meta property=\"og:type\" content=\"article\" \/>\n<meta property=\"og:title\" content=\"Lose Minitafeln - Herkunfts | Dolfin\" \/>\n<meta property=\"og:description\" content=\"Begeben Sie sich mit unserer Box \u201eOrigines\u201c zum.\" \/>\n<meta property=\"og:url\" content=\"https:\/\/www.dolfin.be\/de\/produkt\/lose-minitafeln-herkunfts\/\" \/>\n<meta property=\"og:site_name\" content=\"Dolfin\" \/>\n<meta property=\"article:modified_time\" content=\"2025-10-22T09:52:09+00:00\" \/>\n<meta property=\"og:image\" content=\"https:\/\/www.dolfin.be\/wp-content\/uploads\/2025\/02\/Vrac-Origines-e1744019172200.jpg\" \/>\n\t<meta property=\"og:image:width\" content=\"1440\" \/>\n\t<meta property=\"og:image:height\" content=\"1018\" \/>\n\t<meta property=\"og:image:type\" content=\"image\/jpeg\" \/>\n<meta name=\"twitter:card\" content=\"summary_large_image\" \/>\n<meta name=\"twitter:label1\" content=\"Gesch\u00e4tzte Lesezeit\" \/>\n\t<meta name=\"twitter:data1\" content=\"1\u00a0Minute\" \/>\n<script type=\"application\/ld+json\" class=\"yoast-schema-graph\">{\"@context\":\"https:\\\/\\\/schema.org\",\"@graph\":[{\"@type\":\"WebPage\",\"@id\":\"https:\\\/\\\/www.dolfin.be\\\/de\\\/produkt\\\/lose-minitafeln-herkunfts\\\/\",\"url\":\"https:\\\/\\\/www.dolfin.be\\\/de\\\/produkt\\\/lose-minitafeln-herkunfts\\\/\",\"name\":\"Lose Minitafeln - Herkunfts | Dolfin\",\"isPartOf\":{\"@id\":\"https:\\\/\\\/www.dolfin.be\\\/de\\\/#website\"},\"primaryImageOfPage\":{\"@id\":\"https:\\\/\\\/www.dolfin.be\\\/de\\\/produkt\\\/lose-minitafeln-herkunfts\\\/#primaryimage\"},\"image\":{\"@id\":\"https:\\\/\\\/www.dolfin.be\\\/de\\\/produkt\\\/lose-minitafeln-herkunfts\\\/#primaryimage\"},\"thumbnailUrl\":\"https:\\\/\\\/www.dolfin.be\\\/wp-content\\\/uploads\\\/2025\\\/02\\\/Vrac-Origines-e1744019172200.jpg\",\"datePublished\":\"2025-02-11T10:54:56+00:00\",\"dateModified\":\"2025-10-22T09:52:09+00:00\",\"description\":\"Begeben Sie sich mit unserer Box \u201eOrigines\u201c zum.\",\"breadcrumb\":{\"@id\":\"https:\\\/\\\/www.dolfin.be\\\/de\\\/produkt\\\/lose-minitafeln-herkunfts\\\/#breadcrumb\"},\"inLanguage\":\"de\",\"potentialAction\":[{\"@type\":\"ReadAction\",\"target\":[\"https:\\\/\\\/www.dolfin.be\\\/de\\\/produkt\\\/lose-minitafeln-herkunfts\\\/\"]}]},{\"@type\":\"ImageObject\",\"inLanguage\":\"de\",\"@id\":\"https:\\\/\\\/www.dolfin.be\\\/de\\\/produkt\\\/lose-minitafeln-herkunfts\\\/#primaryimage\",\"url\":\"https:\\\/\\\/www.dolfin.be\\\/wp-content\\\/uploads\\\/2025\\\/02\\\/Vrac-Origines-e1744019172200.jpg\",\"contentUrl\":\"https:\\\/\\\/www.dolfin.be\\\/wp-content\\\/uploads\\\/2025\\\/02\\\/Vrac-Origines-e1744019172200.jpg\",\"width\":1440,\"height\":1018},{\"@type\":\"BreadcrumbList\",\"@id\":\"https:\\\/\\\/www.dolfin.be\\\/de\\\/produkt\\\/lose-minitafeln-herkunfts\\\/#breadcrumb\",\"itemListElement\":[{\"@type\":\"ListItem\",\"position\":1,\"name\":\"Accueil\",\"item\":\"https:\\\/\\\/www.dolfin.be\\\/de\\\/\"},{\"@type\":\"ListItem\",\"position\":2,\"name\":\"Unsere Produkte\",\"item\":\"https:\\\/\\\/www.dolfin.be\\\/de\\\/unsere-produkte\\\/\"},{\"@type\":\"ListItem\",\"position\":3,\"name\":\"Lose Minitafeln &#8211; Herkunfts\"}]},{\"@type\":\"WebSite\",\"@id\":\"https:\\\/\\\/www.dolfin.be\\\/de\\\/#website\",\"url\":\"https:\\\/\\\/www.dolfin.be\\\/de\\\/\",\"name\":\"Dolfin\",\"description\":\"\",\"potentialAction\":[{\"@type\":\"SearchAction\",\"target\":{\"@type\":\"EntryPoint\",\"urlTemplate\":\"https:\\\/\\\/www.dolfin.be\\\/de\\\/?s={search_term_string}\"},\"query-input\":{\"@type\":\"PropertyValueSpecification\",\"valueRequired\":true,\"valueName\":\"search_term_string\"}}],\"inLanguage\":\"de\"}]}<\/script>\n<!-- \/ Yoast SEO plugin. -->","yoast_head_json":{"title":"Lose Minitafeln - Herkunfts | Dolfin","description":"Begeben Sie sich mit unserer Box \u201eOrigines\u201c zum.","robots":{"index":"index","follow":"follow","max-snippet":"max-snippet:-1","max-image-preview":"max-image-preview:large","max-video-preview":"max-video-preview:-1"},"canonical":"https:\/\/www.dolfin.be\/de\/produkt\/lose-minitafeln-herkunfts\/","og_locale":"de_DE","og_type":"article","og_title":"Lose Minitafeln - Herkunfts | Dolfin","og_description":"Begeben Sie sich mit unserer Box \u201eOrigines\u201c zum.","og_url":"https:\/\/www.dolfin.be\/de\/produkt\/lose-minitafeln-herkunfts\/","og_site_name":"Dolfin","article_modified_time":"2025-10-22T09:52:09+00:00","og_image":[{"width":1440,"height":1018,"url":"https:\/\/www.dolfin.be\/wp-content\/uploads\/2025\/02\/Vrac-Origines-e1744019172200.jpg","type":"image\/jpeg"}],"twitter_card":"summary_large_image","twitter_misc":{"Gesch\u00e4tzte Lesezeit":"1\u00a0Minute"},"schema":{"@context":"https:\/\/schema.org","@graph":[{"@type":"WebPage","@id":"https:\/\/www.dolfin.be\/de\/produkt\/lose-minitafeln-herkunfts\/","url":"https:\/\/www.dolfin.be\/de\/produkt\/lose-minitafeln-herkunfts\/","name":"Lose Minitafeln - Herkunfts | Dolfin","isPartOf":{"@id":"https:\/\/www.dolfin.be\/de\/#website"},"primaryImageOfPage":{"@id":"https:\/\/www.dolfin.be\/de\/produkt\/lose-minitafeln-herkunfts\/#primaryimage"},"image":{"@id":"https:\/\/www.dolfin.be\/de\/produkt\/lose-minitafeln-herkunfts\/#primaryimage"},"thumbnailUrl":"https:\/\/www.dolfin.be\/wp-content\/uploads\/2025\/02\/Vrac-Origines-e1744019172200.jpg","datePublished":"2025-02-11T10:54:56+00:00","dateModified":"2025-10-22T09:52:09+00:00","description":"Begeben Sie sich mit unserer Box \u201eOrigines\u201c zum.","breadcrumb":{"@id":"https:\/\/www.dolfin.be\/de\/produkt\/lose-minitafeln-herkunfts\/#breadcrumb"},"inLanguage":"de","potentialAction":[{"@type":"ReadAction","target":["https:\/\/www.dolfin.be\/de\/produkt\/lose-minitafeln-herkunfts\/"]}]},{"@type":"ImageObject","inLanguage":"de","@id":"https:\/\/www.dolfin.be\/de\/produkt\/lose-minitafeln-herkunfts\/#primaryimage","url":"https:\/\/www.dolfin.be\/wp-content\/uploads\/2025\/02\/Vrac-Origines-e1744019172200.jpg","contentUrl":"https:\/\/www.dolfin.be\/wp-content\/uploads\/2025\/02\/Vrac-Origines-e1744019172200.jpg","width":1440,"height":1018},{"@type":"BreadcrumbList","@id":"https:\/\/www.dolfin.be\/de\/produkt\/lose-minitafeln-herkunfts\/#breadcrumb","itemListElement":[{"@type":"ListItem","position":1,"name":"Accueil","item":"https:\/\/www.dolfin.be\/de\/"},{"@type":"ListItem","position":2,"name":"Unsere Produkte","item":"https:\/\/www.dolfin.be\/de\/unsere-produkte\/"},{"@type":"ListItem","position":3,"name":"Lose Minitafeln &#8211; Herkunfts"}]},{"@type":"WebSite","@id":"https:\/\/www.dolfin.be\/de\/#website","url":"https:\/\/www.dolfin.be\/de\/","name":"Dolfin","description":"","potentialAction":[{"@type":"SearchAction","target":{"@type":"EntryPoint","urlTemplate":"https:\/\/www.dolfin.be\/de\/?s={search_term_string}"},"query-input":{"@type":"PropertyValueSpecification","valueRequired":true,"valueName":"search_term_string"}}],"inLanguage":"de"}]}},"_links":{"self":[{"href":"https:\/\/www.dolfin.be\/de\/wp-json\/wp\/v2\/product\/22159","targetHints":{"allow":["GET"]}}],"collection":[{"href":"https:\/\/www.dolfin.be\/de\/wp-json\/wp\/v2\/product"}],"about":[{"href":"https:\/\/www.dolfin.be\/de\/wp-json\/wp\/v2\/types\/product"}],"wp:featuredmedia":[{"embeddable":true,"href":"https:\/\/www.dolfin.be\/de\/wp-json\/wp\/v2\/media\/22156"}],"wp:attachment":[{"href":"https:\/\/www.dolfin.be\/de\/wp-json\/wp\/v2\/media?parent=22159"}],"wp:term":[{"taxonomy":"product_brand","embeddable":true,"href":"https:\/\/www.dolfin.be\/de\/wp-json\/wp\/v2\/product_brand?post=22159"},{"taxonomy":"product_cat","embeddable":true,"href":"https:\/\/www.dolfin.be\/de\/wp-json\/wp\/v2\/product_cat?post=22159"},{"taxonomy":"product_tag","embeddable":true,"href":"https:\/\/www.dolfin.be\/de\/wp-json\/wp\/v2\/product_tag?post=22159"}],"curies":[{"name":"wp","href":"https:\/\/api.w.org\/{rel}","templated":true}]}}