{"id":22147,"date":"2025-02-11T11:15:05","date_gmt":"2025-02-11T10:15:05","guid":{"rendered":"https:\/\/www.dolfin.be\/product\/coffret-origines\/"},"modified":"2025-09-02T15:12:28","modified_gmt":"2025-09-02T13:12:28","slug":"box-origines","status":"publish","type":"product","link":"https:\/\/www.dolfin.be\/de\/produkt\/box-origines\/","title":{"rendered":"Box Origines"},"content":{"rendered":"<p>Die Box Origines verspricht authentische und unvergessliche Aromen, eine Genussreise, die das Beste der Kakaobohnen zelebriert, f\u00fcr Feinschmecker und Abenteurer auf der Suche nach einer Auszeit vom Alltag.<\/p>\n<p><strong>Zutaten<\/strong>: Zucker, Kakaobutter, Kakaomasse aus Uganda, Kakaomasse aus Papua-Neuguinea, Kakaomasse aus den Philippinen, Vollmilchpulver, Kakaomasse aus Venezuela, Kakaomasse aus Vietnam, Emulgator: Sojalecithin, nat\u00fcrliches Vanillearoma, nat\u00fcrliches Vanillepulver. Kakao: 80%, 73%, 68%, 66%, 45% und 43%. Kann N\u00fcsse, Eiern, Sesam und Gluten enthalten.<\/p>\n","protected":false},"excerpt":{"rendered":"<p>Reisen Sie um die ganze Welt mit der Geschenkbox \u201eOrigines\u201c von Dolfin, eine Einladung zu einer Reise f\u00fcr den anspruchsvollen Gaumen. Diese luxuri\u00f6se Schatulle ist mit einer eleganten Hei\u00dfpr\u00e4gung versehen und wird Sie mit ihren 24 exquisit feinen Mini-Tafeln verf\u00fchren, von denen jede den einzigartigen Charakter eines fernen Terroirs enth\u00fcllt. Die s\u00fc\u00dfen und bezaubernden Noten der Milchschokolade aus Venezuela und Vietnam treffen auf die einzigartige Intensit\u00e4t der dunklen Schokolade aus Kamerun, Papua-Neuguinea, den Philippinen und Uganda.<\/p>\n","protected":false},"featured_media":22136,"template":"","meta":{"_acf_changed":false,"_et_pb_use_builder":"","_et_pb_old_content":"","_et_gb_content_width":"","inline_featured_image":false},"product_brand":[],"product_cat":[403,411],"product_tag":[],"class_list":{"0":"post-22147","1":"product","2":"type-product","3":"status-publish","4":"has-post-thumbnail","6":"product_cat-boxen-und-etuis","7":"product_cat-winterschokolade","9":"first","10":"instock","11":"shipping-taxable","12":"purchasable","13":"product-type-simple"},"acf":[],"yoast_head":"<!-- This site is optimized with the Yoast SEO plugin v27.3 - https:\/\/yoast.com\/product\/yoast-seo-wordpress\/ -->\n<title>Box Origines | Dolfin<\/title>\n<meta name=\"description\" content=\"Reisen Sie um die ganze Welt mit der Geschenkbox \u201eOrigines\u201c von Dolfin, eine Einladung zu einer Reise f\u00fcr den anspruchsvollen Gaumen.\" \/>\n<meta name=\"robots\" content=\"index, follow, max-snippet:-1, max-image-preview:large, max-video-preview:-1\" \/>\n<link rel=\"canonical\" href=\"https:\/\/www.dolfin.be\/de\/produkt\/box-origines\/\" \/>\n<meta property=\"og:locale\" content=\"de_DE\" \/>\n<meta property=\"og:type\" content=\"article\" \/>\n<meta property=\"og:title\" content=\"Box Origines | Dolfin\" \/>\n<meta property=\"og:description\" content=\"Reisen Sie um die ganze Welt mit der Geschenkbox \u201eOrigines\u201c von Dolfin, eine Einladung zu einer Reise f\u00fcr den anspruchsvollen Gaumen.\" \/>\n<meta property=\"og:url\" content=\"https:\/\/www.dolfin.be\/de\/produkt\/box-origines\/\" \/>\n<meta property=\"og:site_name\" content=\"Dolfin\" \/>\n<meta property=\"article:modified_time\" content=\"2025-09-02T13:12:28+00:00\" \/>\n<meta property=\"og:image\" content=\"https:\/\/www.dolfin.be\/wp-content\/uploads\/2025\/02\/IMG_7130-2-e1744018224703.jpg\" \/>\n\t<meta property=\"og:image:width\" content=\"960\" \/>\n\t<meta property=\"og:image:height\" content=\"1200\" \/>\n\t<meta property=\"og:image:type\" content=\"image\/jpeg\" \/>\n<meta name=\"twitter:card\" content=\"summary_large_image\" \/>\n<meta name=\"twitter:label1\" content=\"Gesch\u00e4tzte Lesezeit\" \/>\n\t<meta name=\"twitter:data1\" content=\"1\u00a0Minute\" \/>\n<script type=\"application\/ld+json\" class=\"yoast-schema-graph\">{\"@context\":\"https:\\\/\\\/schema.org\",\"@graph\":[{\"@type\":\"WebPage\",\"@id\":\"https:\\\/\\\/www.dolfin.be\\\/de\\\/produkt\\\/box-origines\\\/\",\"url\":\"https:\\\/\\\/www.dolfin.be\\\/de\\\/produkt\\\/box-origines\\\/\",\"name\":\"Box Origines | Dolfin\",\"isPartOf\":{\"@id\":\"https:\\\/\\\/www.dolfin.be\\\/de\\\/#website\"},\"primaryImageOfPage\":{\"@id\":\"https:\\\/\\\/www.dolfin.be\\\/de\\\/produkt\\\/box-origines\\\/#primaryimage\"},\"image\":{\"@id\":\"https:\\\/\\\/www.dolfin.be\\\/de\\\/produkt\\\/box-origines\\\/#primaryimage\"},\"thumbnailUrl\":\"https:\\\/\\\/www.dolfin.be\\\/wp-content\\\/uploads\\\/2025\\\/02\\\/IMG_7130-2-e1744018224703.jpg\",\"datePublished\":\"2025-02-11T10:15:05+00:00\",\"dateModified\":\"2025-09-02T13:12:28+00:00\",\"description\":\"Reisen Sie um die ganze Welt mit der Geschenkbox \u201eOrigines\u201c von Dolfin, eine Einladung zu einer Reise f\u00fcr den anspruchsvollen Gaumen.\",\"breadcrumb\":{\"@id\":\"https:\\\/\\\/www.dolfin.be\\\/de\\\/produkt\\\/box-origines\\\/#breadcrumb\"},\"inLanguage\":\"de\",\"potentialAction\":[{\"@type\":\"ReadAction\",\"target\":[\"https:\\\/\\\/www.dolfin.be\\\/de\\\/produkt\\\/box-origines\\\/\"]}]},{\"@type\":\"ImageObject\",\"inLanguage\":\"de\",\"@id\":\"https:\\\/\\\/www.dolfin.be\\\/de\\\/produkt\\\/box-origines\\\/#primaryimage\",\"url\":\"https:\\\/\\\/www.dolfin.be\\\/wp-content\\\/uploads\\\/2025\\\/02\\\/IMG_7130-2-e1744018224703.jpg\",\"contentUrl\":\"https:\\\/\\\/www.dolfin.be\\\/wp-content\\\/uploads\\\/2025\\\/02\\\/IMG_7130-2-e1744018224703.jpg\",\"width\":960,\"height\":1200},{\"@type\":\"BreadcrumbList\",\"@id\":\"https:\\\/\\\/www.dolfin.be\\\/de\\\/produkt\\\/box-origines\\\/#breadcrumb\",\"itemListElement\":[{\"@type\":\"ListItem\",\"position\":1,\"name\":\"Accueil\",\"item\":\"https:\\\/\\\/www.dolfin.be\\\/de\\\/\"},{\"@type\":\"ListItem\",\"position\":2,\"name\":\"Unsere Produkte\",\"item\":\"https:\\\/\\\/www.dolfin.be\\\/de\\\/unsere-produkte\\\/\"},{\"@type\":\"ListItem\",\"position\":3,\"name\":\"Box Origines\"}]},{\"@type\":\"WebSite\",\"@id\":\"https:\\\/\\\/www.dolfin.be\\\/de\\\/#website\",\"url\":\"https:\\\/\\\/www.dolfin.be\\\/de\\\/\",\"name\":\"Dolfin\",\"description\":\"\",\"potentialAction\":[{\"@type\":\"SearchAction\",\"target\":{\"@type\":\"EntryPoint\",\"urlTemplate\":\"https:\\\/\\\/www.dolfin.be\\\/de\\\/?s={search_term_string}\"},\"query-input\":{\"@type\":\"PropertyValueSpecification\",\"valueRequired\":true,\"valueName\":\"search_term_string\"}}],\"inLanguage\":\"de\"}]}<\/script>\n<!-- \/ Yoast SEO plugin. -->","yoast_head_json":{"title":"Box Origines | Dolfin","description":"Reisen Sie um die ganze Welt mit der Geschenkbox \u201eOrigines\u201c von Dolfin, eine Einladung zu einer Reise f\u00fcr den anspruchsvollen Gaumen.","robots":{"index":"index","follow":"follow","max-snippet":"max-snippet:-1","max-image-preview":"max-image-preview:large","max-video-preview":"max-video-preview:-1"},"canonical":"https:\/\/www.dolfin.be\/de\/produkt\/box-origines\/","og_locale":"de_DE","og_type":"article","og_title":"Box Origines | Dolfin","og_description":"Reisen Sie um die ganze Welt mit der Geschenkbox \u201eOrigines\u201c von Dolfin, eine Einladung zu einer Reise f\u00fcr den anspruchsvollen Gaumen.","og_url":"https:\/\/www.dolfin.be\/de\/produkt\/box-origines\/","og_site_name":"Dolfin","article_modified_time":"2025-09-02T13:12:28+00:00","og_image":[{"width":960,"height":1200,"url":"https:\/\/www.dolfin.be\/wp-content\/uploads\/2025\/02\/IMG_7130-2-e1744018224703.jpg","type":"image\/jpeg"}],"twitter_card":"summary_large_image","twitter_misc":{"Gesch\u00e4tzte Lesezeit":"1\u00a0Minute"},"schema":{"@context":"https:\/\/schema.org","@graph":[{"@type":"WebPage","@id":"https:\/\/www.dolfin.be\/de\/produkt\/box-origines\/","url":"https:\/\/www.dolfin.be\/de\/produkt\/box-origines\/","name":"Box Origines | Dolfin","isPartOf":{"@id":"https:\/\/www.dolfin.be\/de\/#website"},"primaryImageOfPage":{"@id":"https:\/\/www.dolfin.be\/de\/produkt\/box-origines\/#primaryimage"},"image":{"@id":"https:\/\/www.dolfin.be\/de\/produkt\/box-origines\/#primaryimage"},"thumbnailUrl":"https:\/\/www.dolfin.be\/wp-content\/uploads\/2025\/02\/IMG_7130-2-e1744018224703.jpg","datePublished":"2025-02-11T10:15:05+00:00","dateModified":"2025-09-02T13:12:28+00:00","description":"Reisen Sie um die ganze Welt mit der Geschenkbox \u201eOrigines\u201c von Dolfin, eine Einladung zu einer Reise f\u00fcr den anspruchsvollen Gaumen.","breadcrumb":{"@id":"https:\/\/www.dolfin.be\/de\/produkt\/box-origines\/#breadcrumb"},"inLanguage":"de","potentialAction":[{"@type":"ReadAction","target":["https:\/\/www.dolfin.be\/de\/produkt\/box-origines\/"]}]},{"@type":"ImageObject","inLanguage":"de","@id":"https:\/\/www.dolfin.be\/de\/produkt\/box-origines\/#primaryimage","url":"https:\/\/www.dolfin.be\/wp-content\/uploads\/2025\/02\/IMG_7130-2-e1744018224703.jpg","contentUrl":"https:\/\/www.dolfin.be\/wp-content\/uploads\/2025\/02\/IMG_7130-2-e1744018224703.jpg","width":960,"height":1200},{"@type":"BreadcrumbList","@id":"https:\/\/www.dolfin.be\/de\/produkt\/box-origines\/#breadcrumb","itemListElement":[{"@type":"ListItem","position":1,"name":"Accueil","item":"https:\/\/www.dolfin.be\/de\/"},{"@type":"ListItem","position":2,"name":"Unsere Produkte","item":"https:\/\/www.dolfin.be\/de\/unsere-produkte\/"},{"@type":"ListItem","position":3,"name":"Box Origines"}]},{"@type":"WebSite","@id":"https:\/\/www.dolfin.be\/de\/#website","url":"https:\/\/www.dolfin.be\/de\/","name":"Dolfin","description":"","potentialAction":[{"@type":"SearchAction","target":{"@type":"EntryPoint","urlTemplate":"https:\/\/www.dolfin.be\/de\/?s={search_term_string}"},"query-input":{"@type":"PropertyValueSpecification","valueRequired":true,"valueName":"search_term_string"}}],"inLanguage":"de"}]}},"_links":{"self":[{"href":"https:\/\/www.dolfin.be\/de\/wp-json\/wp\/v2\/product\/22147","targetHints":{"allow":["GET"]}}],"collection":[{"href":"https:\/\/www.dolfin.be\/de\/wp-json\/wp\/v2\/product"}],"about":[{"href":"https:\/\/www.dolfin.be\/de\/wp-json\/wp\/v2\/types\/product"}],"wp:featuredmedia":[{"embeddable":true,"href":"https:\/\/www.dolfin.be\/de\/wp-json\/wp\/v2\/media\/22136"}],"wp:attachment":[{"href":"https:\/\/www.dolfin.be\/de\/wp-json\/wp\/v2\/media?parent=22147"}],"wp:term":[{"taxonomy":"product_brand","embeddable":true,"href":"https:\/\/www.dolfin.be\/de\/wp-json\/wp\/v2\/product_brand?post=22147"},{"taxonomy":"product_cat","embeddable":true,"href":"https:\/\/www.dolfin.be\/de\/wp-json\/wp\/v2\/product_cat?post=22147"},{"taxonomy":"product_tag","embeddable":true,"href":"https:\/\/www.dolfin.be\/de\/wp-json\/wp\/v2\/product_tag?post=22147"}],"curies":[{"name":"wp","href":"https:\/\/api.w.org\/{rel}","templated":true}]}}