{"id":18682,"date":"2024-11-04T15:24:57","date_gmt":"2024-11-04T14:24:57","guid":{"rendered":"https:\/\/www.dolfin.be\/product\/48-napolitains-biscuits\/"},"modified":"2025-04-08T10:46:39","modified_gmt":"2025-04-08T08:46:39","slug":"48-schokoladen-minitafeln-kekse","status":"publish","type":"product","link":"https:\/\/www.dolfin.be\/de\/produkt\/48-schokoladen-minitafeln-kekse\/","title":{"rendered":"48 Schokoladen-Minitafeln &#8220;Kekse&#8221;"},"content":{"rendered":"<p>Willkommen in der k\u00f6stlichen Welt unseres neuen Sortiments an Schokoladen mit Keksen \u2013 eine einzigartige Geschmacksvielfalt, die die perfekte Kombination aus traditioneller Schokolade und einer Auswahl an knusprigen Keksen vereint, f\u00fcr ein absolut nostalgisches Vergn\u00fcgen&#8230; Vier Geschmacksrichtungen: Milchschokolade mit Spekulatius, Milchschokolade mit Brownie, Milchschokolade mit Butterkeks und Zartbitterschokolade mit M\u00fcrbeteigkeks.<\/p>\n<p><strong>Zutaten<\/strong>: Zucker, Kakaomasse, Kakaobutter, Vollmilchpulver, Spritzgeb\u00e4ck 3% (Weizenmehl, Zucker, Butter (Milch), Salz), Brownie 3% (Weizenmehl, Zucker, Butter (Milch), Kakaopulver, Magerkakaopulver), Spekulatius 3% (Weizenmehl, R\u00fcbenzucker, pflanzliche Fette (Koprah, Sonnenblumen), Zuckerr\u00fcbensirup, Volleiern, Ceylon-Zimt, Gew\u00fcrze, Natriumcarbonat (Backtriebmittel)), Butterkeks 3% (Weizenmehl, Zucker, Butter (Milch), Magermilchpulver, Salz, Backtriebmittel (Natriumpyrophosphat und Natriumhydrogencarbonat)), Emulgator: Sojalecithin, Salz aus Gu\u00e9rande, nat\u00fcrliche Aromen von Vanille und Spekulatius. Kakao: 37 % und 60 % mindestens. Kann N\u00fcsse und Sesam enthalten.<\/p>\n","protected":false},"excerpt":{"rendered":"<p>Willkommen in der k\u00f6stlichen Welt unseres neuen Sortiments an Schokoladen mit Keksen \u2013 eine einzigartige Geschmacksvielfalt, die die perfekte Kombination aus traditioneller Schokolade und einer Auswahl an knusprigen Keksen vereint, f\u00fcr ein absolut nostalgisches Vergn\u00fcgen&#8230; Vier Geschmacksrichtungen: Milchschokolade mit Spekulatius, Milchschokolade mit Brownie, Milchschokolade mit Butterkeks und Zartbitterschokolade mit M\u00fcrbeteigkeks.<\/p>\n","protected":false},"featured_media":18675,"template":"","meta":{"_acf_changed":false,"_et_pb_use_builder":"","_et_pb_old_content":"","_et_gb_content_width":"","inline_featured_image":false},"product_brand":[],"product_cat":[529,403],"product_tag":[],"class_list":{"0":"post-18682","1":"product","2":"type-product","3":"status-publish","4":"has-post-thumbnail","6":"product_cat-dose-48","7":"product_cat-boxen-und-etuis","9":"first","10":"instock","11":"shipping-taxable","12":"purchasable","13":"product-type-simple"},"acf":[],"yoast_head":"<!-- This site is optimized with the Yoast SEO plugin v27.5 - https:\/\/yoast.com\/product\/yoast-seo-wordpress\/ -->\n<title>48 Schokoladen-Minitafeln &quot;Kekse&quot; | Dolfin<\/title>\n<meta name=\"description\" content=\"Willkommen in der k\u00f6stlichen Welt unseres neuen Sortiments an Schokoladen mit Keksen. Eine perfekte Kombination aus traditioneller Schokolade und einer Auswahl an knusprigen Keksen, f\u00fcr ein absolut nostalgisches Vergn\u00fcgen\u2026\" \/>\n<meta name=\"robots\" content=\"index, follow, max-snippet:-1, max-image-preview:large, max-video-preview:-1\" \/>\n<link rel=\"canonical\" href=\"https:\/\/www.dolfin.be\/de\/produkt\/48-schokoladen-minitafeln-kekse\/\" \/>\n<meta property=\"og:locale\" content=\"de_DE\" \/>\n<meta property=\"og:type\" content=\"article\" \/>\n<meta property=\"og:title\" content=\"48 Schokoladen-Minitafeln &quot;Kekse&quot; | Dolfin\" \/>\n<meta property=\"og:description\" content=\"Willkommen in der k\u00f6stlichen Welt unseres neuen Sortiments an Schokoladen mit Keksen. Eine perfekte Kombination aus traditioneller Schokolade und einer Auswahl an knusprigen Keksen, f\u00fcr ein absolut nostalgisches Vergn\u00fcgen\u2026\" \/>\n<meta property=\"og:url\" content=\"https:\/\/www.dolfin.be\/de\/produkt\/48-schokoladen-minitafeln-kekse\/\" \/>\n<meta property=\"og:site_name\" content=\"Dolfin\" \/>\n<meta property=\"article:modified_time\" content=\"2025-04-08T08:46:39+00:00\" \/>\n<meta property=\"og:image\" content=\"https:\/\/www.dolfin.be\/wp-content\/uploads\/2024\/11\/Boite48biscuit-2-e1730730250340.jpg\" \/>\n\t<meta property=\"og:image:width\" content=\"1200\" \/>\n\t<meta property=\"og:image:height\" content=\"848\" \/>\n\t<meta property=\"og:image:type\" content=\"image\/jpeg\" \/>\n<meta name=\"twitter:card\" content=\"summary_large_image\" \/>\n<meta name=\"twitter:label1\" content=\"Gesch\u00e4tzte Lesezeit\" \/>\n\t<meta name=\"twitter:data1\" content=\"1\u00a0Minute\" \/>\n<script type=\"application\/ld+json\" class=\"yoast-schema-graph\">{\"@context\":\"https:\\\/\\\/schema.org\",\"@graph\":[{\"@type\":\"WebPage\",\"@id\":\"https:\\\/\\\/www.dolfin.be\\\/de\\\/produkt\\\/48-schokoladen-minitafeln-kekse\\\/\",\"url\":\"https:\\\/\\\/www.dolfin.be\\\/de\\\/produkt\\\/48-schokoladen-minitafeln-kekse\\\/\",\"name\":\"48 Schokoladen-Minitafeln \\\"Kekse\\\" | Dolfin\",\"isPartOf\":{\"@id\":\"https:\\\/\\\/www.dolfin.be\\\/de\\\/#website\"},\"primaryImageOfPage\":{\"@id\":\"https:\\\/\\\/www.dolfin.be\\\/de\\\/produkt\\\/48-schokoladen-minitafeln-kekse\\\/#primaryimage\"},\"image\":{\"@id\":\"https:\\\/\\\/www.dolfin.be\\\/de\\\/produkt\\\/48-schokoladen-minitafeln-kekse\\\/#primaryimage\"},\"thumbnailUrl\":\"https:\\\/\\\/www.dolfin.be\\\/wp-content\\\/uploads\\\/2024\\\/11\\\/Boite48biscuit-2-e1730730250340.jpg\",\"datePublished\":\"2024-11-04T14:24:57+00:00\",\"dateModified\":\"2025-04-08T08:46:39+00:00\",\"description\":\"Willkommen in der k\u00f6stlichen Welt unseres neuen Sortiments an Schokoladen mit Keksen. Eine perfekte Kombination aus traditioneller Schokolade und einer Auswahl an knusprigen Keksen, f\u00fcr ein absolut nostalgisches Vergn\u00fcgen\u2026\",\"breadcrumb\":{\"@id\":\"https:\\\/\\\/www.dolfin.be\\\/de\\\/produkt\\\/48-schokoladen-minitafeln-kekse\\\/#breadcrumb\"},\"inLanguage\":\"de\",\"potentialAction\":[{\"@type\":\"ReadAction\",\"target\":[\"https:\\\/\\\/www.dolfin.be\\\/de\\\/produkt\\\/48-schokoladen-minitafeln-kekse\\\/\"]}]},{\"@type\":\"ImageObject\",\"inLanguage\":\"de\",\"@id\":\"https:\\\/\\\/www.dolfin.be\\\/de\\\/produkt\\\/48-schokoladen-minitafeln-kekse\\\/#primaryimage\",\"url\":\"https:\\\/\\\/www.dolfin.be\\\/wp-content\\\/uploads\\\/2024\\\/11\\\/Boite48biscuit-2-e1730730250340.jpg\",\"contentUrl\":\"https:\\\/\\\/www.dolfin.be\\\/wp-content\\\/uploads\\\/2024\\\/11\\\/Boite48biscuit-2-e1730730250340.jpg\",\"width\":1200,\"height\":848},{\"@type\":\"BreadcrumbList\",\"@id\":\"https:\\\/\\\/www.dolfin.be\\\/de\\\/produkt\\\/48-schokoladen-minitafeln-kekse\\\/#breadcrumb\",\"itemListElement\":[{\"@type\":\"ListItem\",\"position\":1,\"name\":\"Accueil\",\"item\":\"https:\\\/\\\/www.dolfin.be\\\/de\\\/\"},{\"@type\":\"ListItem\",\"position\":2,\"name\":\"Unsere Produkte\",\"item\":\"https:\\\/\\\/www.dolfin.be\\\/de\\\/unsere-produkte\\\/\"},{\"@type\":\"ListItem\",\"position\":3,\"name\":\"48 Schokoladen-Minitafeln &#8220;Kekse&#8221;\"}]},{\"@type\":\"WebSite\",\"@id\":\"https:\\\/\\\/www.dolfin.be\\\/de\\\/#website\",\"url\":\"https:\\\/\\\/www.dolfin.be\\\/de\\\/\",\"name\":\"Dolfin\",\"description\":\"\",\"potentialAction\":[{\"@type\":\"SearchAction\",\"target\":{\"@type\":\"EntryPoint\",\"urlTemplate\":\"https:\\\/\\\/www.dolfin.be\\\/de\\\/?s={search_term_string}\"},\"query-input\":{\"@type\":\"PropertyValueSpecification\",\"valueRequired\":true,\"valueName\":\"search_term_string\"}}],\"inLanguage\":\"de\"}]}<\/script>\n<!-- \/ Yoast SEO plugin. -->","yoast_head_json":{"title":"48 Schokoladen-Minitafeln \"Kekse\" | Dolfin","description":"Willkommen in der k\u00f6stlichen Welt unseres neuen Sortiments an Schokoladen mit Keksen. Eine perfekte Kombination aus traditioneller Schokolade und einer Auswahl an knusprigen Keksen, f\u00fcr ein absolut nostalgisches Vergn\u00fcgen\u2026","robots":{"index":"index","follow":"follow","max-snippet":"max-snippet:-1","max-image-preview":"max-image-preview:large","max-video-preview":"max-video-preview:-1"},"canonical":"https:\/\/www.dolfin.be\/de\/produkt\/48-schokoladen-minitafeln-kekse\/","og_locale":"de_DE","og_type":"article","og_title":"48 Schokoladen-Minitafeln \"Kekse\" | Dolfin","og_description":"Willkommen in der k\u00f6stlichen Welt unseres neuen Sortiments an Schokoladen mit Keksen. Eine perfekte Kombination aus traditioneller Schokolade und einer Auswahl an knusprigen Keksen, f\u00fcr ein absolut nostalgisches Vergn\u00fcgen\u2026","og_url":"https:\/\/www.dolfin.be\/de\/produkt\/48-schokoladen-minitafeln-kekse\/","og_site_name":"Dolfin","article_modified_time":"2025-04-08T08:46:39+00:00","og_image":[{"width":1200,"height":848,"url":"https:\/\/www.dolfin.be\/wp-content\/uploads\/2024\/11\/Boite48biscuit-2-e1730730250340.jpg","type":"image\/jpeg"}],"twitter_card":"summary_large_image","twitter_misc":{"Gesch\u00e4tzte Lesezeit":"1\u00a0Minute"},"schema":{"@context":"https:\/\/schema.org","@graph":[{"@type":"WebPage","@id":"https:\/\/www.dolfin.be\/de\/produkt\/48-schokoladen-minitafeln-kekse\/","url":"https:\/\/www.dolfin.be\/de\/produkt\/48-schokoladen-minitafeln-kekse\/","name":"48 Schokoladen-Minitafeln \"Kekse\" | Dolfin","isPartOf":{"@id":"https:\/\/www.dolfin.be\/de\/#website"},"primaryImageOfPage":{"@id":"https:\/\/www.dolfin.be\/de\/produkt\/48-schokoladen-minitafeln-kekse\/#primaryimage"},"image":{"@id":"https:\/\/www.dolfin.be\/de\/produkt\/48-schokoladen-minitafeln-kekse\/#primaryimage"},"thumbnailUrl":"https:\/\/www.dolfin.be\/wp-content\/uploads\/2024\/11\/Boite48biscuit-2-e1730730250340.jpg","datePublished":"2024-11-04T14:24:57+00:00","dateModified":"2025-04-08T08:46:39+00:00","description":"Willkommen in der k\u00f6stlichen Welt unseres neuen Sortiments an Schokoladen mit Keksen. Eine perfekte Kombination aus traditioneller Schokolade und einer Auswahl an knusprigen Keksen, f\u00fcr ein absolut nostalgisches Vergn\u00fcgen\u2026","breadcrumb":{"@id":"https:\/\/www.dolfin.be\/de\/produkt\/48-schokoladen-minitafeln-kekse\/#breadcrumb"},"inLanguage":"de","potentialAction":[{"@type":"ReadAction","target":["https:\/\/www.dolfin.be\/de\/produkt\/48-schokoladen-minitafeln-kekse\/"]}]},{"@type":"ImageObject","inLanguage":"de","@id":"https:\/\/www.dolfin.be\/de\/produkt\/48-schokoladen-minitafeln-kekse\/#primaryimage","url":"https:\/\/www.dolfin.be\/wp-content\/uploads\/2024\/11\/Boite48biscuit-2-e1730730250340.jpg","contentUrl":"https:\/\/www.dolfin.be\/wp-content\/uploads\/2024\/11\/Boite48biscuit-2-e1730730250340.jpg","width":1200,"height":848},{"@type":"BreadcrumbList","@id":"https:\/\/www.dolfin.be\/de\/produkt\/48-schokoladen-minitafeln-kekse\/#breadcrumb","itemListElement":[{"@type":"ListItem","position":1,"name":"Accueil","item":"https:\/\/www.dolfin.be\/de\/"},{"@type":"ListItem","position":2,"name":"Unsere Produkte","item":"https:\/\/www.dolfin.be\/de\/unsere-produkte\/"},{"@type":"ListItem","position":3,"name":"48 Schokoladen-Minitafeln &#8220;Kekse&#8221;"}]},{"@type":"WebSite","@id":"https:\/\/www.dolfin.be\/de\/#website","url":"https:\/\/www.dolfin.be\/de\/","name":"Dolfin","description":"","potentialAction":[{"@type":"SearchAction","target":{"@type":"EntryPoint","urlTemplate":"https:\/\/www.dolfin.be\/de\/?s={search_term_string}"},"query-input":{"@type":"PropertyValueSpecification","valueRequired":true,"valueName":"search_term_string"}}],"inLanguage":"de"}]}},"_links":{"self":[{"href":"https:\/\/www.dolfin.be\/de\/wp-json\/wp\/v2\/product\/18682","targetHints":{"allow":["GET"]}}],"collection":[{"href":"https:\/\/www.dolfin.be\/de\/wp-json\/wp\/v2\/product"}],"about":[{"href":"https:\/\/www.dolfin.be\/de\/wp-json\/wp\/v2\/types\/product"}],"wp:featuredmedia":[{"embeddable":true,"href":"https:\/\/www.dolfin.be\/de\/wp-json\/wp\/v2\/media\/18675"}],"wp:attachment":[{"href":"https:\/\/www.dolfin.be\/de\/wp-json\/wp\/v2\/media?parent=18682"}],"wp:term":[{"taxonomy":"product_brand","embeddable":true,"href":"https:\/\/www.dolfin.be\/de\/wp-json\/wp\/v2\/product_brand?post=18682"},{"taxonomy":"product_cat","embeddable":true,"href":"https:\/\/www.dolfin.be\/de\/wp-json\/wp\/v2\/product_cat?post=18682"},{"taxonomy":"product_tag","embeddable":true,"href":"https:\/\/www.dolfin.be\/de\/wp-json\/wp\/v2\/product_tag?post=18682"}],"curies":[{"name":"wp","href":"https:\/\/api.w.org\/{rel}","templated":true}]}}